{"id":707,"date":"2021-05-20T21:14:41","date_gmt":"2021-05-21T00:14:41","guid":{"rendered":"http:\/\/filo.unt.edu.ar\/xvii-sael\/?page_id=707"},"modified":"2021-05-20T21:18:31","modified_gmt":"2021-05-21T00:18:31","slug":"sabado-22-canal-1","status":"publish","type":"page","link":"https:\/\/filo.unt.edu.ar\/xvii-sael\/sabado-22-canal-1\/","title":{"rendered":"S\u00e1bado 22. Canal 1"},"content":{"rendered":"<div id=\"pl-707\"  class=\"panel-layout\" ><div id=\"pg-707-0\"  class=\"panel-grid panel-no-style\" ><div id=\"pgc-707-0-0\"  class=\"panel-grid-cell\" ><div id=\"panel-707-0-0-0\" class=\"so-panel widget widget_black-studio-tinymce widget_black_studio_tinymce panel-first-child\" data-index=\"0\" ><div class=\"panel-widget-style panel-widget-style-for-707-0-0-0\" ><div class=\"textwidget\"><p style=\"text-align: center;\"><span style=\"color: #ff0000;\"><strong>S\u00c1BADO 22 TURNO: MA\u00d1ANA (8.30 A 14.00)<\/strong><\/span><\/p>\n<p style=\"text-align: center;\"><span style=\"color: #ff0000;\"><strong>CANAL: 1<\/strong><\/span><\/p>\n<p style=\"text-align: center;\"><span style=\"color: #ff0000;\"><strong>08.30 a 10.10<\/strong><\/span><\/p>\n<p style=\"text-align: center;\">ENLACE A YOUTUBE: <a href=\"https:\/\/youtu.be\/Ex3jbv4Ll2U\" target=\"_blank\" rel=\"noopener\">https:\/\/youtu.be\/Ex3jbv4Ll2U<\/a><\/p>\n<p style=\"text-align: center;\"><span style=\"color: #ff0000;\"><strong>PANEL 6<\/strong><\/span><\/p>\n<p style=\"text-align: center;\"><span style=\"color: #ff0000;\"><strong>Tema: Discurso jur\u00eddico en Argentina<\/strong><\/span><\/p>\n<p>Coordinadora: <strong>Mariana Cucatto<\/strong> (Universidad Nacional de la Plata)<\/p>\n<p><strong>Mar\u00eda Laura Pardo<\/strong> (Universidad de Buenos Aires)<\/p>\n<p><strong>Mariana Cucatto<\/strong> (Universidad Nacional de la Plata)<\/p>\n<p><strong>Helga Lell<\/strong> (Universidad Nacional de La Pampa)<\/p>\n<p><strong>Valentina Nobl\u00eda<\/strong> (Universidad de Buenos Aires), Alejandro Renato (Universidad de Buenos Aires) y Tom\u00e1s Gershanik (Ministerio P\u00fablico Fiscal, CABA)<\/p>\n<p><strong>10.10 a 10.30 ESPACIO DE PREGUNTAS<\/strong><\/p>\n<p><strong>10,30 a 10,45 PAUSA<\/strong><\/p>\n<p><iframe loading=\"lazy\" width=\"560\" height=\"315\" src=\"https:\/\/www.youtube.com\/embed\/Ex3jbv4Ll2U\" title=\"YouTube video player\" frameborder=\"0\" allow=\"accelerometer; autoplay; clipboard-write; encrypted-media; gyroscope; picture-in-picture\" allowfullscreen><\/iframe><\/p>\n<\/div><\/div><\/div><div id=\"panel-707-0-0-1\" class=\"so-panel widget widget_black-studio-tinymce widget_black_studio_tinymce\" data-index=\"1\" ><div class=\"panel-widget-style panel-widget-style-for-707-0-0-1\" ><div class=\"textwidget\"><p style=\"text-align: center;\"><span style=\"color: #ff0000;\"><strong>10,45 a 13.15 Hs. <\/strong><\/span><\/p>\n<p style=\"text-align: center;\">ENLACE A YOUTUBE: <a href=\"https:\/\/youtu.be\/bXq3OQ-3-P8\" target=\"_blank\" rel=\"noopener\">https:\/\/youtu.be\/bXq3OQ-3-P8<\/a><\/p>\n<p style=\"text-align: center;\"><span style=\"color: #ff0000;\"><strong>CICLO DE CONFERENCIAS<\/strong><\/span><\/p>\n<p style=\"text-align: center;\"><span style=\"color: #ff0000;\"><strong>Tema: Ling\u00fc\u00edstica de corpus y An\u00e1lisis del discurso<\/strong><\/span><\/p>\n<p>Comentadora: <strong>Luisa Granato<\/strong> (Universidad Nacional de La Plata)<\/p>\n<p><strong>Marta Albelda Marco<\/strong> (Universidad de Valencia, Espa\u00f1a)<br \/>\nCriterios metodol\u00f3gicos para el an\u00e1lisis de la atenuaci\u00f3n en corpus discursivos<\/p>\n<p><strong>Ana Mancera Rueda<\/strong> (Universidad de Sevilla, Espa\u00f1a)<br \/>\nEl humor en los tiempos del coronavirus: manifestaciones del humor verbal en la red social Twitter<\/p>\n<p><strong>Veronika Koller<\/strong> (Universidad de Lancaster, Reino Unido)<br \/>\nDiscourse analysis: origins, developments, applications<\/p>\n<p><strong>13,15 a 13,45 ESPACIO DE PREGUNTAS<\/strong><\/p>\n<p><iframe loading=\"lazy\" width=\"560\" height=\"315\" src=\"https:\/\/www.youtube.com\/embed\/bXq3OQ-3-P8\" title=\"YouTube video player\" frameborder=\"0\" allow=\"accelerometer; autoplay; clipboard-write; encrypted-media; gyroscope; picture-in-picture\" allowfullscreen><\/iframe><\/p>\n<\/div><\/div><\/div><div id=\"panel-707-0-0-2\" class=\"so-panel widget widget_black-studio-tinymce widget_black_studio_tinymce panel-last-child\" data-index=\"2\" ><div class=\"panel-widget-style panel-widget-style-for-707-0-0-2\" ><div class=\"textwidget\"><p style=\"text-align: center;\"><span style=\"color: #ff0000;\"><strong>13.45 a 14,00 CLAUSURA DEL XVII CONGRESO<\/strong><\/span><\/p>\n<p style=\"text-align: center;\"><strong>Ana Mar\u00eda \u00c1vila (Co- coordinadora general del Congreso) <\/strong><\/p>\n<p style=\"text-align: center;\">Palabras de despedida de la Comisi\u00f3n Organizadora del Congreso<\/p>\n<p style=\"text-align: center;\"><strong>Andrea Cecilia Menegotto (Vicepresidenta de la SAEL) <\/strong><\/p>\n<p style=\"text-align: center;\">Palabras de despedida de la Comisi\u00f3n Directiva de la Sociedad Argentina de Estudios Ling\u00fc\u00edstico<\/p>\n<p><iframe loading=\"lazy\" width=\"560\" height=\"315\" src=\"https:\/\/www.youtube.com\/embed\/bXq3OQ-3-P8\" title=\"YouTube video player\" frameborder=\"0\" allow=\"accelerometer; autoplay; clipboard-write; encrypted-media; gyroscope; picture-in-picture\" allowfullscreen><\/iframe><\/p>\n<\/div><\/div><\/div><\/div><\/div><\/div>","protected":false},"excerpt":{"rendered":"<p>S\u00c1BADO 22 TURNO: MA\u00d1ANA (8.30 A 14.00) CANAL: 1 08.30 a 10.10 ENLACE A YOUTUBE: https:\/\/youtu.be\/Ex3jbv4Ll2U PANEL 6 Tema: Discurso jur\u00eddico en Argentina Coordinadora: Mariana Cucatto (Universidad Nacional de la Plata) Mar\u00eda Laura Pardo (Universidad de Buenos Aires) Mariana Cucatto (Universidad Nacional de la Plata) Helga Lell (Universidad Nacional de La Pampa) Valentina Nobl\u00eda (Universidad [&hellip;]<\/p>\n","protected":false},"author":1,"featured_media":0,"parent":0,"menu_order":0,"comment_status":"closed","ping_status":"closed","template":"","meta":{"footnotes":""},"class_list":["post-707","page","type-page","status-publish","hentry","post"],"_links":{"self":[{"href":"https:\/\/filo.unt.edu.ar\/xvii-sael\/wp-json\/wp\/v2\/pages\/707","targetHints":{"allow":["GET"]}}],"collection":[{"href":"https:\/\/filo.unt.edu.ar\/xvii-sael\/wp-json\/wp\/v2\/pages"}],"about":[{"href":"https:\/\/filo.unt.edu.ar\/xvii-sael\/wp-json\/wp\/v2\/types\/page"}],"author":[{"embeddable":true,"href":"https:\/\/filo.unt.edu.ar\/xvii-sael\/wp-json\/wp\/v2\/users\/1"}],"replies":[{"embeddable":true,"href":"https:\/\/filo.unt.edu.ar\/xvii-sael\/wp-json\/wp\/v2\/comments?post=707"}],"version-history":[{"count":14,"href":"https:\/\/filo.unt.edu.ar\/xvii-sael\/wp-json\/wp\/v2\/pages\/707\/revisions"}],"predecessor-version":[{"id":721,"href":"https:\/\/filo.unt.edu.ar\/xvii-sael\/wp-json\/wp\/v2\/pages\/707\/revisions\/721"}],"wp:attachment":[{"href":"https:\/\/filo.unt.edu.ar\/xvii-sael\/wp-json\/wp\/v2\/media?parent=707"}],"curies":[{"name":"wp","href":"https:\/\/api.w.org\/{rel}","templated":true}]}}