{"id":702,"date":"2021-05-20T21:11:50","date_gmt":"2021-05-21T00:11:50","guid":{"rendered":"http:\/\/filo.unt.edu.ar\/xvii-sael\/?page_id=702"},"modified":"2021-05-20T21:12:29","modified_gmt":"2021-05-21T00:12:29","slug":"viernes-21-canal-5","status":"publish","type":"page","link":"https:\/\/filo.unt.edu.ar\/xvii-sael\/viernes-21-canal-5\/","title":{"rendered":"Viernes 21. Canal 5"},"content":{"rendered":"<div id=\"pl-702\"  class=\"panel-layout\" ><div id=\"pg-702-0\"  class=\"panel-grid panel-no-style\" ><div id=\"pgc-702-0-0\"  class=\"panel-grid-cell\" ><div id=\"panel-702-0-0-0\" class=\"so-panel widget widget_black-studio-tinymce widget_black_studio_tinymce panel-first-child panel-last-child\" data-index=\"0\" ><div class=\"panel-widget-style panel-widget-style-for-702-0-0-0\" ><div class=\"textwidget\"><p style=\"text-align: center;\"><span style=\"color: #ff0000;\"><strong>VIERNES 21 TURNO:TARDE (15,00 a 20,30)<\/strong><\/span><\/p>\n<p style=\"text-align: center;\"><span style=\"color: #ff0000;\"><strong>CANAL: 5<\/strong><\/span><\/p>\n<p style=\"text-align: center;\"><span style=\"color: #ff0000;\"><strong>15,00 Hs.<\/strong><\/span><\/p>\n<p style=\"text-align: center;\">ENLACE A YOUTUBE: <a href=\"https:\/\/youtu.be\/CLRz6dscZAw\" target=\"_blank\" rel=\"noopener\">https:\/\/youtu.be\/CLRz6dscZAw<\/a><\/p>\n<p style=\"text-align: center;\"><span style=\"color: #ff0000;\"><strong>EJE 2. An\u00e1lisis del discurso\/Ling\u00fc\u00edstica sist\u00e9mico \u2013 funcional\/ Ling\u00fc\u00edstica textual.<\/strong><\/span><\/p>\n<p style=\"text-align: center;\"><span style=\"color: #ff0000;\"><strong>EJE 3. Aportes de la ling\u00fc\u00edstica a los estudios semi\u00f3ticos, de los medios de comunicaci\u00f3n y de la comunicaci\u00f3n digital.<\/strong><\/span><\/p>\n<p style=\"text-align: center;\"><span style=\"color: #ff0000;\"><strong>EJE 4. Aportes de la ling\u00fc\u00edstica a los estudios literarios.<\/strong><\/span><\/p>\n<p>15,00 a 15,15 <strong>Bottazzi, Florencia<\/strong> Polifon\u00eda discursiva en la Guerra de Malvinas (manuales escolares)<\/p>\n<p>15,15 a 15,30 <strong>Salerno, Paula<\/strong> \u201cSe agolpan en m\u00ed muchas im\u00e1genes\u201dEl g\u00e9nero testimonial en los discursos de CFK sobre Malvinas<\/p>\n<p>15,30 a 15,45 <strong>Trejo, Petrona Elsa<\/strong> El eufemismo como atenuaci\u00f3n pragm\u00e1tica en el discurso del Neoliberalismo<\/p>\n<p>15,45 a 16,00 <strong>Moreno, Gilda<\/strong> An\u00e1lisis del discurso de los conversatorios del lenguaje inclusivo<\/p>\n<p><span style=\"color: #ff0000;\"><strong>16,00 a 16,10 ESPACIO DE PREGUNTAS<\/strong><\/span><\/p>\n<p><span style=\"color: #ff0000;\"><strong>16,10 a 16,15 PAUSA<\/strong><\/span><\/p>\n<p>16,15 a 16,30<strong> Pagano Conesa, Miryam Mercedes<\/strong> La construcci\u00f3n del inmigrante en discursos pol\u00edticos y period\u00edsticos<\/p>\n<p>16,30 a 16,45 <strong>Porcelo Zakelj, Ana Malvina y Lupprich, Edith<\/strong> \u010crniKamnitnik: cartas de un inmigrante esloveno en Argentina<\/p>\n<p>16,45 a 17,00 <strong>Spoturno, Mar\u00eda Laura<\/strong> Ethos colectivo y pr\u00e1cticas de escritura y (auto)traducci\u00f3n colaborativas<\/p>\n<p>17,00 a 17,15 <strong>C\u00e1ceres, Mar\u00eda Luj\u00e1n Gladys<\/strong> Arias y la santidad en un estudio de caso<\/p>\n<p><span style=\"color: #ff0000;\"><strong>17,15 a 17,25 ESPACIO DE PREGUNTAS<\/strong><\/span><\/p>\n<p><span style=\"color: #ff0000;\"><strong>17,25 a 17,30 PAUSA<\/strong><\/span><\/p>\n<p>17,30 a 17,45 <strong>Berbel, Silvina Miriam<\/strong> La subjetividad en Variaci\u00f3n de L\u00e1zaro<\/p>\n<p>17,45 a 18,00 <strong>Drewniak, Florencia<\/strong> La depresi\u00f3n en met\u00e1foras: \u201cTrazos oscuros sobre l\u00edneas borrosas\u201d<\/p>\n<p>18,00 a 18,15 <strong>Carrizo, Alicia Eugenia<\/strong> Violencia no manifiesta. Micronarrativas en testimonios de mediaci\u00f3n familiar<\/p>\n<p>18,15 a 18,30 <strong>Lucena, Silvio Alexis<\/strong> Construcci\u00f3n discursiva del pensamiento positivo en una comunidad virtual<\/p>\n<p><span style=\"color: #ff0000;\"><strong>18,30 a 18,40 ESPACIO DE PREGUNTAS<\/strong><\/span><\/p>\n<p><span style=\"color: #ff0000;\"><strong>18,40 a 18,45 PAUSA<\/strong><\/span><\/p>\n<p>18,45 a 19,00 <strong>Risso Nieva, Jos\u00e9 Mar\u00eda<\/strong> En torno a los aspectos ling\u00fc\u00edsticos de la adaptaci\u00f3n. El teatro cl\u00e1sico y la escena local (Tucum\u00e1n, 1982)<\/p>\n<p>19,00 a 19,15 <strong>Zucchi, Mariano Nicol\u00e1s<\/strong> Incidencia de las didascalias en las indicaciones causales<\/p>\n<p>19,15 a 19,30 <strong>R\u00edgano, Mariela<\/strong> Teatro del Oprimido: identidades relacionales y pedagog\u00edas de la liberaci\u00f3n<\/p>\n<p>19,30 a 19,45 <strong>Alarc\u00f3n, Raquel y Casco, Gonzalo<\/strong> Papeles tem\u00e1ticos en guiones teatrales humor\u00edsticos<\/p>\n<p>19,45 a 20,00 <strong>Corbal\u00e1n, Sara Luisa<\/strong> Los recursos del humor en el g\u00e9nero columna period\u00edstica<\/p>\n<p>20,00 a 20,15 <strong>Taborda Condor\u00ed, Ayel\u00e9n M.<\/strong> La met\u00e1fora conceptual y el humor cordob\u00e9s<\/p>\n<p><span style=\"color: #ff0000;\"><strong>20,00 a 20,15 ESPACIO DE PREGUNTAS<\/strong><\/span><\/p>\n<p><iframe loading=\"lazy\" width=\"560\" height=\"315\" src=\"https:\/\/www.youtube.com\/embed\/CLRz6dscZAw\" title=\"YouTube video player\" frameborder=\"0\" allow=\"accelerometer; autoplay; clipboard-write; encrypted-media; gyroscope; picture-in-picture\" allowfullscreen><\/iframe><\/p>\n<\/div><\/div><\/div><\/div><\/div><div id=\"pg-702-1\"  class=\"panel-grid panel-no-style\" ><div id=\"pgc-702-1-0\"  class=\"panel-grid-cell\" ><div id=\"panel-702-1-0-0\" class=\"so-panel widget widget_sow-button panel-first-child panel-last-child\" data-index=\"1\" ><div\n\t\t\t\n\t\t\tclass=\"so-widget-sow-button so-widget-sow-button-atom-920c1294a807-702\"\n\t\t\t\n\t\t><div class=\"ow-button-base ow-button-align-justify\"\n style=\"display: block;\">\n\t\t\t<a\n\t\t\t\t\thref=\"http:\/\/filo.unt.edu.ar\/xvii-sael\/viernes-21-canal-1\/\"\n\t\t\t\t\tclass=\"sowb-button ow-icon-placement-left ow-button-hover\" \t>\n\t\t<span>\n\t\t\t\n\t\t\tCANAL 1\t\t<\/span>\n\t\t\t<\/a>\n\t<\/div>\n<\/div><\/div><\/div><div id=\"pgc-702-1-1\"  class=\"panel-grid-cell\" ><div id=\"panel-702-1-1-0\" class=\"so-panel widget widget_sow-button panel-first-child panel-last-child\" data-index=\"2\" ><div\n\t\t\t\n\t\t\tclass=\"so-widget-sow-button so-widget-sow-button-atom-920c1294a807-702\"\n\t\t\t\n\t\t><div class=\"ow-button-base ow-button-align-justify\"\n style=\"display: block;\">\n\t\t\t<a\n\t\t\t\t\thref=\"http:\/\/filo.unt.edu.ar\/xvii-sael\/viernes-21-canal-2\/\"\n\t\t\t\t\tclass=\"sowb-button ow-icon-placement-left ow-button-hover\" \t>\n\t\t<span>\n\t\t\t\n\t\t\tCANAL 2\t\t<\/span>\n\t\t\t<\/a>\n\t<\/div>\n<\/div><\/div><\/div><div id=\"pgc-702-1-2\"  class=\"panel-grid-cell\" ><div id=\"panel-702-1-2-0\" class=\"so-panel widget widget_sow-button panel-first-child panel-last-child\" data-index=\"3\" ><div\n\t\t\t\n\t\t\tclass=\"so-widget-sow-button so-widget-sow-button-atom-920c1294a807-702\"\n\t\t\t\n\t\t><div class=\"ow-button-base ow-button-align-justify\"\n style=\"display: block;\">\n\t\t\t<a\n\t\t\t\t\thref=\"http:\/\/filo.unt.edu.ar\/xvii-sael\/viernes-21-canal-3\/\"\n\t\t\t\t\tclass=\"sowb-button ow-icon-placement-left ow-button-hover\" \t>\n\t\t<span>\n\t\t\t\n\t\t\tCANAL 3\t\t<\/span>\n\t\t\t<\/a>\n\t<\/div>\n<\/div><\/div><\/div><div id=\"pgc-702-1-3\"  class=\"panel-grid-cell\" ><div id=\"panel-702-1-3-0\" class=\"so-panel widget widget_sow-button panel-first-child panel-last-child\" data-index=\"4\" ><div\n\t\t\t\n\t\t\tclass=\"so-widget-sow-button so-widget-sow-button-atom-920c1294a807-702\"\n\t\t\t\n\t\t><div class=\"ow-button-base ow-button-align-justify\"\n style=\"display: block;\">\n\t\t\t<a\n\t\t\t\t\thref=\"http:\/\/filo.unt.edu.ar\/xvii-sael\/viernes-21-canal-4\/\"\n\t\t\t\t\tclass=\"sowb-button ow-icon-placement-left ow-button-hover\" \t>\n\t\t<span>\n\t\t\t\n\t\t\tCANAL 4\t\t<\/span>\n\t\t\t<\/a>\n\t<\/div>\n<\/div><\/div><\/div><div id=\"pgc-702-1-4\"  class=\"panel-grid-cell\" ><div id=\"panel-702-1-4-0\" class=\"so-panel widget widget_sow-button panel-first-child panel-last-child\" data-index=\"5\" ><div\n\t\t\t\n\t\t\tclass=\"so-widget-sow-button so-widget-sow-button-atom-920c1294a807-702\"\n\t\t\t\n\t\t><div class=\"ow-button-base ow-button-align-justify\"\n style=\"display: block;\">\n\t\t\t<a\n\t\t\t\t\thref=\"http:\/\/filo.unt.edu.ar\/xvii-sael\/viernes-21-canal-5\/\"\n\t\t\t\t\tclass=\"sowb-button ow-icon-placement-left ow-button-hover\" \t>\n\t\t<span>\n\t\t\t\n\t\t\tCANAL 5\t\t<\/span>\n\t\t\t<\/a>\n\t<\/div>\n<\/div><\/div><\/div><\/div><\/div>","protected":false},"excerpt":{"rendered":"<p>VIERNES 21 TURNO:TARDE (15,00 a 20,30) CANAL: 5 15,00 Hs. ENLACE A YOUTUBE: https:\/\/youtu.be\/CLRz6dscZAw EJE 2. An\u00e1lisis del discurso\/Ling\u00fc\u00edstica sist\u00e9mico \u2013 funcional\/ Ling\u00fc\u00edstica textual. EJE 3. Aportes de la ling\u00fc\u00edstica a los estudios semi\u00f3ticos, de los medios de comunicaci\u00f3n y de la comunicaci\u00f3n digital. EJE 4. Aportes de la ling\u00fc\u00edstica a los estudios literarios. 15,00 [&hellip;]<\/p>\n","protected":false},"author":1,"featured_media":0,"parent":0,"menu_order":0,"comment_status":"closed","ping_status":"closed","template":"","meta":{"footnotes":""},"class_list":["post-702","page","type-page","status-publish","hentry","post"],"_links":{"self":[{"href":"https:\/\/filo.unt.edu.ar\/xvii-sael\/wp-json\/wp\/v2\/pages\/702","targetHints":{"allow":["GET"]}}],"collection":[{"href":"https:\/\/filo.unt.edu.ar\/xvii-sael\/wp-json\/wp\/v2\/pages"}],"about":[{"href":"https:\/\/filo.unt.edu.ar\/xvii-sael\/wp-json\/wp\/v2\/types\/page"}],"author":[{"embeddable":true,"href":"https:\/\/filo.unt.edu.ar\/xvii-sael\/wp-json\/wp\/v2\/users\/1"}],"replies":[{"embeddable":true,"href":"https:\/\/filo.unt.edu.ar\/xvii-sael\/wp-json\/wp\/v2\/comments?post=702"}],"version-history":[{"count":4,"href":"https:\/\/filo.unt.edu.ar\/xvii-sael\/wp-json\/wp\/v2\/pages\/702\/revisions"}],"predecessor-version":[{"id":706,"href":"https:\/\/filo.unt.edu.ar\/xvii-sael\/wp-json\/wp\/v2\/pages\/702\/revisions\/706"}],"wp:attachment":[{"href":"https:\/\/filo.unt.edu.ar\/xvii-sael\/wp-json\/wp\/v2\/media?parent=702"}],"curies":[{"name":"wp","href":"https:\/\/api.w.org\/{rel}","templated":true}]}}