{"id":682,"date":"2021-05-20T21:00:30","date_gmt":"2021-05-21T00:00:30","guid":{"rendered":"http:\/\/filo.unt.edu.ar\/xvii-sael\/?page_id=682"},"modified":"2021-05-20T21:00:54","modified_gmt":"2021-05-21T00:00:54","slug":"viernes-21-canal-3","status":"publish","type":"page","link":"https:\/\/filo.unt.edu.ar\/xvii-sael\/viernes-21-canal-3\/","title":{"rendered":"Viernes 21. Canal 3"},"content":{"rendered":"<div id=\"pl-682\"  class=\"panel-layout\" ><div id=\"pg-682-0\"  class=\"panel-grid panel-no-style\" ><div id=\"pgc-682-0-0\"  class=\"panel-grid-cell\" ><div id=\"panel-682-0-0-0\" class=\"so-panel widget widget_black-studio-tinymce widget_black_studio_tinymce panel-first-child panel-last-child\" data-index=\"0\" ><div class=\"panel-widget-style panel-widget-style-for-682-0-0-0\" ><div class=\"textwidget\"><p style=\"text-align: center;\"><span style=\"color: #ff0000;\"><strong>VIERNES 21 TURNO: TARDE (15,00 a 20,30)<\/strong><\/span><\/p>\n<p style=\"text-align: center;\"><span style=\"color: #ff0000;\"><strong>CANAL: 3<\/strong><\/span><\/p>\n<p style=\"text-align: center;\"><span style=\"color: #ff0000;\"><strong>15,00 Hs.<\/strong><\/span><\/p>\n<p style=\"text-align: center;\">ENLACE A YOUTUBE: <a href=\"https:\/\/youtu.be\/FSOqoRav7Sk\" target=\"_blank\" rel=\"noopener\">https:\/\/youtu.be\/FSOqoRav7Sk<\/a><\/p>\n<p style=\"text-align: center;\"><span style=\"color: #ff0000;\"><strong>EJE 2. An\u00e1lisis del discurso\/Ling\u00fc\u00edstica sist\u00e9mico \u2013 funcional\/ Ling\u00fc\u00edstica textual.<\/strong><\/span><\/p>\n<p>15,00 a 15,15 <strong>Palazzo, Gabriela<\/strong> Consideraciones sobre la representaci\u00f3n del ciberdiscurso juvenil en ficciones para adolescentes<\/p>\n<p>15,15 a 15,30 <strong>Pastor Berroa, Yanina Amelia<\/strong> La construcci\u00f3n discursiva de la violencia de g\u00e9nero en dos novelas de la LIJ<\/p>\n<p>15,30 a 15,45 <strong>Amadio, D\u00e9bora M.<\/strong> Construcciones con \u201cdecir\u201d en la narrativa oral<\/p>\n<p>15,45 a 16,00 <strong>P\u00e9rez De Stefano, Laura Marcela<\/strong> Lenguaje jur\u00eddico y violencia dom\u00e9stica: \u00bfc\u00f3mo \u201creparar\u201d la comunicaci\u00f3n?<\/p>\n<p><span style=\"color: #ff0000;\"><strong>16,00 a 16,10 ESPACIO DE PREGUNTAS<\/strong><\/span><\/p>\n<p><span style=\"color: #ff0000;\"><strong>16,10 a 16,15 PAUSA<\/strong><\/span><\/p>\n<p>16,15 a 16,30 <strong>Fern\u00e1ndez Guerra, Amparo<\/strong> Racismo y discurso en los medios uruguayos<\/p>\n<p>16,30 a 16,45 <strong>Podest\u00e1 Adriana Elsa<\/strong> El racismo en discursos de humor sobre el coronavirus<\/p>\n<p>16,45 a 17,00 <strong>Fadda, Sandra<\/strong> Donald Trump: el miedo y la pos-verg\u00fcenza como estrategias discursivas<\/p>\n<p>17,00 a 17,15 <strong>P\u00e9rez, Sara Isabel y Moragas, Florencia<\/strong> Estrategias discursivas de los grupos anti-derechos en Latinoam\u00e9rica<\/p>\n<p><span style=\"color: #ff0000;\"><strong>17,15 a 17,25 ESPACIO DE PREGUNTAS<\/strong><\/span><\/p>\n<p><span style=\"color: #ff0000;\"><strong>17,25 a 17,30 PAUSA<\/strong><\/span><\/p>\n<p>17,30 a 17,45 <strong>Bettendorff, Paulina<\/strong> \u201cLeer el teatro\u201d en un archivo de inteligencia policial<\/p>\n<p>17,45 a 18,00 <strong>Bettendorff, Mar\u00eda Elsa<\/strong> Puesta en perspectiva y discurso de la vigilancia<\/p>\n<p>18,00 a 18,15 <strong>Chiavarino, Nicol\u00e1s<\/strong> El discurso emocionado en la vigilancia a La Rosa Blindada<\/p>\n<p>18,15 a 18,30 <strong>Klemen, Tom\u00e1s Federico<\/strong> Legitimidad de la violencia en la iglesia argentina posconciliar<\/p>\n<p><span style=\"color: #ff0000;\"><strong>18,30 a 18,40 ESPACIO DE PREGUNTAS<\/strong><\/span><\/p>\n<p><span style=\"color: #ff0000;\"><strong>18,40 a 18,45 PAUSA<\/strong><\/span><\/p>\n<p>18,45 a 19,00 <strong>Romero, Facundo Exequiel<\/strong> El regreso de Per\u00f3n en 1973 como acontecimiento medi\u00e1tico: nominaci\u00f3n y palabras-acontecimiento en la prensa comercial y militante<\/p>\n<p>19,00 a 19,15 <strong>Janica, Emilia<\/strong> La reformulaci\u00f3n del ethos discursivo de un sobreviviente del Pozo de Quilmes<\/p>\n<p>19,15 a 19,30 <strong>Gali\u00e1n, Adriana Beatriz<\/strong> Los discursos de la memoria: acerca de las desapariciones<\/p>\n<p>19,30 a 19,45 <strong>N\u00fa\u00f1ez, Mar\u00eda Laura<\/strong> 12 de Octubre: Representaciones de la \u201cDiversidad Cultural\u201d<\/p>\n<p>19,45 a 20,00 <strong>Ferro Sardi, Natalia<\/strong> Luchas de las mujeres argentinas en medios italianos<\/p>\n<p><span style=\"color: #ff0000;\"><strong>20,00 a 20,30 ESPACIO DE PREGUNTAS<\/strong><\/span><\/p>\n<p><iframe loading=\"lazy\" width=\"560\" height=\"315\" src=\"https:\/\/www.youtube.com\/embed\/FSOqoRav7Sk\" title=\"YouTube video player\" frameborder=\"0\" allow=\"accelerometer; autoplay; clipboard-write; encrypted-media; gyroscope; picture-in-picture\" allowfullscreen><\/iframe><\/p>\n<\/div><\/div><\/div><\/div><\/div><div id=\"pg-682-1\"  class=\"panel-grid panel-no-style\" ><div id=\"pgc-682-1-0\"  class=\"panel-grid-cell\" ><div id=\"panel-682-1-0-0\" class=\"so-panel widget widget_sow-button panel-first-child panel-last-child\" data-index=\"1\" ><div\n\t\t\t\n\t\t\tclass=\"so-widget-sow-button so-widget-sow-button-atom-920c1294a807-682\"\n\t\t\t\n\t\t><div class=\"ow-button-base ow-button-align-justify\"\n style=\"display: block;\">\n\t\t\t<a\n\t\t\t\t\thref=\"http:\/\/filo.unt.edu.ar\/xvii-sael\/viernes-21-canal-1\/\"\n\t\t\t\t\tclass=\"sowb-button ow-icon-placement-left ow-button-hover\" \t>\n\t\t<span>\n\t\t\t\n\t\t\tCANAL 1\t\t<\/span>\n\t\t\t<\/a>\n\t<\/div>\n<\/div><\/div><\/div><div id=\"pgc-682-1-1\"  class=\"panel-grid-cell\" ><div id=\"panel-682-1-1-0\" class=\"so-panel widget widget_sow-button panel-first-child panel-last-child\" data-index=\"2\" ><div\n\t\t\t\n\t\t\tclass=\"so-widget-sow-button so-widget-sow-button-atom-920c1294a807-682\"\n\t\t\t\n\t\t><div class=\"ow-button-base ow-button-align-justify\"\n style=\"display: block;\">\n\t\t\t<a\n\t\t\t\t\thref=\"http:\/\/filo.unt.edu.ar\/xvii-sael\/viernes-21-canal-2\/\"\n\t\t\t\t\tclass=\"sowb-button ow-icon-placement-left ow-button-hover\" \t>\n\t\t<span>\n\t\t\t\n\t\t\tCANAL 2\t\t<\/span>\n\t\t\t<\/a>\n\t<\/div>\n<\/div><\/div><\/div><div id=\"pgc-682-1-2\"  class=\"panel-grid-cell\" ><div id=\"panel-682-1-2-0\" class=\"so-panel widget widget_sow-button panel-first-child panel-last-child\" data-index=\"3\" ><div\n\t\t\t\n\t\t\tclass=\"so-widget-sow-button so-widget-sow-button-atom-920c1294a807-682\"\n\t\t\t\n\t\t><div class=\"ow-button-base ow-button-align-justify\"\n style=\"display: block;\">\n\t\t\t<a\n\t\t\t\t\thref=\"http:\/\/filo.unt.edu.ar\/xvii-sael\/viernes-21-canal-3\/\"\n\t\t\t\t\tclass=\"sowb-button ow-icon-placement-left ow-button-hover\" \t>\n\t\t<span>\n\t\t\t\n\t\t\tCANAL 3\t\t<\/span>\n\t\t\t<\/a>\n\t<\/div>\n<\/div><\/div><\/div><div id=\"pgc-682-1-3\"  class=\"panel-grid-cell\" ><div id=\"panel-682-1-3-0\" class=\"so-panel widget widget_sow-button panel-first-child panel-last-child\" data-index=\"4\" ><div\n\t\t\t\n\t\t\tclass=\"so-widget-sow-button so-widget-sow-button-atom-920c1294a807-682\"\n\t\t\t\n\t\t><div class=\"ow-button-base ow-button-align-justify\"\n style=\"display: block;\">\n\t\t\t<a\n\t\t\t\t\thref=\"http:\/\/filo.unt.edu.ar\/xvii-sael\/viernes-21-canal-4\/\"\n\t\t\t\t\tclass=\"sowb-button ow-icon-placement-left ow-button-hover\" \t>\n\t\t<span>\n\t\t\t\n\t\t\tCANAL 4\t\t<\/span>\n\t\t\t<\/a>\n\t<\/div>\n<\/div><\/div><\/div><div id=\"pgc-682-1-4\"  class=\"panel-grid-cell\" ><div id=\"panel-682-1-4-0\" class=\"so-panel widget widget_sow-button panel-first-child panel-last-child\" data-index=\"5\" ><div\n\t\t\t\n\t\t\tclass=\"so-widget-sow-button so-widget-sow-button-atom-920c1294a807-682\"\n\t\t\t\n\t\t><div class=\"ow-button-base ow-button-align-justify\"\n style=\"display: block;\">\n\t\t\t<a\n\t\t\t\t\thref=\"http:\/\/filo.unt.edu.ar\/xvii-sael\/viernes-21-canal-5\/\"\n\t\t\t\t\tclass=\"sowb-button ow-icon-placement-left ow-button-hover\" \t>\n\t\t<span>\n\t\t\t\n\t\t\tCANAL 5\t\t<\/span>\n\t\t\t<\/a>\n\t<\/div>\n<\/div><\/div><\/div><\/div><\/div>","protected":false},"excerpt":{"rendered":"<p>VIERNES 21 TURNO: TARDE (15,00 a 20,30) CANAL: 3 15,00 Hs. ENLACE A YOUTUBE: https:\/\/youtu.be\/FSOqoRav7Sk EJE 2. An\u00e1lisis del discurso\/Ling\u00fc\u00edstica sist\u00e9mico \u2013 funcional\/ Ling\u00fc\u00edstica textual. 15,00 a 15,15 Palazzo, Gabriela Consideraciones sobre la representaci\u00f3n del ciberdiscurso juvenil en ficciones para adolescentes 15,15 a 15,30 Pastor Berroa, Yanina Amelia La construcci\u00f3n discursiva de la violencia de [&hellip;]<\/p>\n","protected":false},"author":1,"featured_media":0,"parent":0,"menu_order":0,"comment_status":"closed","ping_status":"closed","template":"","meta":{"footnotes":""},"class_list":["post-682","page","type-page","status-publish","hentry","post"],"_links":{"self":[{"href":"https:\/\/filo.unt.edu.ar\/xvii-sael\/wp-json\/wp\/v2\/pages\/682","targetHints":{"allow":["GET"]}}],"collection":[{"href":"https:\/\/filo.unt.edu.ar\/xvii-sael\/wp-json\/wp\/v2\/pages"}],"about":[{"href":"https:\/\/filo.unt.edu.ar\/xvii-sael\/wp-json\/wp\/v2\/types\/page"}],"author":[{"embeddable":true,"href":"https:\/\/filo.unt.edu.ar\/xvii-sael\/wp-json\/wp\/v2\/users\/1"}],"replies":[{"embeddable":true,"href":"https:\/\/filo.unt.edu.ar\/xvii-sael\/wp-json\/wp\/v2\/comments?post=682"}],"version-history":[{"count":5,"href":"https:\/\/filo.unt.edu.ar\/xvii-sael\/wp-json\/wp\/v2\/pages\/682\/revisions"}],"predecessor-version":[{"id":685,"href":"https:\/\/filo.unt.edu.ar\/xvii-sael\/wp-json\/wp\/v2\/pages\/682\/revisions\/685"}],"wp:attachment":[{"href":"https:\/\/filo.unt.edu.ar\/xvii-sael\/wp-json\/wp\/v2\/media?parent=682"}],"curies":[{"name":"wp","href":"https:\/\/api.w.org\/{rel}","templated":true}]}}