{"id":650,"date":"2021-05-20T20:39:50","date_gmt":"2021-05-20T23:39:50","guid":{"rendered":"http:\/\/filo.unt.edu.ar\/xvii-sael\/?page_id=650"},"modified":"2021-05-21T14:34:47","modified_gmt":"2021-05-21T17:34:47","slug":"viernes-21-canal-1","status":"publish","type":"page","link":"https:\/\/filo.unt.edu.ar\/xvii-sael\/viernes-21-canal-1\/","title":{"rendered":"Viernes 21. Canal 1"},"content":{"rendered":"<div id=\"pl-650\"  class=\"panel-layout\" ><div id=\"pg-650-0\"  class=\"panel-grid panel-no-style\" ><div id=\"pgc-650-0-0\"  class=\"panel-grid-cell\" ><div id=\"panel-650-0-0-0\" class=\"so-panel widget widget_black-studio-tinymce widget_black_studio_tinymce panel-first-child\" data-index=\"0\" ><div class=\"panel-widget-style panel-widget-style-for-650-0-0-0\" ><div class=\"textwidget\"><p style=\"text-align: center;\"><span style=\"color: #ff0000;\"><strong>VIERNES 21 TURNO: MA\u00d1ANA (8.30 a 13.30)<\/strong><\/span><\/p>\n<p style=\"text-align: center;\"><span style=\"color: #ff0000;\"><strong>CANAL: 1<\/strong><\/span><\/p>\n<p style=\"text-align: center;\">\u00a0<span style=\"color: #ff0000;\"><strong>08.30 a 10.10 Hs.<\/strong><\/span><\/p>\n<p style=\"text-align: center;\"><span style=\"color: #ff0000;\"><strong>PANEL 1<\/strong><\/span><\/p>\n<p style=\"text-align: center;\">ENLACE A YOUTUBE: <a href=\"https:\/\/youtu.be\/NNs65eH1X9E\" target=\"_blank\" rel=\"noopener\">https:\/\/youtu.be\/NNs65eH1X9E<\/a><\/p>\n<p style=\"text-align: center;\"><span style=\"color: #ff0000;\"><strong>PANEL 5<\/strong><\/span><\/p>\n<p style=\"text-align: center;\"><span style=\"color: #ff0000;\"><strong>Tema: Met\u00e1fora: mecanismo de formulaci\u00f3n textual y de creaci\u00f3n l\u00e9xica<\/strong><\/span><\/p>\n<p>Coordinadoras: <strong>Andre\u00edna Adelstein<\/strong> (Universidad de Buenos Aires\/Universidad Nacional de General Sarmiento) y <strong>Guiomar E. Ciapuscio<\/strong> (Universidad de Buenos Aires)<\/p>\n<p><strong>Rosa Estop\u00e0<\/strong> (Universidad Pompeu Fabra)<\/p>\n<p><strong>Guiomar E. Ciapuscio<\/strong> (Universidad de Buenos Aires) y <strong>Luc\u00eda Bregant<\/strong> (Universidad de Buenos Aires)<\/p>\n<p><strong>Frida Tavera Ram\u00edrez<\/strong> (Universidad Michoacana de San Nicol\u00e1s de Hidalgo) y<strong> Araceli Enr\u00edquez Ovando<\/strong> (Universidad Michoacana de San Nicol\u00e1s de Hidalgo)<\/p>\n<p><strong>Marina Berri<\/strong> (Universidad de Buenos Aires\/Universidad Nacional de General Sarmiento) y <strong>Victoria Boschiroli<\/strong> (Universidad Nacional de General Sarmiento)<\/p>\n<p>10.10 a 10.30 ESPACIO DE PREGUNTAS<\/p>\n<p>10,30 a 11,00 PAUSA<\/p>\n<p><iframe loading=\"lazy\" width=\"560\" height=\"315\" src=\"https:\/\/www.youtube.com\/embed\/NNs65eH1X9E\" title=\"YouTube video player\" frameborder=\"0\" allow=\"accelerometer; autoplay; clipboard-write; encrypted-media; gyroscope; picture-in-picture\" allowfullscreen><\/iframe><\/p>\n<\/div><\/div><\/div><div id=\"panel-650-0-0-1\" class=\"so-panel widget widget_black-studio-tinymce widget_black_studio_tinymce panel-last-child\" data-index=\"1\" ><div class=\"panel-widget-style panel-widget-style-for-650-0-0-1\" ><div class=\"textwidget\"><p style=\"text-align: center;\"><strong>11,00 a 13.00 Hs.<\/strong><\/p>\n<p style=\"text-align: center;\">ENLACE A YOUTUBE: <a href=\"https:\/\/youtu.be\/cx5R8XYcA44\" target=\"_blank\" rel=\"noopener\">https:\/\/youtu.be\/cx5R8XYcA44<\/a><\/p>\n<p style=\"text-align: center;\"><span style=\"color: #ff0000;\"><strong>CICLO DE CONFERENCIAS<\/strong><\/span><\/p>\n<p style=\"text-align: center;\"><span style=\"color: #ff0000;\"><strong>Tema: Ling\u00fc\u00edstica y discurso digital<\/strong><\/span><\/p>\n<p>Comentadora: <strong>Mabel Giammatteo<\/strong> (Universidad de Buenos Aires\/Universidad del Salvador)<\/p>\n<p><strong>Ana Pano Alam\u00e1n<\/strong> (Universidad de Bologna, Italia)<br \/>\nAportaciones de la ling\u00fc\u00edstica y la pragm\u00e1tica al an\u00e1lisis de la opini\u00f3n p\u00fablica en las redes<\/p>\n<p><strong>Cristina Vela Delfa<\/strong> (Universidad de Valladolid, Espa\u00f1a)<br \/>\n\u00bfSe puede seguir hablando de estilo digital? Del texto al postexto en la comunicaci\u00f3n digital<\/p>\n<p><span style=\"color: #ff0000;\"><strong>13,00 a 13,30 ESPACIO DE PREGUNTAS<\/strong><\/span><\/p>\n<p><span style=\"color: #ff0000;\"><strong>13.30 a 15,00 PAUSA<\/strong><\/span><\/p>\n<p><iframe loading=\"lazy\" width=\"560\" height=\"315\" src=\"https:\/\/www.youtube.com\/embed\/cx5R8XYcA44\" title=\"YouTube video player\" frameborder=\"0\" allow=\"accelerometer; autoplay; clipboard-write; encrypted-media; gyroscope; picture-in-picture\" allowfullscreen><\/iframe><\/p>\n<\/div><\/div><\/div><\/div><\/div><div id=\"pg-650-1\"  class=\"panel-grid panel-no-style\" ><div id=\"pgc-650-1-0\"  class=\"panel-grid-cell\" ><div id=\"panel-650-1-0-0\" class=\"so-panel widget widget_black-studio-tinymce widget_black_studio_tinymce panel-first-child\" data-index=\"2\" ><div class=\"panel-widget-style panel-widget-style-for-650-1-0-0\" ><div class=\"textwidget\"><p style=\"text-align: center;\"><span style=\"color: #ff0000;\"><strong>VIERNES 21 TURNO: TARDE (15.00 a 20.30)<\/strong><\/span><\/p>\n<p style=\"text-align: center;\"><span style=\"color: #ff0000;\"><strong>CANAL: 1<\/strong><\/span><\/p>\n<p style=\"text-align: center;\"><span style=\"color: #ff0000;\"><strong>15,00 Hs.<\/strong><\/span><\/p>\n<p style=\"text-align: center;\">ENLACE A YOUTUBE: <a href=\"https:\/\/youtu.be\/LAWB-CU8jhE\" target=\"_blank\" rel=\"noopener\">https:\/\/youtu.be\/LAWB-CU8jhE<\/a><\/p>\n<p style=\"text-align: center;\"><span style=\"color: #ff0000;\"><strong>SIMPOSIO. Perspectivas te\u00f3ricas-metodol\u00f3gicas y aspectos \u00e9ticos en la investigaci\u00f3n del discurso digital<\/strong><\/span><\/p>\n<p>Coordinadores: <strong>L. Cantamutto, M. Giammatteo, A. Parini y C. Vela Delfa<\/strong><\/p>\n<p>15,00 a 15,15 <strong>Cuenca Montesino, Jos\u00e9 Mar\u00eda<\/strong> Datos naturales en contexto profesional: anonimizaci\u00f3n, seudonimizaci\u00f3n e interoperabilidad<\/p>\n<p>15,15 a 15,30 <strong>Tarullo, Raquel y Sampietro, Agnese<\/strong> El discurso en Instagram: Consideraciones metodol\u00f3gicas para su an\u00e1lisis<\/p>\n<p>15,30 a 15,45 <strong>Kalinowski, Santiago<\/strong> El uso de Twitter como corpus en lexicograf\u00eda diferencial<\/p>\n<p>15,45 a 16,00 <strong>Bonilla-Neira, Laura Cristina<\/strong> Aproximaci\u00f3n al dise\u00f1o metodol\u00f3gico de la investigaci\u00f3n sobre discursos digitales de las campa\u00f1as del plebiscito por la paz<\/p>\n<p><span style=\"color: #ff0000;\"><strong>16,00 a 16,20 ESPACIO DE PREGUNTAS<\/strong><\/span><\/p>\n<p><span style=\"color: #ff0000;\"><strong>16,20 0 a 16,30 PAUSA<\/strong><\/span><\/p>\n<p>16,30 a 16,45 <strong>Mara Roche, Mariana<\/strong> \u00c9tica metodol\u00f3gica y comunicaci\u00f3n digital en el \u00e1mbito escolar<\/p>\n<p>16,45 a 17,00 <strong>Giammatteo, Mabel y Parini, Alejandro<\/strong> Desaf\u00edos en los estudios futuros del discurso digital: reconfiguraci\u00f3n de perspectivas te\u00f3ricas y anal\u00edticas<\/p>\n<p>17,00 a 17,15 <strong>Cantamutto, Luc\u00eda yVela Delfa, Cristina<\/strong> Test de h\u00e1bitos sociales: aplicaci\u00f3n en la interacci\u00f3n digital<\/p>\n<p><span style=\"color: #ff0000;\"><strong>17,15 a 17,25 ESPACIO DE PREGUNTAS<\/strong><\/span><\/p>\n<p><span style=\"color: #ff0000;\"><strong>17,25 a 18,00 PAUSA<\/strong><\/span><\/p>\n<p><iframe loading=\"lazy\" title=\"YouTube video player\" src=\"https:\/\/www.youtube.com\/embed\/LAWB-CU8jhE\" width=\"560\" height=\"315\" frameborder=\"0\" allowfullscreen=\"allowfullscreen\"><\/iframe><\/p>\n<\/div><\/div><\/div><div id=\"panel-650-1-0-1\" class=\"so-panel widget widget_black-studio-tinymce widget_black_studio_tinymce panel-last-child\" data-index=\"3\" ><div class=\"panel-widget-style panel-widget-style-for-650-1-0-1\" ><div class=\"textwidget\"><p style=\"text-align: center;\"><span style=\"color: #ff0000;\"><strong>18,00 a 19,00 Hs.<\/strong><\/span><\/p>\n<p style=\"text-align: center;\">ENLACE A YOUTUBE: <a href=\"https:\/\/youtu.be\/1jVUwkrq-pE\" target=\"_blank\" rel=\"noopener\">https:\/\/youtu.be\/1jVUwkrq-pE<\/a><\/p>\n<p style=\"text-align: center;\"><span style=\"color: #ff0000;\"><strong>ESPACIO LIBRO<\/strong><\/span><\/p>\n<p style=\"text-align: center;\"><strong> Elena Victoria Acevedo (coordinadora general)<\/strong><\/p>\n<p style=\"text-align: center;\"><strong>Etnograf\u00eda del habla. Textos fundacionales<\/strong>. EUDEBA. Segunda edici\u00f3n aumentada. Primera edici\u00f3n: 2002.<\/p>\n<p style=\"text-align: center;\">(Compiladora: <strong>Luc\u00eda Golluscio<\/strong>. Colaboradoras: <strong>Paola Pacor, Florencia Ciccone, Corina Courtis y Marta Krasan<\/strong>).<\/p>\n<p style=\"text-align: center;\">Palabras de apertura:\u00a0<strong>Elena Acevedo de Bomba<\/strong> (Universidad Nacional de Tucum\u00e1n)<\/p>\n<p style=\"text-align: center;\">Introducci\u00f3n y Palabras de cierre:\u00a0<strong>Luc\u00eda Golluscio<\/strong> (Universidad de Buenos Aires-CONICET)<\/p>\n<p style=\"text-align: center;\"><span style=\"text-decoration: underline;\"><strong>Oradora\/es:<\/strong><\/span><\/p>\n<p style=\"text-align: center;\"><strong>Bruna Franchetto<\/strong> (Universidade Federal do Rio de Janeiro)<\/p>\n<p style=\"text-align: center;\"><strong>Fernando Fischman<\/strong> (UBA -FLACSO-CONICET)<\/p>\n<p style=\"text-align: center;\"><strong>Anthony Woodbury<\/strong> (University of Texas at Austin)<\/p>\n<p style=\"text-align: center;\"><strong>Lucas Curapil<\/strong> (Uncoma -UBA)<\/p>\n<p style=\"text-align: center;\">Presentaciones y coordinaci\u00f3n:\u00a0<strong>Corina Courtis<\/strong> (UBA-CONICET)<\/p>\n<p><em><strong>Auspicia: C\u00e1tedra de Etnoling\u00fc\u00edstica, Dpto. de Letras, FFyL, UBA.<\/strong><\/em><\/p>\n<p><iframe loading=\"lazy\" width=\"560\" height=\"315\" src=\"https:\/\/www.youtube.com\/embed\/1jVUwkrq-pE\" title=\"YouTube video player\" frameborder=\"0\" allow=\"accelerometer; autoplay; clipboard-write; encrypted-media; gyroscope; picture-in-picture\" allowfullscreen><\/iframe><\/p>\n<\/div><\/div><\/div><\/div><\/div><div id=\"pg-650-2\"  class=\"panel-grid panel-no-style\" ><div id=\"pgc-650-2-0\"  class=\"panel-grid-cell\" ><div id=\"panel-650-2-0-0\" class=\"so-panel widget widget_sow-button panel-first-child panel-last-child\" data-index=\"4\" ><div\n\t\t\t\n\t\t\tclass=\"so-widget-sow-button so-widget-sow-button-atom-920c1294a807-650\"\n\t\t\t\n\t\t><div class=\"ow-button-base ow-button-align-justify\"\n style=\"display: block;\">\n\t\t\t<a\n\t\t\t\t\thref=\"http:\/\/filo.unt.edu.ar\/xvii-sael\/viernes-21-canal-1\/\"\n\t\t\t\t\tclass=\"sowb-button ow-icon-placement-left ow-button-hover\" \t>\n\t\t<span>\n\t\t\t\n\t\t\tCANAL 1\t\t<\/span>\n\t\t\t<\/a>\n\t<\/div>\n<\/div><\/div><\/div><div id=\"pgc-650-2-1\"  class=\"panel-grid-cell\" ><div id=\"panel-650-2-1-0\" class=\"so-panel widget widget_sow-button panel-first-child panel-last-child\" data-index=\"5\" ><div\n\t\t\t\n\t\t\tclass=\"so-widget-sow-button so-widget-sow-button-atom-920c1294a807-650\"\n\t\t\t\n\t\t><div class=\"ow-button-base ow-button-align-justify\"\n style=\"display: block;\">\n\t\t\t<a\n\t\t\t\t\thref=\"http:\/\/filo.unt.edu.ar\/xvii-sael\/viernes-21-canal-2\/\"\n\t\t\t\t\tclass=\"sowb-button ow-icon-placement-left ow-button-hover\" \t>\n\t\t<span>\n\t\t\t\n\t\t\tCANAL 2\t\t<\/span>\n\t\t\t<\/a>\n\t<\/div>\n<\/div><\/div><\/div><div id=\"pgc-650-2-2\"  class=\"panel-grid-cell\" ><div id=\"panel-650-2-2-0\" class=\"so-panel widget widget_sow-button panel-first-child panel-last-child\" data-index=\"6\" ><div\n\t\t\t\n\t\t\tclass=\"so-widget-sow-button so-widget-sow-button-atom-920c1294a807-650\"\n\t\t\t\n\t\t><div class=\"ow-button-base ow-button-align-justify\"\n style=\"display: block;\">\n\t\t\t<a\n\t\t\t\t\thref=\"http:\/\/filo.unt.edu.ar\/xvii-sael\/viernes-21-canal-3\/\"\n\t\t\t\t\tclass=\"sowb-button ow-icon-placement-left ow-button-hover\" \t>\n\t\t<span>\n\t\t\t\n\t\t\tCANAL 3\t\t<\/span>\n\t\t\t<\/a>\n\t<\/div>\n<\/div><\/div><\/div><div id=\"pgc-650-2-3\"  class=\"panel-grid-cell\" ><div id=\"panel-650-2-3-0\" class=\"so-panel widget widget_sow-button panel-first-child panel-last-child\" data-index=\"7\" ><div\n\t\t\t\n\t\t\tclass=\"so-widget-sow-button so-widget-sow-button-atom-920c1294a807-650\"\n\t\t\t\n\t\t><div class=\"ow-button-base ow-button-align-justify\"\n style=\"display: block;\">\n\t\t\t<a\n\t\t\t\t\thref=\"http:\/\/filo.unt.edu.ar\/xvii-sael\/viernes-21-canal-4\/\"\n\t\t\t\t\tclass=\"sowb-button ow-icon-placement-left ow-button-hover\" \t>\n\t\t<span>\n\t\t\t\n\t\t\tCANAL 4\t\t<\/span>\n\t\t\t<\/a>\n\t<\/div>\n<\/div><\/div><\/div><div id=\"pgc-650-2-4\"  class=\"panel-grid-cell\" ><div id=\"panel-650-2-4-0\" class=\"so-panel widget widget_sow-button panel-first-child panel-last-child\" data-index=\"8\" ><div\n\t\t\t\n\t\t\tclass=\"so-widget-sow-button so-widget-sow-button-atom-920c1294a807-650\"\n\t\t\t\n\t\t><div class=\"ow-button-base ow-button-align-justify\"\n style=\"display: block;\">\n\t\t\t<a\n\t\t\t\t\thref=\"http:\/\/filo.unt.edu.ar\/xvii-sael\/viernes-21-canal-5\/\"\n\t\t\t\t\tclass=\"sowb-button ow-icon-placement-left ow-button-hover\" \t>\n\t\t<span>\n\t\t\t\n\t\t\tCANAL 5\t\t<\/span>\n\t\t\t<\/a>\n\t<\/div>\n<\/div><\/div><\/div><\/div><\/div>","protected":false},"excerpt":{"rendered":"<p>VIERNES 21 TURNO: MA\u00d1ANA (8.30 a 13.30) CANAL: 1 \u00a008.30 a 10.10 Hs. PANEL 1 ENLACE A YOUTUBE: https:\/\/youtu.be\/NNs65eH1X9E PANEL 5 Tema: Met\u00e1fora: mecanismo de formulaci\u00f3n textual y de creaci\u00f3n l\u00e9xica Coordinadoras: Andre\u00edna Adelstein (Universidad de Buenos Aires\/Universidad Nacional de General Sarmiento) y Guiomar E. Ciapuscio (Universidad de Buenos Aires) Rosa Estop\u00e0 (Universidad Pompeu Fabra) [&hellip;]<\/p>\n","protected":false},"author":1,"featured_media":0,"parent":0,"menu_order":0,"comment_status":"closed","ping_status":"closed","template":"","meta":{"footnotes":""},"class_list":["post-650","page","type-page","status-publish","hentry","post"],"_links":{"self":[{"href":"https:\/\/filo.unt.edu.ar\/xvii-sael\/wp-json\/wp\/v2\/pages\/650","targetHints":{"allow":["GET"]}}],"collection":[{"href":"https:\/\/filo.unt.edu.ar\/xvii-sael\/wp-json\/wp\/v2\/pages"}],"about":[{"href":"https:\/\/filo.unt.edu.ar\/xvii-sael\/wp-json\/wp\/v2\/types\/page"}],"author":[{"embeddable":true,"href":"https:\/\/filo.unt.edu.ar\/xvii-sael\/wp-json\/wp\/v2\/users\/1"}],"replies":[{"embeddable":true,"href":"https:\/\/filo.unt.edu.ar\/xvii-sael\/wp-json\/wp\/v2\/comments?post=650"}],"version-history":[{"count":21,"href":"https:\/\/filo.unt.edu.ar\/xvii-sael\/wp-json\/wp\/v2\/pages\/650\/revisions"}],"predecessor-version":[{"id":743,"href":"https:\/\/filo.unt.edu.ar\/xvii-sael\/wp-json\/wp\/v2\/pages\/650\/revisions\/743"}],"wp:attachment":[{"href":"https:\/\/filo.unt.edu.ar\/xvii-sael\/wp-json\/wp\/v2\/media?parent=650"}],"curies":[{"name":"wp","href":"https:\/\/api.w.org\/{rel}","templated":true}]}}