{"id":541,"date":"2021-05-18T14:45:09","date_gmt":"2021-05-18T17:45:09","guid":{"rendered":"http:\/\/filo.unt.edu.ar\/xvii-sael\/?page_id=541"},"modified":"2021-05-18T14:47:06","modified_gmt":"2021-05-18T17:47:06","slug":"programa-miercoles-19","status":"publish","type":"page","link":"https:\/\/filo.unt.edu.ar\/xvii-sael\/programa-miercoles-19\/","title":{"rendered":"Mi\u00e9rcoles 19"},"content":{"rendered":"<div id=\"pl-541\"  class=\"panel-layout\" ><div id=\"pg-541-0\"  class=\"panel-grid panel-has-style\" ><div style=\"background-color: #f2f2f2; \" class=\"panel-row-style panel-row-style-for-541-0\" ><div id=\"pgc-541-0-0\"  class=\"panel-grid-cell\" ><div id=\"panel-541-0-0-0\" class=\"so-panel widget widget_black-studio-tinymce widget_black_studio_tinymce panel-first-child panel-last-child\" data-index=\"0\" ><div class=\"textwidget\"><p style=\"text-align: center;\"><strong>PROGRAMACI\u00d3N D\u00cdA MI\u00c9RCOLES 19 MA\u00d1ANA Y TARDE DISTRIBUIDA POR CANALES DE TRANSMISI\u00d3N<\/strong><\/p>\n<\/div><\/div><\/div><\/div><\/div><div id=\"pg-541-1\"  class=\"panel-grid panel-has-style\" ><div style=\"background-color: #f2f2f2; \" class=\"panel-row-style panel-row-style-for-541-1\" ><div id=\"pgc-541-1-0\"  class=\"panel-grid-cell\" ><div id=\"panel-541-1-0-0\" class=\"so-panel widget widget_sow-button panel-first-child panel-last-child\" data-index=\"1\" ><div\n\t\t\t\n\t\t\tclass=\"so-widget-sow-button so-widget-sow-button-atom-920c1294a807-541\"\n\t\t\t\n\t\t><div class=\"ow-button-base ow-button-align-justify\"\n style=\"display: block;\">\n\t\t\t<a\n\t\t\t\t\thref=\"http:\/\/filo.unt.edu.ar\/xvii-sael\/-miercoles-19-canal-1\/\"\n\t\t\t\t\tclass=\"sowb-button ow-icon-placement-left ow-button-hover\" \t>\n\t\t<span>\n\t\t\t\n\t\t\tCANAL 1\t\t<\/span>\n\t\t\t<\/a>\n\t<\/div>\n<\/div><\/div><\/div><div id=\"pgc-541-1-1\"  class=\"panel-grid-cell\" ><div id=\"panel-541-1-1-0\" class=\"so-panel widget widget_sow-button panel-first-child panel-last-child\" data-index=\"2\" ><div\n\t\t\t\n\t\t\tclass=\"so-widget-sow-button so-widget-sow-button-atom-920c1294a807-541\"\n\t\t\t\n\t\t><div class=\"ow-button-base ow-button-align-justify\"\n style=\"display: block;\">\n\t\t\t<a\n\t\t\t\t\thref=\"http:\/\/filo.unt.edu.ar\/xvii-sael\/-miercoles-19-canal-2\/\"\n\t\t\t\t\tclass=\"sowb-button ow-icon-placement-left ow-button-hover\" \t>\n\t\t<span>\n\t\t\t\n\t\t\tCANAL 2\t\t<\/span>\n\t\t\t<\/a>\n\t<\/div>\n<\/div><\/div><\/div><div id=\"pgc-541-1-2\"  class=\"panel-grid-cell\" ><div id=\"panel-541-1-2-0\" class=\"so-panel widget widget_sow-button panel-first-child panel-last-child\" data-index=\"3\" ><div\n\t\t\t\n\t\t\tclass=\"so-widget-sow-button so-widget-sow-button-atom-920c1294a807-541\"\n\t\t\t\n\t\t><div class=\"ow-button-base ow-button-align-justify\"\n style=\"display: block;\">\n\t\t\t<a\n\t\t\t\t\thref=\"http:\/\/filo.unt.edu.ar\/xvii-sael\/-miercoles-19-canal-3\/\"\n\t\t\t\t\tclass=\"sowb-button ow-icon-placement-left ow-button-hover\" \t>\n\t\t<span>\n\t\t\t\n\t\t\tCANAL 3\t\t<\/span>\n\t\t\t<\/a>\n\t<\/div>\n<\/div><\/div><\/div><div id=\"pgc-541-1-3\"  class=\"panel-grid-cell\" ><div id=\"panel-541-1-3-0\" class=\"so-panel widget widget_sow-button panel-first-child panel-last-child\" data-index=\"4\" ><div\n\t\t\t\n\t\t\tclass=\"so-widget-sow-button so-widget-sow-button-atom-920c1294a807-541\"\n\t\t\t\n\t\t><div class=\"ow-button-base ow-button-align-justify\"\n style=\"display: block;\">\n\t\t\t<a\n\t\t\t\t\thref=\"http:\/\/filo.unt.edu.ar\/xvii-sael\/-miercoles-19-canal-4\/\"\n\t\t\t\t\tclass=\"sowb-button ow-icon-placement-left ow-button-hover\" \t>\n\t\t<span>\n\t\t\t\n\t\t\tCANAL 4\t\t<\/span>\n\t\t\t<\/a>\n\t<\/div>\n<\/div><\/div><\/div><div id=\"pgc-541-1-4\"  class=\"panel-grid-cell\" ><div id=\"panel-541-1-4-0\" class=\"so-panel widget widget_sow-button panel-first-child panel-last-child\" data-index=\"5\" ><div\n\t\t\t\n\t\t\tclass=\"so-widget-sow-button so-widget-sow-button-atom-920c1294a807-541\"\n\t\t\t\n\t\t><div class=\"ow-button-base ow-button-align-justify\"\n style=\"display: block;\">\n\t\t\t<a\n\t\t\t\t\thref=\"http:\/\/filo.unt.edu.ar\/xvii-sael\/-miercoles-19-canal-5\/\"\n\t\t\t\t\tclass=\"sowb-button ow-icon-placement-left ow-button-hover\" \t>\n\t\t<span>\n\t\t\t\n\t\t\tCANAL 5\t\t<\/span>\n\t\t\t<\/a>\n\t<\/div>\n<\/div><\/div><\/div><\/div><\/div><\/div>","protected":false},"excerpt":{"rendered":"<p>PROGRAMACI\u00d3N D\u00cdA MI\u00c9RCOLES 19 MA\u00d1ANA Y TARDE DISTRIBUIDA POR CANALES DE TRANSMISI\u00d3N<\/p>\n","protected":false},"author":1,"featured_media":0,"parent":0,"menu_order":0,"comment_status":"closed","ping_status":"closed","template":"","meta":{"footnotes":""},"class_list":["post-541","page","type-page","status-publish","hentry","post"],"_links":{"self":[{"href":"https:\/\/filo.unt.edu.ar\/xvii-sael\/wp-json\/wp\/v2\/pages\/541","targetHints":{"allow":["GET"]}}],"collection":[{"href":"https:\/\/filo.unt.edu.ar\/xvii-sael\/wp-json\/wp\/v2\/pages"}],"about":[{"href":"https:\/\/filo.unt.edu.ar\/xvii-sael\/wp-json\/wp\/v2\/types\/page"}],"author":[{"embeddable":true,"href":"https:\/\/filo.unt.edu.ar\/xvii-sael\/wp-json\/wp\/v2\/users\/1"}],"replies":[{"embeddable":true,"href":"https:\/\/filo.unt.edu.ar\/xvii-sael\/wp-json\/wp\/v2\/comments?post=541"}],"version-history":[{"count":6,"href":"https:\/\/filo.unt.edu.ar\/xvii-sael\/wp-json\/wp\/v2\/pages\/541\/revisions"}],"predecessor-version":[{"id":553,"href":"https:\/\/filo.unt.edu.ar\/xvii-sael\/wp-json\/wp\/v2\/pages\/541\/revisions\/553"}],"wp:attachment":[{"href":"https:\/\/filo.unt.edu.ar\/xvii-sael\/wp-json\/wp\/v2\/media?parent=541"}],"curies":[{"name":"wp","href":"https:\/\/api.w.org\/{rel}","templated":true}]}}