{"id":283,"date":"2021-05-16T17:41:53","date_gmt":"2021-05-16T20:41:53","guid":{"rendered":"http:\/\/filo.unt.edu.ar\/xvii-sael\/?page_id=283"},"modified":"2021-05-16T18:03:25","modified_gmt":"2021-05-16T21:03:25","slug":"lunes-17-tarde-canal-5","status":"publish","type":"page","link":"https:\/\/filo.unt.edu.ar\/xvii-sael\/lunes-17-tarde-canal-5\/","title":{"rendered":"Lunes 17. Tarde Canal 5"},"content":{"rendered":"<div id=\"pl-283\"  class=\"panel-layout\" ><div id=\"pg-283-0\"  class=\"panel-grid panel-no-style\" ><div id=\"pgc-283-0-0\"  class=\"panel-grid-cell\" ><div id=\"panel-283-0-0-0\" class=\"so-panel widget widget_black-studio-tinymce widget_black_studio_tinymce panel-first-child panel-last-child\" data-index=\"0\" ><div class=\"textwidget\"><p style=\"text-align: center;\"><span style=\"color: #ff0000;\"><strong>LUNES 17 TURNO: TARDE (15,00 a 20,30)<\/strong><\/span><\/p>\n<p style=\"text-align: center;\"><span style=\"color: #ff0000;\"><strong>CANAL: 5<\/strong><\/span><\/p>\n<p style=\"text-align: center;\"><span style=\"color: #ff0000;\"><strong>15.00 Hs.<\/strong><\/span><\/p>\n<p style=\"text-align: center;\"><strong>EJE 13. Ling\u00fc\u00edstica del contacto\/Pol\u00edticas y planificaci\u00f3n ling\u00fc\u00edsticas\/Glotopol\u00edtica.<\/strong><\/p>\n<p style=\"text-align: center;\">ENLACE a YOUTUBE: <a href=\"https:\/\/youtu.be\/Y1hPDC8K8NE\" target=\"_blank\" rel=\"noopener\">https:\/\/youtu.be\/Y1hPDC8K8NE<\/a><\/p>\n<p><strong>15,00 a 15,15 Bein, Roberto<\/strong> Discriminaci\u00f3n ling\u00fc\u00edstica: \u201cUn dilema valenci\u00e0\u201d y su proyecci\u00f3n actual<\/p>\n<p><strong>15,15 a 15,30 C\u00e1rdenas, Viviana<\/strong> La gram\u00e1tica en libros de texto del nivel medio<\/p>\n<p><strong>15,30 a 15,45 Galvani, M. Gema<\/strong> Concepciones acerca de la lengua ancestral y del espa\u00f1ol<\/p>\n<p><strong>15,45 a 16,00 Lauria, Daniela<\/strong> Sobre el Diccionario de la lengua de la Argentina (AAL, 2019)<\/p>\n<p><span style=\"color: #ff0000;\"><strong>16,00 a 16,10 ESPACIO DE PREGUNTAS<\/strong><\/span><\/p>\n<p><span style=\"color: #ff0000;\"><strong>16,10 a 16,15 PAUSA<\/strong><\/span><\/p>\n<p><strong>16,15 a 16,30 Lizondo, Ana In\u00e9s<\/strong> Representaciones ling\u00fc\u00edsticas en docentes de primer ciclo del Valle Calchaqu\u00ed<\/p>\n<p><strong>16,30 a 16,45 Lucero, Adriana Guadalupe<\/strong> Usos interculturales del espa\u00f1ol en algunas canciones italianas contempor\u00e1neas<\/p>\n<p><strong>16,45 a 17,00 Oro\u00f1o, Mariela<\/strong> La lengua nacional en Abel J. P\u00e9rez (Uruguay 1903-1917)<\/p>\n<p><strong>17,00 a 17,15 Romero, Mar\u00eda Cecilia<\/strong> Reflexiones sobre la asignaci\u00f3n de g\u00e9nero en sustantivos sin marca morfol\u00f3gica<\/p>\n<p><span style=\"color: #ff0000;\"><strong>17,15 a 17,25 ESPACIO DE PREGUNTAS<\/strong><\/span><\/p>\n<p><span style=\"color: #ff0000;\"><strong>17,25 a 17,30 PAUSA<\/strong><\/span><\/p>\n<p><strong>17,30 a 17,45 Rossi Peralta, Marco Joaqu\u00edn<\/strong> Ideolog\u00edas ling\u00fc\u00edsticas en estudiantes de profesorado universitario en Letras<\/p>\n<p><strong>17,45 a 18,00 Scotto, Victoria<\/strong> De Lachmann a Schleicher: otro comienzo para la ling\u00fc\u00edstica<\/p>\n<p><strong>18,00 a 18,15 Taboada, Mar\u00eda Stella<\/strong> Ideolog\u00edas ling\u00fc\u00edsticas en dise\u00f1os curriculares argentinos (1960-2012)<\/p>\n<p><strong>18,15 a 18,30 Pino, Norma Beatriz<\/strong> Nombrar lo innombrable: alteridad y el cuerpo en Nichols<\/p>\n<p><span style=\"color: #ff0000;\"><strong>18,30 a 18,40 ESPACIO DE PREGUNTAS<\/strong><\/span><\/p>\n<p><iframe loading=\"lazy\" width=\"560\" height=\"315\" src=\"https:\/\/www.youtube.com\/embed\/Y1hPDC8K8NE\" title=\"YouTube video player\" frameborder=\"0\" allow=\"accelerometer; autoplay; clipboard-write; encrypted-media; gyroscope; picture-in-picture\" allowfullscreen><\/iframe><\/p>\n<\/div><\/div><\/div><\/div><div id=\"pg-283-1\"  class=\"panel-grid panel-no-style\" ><div id=\"pgc-283-1-0\"  class=\"panel-grid-cell\" ><div id=\"panel-283-1-0-0\" class=\"so-panel widget widget_sow-button panel-first-child panel-last-child\" data-index=\"1\" ><div\n\t\t\t\n\t\t\tclass=\"so-widget-sow-button so-widget-sow-button-atom-920c1294a807-283\"\n\t\t\t\n\t\t><div class=\"ow-button-base ow-button-align-justify\"\n style=\"display: block;\">\n\t\t\t<a\n\t\t\t\t\thref=\"http:\/\/filo.unt.edu.ar\/xvii-sael\/lunes-17-canal-1\/\"\n\t\t\t\t\tclass=\"sowb-button ow-icon-placement-left ow-button-hover\" \t>\n\t\t<span>\n\t\t\t\n\t\t\tCANAL 1\t\t<\/span>\n\t\t\t<\/a>\n\t<\/div>\n<\/div><\/div><\/div><div id=\"pgc-283-1-1\"  class=\"panel-grid-cell\" ><div id=\"panel-283-1-1-0\" class=\"so-panel widget widget_sow-button panel-first-child panel-last-child\" data-index=\"2\" ><div\n\t\t\t\n\t\t\tclass=\"so-widget-sow-button so-widget-sow-button-atom-920c1294a807-283\"\n\t\t\t\n\t\t><div class=\"ow-button-base ow-button-align-justify\"\n style=\"display: block;\">\n\t\t\t<a\n\t\t\t\t\thref=\"http:\/\/filo.unt.edu.ar\/xvii-sael\/lunes-17-tarde-canal-2\/\"\n\t\t\t\t\tclass=\"sowb-button ow-icon-placement-left ow-button-hover\" \t>\n\t\t<span>\n\t\t\t\n\t\t\tCANAL 2\t\t<\/span>\n\t\t\t<\/a>\n\t<\/div>\n<\/div><\/div><\/div><div id=\"pgc-283-1-2\"  class=\"panel-grid-cell\" ><div id=\"panel-283-1-2-0\" class=\"so-panel widget widget_sow-button panel-first-child panel-last-child\" data-index=\"3\" ><div\n\t\t\t\n\t\t\tclass=\"so-widget-sow-button so-widget-sow-button-atom-920c1294a807-283\"\n\t\t\t\n\t\t><div class=\"ow-button-base ow-button-align-justify\"\n style=\"display: block;\">\n\t\t\t<a\n\t\t\t\t\thref=\"http:\/\/filo.unt.edu.ar\/xvii-sael\/lunes-17-tarde-canal-3\"\n\t\t\t\t\tclass=\"sowb-button ow-icon-placement-left ow-button-hover\" \t>\n\t\t<span>\n\t\t\t\n\t\t\tCANAL 3\t\t<\/span>\n\t\t\t<\/a>\n\t<\/div>\n<\/div><\/div><\/div><div id=\"pgc-283-1-3\"  class=\"panel-grid-cell\" ><div id=\"panel-283-1-3-0\" class=\"so-panel widget widget_sow-button panel-first-child panel-last-child\" data-index=\"4\" ><div\n\t\t\t\n\t\t\tclass=\"so-widget-sow-button so-widget-sow-button-atom-920c1294a807-283\"\n\t\t\t\n\t\t><div class=\"ow-button-base ow-button-align-justify\"\n style=\"display: block;\">\n\t\t\t<a\n\t\t\t\t\thref=\"http:\/\/filo.unt.edu.ar\/xvii-sael\/lunes-17-tarde-canal-4\"\n\t\t\t\t\tclass=\"sowb-button ow-icon-placement-left ow-button-hover\" \t>\n\t\t<span>\n\t\t\t\n\t\t\tCANAL 4\t\t<\/span>\n\t\t\t<\/a>\n\t<\/div>\n<\/div><\/div><\/div><div id=\"pgc-283-1-4\"  class=\"panel-grid-cell\" ><div id=\"panel-283-1-4-0\" class=\"so-panel widget widget_sow-button panel-first-child panel-last-child\" data-index=\"5\" ><div\n\t\t\t\n\t\t\tclass=\"so-widget-sow-button so-widget-sow-button-atom-920c1294a807-283\"\n\t\t\t\n\t\t><div class=\"ow-button-base ow-button-align-justify\"\n style=\"display: block;\">\n\t\t\t<a\n\t\t\t\t\thref=\"http:\/\/filo.unt.edu.ar\/xvii-sael\/lunes-17-tarde-canal-5\"\n\t\t\t\t\tclass=\"sowb-button ow-icon-placement-left ow-button-hover\" \t>\n\t\t<span>\n\t\t\t\n\t\t\tCANAL 5\t\t<\/span>\n\t\t\t<\/a>\n\t<\/div>\n<\/div><\/div><\/div><\/div><\/div>","protected":false},"excerpt":{"rendered":"<p>LUNES 17 TURNO: TARDE (15,00 a 20,30) CANAL: 5 15.00 Hs. EJE 13. Ling\u00fc\u00edstica del contacto\/Pol\u00edticas y planificaci\u00f3n ling\u00fc\u00edsticas\/Glotopol\u00edtica. ENLACE a YOUTUBE: https:\/\/youtu.be\/Y1hPDC8K8NE 15,00 a 15,15 Bein, Roberto Discriminaci\u00f3n ling\u00fc\u00edstica: \u201cUn dilema valenci\u00e0\u201d y su proyecci\u00f3n actual 15,15 a 15,30 C\u00e1rdenas, Viviana La gram\u00e1tica en libros de texto del nivel medio 15,30 a 15,45 Galvani, [&hellip;]<\/p>\n","protected":false},"author":1,"featured_media":0,"parent":0,"menu_order":0,"comment_status":"closed","ping_status":"closed","template":"","meta":{"footnotes":""},"class_list":["post-283","page","type-page","status-publish","hentry","post"],"_links":{"self":[{"href":"https:\/\/filo.unt.edu.ar\/xvii-sael\/wp-json\/wp\/v2\/pages\/283","targetHints":{"allow":["GET"]}}],"collection":[{"href":"https:\/\/filo.unt.edu.ar\/xvii-sael\/wp-json\/wp\/v2\/pages"}],"about":[{"href":"https:\/\/filo.unt.edu.ar\/xvii-sael\/wp-json\/wp\/v2\/types\/page"}],"author":[{"embeddable":true,"href":"https:\/\/filo.unt.edu.ar\/xvii-sael\/wp-json\/wp\/v2\/users\/1"}],"replies":[{"embeddable":true,"href":"https:\/\/filo.unt.edu.ar\/xvii-sael\/wp-json\/wp\/v2\/comments?post=283"}],"version-history":[{"count":10,"href":"https:\/\/filo.unt.edu.ar\/xvii-sael\/wp-json\/wp\/v2\/pages\/283\/revisions"}],"predecessor-version":[{"id":309,"href":"https:\/\/filo.unt.edu.ar\/xvii-sael\/wp-json\/wp\/v2\/pages\/283\/revisions\/309"}],"wp:attachment":[{"href":"https:\/\/filo.unt.edu.ar\/xvii-sael\/wp-json\/wp\/v2\/media?parent=283"}],"curies":[{"name":"wp","href":"https:\/\/api.w.org\/{rel}","templated":true}]}}