{"id":264,"date":"2021-05-16T17:27:34","date_gmt":"2021-05-16T20:27:34","guid":{"rendered":"http:\/\/filo.unt.edu.ar\/xvii-sael\/?page_id=264"},"modified":"2021-05-16T18:08:43","modified_gmt":"2021-05-16T21:08:43","slug":"lunes-17-tarde-canal-3","status":"publish","type":"page","link":"https:\/\/filo.unt.edu.ar\/xvii-sael\/lunes-17-tarde-canal-3\/","title":{"rendered":"Lunes 17. Tarde Canal 3"},"content":{"rendered":"<div id=\"pl-264\"  class=\"panel-layout\" ><div id=\"pg-264-0\"  class=\"panel-grid panel-no-style\" ><div id=\"pgc-264-0-0\"  class=\"panel-grid-cell\" ><div id=\"panel-264-0-0-0\" class=\"so-panel widget widget_black-studio-tinymce widget_black_studio_tinymce panel-first-child\" data-index=\"0\" ><div class=\"panel-widget-style panel-widget-style-for-264-0-0-0\" ><div class=\"textwidget\"><p style=\"text-align: center;\"><span style=\"color: #ff0000;\"><strong>LUNES 17 TURNO: TARDE (15,00 a 20,30)<\/strong><\/span><br \/>\n<span style=\"color: #ff0000;\"><strong>CANAL: 3<\/strong><\/span><\/p>\n<p style=\"text-align: center;\"><span style=\"color: #ff0000;\"><strong>15,00 Hs.<\/strong><\/span><\/p>\n<p style=\"text-align: center;\"><strong>SIMPOSIO: Variedades del espa\u00f1ol, contacto ling\u00fc\u00edstico y conformaci\u00f3n de corpus<\/strong><br \/>\nCoordinadoras: A. Speranza y G. Bravo de la Laguna<\/p>\n<p style=\"text-align: center;\">ENLACE a YOUTUBE: <a href=\"https:\/\/youtu.be\/PnHHiKaseZg\" target=\"_blank\" rel=\"noopener\">https:\/\/youtu.be\/PnHHiKaseZg<\/a><\/p>\n<p><strong>15,00 a 15,15 <\/strong><br \/>\n<strong>Mart\u00ednez, Angelita<\/strong> \u00bfUna teor\u00eda de la metodolog\u00eda? Variaci\u00f3n y contacto ling\u00fc\u00edstico para testear la invariancia<\/p>\n<p><strong>15,15 a 15,30 <\/strong><br \/>\n<strong>Arce, Leandro y Carranza, M. Agustina<\/strong> Discordancia en cl\u00edticos de dativo. Una propuesta de an\u00e1lisis<\/p>\n<p><strong>15,30 a 15,45 <\/strong><br \/>\n<strong>Pagliaro, Ana Laura<\/strong> La movilidad como elemento transformador para la aceptaci\u00f3n y valoraci\u00f3n del criollo limonense de Costa Rica: an\u00e1lisis de un caso<\/p>\n<p><strong>15,45 a 16,00 <\/strong><br \/>\n<strong>Cantamutto, Luc\u00eda y Zanfardini, Luc\u00eda<\/strong> Aproximaci\u00f3n a un corpus del espa\u00f1ol de la Patagonia (R\u00edo Negro)<\/p>\n<p><strong>16,00 a 16,15 <\/strong><br \/>\n<strong>Toranzos, Romina Leonor<\/strong> Aportes para pensar el espa\u00f1ol de Tierra del Fuego<\/p>\n<p><span style=\"color: #ff0000;\"><strong>16,15 a 16,25 ESPACIO DE PREGUNTAS<\/strong><\/span><\/p>\n<p><span style=\"color: #ff0000;\"><strong>16,25 a 16,30 PAUSA<\/strong><\/span><\/p>\n<p><strong>16,30 a 16,45 <\/strong><br \/>\n<strong>Giammarini, Gabriela<\/strong> Conformaci\u00f3n y primeros an\u00e1lisis del corpus: variaci\u00f3n ling\u00fc\u00edstica acad\u00e9mico-cient\u00edfica<\/p>\n<p><strong>16,45 a 17,00 <\/strong><br \/>\n<strong>Mailhes, Ver\u00f3nica y Alvarez, Lucas<\/strong> La variaci\u00f3n ling\u00fc\u00edstica como metodolog\u00eda de ense\u00f1anza del ingl\u00e9s<\/p>\n<p><strong>17,00 a 17,15 <\/strong><br \/>\n<strong>Bravo de la Laguna, M. Gabriela<\/strong> Ling\u00fc\u00edstica y migraci\u00f3n: el valor del corpus en el estudio del contacto de lenguas<\/p>\n<p><strong>17,15 a 17,30 <\/strong><br \/>\n<strong>Speranza, Adriana<\/strong> Migraciones e identidades ling\u00fc\u00edsticas: una aproximaci\u00f3n a la situaci\u00f3n del quichua en el AMBA<\/p>\n<p><strong>17,30 a 17,45 <\/strong><br \/>\n<strong>Arce, Leandro y Carranza, M. Agustina<\/strong> Meta, que llegamos tarde. Causales explicativas introducidas por que<\/p>\n<p><strong>17,45 a 18,00 <\/strong><br \/>\n<strong>Zanfardini, Luc\u00eda<\/strong> Del discurso pol\u00edtico a la entrevista en profundidad: vos vs uno\/a<\/p>\n<p><span style=\"color: #ff0000;\"><strong>18,00 a 18,10 ESPACIO DE PREGUNTAS<\/strong><\/span><\/p>\n<p><span style=\"color: #ff0000;\"><strong>18,10 a 18,15 PAUSA<\/strong><\/span><\/p>\n<p><iframe loading=\"lazy\" width=\"560\" height=\"315\" src=\"https:\/\/www.youtube.com\/embed\/PnHHiKaseZg\" title=\"YouTube video player\" frameborder=\"0\" allow=\"accelerometer; autoplay; clipboard-write; encrypted-media; gyroscope; picture-in-picture\" allowfullscreen><\/iframe><\/p>\n<\/div><\/div><\/div><div id=\"panel-264-0-0-1\" class=\"so-panel widget widget_black-studio-tinymce widget_black_studio_tinymce panel-last-child\" data-index=\"1\" ><div class=\"panel-widget-style panel-widget-style-for-264-0-0-1\" ><div class=\"textwidget\"><p style=\"text-align: center;\"><span style=\"color: #ff0000;\"><strong>18,15 Hs<\/strong><\/span><\/p>\n<p style=\"text-align: center;\"><strong>EJE 13. Ling\u00fc\u00edstica del contacto\/Pol\u00edticas y planificaci\u00f3n ling\u00fc\u00edsticas\/Glotopol\u00edtica.<\/strong><\/p>\n<p style=\"text-align: center;\">ENLACE a YOUTUBE: <a href=\"https:\/\/youtu.be\/PnHHiKaseZg\" target=\"_blank\" rel=\"noopener\">https:\/\/youtu.be\/PnHHiKaseZg<\/a><\/p>\n<p><strong>18,15 a 18,30 <\/strong><br \/>\n<strong>Pastor, Raquel y Sibaldi, N\u00e9lida<\/strong> Circulaci\u00f3n de saberes y pr\u00e1cticas en LE en contexto universitario<\/p>\n<p><strong>18,30 a 18,45 <\/strong><br \/>\n<strong>Junyent, Andrea y Chang, Lidia<\/strong> Elaboraci\u00f3n de una gu\u00eda de ense\u00f1anza de espa\u00f1ol acad\u00e9mico<\/p>\n<p><strong>18,45 a 19,00 <\/strong><br \/>\n<strong>VonStecher, Pablo<\/strong> \u201cEscriba con rigor cient\u00edfico\u201d. Sugerencias de estilo en revistas especializadas<\/p>\n<p><span style=\"color: #ff0000;\"><strong>19,00 a 19,10 ESPACIO DE PREGUNTAS<\/strong><\/span><\/p>\n<p><span style=\"color: #ff0000;\"><strong>19,10 a 19,15 PAUSA<\/strong><\/span><\/p>\n<p><strong>19,15 a 19,30 <\/strong><br \/>\n<strong>Rubio Scola, Virginia Irene<\/strong> La intercomprensi\u00f3n entre el portugu\u00e9s y el espa\u00f1ol latinoamericanos desde una perspectiva glotopol\u00edtica<\/p>\n<p><strong>19,30 a 19,45 <\/strong><br \/>\n<strong>Contursi, Daniela<\/strong> Portu\u00f1ol en Argentina: Construcciones ling\u00fc\u00edstico-identitarias en la frontera<\/p>\n<p><strong>19,45 a 20,00 <\/strong><br \/>\n<strong>Delgado, Ignacio<\/strong> Representaciones socioling\u00fc\u00edsticas de conductores de informativos audiovisuales tucumanos<\/p>\n<p><span style=\"color: #ff0000;\"><strong>20,00 a 20,10 ESPACIO DE PREGUNTAS<\/strong><\/span><\/p>\n<p><iframe loading=\"lazy\" width=\"560\" height=\"315\" src=\"https:\/\/www.youtube.com\/embed\/PnHHiKaseZg\" title=\"YouTube video player\" frameborder=\"0\" allow=\"accelerometer; autoplay; clipboard-write; encrypted-media; gyroscope; picture-in-picture\" allowfullscreen><\/iframe><\/p>\n<\/div><\/div><\/div><\/div><\/div><div id=\"pg-264-1\"  class=\"panel-grid panel-no-style\" ><div id=\"pgc-264-1-0\"  class=\"panel-grid-cell\" ><div id=\"panel-264-1-0-0\" class=\"so-panel widget widget_sow-button panel-first-child panel-last-child\" data-index=\"2\" ><div\n\t\t\t\n\t\t\tclass=\"so-widget-sow-button so-widget-sow-button-atom-920c1294a807-264\"\n\t\t\t\n\t\t><div class=\"ow-button-base ow-button-align-justify\"\n style=\"display: block;\">\n\t\t\t<a\n\t\t\t\t\thref=\"http:\/\/filo.unt.edu.ar\/xvii-sael\/lunes-17-canal-1\/\"\n\t\t\t\t\tclass=\"sowb-button ow-icon-placement-left ow-button-hover\" \t>\n\t\t<span>\n\t\t\t\n\t\t\tCANAL 1\t\t<\/span>\n\t\t\t<\/a>\n\t<\/div>\n<\/div><\/div><\/div><div id=\"pgc-264-1-1\"  class=\"panel-grid-cell\" ><div id=\"panel-264-1-1-0\" class=\"so-panel widget widget_sow-button panel-first-child panel-last-child\" data-index=\"3\" ><div\n\t\t\t\n\t\t\tclass=\"so-widget-sow-button so-widget-sow-button-atom-920c1294a807-264\"\n\t\t\t\n\t\t><div class=\"ow-button-base ow-button-align-justify\"\n style=\"display: block;\">\n\t\t\t<a\n\t\t\t\t\thref=\"http:\/\/filo.unt.edu.ar\/xvii-sael\/lunes-17-tarde-canal-2\/\"\n\t\t\t\t\tclass=\"sowb-button ow-icon-placement-left ow-button-hover\" \t>\n\t\t<span>\n\t\t\t\n\t\t\tCANAL 2\t\t<\/span>\n\t\t\t<\/a>\n\t<\/div>\n<\/div><\/div><\/div><div id=\"pgc-264-1-2\"  class=\"panel-grid-cell\" ><div id=\"panel-264-1-2-0\" class=\"so-panel widget widget_sow-button panel-first-child panel-last-child\" data-index=\"4\" ><div\n\t\t\t\n\t\t\tclass=\"so-widget-sow-button so-widget-sow-button-atom-920c1294a807-264\"\n\t\t\t\n\t\t><div class=\"ow-button-base ow-button-align-justify\"\n style=\"display: block;\">\n\t\t\t<a\n\t\t\t\t\thref=\"http:\/\/filo.unt.edu.ar\/xvii-sael\/lunes-17-tarde-canal-3\/\"\n\t\t\t\t\tclass=\"sowb-button ow-icon-placement-left ow-button-hover\" \t>\n\t\t<span>\n\t\t\t\n\t\t\tCANAL 3\t\t<\/span>\n\t\t\t<\/a>\n\t<\/div>\n<\/div><\/div><\/div><div id=\"pgc-264-1-3\"  class=\"panel-grid-cell\" ><div id=\"panel-264-1-3-0\" class=\"so-panel widget widget_sow-button panel-first-child panel-last-child\" data-index=\"5\" ><div\n\t\t\t\n\t\t\tclass=\"so-widget-sow-button so-widget-sow-button-atom-920c1294a807-264\"\n\t\t\t\n\t\t><div class=\"ow-button-base ow-button-align-justify\"\n style=\"display: block;\">\n\t\t\t<a\n\t\t\t\t\thref=\"http:\/\/filo.unt.edu.ar\/xvii-sael\/lunes-17-tarde-canal-4\/\"\n\t\t\t\t\tclass=\"sowb-button ow-icon-placement-left ow-button-hover\" \t>\n\t\t<span>\n\t\t\t\n\t\t\tCANAL 4\t\t<\/span>\n\t\t\t<\/a>\n\t<\/div>\n<\/div><\/div><\/div><div id=\"pgc-264-1-4\"  class=\"panel-grid-cell\" ><div id=\"panel-264-1-4-0\" class=\"so-panel widget widget_sow-button panel-first-child panel-last-child\" data-index=\"6\" ><div\n\t\t\t\n\t\t\tclass=\"so-widget-sow-button so-widget-sow-button-atom-920c1294a807-264\"\n\t\t\t\n\t\t><div class=\"ow-button-base ow-button-align-justify\"\n style=\"display: block;\">\n\t\t\t<a\n\t\t\t\t\thref=\"http:\/\/filo.unt.edu.ar\/xvii-sael\/lunes-17-tarde-canal-5\/\"\n\t\t\t\t\tclass=\"sowb-button ow-icon-placement-left ow-button-hover\" \t>\n\t\t<span>\n\t\t\t\n\t\t\tCANAL 5\t\t<\/span>\n\t\t\t<\/a>\n\t<\/div>\n<\/div><\/div><\/div><\/div><\/div>","protected":false},"excerpt":{"rendered":"<p>LUNES 17 TURNO: TARDE (15,00 a 20,30) CANAL: 3 15,00 Hs. SIMPOSIO: Variedades del espa\u00f1ol, contacto ling\u00fc\u00edstico y conformaci\u00f3n de corpus Coordinadoras: A. Speranza y G. Bravo de la Laguna ENLACE a YOUTUBE: https:\/\/youtu.be\/PnHHiKaseZg 15,00 a 15,15 Mart\u00ednez, Angelita \u00bfUna teor\u00eda de la metodolog\u00eda? Variaci\u00f3n y contacto ling\u00fc\u00edstico para testear la invariancia 15,15 a 15,30 [&hellip;]<\/p>\n","protected":false},"author":1,"featured_media":0,"parent":0,"menu_order":0,"comment_status":"closed","ping_status":"closed","template":"","meta":{"footnotes":""},"class_list":["post-264","page","type-page","status-publish","hentry","post"],"_links":{"self":[{"href":"https:\/\/filo.unt.edu.ar\/xvii-sael\/wp-json\/wp\/v2\/pages\/264","targetHints":{"allow":["GET"]}}],"collection":[{"href":"https:\/\/filo.unt.edu.ar\/xvii-sael\/wp-json\/wp\/v2\/pages"}],"about":[{"href":"https:\/\/filo.unt.edu.ar\/xvii-sael\/wp-json\/wp\/v2\/types\/page"}],"author":[{"embeddable":true,"href":"https:\/\/filo.unt.edu.ar\/xvii-sael\/wp-json\/wp\/v2\/users\/1"}],"replies":[{"embeddable":true,"href":"https:\/\/filo.unt.edu.ar\/xvii-sael\/wp-json\/wp\/v2\/comments?post=264"}],"version-history":[{"count":16,"href":"https:\/\/filo.unt.edu.ar\/xvii-sael\/wp-json\/wp\/v2\/pages\/264\/revisions"}],"predecessor-version":[{"id":323,"href":"https:\/\/filo.unt.edu.ar\/xvii-sael\/wp-json\/wp\/v2\/pages\/264\/revisions\/323"}],"wp:attachment":[{"href":"https:\/\/filo.unt.edu.ar\/xvii-sael\/wp-json\/wp\/v2\/media?parent=264"}],"curies":[{"name":"wp","href":"https:\/\/api.w.org\/{rel}","templated":true}]}}