{"id":16,"date":"2019-09-04T10:41:37","date_gmt":"2019-09-04T13:41:37","guid":{"rendered":"http:\/\/filo.unt.edu.ar\/xvii-sael\/?page_id=16"},"modified":"2021-05-06T14:31:10","modified_gmt":"2021-05-06T17:31:10","slug":"fechas-importantes","status":"publish","type":"page","link":"https:\/\/filo.unt.edu.ar\/xvii-sael\/fechas-importantes\/","title":{"rendered":"Fechas importantes"},"content":{"rendered":"<h3>Fechas importantes<\/h3>\n<p>1) Apertura del sitio web del evento: 05 de febrero de 2021.<br \/>\n2) Plazo para confirmar, modificar o retirar un resumen enviado a la modalidad presencial: hasta el 12 de marzo de 2021.<br \/>\n3) Plazo para enviar un resumen nuevo: hasta el 12 de marzo de 2021.<br \/>\n4) El plazo para el pago de la cuota social y el de la inscripci\u00f3n al congreso vece el 5 de mayo de 2021.<br \/>\n7) Realizaci\u00f3n del Congreso: del 17 al 22 de mayo de 2021.<\/p>\n<p>Como es tradici\u00f3n en SAEL, para participar en calidad de Expositor se requiere estar asociado. El per\u00edodo en vigencia de la membres\u00eda bianual es de julio de 2019 a julio de 2021. Si usted est\u00e1 al d\u00eda no debe abonar la cuota nuevamente.<\/p>\n","protected":false},"excerpt":{"rendered":"<p>Fechas importantes 1) Apertura del sitio web del evento: 05 de febrero de 2021. 2) Plazo para confirmar, modificar o retirar un resumen enviado a la modalidad presencial: hasta el 12 de marzo de 2021. 3) Plazo para enviar un resumen nuevo: hasta el 12 de marzo de 2021. 4) El plazo para el pago [&hellip;]<\/p>\n","protected":false},"author":1,"featured_media":0,"parent":0,"menu_order":0,"comment_status":"closed","ping_status":"closed","template":"","meta":{"footnotes":""},"class_list":["post-16","page","type-page","status-publish","hentry","post"],"_links":{"self":[{"href":"https:\/\/filo.unt.edu.ar\/xvii-sael\/wp-json\/wp\/v2\/pages\/16","targetHints":{"allow":["GET"]}}],"collection":[{"href":"https:\/\/filo.unt.edu.ar\/xvii-sael\/wp-json\/wp\/v2\/pages"}],"about":[{"href":"https:\/\/filo.unt.edu.ar\/xvii-sael\/wp-json\/wp\/v2\/types\/page"}],"author":[{"embeddable":true,"href":"https:\/\/filo.unt.edu.ar\/xvii-sael\/wp-json\/wp\/v2\/users\/1"}],"replies":[{"embeddable":true,"href":"https:\/\/filo.unt.edu.ar\/xvii-sael\/wp-json\/wp\/v2\/comments?post=16"}],"version-history":[{"count":8,"href":"https:\/\/filo.unt.edu.ar\/xvii-sael\/wp-json\/wp\/v2\/pages\/16\/revisions"}],"predecessor-version":[{"id":196,"href":"https:\/\/filo.unt.edu.ar\/xvii-sael\/wp-json\/wp\/v2\/pages\/16\/revisions\/196"}],"wp:attachment":[{"href":"https:\/\/filo.unt.edu.ar\/xvii-sael\/wp-json\/wp\/v2\/media?parent=16"}],"curies":[{"name":"wp","href":"https:\/\/api.w.org\/{rel}","templated":true}]}}