{"id":8,"date":"2021-02-09T08:15:08","date_gmt":"2021-02-09T11:15:08","guid":{"rendered":"http:\/\/filo.unt.edu.ar\/xi-coloquio-celu\/?page_id=8"},"modified":"2022-03-25T08:07:59","modified_gmt":"2022-03-25T11:07:59","slug":"inicio","status":"publish","type":"page","link":"https:\/\/filo.unt.edu.ar\/xi-coloquio-celu\/","title":{"rendered":"Inicio"},"content":{"rendered":"<div id=\"pl-8\"  class=\"panel-layout\" ><div id=\"pg-8-0\"  class=\"panel-grid panel-no-style\" ><div id=\"pgc-8-0-0\"  class=\"panel-grid-cell\" ><div id=\"panel-8-0-0-0\" class=\"so-panel widget widget_black-studio-tinymce widget_black_studio_tinymce panel-first-child\" data-index=\"0\" ><div class=\"textwidget\"><h1 style=\"text-align: center;\">XI Coloquio CELU<\/h1>\n<p style=\"text-align: center;\"><strong>Facultad de Filosof\u00eda y Letras - INSIL<\/strong><br \/>\n<strong>Universidad Nacional de Tucum\u00e1n<\/strong><br \/>\n<strong>CELU - CONSORCIO ELSE CIN<\/strong><\/p>\n<p style=\"text-align: center;\"><span style=\"color: #ff0000;\"><strong>30, 31 de marzo y 1\u00b0 de abril de 2022 <\/strong><\/span><\/p>\n<p style=\"text-align: center;\"><span style=\"color: #ff0000;\"><strong>- MODALIDAD PRESENCIAL -\u00a0<\/strong><\/span><\/p>\n<p style=\"text-align: center;\">CONTACTO: <a href=\"mailto:xicoloquiocelu.2021@filo.unt.edu.ar\">xicoloquiocelu.2021@filo.unt.edu.ar<\/a><\/p>\n<\/div><\/div><div id=\"panel-8-0-0-1\" class=\"so-panel widget widget_black-studio-tinymce widget_black_studio_tinymce\" data-index=\"1\" ><div class=\"panel-widget-style panel-widget-style-for-8-0-0-1\" ><div class=\"textwidget\"><h3 style=\"text-align: center;\"><a href=\"http:\/\/filo.unt.edu.ar\/wp-content\/uploads\/2022\/03\/CRONOGRAMA-XI-COLOQUIO-CELU-2022.pdf\" target=\"_blank\" rel=\"noopener\">**** DESCARGUE EL PROGRAMA ****<\/a><\/h3>\n<p style=\"text-align: center;\">\n<div style=\"text-align: center;\">Tambi\u00e9n les pedimos, a quienes no lo han hecho, que rellenen nuestro formulario on-line a fin de agilizar el proceso de acreditaci\u00f3n y certificaci\u00f3n:<\/div>\n<div style=\"text-align: center;\"><a href=\"https:\/\/docs.google.com\/forms\/d\/e\/1FAIpQLScinBsW_ogylBMeRl6qNkqg3vNzOWiK2kYMy6s3bS_C5_jHWA\/viewform\" target=\"_blank\" rel=\"noopener\">https:\/\/docs.google.com\/forms\/d\/e\/1FAIpQLScinBsW_ogylBMeRl6qNkqg3vNzOWiK2kYMy6s3bS_C5_jHWA\/viewform<\/a><\/div>\n<\/div><\/div><\/div><div id=\"panel-8-0-0-2\" class=\"so-panel widget widget_black-studio-tinymce widget_black_studio_tinymce panel-last-child\" data-index=\"2\" ><div class=\"panel-widget-style panel-widget-style-for-8-0-0-2\" ><div class=\"textwidget\"><p><a href=\"http:\/\/filo.unt.edu.ar\/xi-coloquio-celu\/wp-content\/uploads\/sites\/99\/2022\/03\/celu-inauguracion-invitacion.jpg\"><img loading=\"lazy\" decoding=\"async\" class=\"size-large wp-image-108 aligncenter\" src=\"http:\/\/filo.unt.edu.ar\/xi-coloquio-celu\/wp-content\/uploads\/sites\/99\/2022\/03\/celu-inauguracion-invitacion-1024x724.jpg\" alt=\"\" width=\"720\" height=\"509\" srcset=\"https:\/\/filo.unt.edu.ar\/xi-coloquio-celu\/wp-content\/uploads\/sites\/99\/2022\/03\/celu-inauguracion-invitacion-1024x724.jpg 1024w, https:\/\/filo.unt.edu.ar\/xi-coloquio-celu\/wp-content\/uploads\/sites\/99\/2022\/03\/celu-inauguracion-invitacion-300x212.jpg 300w, https:\/\/filo.unt.edu.ar\/xi-coloquio-celu\/wp-content\/uploads\/sites\/99\/2022\/03\/celu-inauguracion-invitacion-768x543.jpg 768w, https:\/\/filo.unt.edu.ar\/xi-coloquio-celu\/wp-content\/uploads\/sites\/99\/2022\/03\/celu-inauguracion-invitacion.jpg 1200w\" sizes=\"auto, (max-width: 720px) 100vw, 720px\" \/><\/a><\/p>\n<\/div><\/div><\/div><\/div><\/div><div id=\"pg-8-1\"  class=\"panel-grid panel-no-style\" ><div id=\"pgc-8-1-0\"  class=\"panel-grid-cell\" ><div id=\"panel-8-1-0-0\" class=\"so-panel widget widget_black-studio-tinymce widget_black_studio_tinymce panel-first-child panel-last-child\" data-index=\"3\" ><div class=\"textwidget\"><p><a href=\"http:\/\/filo.unt.edu.ar\/xi-coloquio-celu\/wp-content\/uploads\/sites\/99\/2022\/03\/TALLER-1-CELU_ch.jpg\"><img loading=\"lazy\" decoding=\"async\" class=\"alignnone size-medium wp-image-100\" src=\"http:\/\/filo.unt.edu.ar\/xi-coloquio-celu\/wp-content\/uploads\/sites\/99\/2022\/03\/TALLER-1-CELU_ch-214x300.jpg\" alt=\"\" width=\"214\" height=\"300\" srcset=\"https:\/\/filo.unt.edu.ar\/xi-coloquio-celu\/wp-content\/uploads\/sites\/99\/2022\/03\/TALLER-1-CELU_ch-214x300.jpg 214w, https:\/\/filo.unt.edu.ar\/xi-coloquio-celu\/wp-content\/uploads\/sites\/99\/2022\/03\/TALLER-1-CELU_ch-731x1024.jpg 731w, https:\/\/filo.unt.edu.ar\/xi-coloquio-celu\/wp-content\/uploads\/sites\/99\/2022\/03\/TALLER-1-CELU_ch-768x1076.jpg 768w, https:\/\/filo.unt.edu.ar\/xi-coloquio-celu\/wp-content\/uploads\/sites\/99\/2022\/03\/TALLER-1-CELU_ch-1097x1536.jpg 1097w, https:\/\/filo.unt.edu.ar\/xi-coloquio-celu\/wp-content\/uploads\/sites\/99\/2022\/03\/TALLER-1-CELU_ch-1320x1849.jpg 1320w, https:\/\/filo.unt.edu.ar\/xi-coloquio-celu\/wp-content\/uploads\/sites\/99\/2022\/03\/TALLER-1-CELU_ch.jpg 1428w\" sizes=\"auto, (max-width: 214px) 100vw, 214px\" \/><\/a><\/p>\n<\/div><\/div><\/div><div id=\"pgc-8-1-1\"  class=\"panel-grid-cell\" ><div id=\"panel-8-1-1-0\" class=\"so-panel widget widget_black-studio-tinymce widget_black_studio_tinymce panel-first-child panel-last-child\" data-index=\"4\" ><div class=\"textwidget\"><p><a href=\"http:\/\/filo.unt.edu.ar\/xi-coloquio-celu\/wp-content\/uploads\/sites\/99\/2022\/03\/PANELES-CELU-1_ch.jpg\"><img loading=\"lazy\" decoding=\"async\" class=\"alignnone size-medium wp-image-98\" src=\"http:\/\/filo.unt.edu.ar\/xi-coloquio-celu\/wp-content\/uploads\/sites\/99\/2022\/03\/PANELES-CELU-1_ch-214x300.jpg\" alt=\"\" width=\"214\" height=\"300\" srcset=\"https:\/\/filo.unt.edu.ar\/xi-coloquio-celu\/wp-content\/uploads\/sites\/99\/2022\/03\/PANELES-CELU-1_ch-214x300.jpg 214w, https:\/\/filo.unt.edu.ar\/xi-coloquio-celu\/wp-content\/uploads\/sites\/99\/2022\/03\/PANELES-CELU-1_ch-731x1024.jpg 731w, https:\/\/filo.unt.edu.ar\/xi-coloquio-celu\/wp-content\/uploads\/sites\/99\/2022\/03\/PANELES-CELU-1_ch-768x1076.jpg 768w, https:\/\/filo.unt.edu.ar\/xi-coloquio-celu\/wp-content\/uploads\/sites\/99\/2022\/03\/PANELES-CELU-1_ch-1097x1536.jpg 1097w, https:\/\/filo.unt.edu.ar\/xi-coloquio-celu\/wp-content\/uploads\/sites\/99\/2022\/03\/PANELES-CELU-1_ch-1320x1849.jpg 1320w, https:\/\/filo.unt.edu.ar\/xi-coloquio-celu\/wp-content\/uploads\/sites\/99\/2022\/03\/PANELES-CELU-1_ch.jpg 1428w\" sizes=\"auto, (max-width: 214px) 100vw, 214px\" \/><\/a><\/p>\n<\/div><\/div><\/div><div id=\"pgc-8-1-2\"  class=\"panel-grid-cell\" ><div id=\"panel-8-1-2-0\" class=\"so-panel widget widget_black-studio-tinymce widget_black_studio_tinymce panel-first-child panel-last-child\" data-index=\"5\" ><div class=\"textwidget\"><p><a href=\"http:\/\/filo.unt.edu.ar\/xi-coloquio-celu\/wp-content\/uploads\/sites\/99\/2022\/03\/TALLER-2-CELU_ch.jpg\"><img loading=\"lazy\" decoding=\"async\" class=\"alignnone size-medium wp-image-99\" src=\"http:\/\/filo.unt.edu.ar\/xi-coloquio-celu\/wp-content\/uploads\/sites\/99\/2022\/03\/TALLER-2-CELU_ch-214x300.jpg\" alt=\"\" width=\"214\" height=\"300\" srcset=\"https:\/\/filo.unt.edu.ar\/xi-coloquio-celu\/wp-content\/uploads\/sites\/99\/2022\/03\/TALLER-2-CELU_ch-214x300.jpg 214w, https:\/\/filo.unt.edu.ar\/xi-coloquio-celu\/wp-content\/uploads\/sites\/99\/2022\/03\/TALLER-2-CELU_ch-731x1024.jpg 731w, https:\/\/filo.unt.edu.ar\/xi-coloquio-celu\/wp-content\/uploads\/sites\/99\/2022\/03\/TALLER-2-CELU_ch-768x1076.jpg 768w, https:\/\/filo.unt.edu.ar\/xi-coloquio-celu\/wp-content\/uploads\/sites\/99\/2022\/03\/TALLER-2-CELU_ch-1097x1536.jpg 1097w, https:\/\/filo.unt.edu.ar\/xi-coloquio-celu\/wp-content\/uploads\/sites\/99\/2022\/03\/TALLER-2-CELU_ch-1320x1849.jpg 1320w, https:\/\/filo.unt.edu.ar\/xi-coloquio-celu\/wp-content\/uploads\/sites\/99\/2022\/03\/TALLER-2-CELU_ch.jpg 1428w\" sizes=\"auto, (max-width: 214px) 100vw, 214px\" \/><\/a><\/p>\n<\/div><\/div><\/div><\/div><div id=\"pg-8-2\"  class=\"panel-grid panel-no-style\" ><div id=\"pgc-8-2-0\"  class=\"panel-grid-cell\" ><div id=\"panel-8-2-0-0\" class=\"so-panel widget widget_black-studio-tinymce widget_black_studio_tinymce panel-first-child panel-last-child\" data-index=\"6\" ><div class=\"textwidget\"><p style=\"text-align: left;\">El Consorcio Interuniversitario ELSE-CIN, la Universidad Nacional de Tucum\u00e1n y la Facultad de Filosof\u00eda y Letras, organizan el <b>XI Coloquio CELU <\/b><b><i>Investigaci\u00f3n, ense\u00f1anza, evaluaci\u00f3n y <\/i><\/b><b><i>certificaci\u00f3n en ELSE: Nuevos escenarios, nuevos desaf\u00edos<\/i><\/b>, que se realizar\u00e1 en la Universidad Nacional de Tucum\u00e1n, entre los d\u00edas 30, 31 de marzo y 1 de abril de 2022.<\/p>\n<p style=\"text-align: left;\">Los coloquios CELU son encuentros acad\u00e9micos organizados por las universidades nacionales miembros del Consorcio ELSE-CIN, con el objetivo de propiciar un espacio de intercambio y reflexi\u00f3n sobre el \u00e1rea de ense\u00f1anza y evaluaci\u00f3n del espa\u00f1ol como lengua segunda y extranjera, la cual se halla en permanente desarrollo.<\/p>\n<p style=\"text-align: left;\">A fin de dar continuidad a la tradici\u00f3n de encuentros impulsados por el Consorcio e iniciados en el a\u00f1o 2005 en la UBA, el <b>XI Coloquio CELU <\/b>invita a especialistas nacionales e internacionales en ELSE (docentes, investigadores, estudiantes y gestores institucionales) a contribuir al estado de la cuesti\u00f3n en relaci\u00f3n con los distintos ejes tem\u00e1ticos propuestos.<\/p>\n<p style=\"text-align: left;\">El contexto actual de pandemia ha habilitado nuevas din\u00e1micas de funcionamiento que requieren de investigaciones y pr\u00e1cticas que permitan reflexionar y poner en di\u00e1logo propuestas alternativas con propuestas ya existentes y acordar l\u00edneas de acci\u00f3n posibles de desarrollo para el escenario postpand\u00e9mico.<\/p>\n<\/div><\/div><\/div><\/div><\/div>","protected":false},"excerpt":{"rendered":"<p>XI Coloquio CELU Facultad de Filosof\u00eda y Letras &#8211; INSIL Universidad Nacional de Tucum\u00e1n CELU &#8211; CONSORCIO ELSE CIN 30, 31 de marzo y 1\u00b0 de abril de 2022 &#8211; MODALIDAD PRESENCIAL &#8211;\u00a0 CONTACTO: xicoloquiocelu.2021@filo.unt.edu.ar **** DESCARGUE EL PROGRAMA **** Tambi\u00e9n les pedimos, a quienes no lo han hecho, que rellenen nuestro formulario on-line a [&hellip;]<\/p>\n","protected":false},"author":1,"featured_media":0,"parent":0,"menu_order":0,"comment_status":"closed","ping_status":"closed","template":"home-panels.php","meta":{"footnotes":""},"class_list":["post-8","page","type-page","status-publish","hentry","post"],"_links":{"self":[{"href":"https:\/\/filo.unt.edu.ar\/xi-coloquio-celu\/wp-json\/wp\/v2\/pages\/8","targetHints":{"allow":["GET"]}}],"collection":[{"href":"https:\/\/filo.unt.edu.ar\/xi-coloquio-celu\/wp-json\/wp\/v2\/pages"}],"about":[{"href":"https:\/\/filo.unt.edu.ar\/xi-coloquio-celu\/wp-json\/wp\/v2\/types\/page"}],"author":[{"embeddable":true,"href":"https:\/\/filo.unt.edu.ar\/xi-coloquio-celu\/wp-json\/wp\/v2\/users\/1"}],"replies":[{"embeddable":true,"href":"https:\/\/filo.unt.edu.ar\/xi-coloquio-celu\/wp-json\/wp\/v2\/comments?post=8"}],"version-history":[{"count":7,"href":"https:\/\/filo.unt.edu.ar\/xi-coloquio-celu\/wp-json\/wp\/v2\/pages\/8\/revisions"}],"predecessor-version":[{"id":64,"href":"https:\/\/filo.unt.edu.ar\/xi-coloquio-celu\/wp-json\/wp\/v2\/pages\/8\/revisions\/64"}],"wp:attachment":[{"href":"https:\/\/filo.unt.edu.ar\/xi-coloquio-celu\/wp-json\/wp\/v2\/media?parent=8"}],"curies":[{"name":"wp","href":"https:\/\/api.w.org\/{rel}","templated":true}]}}