{"id":17,"date":"2021-02-09T08:20:31","date_gmt":"2021-02-09T11:20:31","guid":{"rendered":"http:\/\/filo.unt.edu.ar\/xi-coloquio-celu\/?page_id=17"},"modified":"2021-11-04T13:18:07","modified_gmt":"2021-11-04T16:18:07","slug":"aranceles","status":"publish","type":"page","link":"https:\/\/filo.unt.edu.ar\/xi-coloquio-celu\/aranceles\/","title":{"rendered":"Aranceles"},"content":{"rendered":"<div id=\"pl-17\"  class=\"panel-layout\" ><div id=\"pg-17-0\"  class=\"panel-grid panel-no-style\" ><div id=\"pgc-17-0-0\"  class=\"panel-grid-cell\" ><div id=\"panel-17-0-0-0\" class=\"so-panel widget widget_black-studio-tinymce widget_black_studio_tinymce panel-first-child panel-last-child\" data-index=\"0\" ><div class=\"textwidget\"><p><strong>ARANCELES<\/strong><\/p>\n<p><span style=\"color: #ff0000;\"><strong>HASTA EL 20\/12\/2021<\/strong><\/span><\/p>\n<p>Expositores $ 2000<\/p>\n<p>Asistentes $ 1000<\/p>\n<p>Estudiantes de grado Sin costo<\/p>\n<p>Asistente con participaci\u00f3n en cursos $ 1500<strong>*<\/strong><\/p>\n<p><span style=\"color: #ff0000;\"><strong>DESPU\u00c9S DEL 21\/12\/2021<\/strong><\/span><\/p>\n<p>Expositores $ 2500<\/p>\n<p>Asistentes $ 1500<\/p>\n<p>Estudiantes de grado Sin costo<\/p>\n<p>Asistente con participaci\u00f3n en cursos $ 2000<\/p>\n<p><b>*Los diferentes cursos que se dictar\u00e1n en el marco del Coloquio ser\u00e1n anunciados en la pr\u00f3xima circular y por nuestros <\/b><b>medios de comunicaci\u00f3n virtuales Facebook <\/b><a href=\"https:\/\/www.facebook.com\/xicoloquio.celu\"><b>https:\/\/www.facebook.com\/xicoloquio.celu <\/b><\/a><b>y p\u00e1gina Web<\/b><br \/>\n<a href=\"http:\/\/filo.unt.edu.ar\/xi-coloquio-celu\/\"><b>http:\/\/filo.unt.edu.ar\/xi-coloquio-celu\/<\/b><\/a><\/p>\n<p>&nbsp;<\/p>\n<p><strong>Formas de pago:<\/strong><\/p>\n<p>1) mediante dep\u00f3sito bancario<\/p>\n<p>2) personalmente, al momento de la acreditaci\u00f3n.<\/p>\n<p><b>Datos de la cuenta bancaria<\/b>:<\/p>\n<p><b>TITULAR: <\/b>FACULTAD DE FILOSOFIA Y LETRAS<br \/>\n<b><\/b><\/p>\n<p><b>CUIT: <\/b>30-54667024-0<br \/>\n<b><\/b><\/p>\n<p><b>CTA. CTE EN PESOS: <\/b>17982-7089-8<br \/>\n<b><\/b><\/p>\n<p><b>CBU: <\/b>0070089420000017982786<\/p>\n<p><strong>Una vez realizado el dep\u00f3sito enviar a la direcci\u00f3n del Coloquio el comprobante de pago indicando claramente apellido y nombre del responsable del dep\u00f3sito y apellido, nombre y categor\u00eda en la que se inscribe el participante.<\/strong><br \/>\nCORREO ELECTR\u00d3NICO: <a href=\"xicoloquiocelu.2021@filo.unt.edu.ar\">xicoloquiocelu.2021@filo.unt.edu.ar<\/a><br \/>\n<b><\/b><\/p>\n<p>&nbsp;<\/p>\n<\/div><\/div><\/div><\/div><\/div>","protected":false},"excerpt":{"rendered":"<p>ARANCELES HASTA EL 20\/12\/2021 Expositores $ 2000 Asistentes $ 1000 Estudiantes de grado Sin costo Asistente con participaci\u00f3n en cursos $ 1500* DESPU\u00c9S DEL 21\/12\/2021 Expositores $ 2500 Asistentes $ 1500 Estudiantes de grado Sin costo Asistente con participaci\u00f3n en cursos $ 2000 *Los diferentes cursos que se dictar\u00e1n en el marco del Coloquio ser\u00e1n [&hellip;]<\/p>\n","protected":false},"author":1,"featured_media":0,"parent":0,"menu_order":0,"comment_status":"closed","ping_status":"closed","template":"","meta":{"footnotes":""},"class_list":["post-17","page","type-page","status-publish","hentry","post"],"_links":{"self":[{"href":"https:\/\/filo.unt.edu.ar\/xi-coloquio-celu\/wp-json\/wp\/v2\/pages\/17","targetHints":{"allow":["GET"]}}],"collection":[{"href":"https:\/\/filo.unt.edu.ar\/xi-coloquio-celu\/wp-json\/wp\/v2\/pages"}],"about":[{"href":"https:\/\/filo.unt.edu.ar\/xi-coloquio-celu\/wp-json\/wp\/v2\/types\/page"}],"author":[{"embeddable":true,"href":"https:\/\/filo.unt.edu.ar\/xi-coloquio-celu\/wp-json\/wp\/v2\/users\/1"}],"replies":[{"embeddable":true,"href":"https:\/\/filo.unt.edu.ar\/xi-coloquio-celu\/wp-json\/wp\/v2\/comments?post=17"}],"version-history":[{"count":6,"href":"https:\/\/filo.unt.edu.ar\/xi-coloquio-celu\/wp-json\/wp\/v2\/pages\/17\/revisions"}],"predecessor-version":[{"id":82,"href":"https:\/\/filo.unt.edu.ar\/xi-coloquio-celu\/wp-json\/wp\/v2\/pages\/17\/revisions\/82"}],"wp:attachment":[{"href":"https:\/\/filo.unt.edu.ar\/xi-coloquio-celu\/wp-json\/wp\/v2\/media?parent=17"}],"curies":[{"name":"wp","href":"https:\/\/api.w.org\/{rel}","templated":true}]}}