{"id":10,"date":"2021-02-09T08:16:51","date_gmt":"2021-02-09T11:16:51","guid":{"rendered":"http:\/\/filo.unt.edu.ar\/xi-coloquio-celu\/?page_id=10"},"modified":"2021-11-04T13:16:55","modified_gmt":"2021-11-04T16:16:55","slug":"comite-academico","status":"publish","type":"page","link":"https:\/\/filo.unt.edu.ar\/xi-coloquio-celu\/comite-academico\/","title":{"rendered":"Comit\u00e9 Acad\u00e9mico"},"content":{"rendered":"<div id=\"pl-10\"  class=\"panel-layout\" ><div id=\"pg-10-0\"  class=\"panel-grid panel-no-style\" ><div id=\"pgc-10-0-0\"  class=\"panel-grid-cell\" ><div id=\"panel-10-0-0-0\" class=\"so-panel widget widget_black-studio-tinymce widget_black_studio_tinymce panel-first-child panel-last-child\" data-index=\"0\" ><div class=\"textwidget\"><p><strong>COMIT\u00c9 ACAD\u00c9MICO:<\/strong><\/p>\n<p>Patricia Acosta (Universidad Nacional de Cuyo)<\/p>\n<p>Leonor Acu\u00f1a (Universidad de Buenos Aires \u2013 INAPL)<\/p>\n<p>Ana Mar\u00eda \u00c1vila de Jalil (Universidad Nacional de Tucum\u00e1n)<\/p>\n<p>Silvina Barroso (Universidad Nacional de R\u00edo Cuarto)<\/p>\n<p>Adriana Boffi (Universidad Nacional de La Plata)<\/p>\n<p>Fabio Dandrea (Universidad Nacional de R\u00edo Cuarto)<\/p>\n<p>Claudia Fern\u00e1ndez (Universidad de Buenos Aires \u2013 Univ. Nacional Arturo Jauretche)<\/p>\n<p>Luc\u00eda Fern\u00e1ndez (Universidad Nacional de Catamarca)<\/p>\n<p>Mar\u00eda Gina Furlan (Universidad Nacional de C\u00f3rdoba)<\/p>\n<p>Gabriela Krickeberg (Universidad Nacional General Sarmiento)<\/p>\n<p>Gabriela Leigthon (Universidad Nacional de San Mart\u00edn)<\/p>\n<p>Fabi\u00e1n M\u00f3naco (Universidad Nacional del Litoral)<\/p>\n<p>Andrea Menegotto (Universidad Nacional de Mar del Plata)<\/p>\n<p>Ana Pacagnini (Universidad Nacional de R\u00edo Negro)<\/p>\n<p>Silvia Prati (Universidad Nacional de Buenos Aires)<\/p>\n<p>Ana Pr\u00edncipi (Universidad Nacional de la Plata)<\/p>\n<p>Mariela Starc (Universidad Nacional del Sur)<\/p>\n<p>Pilar Traverso (Universidad Nacional del Noroeste de la Provincia de Buenos Aires) D<\/p>\n<p>iana Waigandt (Universidad Nacional de Entre R\u00edos)<\/p>\n<p>Hugo Wingeyer (Universidad Nacional del Nordeste)<\/p>\n<p>Gustavo Zonana (Universidad Nacional de Cuyo)<\/p>\n<p>&nbsp;<\/p>\n<\/div><\/div><\/div><\/div><\/div>","protected":false},"excerpt":{"rendered":"<p>COMIT\u00c9 ACAD\u00c9MICO: Patricia Acosta (Universidad Nacional de Cuyo) Leonor Acu\u00f1a (Universidad de Buenos Aires \u2013 INAPL) Ana Mar\u00eda \u00c1vila de Jalil (Universidad Nacional de Tucum\u00e1n) Silvina Barroso (Universidad Nacional de R\u00edo Cuarto) Adriana Boffi (Universidad Nacional de La Plata) Fabio Dandrea (Universidad Nacional de R\u00edo Cuarto) Claudia Fern\u00e1ndez (Universidad de Buenos Aires \u2013 Univ. Nacional [&hellip;]<\/p>\n","protected":false},"author":1,"featured_media":0,"parent":0,"menu_order":0,"comment_status":"closed","ping_status":"closed","template":"","meta":{"footnotes":""},"class_list":["post-10","page","type-page","status-publish","hentry","post"],"_links":{"self":[{"href":"https:\/\/filo.unt.edu.ar\/xi-coloquio-celu\/wp-json\/wp\/v2\/pages\/10","targetHints":{"allow":["GET"]}}],"collection":[{"href":"https:\/\/filo.unt.edu.ar\/xi-coloquio-celu\/wp-json\/wp\/v2\/pages"}],"about":[{"href":"https:\/\/filo.unt.edu.ar\/xi-coloquio-celu\/wp-json\/wp\/v2\/types\/page"}],"author":[{"embeddable":true,"href":"https:\/\/filo.unt.edu.ar\/xi-coloquio-celu\/wp-json\/wp\/v2\/users\/1"}],"replies":[{"embeddable":true,"href":"https:\/\/filo.unt.edu.ar\/xi-coloquio-celu\/wp-json\/wp\/v2\/comments?post=10"}],"version-history":[{"count":5,"href":"https:\/\/filo.unt.edu.ar\/xi-coloquio-celu\/wp-json\/wp\/v2\/pages\/10\/revisions"}],"predecessor-version":[{"id":79,"href":"https:\/\/filo.unt.edu.ar\/xi-coloquio-celu\/wp-json\/wp\/v2\/pages\/10\/revisions\/79"}],"wp:attachment":[{"href":"https:\/\/filo.unt.edu.ar\/xi-coloquio-celu\/wp-json\/wp\/v2\/media?parent=10"}],"curies":[{"name":"wp","href":"https:\/\/api.w.org\/{rel}","templated":true}]}}