{"id":59,"date":"2018-02-27T12:33:03","date_gmt":"2018-02-27T15:33:03","guid":{"rendered":"http:\/\/filo.unt.edu.ar\/viijornadasrela\/home-page\/"},"modified":"2018-07-31T11:37:25","modified_gmt":"2018-07-31T14:37:25","slug":"home-page","status":"publish","type":"page","link":"https:\/\/filo.unt.edu.ar\/viijornadasrela\/","title":{"rendered":"Home Page"},"content":{"rendered":"<div id=\"pl-59\"  class=\"panel-layout\" ><div id=\"pg-59-0\"  class=\"panel-grid panel-no-style\" ><div id=\"pgc-59-0-0\"  class=\"panel-grid-cell panel-grid-cell-empty\" ><\/div><div id=\"pgc-59-0-1\"  class=\"panel-grid-cell panel-grid-cell-mobile-last\" ><div id=\"panel-59-0-1-0\" class=\"so-panel widget widget_sow-button panel-first-child\" data-index=\"0\" ><div\n\t\t\t\n\t\t\tclass=\"so-widget-sow-button so-widget-sow-button-atom-446e1820137c-59\"\n\t\t\t\n\t\t><div class=\"ow-button-base ow-button-align-center\"\n>\n\t\t\t<a\n\t\t\t\t\thref=\"http:\/\/filo.unt.edu.ar\/viijornadasrela\/wp-content\/uploads\/sites\/90\/2018\/07\/VII_jornadas_rela_programa.pdf\"\n\t\t\t\t\tclass=\"sowb-button ow-icon-placement-left ow-button-hover\" target=\"_blank\" rel=\"noopener noreferrer\" \t>\n\t\t<span>\n\t\t\t\n\t\t\t\/\/\/\/\/ DESCARGUE EL PROGRAMA DE LAS JORNADAS \/\/\/\/\/\t\t<\/span>\n\t\t\t<\/a>\n\t<\/div>\n<\/div><\/div><div id=\"panel-59-0-1-1\" class=\"so-panel widget widget_black-studio-tinymce widget_black_studio_tinymce panel-last-child\" data-index=\"1\" ><div class=\"textwidget\"><h2 style=\"text-align: center;\"><span style=\"color: #000000;\">VII JORNADAS NACIONALES DE LA RELA<\/span><\/h2>\n<h3 style=\"text-align: center;\"><span style=\"color: #000000;\">(Red Interuniversitaria de Estudios de las Literaturas de la Argentina)<\/span><\/h3>\n<h3 style=\"text-align: center;\"><em><span style=\"color: #000000;\">\u201cItinerarios, perspectivas y cruces\u201d<\/span><\/em><\/h3>\n<h3 style=\"text-align: center;\"><span style=\"color: #000000;\">9 y 10 de agosto de 2018<\/span><\/h3>\n<h3 style=\"text-align: center;\"><span style=\"color: #000000;\">San Miguel de Tucum\u00e1n Facultad de Filosof\u00eda y Letras Universidad Nacional de Tucum\u00e1n<\/span><\/h3>\n<p style=\"text-align: left;\">Dada la impronta de los estudios culturales en torno a las problem\u00e1ticas de las regiones y de las provincias, iniciada en las \u00faltimas d\u00e9cadas del siglo XX y vigente hasta la actualidad, numerosas l\u00edneas cr\u00edticas apuntan a la formaci\u00f3n de otro canon que no sea un mero reflejo de los discursos rioplatenses hegem\u00f3nicos. Buscan de este modo visibilizar el arte y el pensamiento cr\u00edtico de las diversas zonas de la Argentina y, en nuestro caso particular, el del llamado \u201cNorte Grande\u201d.\u00a0Dada la impronta de los estudios culturales en torno a las problem\u00e1ticas de las regiones y de las provincias, iniciada en las \u00faltimas d\u00e9cadas del siglo XX y vigente hasta la actualidad, numerosas l\u00edneas cr\u00edticas apuntan a la formaci\u00f3n de otro canon que no sea un mero reflejo de los discursos rioplatenses hegem\u00f3nicos. Buscan de este modo visibilizar el arte y el pensamiento cr\u00edtico de las diversas zonas de la Argentina y, en nuestro caso particular, el del llamado \u201cNorte Grande\u201d.<\/p>\n<p style=\"text-align: left;\">A partir de la d\u00e9cada del 90, las regiones argentinas consiguen reemerger fuertemente con sus subjetividades complejas y sus imaginarios colectivos para poner en di\u00e1logo representaciones simb\u00f3licas con las del resto del pa\u00eds y del continente latinoamericano. Raz\u00f3n por la cual, la realizaci\u00f3n de estas VII Jornadas de la RELA (Red Interuniversitaria de Estudios de lasLiteraturas de la Argentina), contin\u00faan con la labor iniciada por el Proyecto PROHUM de la Universidad Nacional de Jujuy (NOA), y por las Jornadas organizadas en 2012 por la Universidad Nacional de Formosa (NEA). Desde entonces, y como principio rector de la RELA, se busca fomentar el di\u00e1logo intercultural entre las universidades del NOA, para proponer otro centro posible para analizar tensiones, diagramar nuevos mapas literarios que materialicen v\u00ednculos con otras regiones, como el NEA, Cuyo, la Patagonia y el Centro del pa\u00eds. A trav\u00e9s de la literatura y de la cr\u00edtica literaria, se consigue plasmar, entonces, los cruces y migrancias en el espacio geocultural, m\u00e1s all\u00e1 de las fronteras pol\u00edticas establecidas.<\/p>\n<p style=\"text-align: left;\">Es por ello, que estas VII Jornadas de la RELA, a realizarse el 9 y el 10 de agosto del 2018 en San Miguel de Tucum\u00e1n, se presentan como un espacio propicio para el intercambio cr\u00edtico sobre diferentes perspectivas y problem\u00e1ticas, para el abordaje de corpus diversos y la reflexi\u00f3n comprometida sobre los modos de leer, ense\u00f1ar y difundir textualidades y pr\u00e1cticas de zonas complejas y diversas.<\/p>\n<\/div><\/div><\/div><div id=\"pgc-59-0-2\"  class=\"panel-grid-cell panel-grid-cell-empty\" ><\/div><\/div><\/div>","protected":false},"excerpt":{"rendered":"<p>VII JORNADAS NACIONALES DE LA RELA(Red Interuniversitaria de Estudios de las Literaturas de la Argentina)\u201cItinerarios, perspectivas y cruces\u201d9 y 10 de agosto de 2018San Miguel de Tucum\u00e1n Facultad de Filosof\u00eda y Letras Universidad Nacional de Tucum\u00e1nDada la impronta de los estudios culturales en torno a las problem\u00e1ticas de las regiones y de las provincias, iniciada [&hellip;]<\/p>\n","protected":false},"author":1,"featured_media":0,"parent":0,"menu_order":0,"comment_status":"closed","ping_status":"closed","template":"home-panels.php","meta":{"footnotes":""},"class_list":["post-59","page","type-page","status-publish","hentry","post"],"_links":{"self":[{"href":"https:\/\/filo.unt.edu.ar\/viijornadasrela\/wp-json\/wp\/v2\/pages\/59","targetHints":{"allow":["GET"]}}],"collection":[{"href":"https:\/\/filo.unt.edu.ar\/viijornadasrela\/wp-json\/wp\/v2\/pages"}],"about":[{"href":"https:\/\/filo.unt.edu.ar\/viijornadasrela\/wp-json\/wp\/v2\/types\/page"}],"author":[{"embeddable":true,"href":"https:\/\/filo.unt.edu.ar\/viijornadasrela\/wp-json\/wp\/v2\/users\/1"}],"replies":[{"embeddable":true,"href":"https:\/\/filo.unt.edu.ar\/viijornadasrela\/wp-json\/wp\/v2\/comments?post=59"}],"version-history":[{"count":1,"href":"https:\/\/filo.unt.edu.ar\/viijornadasrela\/wp-json\/wp\/v2\/pages\/59\/revisions"}],"predecessor-version":[{"id":62,"href":"https:\/\/filo.unt.edu.ar\/viijornadasrela\/wp-json\/wp\/v2\/pages\/59\/revisions\/62"}],"wp:attachment":[{"href":"https:\/\/filo.unt.edu.ar\/viijornadasrela\/wp-json\/wp\/v2\/media?parent=59"}],"curies":[{"name":"wp","href":"https:\/\/api.w.org\/{rel}","templated":true}]}}