{"id":12,"date":"2018-02-27T11:44:06","date_gmt":"2018-02-27T14:44:06","guid":{"rendered":"http:\/\/filo.unt.edu.ar\/viijornadasrela\/?page_id=12"},"modified":"2018-03-20T09:01:48","modified_gmt":"2018-03-20T12:01:48","slug":"comites","status":"publish","type":"page","link":"https:\/\/filo.unt.edu.ar\/viijornadasrela\/comites\/","title":{"rendered":"Comit\u00e9s"},"content":{"rendered":"<div id=\"pl-12\"  class=\"panel-layout\" ><div id=\"pg-12-0\"  class=\"panel-grid panel-no-style\" ><div id=\"pgc-12-0-0\"  class=\"panel-grid-cell panel-grid-cell-empty\" ><\/div><div id=\"pgc-12-0-1\"  class=\"panel-grid-cell panel-grid-cell-mobile-last\" ><div id=\"panel-12-0-1-0\" class=\"so-panel widget widget_black-studio-tinymce widget_black_studio_tinymce panel-first-child panel-last-child\" data-index=\"0\" ><div class=\"textwidget\"><h4 style=\"text-align: center;\"><em><span style=\"color: #000000;\">COMIT\u00c9 ACAD\u00c9MICO<\/span><\/em><\/h4>\n<p style=\"text-align: center;\">Dra. Liliana M. Massara (UNT)<\/p>\n<p style=\"text-align: center;\">Dra. Mar\u00eda Alejandra Nallim (UNJu)<\/p>\n<p style=\"text-align: center;\">Dra. Raquel Guzm\u00e1n Dallacamin\u00e1 (UNSa)<\/p>\n<p style=\"text-align: center;\">Dr. Carlos Hern\u00e1n Sosa (UNSa)<\/p>\n<p style=\"text-align: center;\">Dra. Mar\u00eda Ester Gorleri (UNaF)<\/p>\n<p style=\"text-align: center;\">Mgr. Luciana Andrea Mellado (UNSJB)<\/p>\n<p style=\"text-align: center;\">Dra. Cecilia Corona Mart\u00ednez (UNC)<\/p>\n<p style=\"text-align: center;\">Dr. Jorge Bracamonte (UNC-CONICET)<\/p>\n<p style=\"text-align: center;\">Dra. Andrea Bocco (UNC)<\/p>\n<p style=\"text-align: center;\">Dra. Fabiana In\u00e9s Varela (UNCu-CONICET)<\/p>\n<p style=\"text-align: center;\">Dra. Hebe Molina (UNCu-CONICET)<\/p>\n<p style=\"text-align: center;\">Lic. Mar\u00eda In\u00e9s Laboranti (UADER-UNR)<\/p>\n<p style=\"text-align: center;\"><em><strong>COMIT\u00c9 EJECUTIVO<\/strong><\/em><\/p>\n<p style=\"text-align: center;\">Dra. Ana Ver\u00f3nica Juliano (IILAC \u2013 UNT)<\/p>\n<p style=\"text-align: center;\">Dra. Valeria Mozzoni (IILAC - UNT)<\/p>\n<p style=\"text-align: center;\">Lic. M\u00e1ximo Hern\u00e1n Mena (UNT - CONICET)<\/p>\n<\/div><\/div><\/div><div id=\"pgc-12-0-2\"  class=\"panel-grid-cell panel-grid-cell-empty\" ><\/div><\/div><\/div>","protected":false},"excerpt":{"rendered":"<p>COMIT\u00c9 ACAD\u00c9MICODra. Liliana M. Massara (UNT)Dra. Mar\u00eda Alejandra Nallim (UNJu)Dra. Raquel Guzm\u00e1n Dallacamin\u00e1 (UNSa)Dr. Carlos Hern\u00e1n Sosa (UNSa)Dra. Mar\u00eda Ester Gorleri (UNaF)Mgr. Luciana Andrea Mellado (UNSJB)Dra. Cecilia Corona Mart\u00ednez (UNC)Dr. Jorge Bracamonte (UNC-CONICET)Dra. Andrea Bocco (UNC)Dra. Fabiana In\u00e9s Varela (UNCu-CONICET)Dra. Hebe Molina (UNCu-CONICET)Lic. Mar\u00eda In\u00e9s Laboranti (UADER-UNR)COMIT\u00c9 EJECUTIVODra. Ana Ver\u00f3nica Juliano (IILAC \u2013 UNT)Dra. Valeria [&hellip;]<\/p>\n","protected":false},"author":1,"featured_media":0,"parent":0,"menu_order":0,"comment_status":"closed","ping_status":"closed","template":"templates\/template-full-notitle.php","meta":{"footnotes":""},"class_list":["post-12","page","type-page","status-publish","hentry","post"],"_links":{"self":[{"href":"https:\/\/filo.unt.edu.ar\/viijornadasrela\/wp-json\/wp\/v2\/pages\/12","targetHints":{"allow":["GET"]}}],"collection":[{"href":"https:\/\/filo.unt.edu.ar\/viijornadasrela\/wp-json\/wp\/v2\/pages"}],"about":[{"href":"https:\/\/filo.unt.edu.ar\/viijornadasrela\/wp-json\/wp\/v2\/types\/page"}],"author":[{"embeddable":true,"href":"https:\/\/filo.unt.edu.ar\/viijornadasrela\/wp-json\/wp\/v2\/users\/1"}],"replies":[{"embeddable":true,"href":"https:\/\/filo.unt.edu.ar\/viijornadasrela\/wp-json\/wp\/v2\/comments?post=12"}],"version-history":[{"count":6,"href":"https:\/\/filo.unt.edu.ar\/viijornadasrela\/wp-json\/wp\/v2\/pages\/12\/revisions"}],"predecessor-version":[{"id":64,"href":"https:\/\/filo.unt.edu.ar\/viijornadasrela\/wp-json\/wp\/v2\/pages\/12\/revisions\/64"}],"wp:attachment":[{"href":"https:\/\/filo.unt.edu.ar\/viijornadasrela\/wp-json\/wp\/v2\/media?parent=12"}],"curies":[{"name":"wp","href":"https:\/\/api.w.org\/{rel}","templated":true}]}}