{"id":23,"date":"2016-06-16T12:58:12","date_gmt":"2016-06-16T12:58:12","guid":{"rendered":"http:\/\/filo.unt.edu.ar\/simposio-wittgenstein\/?page_id=23"},"modified":"2016-09-16T14:35:17","modified_gmt":"2016-09-16T14:35:17","slug":"invitados","status":"publish","type":"page","link":"https:\/\/filo.unt.edu.ar\/simposio-wittgenstein\/invitados\/","title":{"rendered":"Invitados"},"content":{"rendered":"<div id=\"pl-23\"  class=\"panel-layout\" ><div id=\"pg-23-0\"  class=\"panel-grid panel-no-style\" ><div id=\"pgc-23-0-0\"  class=\"panel-grid-cell\" ><div id=\"panel-23-0-0-0\" class=\"so-panel widget widget_black-studio-tinymce widget_black_studio_tinymce panel-first-child panel-last-child\" data-index=\"0\" ><div class=\"textwidget\"><h6 style=\"text-align: left;\">En esta ocasi\u00f3n hemos invitado a reconocidos especialistas en Wittgenstein de diferentes Universidades argentinas, Latinoam\u00e9rica y Espa\u00f1a, todos ellos de gran trayectoria en los estudios de Filosof\u00eda del Lenguaje y de Ludwig Wittgenstein.<\/h6>\n<h6 style=\"text-align: left;\">Han confirmado su participaci\u00f3n Alejandro Tomasini Bassols (Universidad Nacional de Mexico), Javier Vilanova Arias (Universidad Complutense de Madrid), \u00a0Pamela Lastres Dammert (Pontificia Universidad Cat\u00f3lica del Per\u00fa), Leo Peruzzo (Pontificia Universidad Cat\u00f3lica de Paran\u00e1, Brasil), Bortolo Valle (PUCPR), Valdir Borges (PUCPR) Sandra Lazzer (Universidad Nacional de Rosario), Guadalupe Reinoso (Universidad Nacional de C\u00f3rdoba), Yolanda Fernandez Acevedo (Universidad Nacional de Salta), Silvia Ribera (Universidad Nacional de Lan\u00fas), H\u00e9ctor Bentolila (Universidad Nacional del Nordeste), Pedro Karmarkzyrk (Universidad Nacional de la Plata), Mercedes Risco, Andr\u00e9s Stisman, Santiago Garmendia y Cristina Bosso de la Universidad Nacional de Tucum\u00e1n.<\/h6>\n<\/div><\/div><\/div><\/div><div id=\"pg-23-1\"  class=\"panel-grid panel-no-style\" ><div id=\"pgc-23-1-0\"  class=\"panel-grid-cell\" ><div id=\"panel-23-1-0-0\" class=\"so-panel widget widget_black-studio-tinymce widget_black_studio_tinymce panel-first-child panel-last-child\" data-index=\"1\" ><div class=\"panel-widget-style panel-widget-style-for-23-1-0-0\" ><div class=\"textwidget\"><h6 style=\"text-align: center;\">CAMINATAS HIST\u00d3RICAS DEL BICENTENARIO<\/h6>\n<p><a href=\"http:\/\/filo.unt.edu.ar\/caminatas-historicas\" target=\"_blank\"><img loading=\"lazy\" decoding=\"async\" class=\"aligncenter wp-image-7057 size-medium\" src=\"http:\/\/filo.unt.edu.ar\/wp-content\/uploads\/2016\/08\/CAMINATAS-AGOSTO-300x169.jpg\" alt=\"CAMINATAS HIST\u00d3RICAS\" width=\"300\" height=\"169\" \/><\/a><\/p>\n<p>\u00a0<\/p>\n<\/div><\/div><\/div><\/div><div id=\"pgc-23-1-1\"  class=\"panel-grid-cell\" ><div id=\"panel-23-1-1-0\" class=\"so-panel widget widget_black-studio-tinymce widget_black_studio_tinymce panel-first-child panel-last-child\" data-index=\"2\" ><div class=\"panel-widget-style panel-widget-style-for-23-1-1-0\" ><div class=\"textwidget\"><p><a href=\"http:\/\/filo.unt.edu.ar\/simposio-wittgenstein\/wp-content\/uploads\/sites\/72\/2016\/06\/00AFICHE-SIMPOSIO-WITTGENSTEIN_2016-1.jpg\"><img loading=\"lazy\" decoding=\"async\" class=\"wp-image-41 size-medium aligncenter\" src=\"http:\/\/filo.unt.edu.ar\/simposio-wittgenstein\/wp-content\/uploads\/sites\/72\/2016\/06\/00AFICHE-SIMPOSIO-WITTGENSTEIN_2016-1-200x300.jpg\" alt=\"00AFICHE SIMPOSIO WITTGENSTEIN_2016\" width=\"200\" height=\"300\" srcset=\"https:\/\/filo.unt.edu.ar\/simposio-wittgenstein\/wp-content\/uploads\/sites\/72\/2016\/06\/00AFICHE-SIMPOSIO-WITTGENSTEIN_2016-1-200x300.jpg 200w, https:\/\/filo.unt.edu.ar\/simposio-wittgenstein\/wp-content\/uploads\/sites\/72\/2016\/06\/00AFICHE-SIMPOSIO-WITTGENSTEIN_2016-1-719x1080.jpg 719w, https:\/\/filo.unt.edu.ar\/simposio-wittgenstein\/wp-content\/uploads\/sites\/72\/2016\/06\/00AFICHE-SIMPOSIO-WITTGENSTEIN_2016-1-600x901.jpg 600w, https:\/\/filo.unt.edu.ar\/simposio-wittgenstein\/wp-content\/uploads\/sites\/72\/2016\/06\/00AFICHE-SIMPOSIO-WITTGENSTEIN_2016-1.jpg 1080w\" sizes=\"auto, (max-width: 200px) 100vw, 200px\" \/><\/a><\/p>\n<\/div><\/div><\/div><\/div><\/div><\/div>","protected":false},"excerpt":{"rendered":"<p>En esta ocasi\u00f3n hemos invitado a reconocidos especialistas en Wittgenstein de diferentes Universidades argentinas, Latinoam\u00e9rica y Espa\u00f1a, todos ellos de gran trayectoria en los estudios de Filosof\u00eda del Lenguaje y de Ludwig Wittgenstein.Han confirmado su participaci\u00f3n Alejandro Tomasini Bassols (Universidad Nacional de Mexico), Javier Vilanova Arias (Universidad Complutense de Madrid), \u00a0Pamela Lastres Dammert (Pontificia Universidad [&hellip;]<\/p>\n","protected":false},"author":1,"featured_media":0,"parent":0,"menu_order":0,"comment_status":"closed","ping_status":"closed","template":"templates\/template-full.php","meta":{"footnotes":""},"class_list":["post-23","page","type-page","status-publish","hentry","post"],"_links":{"self":[{"href":"https:\/\/filo.unt.edu.ar\/simposio-wittgenstein\/wp-json\/wp\/v2\/pages\/23","targetHints":{"allow":["GET"]}}],"collection":[{"href":"https:\/\/filo.unt.edu.ar\/simposio-wittgenstein\/wp-json\/wp\/v2\/pages"}],"about":[{"href":"https:\/\/filo.unt.edu.ar\/simposio-wittgenstein\/wp-json\/wp\/v2\/types\/page"}],"author":[{"embeddable":true,"href":"https:\/\/filo.unt.edu.ar\/simposio-wittgenstein\/wp-json\/wp\/v2\/users\/1"}],"replies":[{"embeddable":true,"href":"https:\/\/filo.unt.edu.ar\/simposio-wittgenstein\/wp-json\/wp\/v2\/comments?post=23"}],"version-history":[{"count":10,"href":"https:\/\/filo.unt.edu.ar\/simposio-wittgenstein\/wp-json\/wp\/v2\/pages\/23\/revisions"}],"predecessor-version":[{"id":42,"href":"https:\/\/filo.unt.edu.ar\/simposio-wittgenstein\/wp-json\/wp\/v2\/pages\/23\/revisions\/42"}],"wp:attachment":[{"href":"https:\/\/filo.unt.edu.ar\/simposio-wittgenstein\/wp-json\/wp\/v2\/media?parent=23"}],"curies":[{"name":"wp","href":"https:\/\/api.w.org\/{rel}","templated":true}]}}