{"id":12,"date":"2016-06-16T12:43:49","date_gmt":"2016-06-16T12:43:49","guid":{"rendered":"http:\/\/filo.unt.edu.ar\/simposio-wittgenstein\/?page_id=12"},"modified":"2016-09-22T12:36:26","modified_gmt":"2016-09-22T12:36:26","slug":"home-page","status":"publish","type":"page","link":"https:\/\/filo.unt.edu.ar\/simposio-wittgenstein\/","title":{"rendered":"Home Page"},"content":{"rendered":"<div id=\"pl-12\"  class=\"panel-layout\" ><div id=\"pg-12-0\"  class=\"panel-grid panel-no-style\" ><div id=\"pgc-12-0-0\"  class=\"panel-grid-cell\" ><div id=\"panel-12-0-0-0\" class=\"so-panel widget widget_black-studio-tinymce widget_black_studio_tinymce panel-first-child panel-last-child\" data-index=\"0\" ><div class=\"textwidget\"><h5 style=\"text-align: left;\">El Simposio Internacional \u201cWittgenstein: mares de lenguaje\u201d se realizar\u00e1 en la ciudad de San Miguel de Tucum\u00e1n, Argentina durante los d\u00edas 28, 29 y 30 de Septiembre en el Centro Cultural Alberto Roug\u00e9s (Laprida 31).<\/h5>\n<h5 style=\"text-align: left;\">Este evento est\u00e1 organizado de manera conjunta por el Instituto de Estudios Antropol\u00f3gicos y Filosof\u00eda de la Religi\u00f3n y el Proyecto de Investigaci\u00f3n del CIUNT \u201cTecnociencia, discurso medio ambiente\u201d y cuenta con el auspicio de la Facultad de Filosof\u00eda y Letras de la Universidad Nacional de Tucum\u00e1n.<\/h5>\n<\/div><\/div><\/div><\/div><div id=\"pg-12-1\"  class=\"panel-grid panel-no-style\" ><div id=\"pgc-12-1-0\"  class=\"panel-grid-cell\" ><div id=\"panel-12-1-0-0\" class=\"so-panel widget widget_black-studio-tinymce widget_black_studio_tinymce panel-first-child panel-last-child\" data-index=\"1\" ><div class=\"textwidget\"><h5 style=\"text-align: left;\">En el marco del Simposio est\u00e1 previstas la realizaci\u00f3n diferentes actividades: lectura y discusi\u00f3n de trabajos de investigaci\u00f3n a cargo de los especialistas invitados, mesas panel sobre temas filos\u00f3ficos de inter\u00e9s general, presentaci\u00f3n de libros. En breve agregaremos el programa detallado.<\/h5>\n<h5 style=\"text-align: left;\">Todas las actividades ser\u00e1n de entrada libre y gratuita.<\/h5>\n<\/div><\/div><\/div><\/div><div id=\"pg-12-2\"  class=\"panel-grid panel-no-style\" ><div id=\"pgc-12-2-0\"  class=\"panel-grid-cell\" ><div id=\"panel-12-2-0-0\" class=\"so-panel widget widget_sow-button panel-first-child\" data-index=\"2\" ><div\n\t\t\t\n\t\t\tclass=\"so-widget-sow-button so-widget-sow-button-atom-62272ba6f5df-12\"\n\t\t\t\n\t\t><div class=\"ow-button-base ow-button-align-justify\"\n style=\"display: block;\">\n\t\t\t<a\n\t\t\t\t\thref=\"http:\/\/filo.unt.edu.ar\/simposio-wittgenstein\/wp-content\/uploads\/sites\/72\/2016\/09\/simposio_wittgenstein_programa.pdf\"\n\t\t\t\t\tclass=\"sowb-button ow-icon-placement-left ow-button-hover\" target=\"_blank\" rel=\"noopener noreferrer\" \t>\n\t\t<span>\n\t\t\t\n\t\t\tDESCARGUE EL PROGRAMA DEL SIMPOSIO\t\t<\/span>\n\t\t\t<\/a>\n\t<\/div>\n<\/div><\/div><div id=\"panel-12-2-0-1\" class=\"so-panel widget widget_black-studio-tinymce widget_black_studio_tinymce\" data-index=\"3\" ><div class=\"panel-widget-style panel-widget-style-for-12-2-0-1\" ><div class=\"textwidget\"><p style=\"text-align: center;\"><strong>Lugar de realizaci\u00f3n del Simposio Centro Cultural Alberto Roug\u00e9s (calle Laprida n\u00b031) San Miguel de Tucum\u00e1n<\/strong><\/p>\n<\/div><\/div><\/div><div id=\"panel-12-2-0-2\" class=\"so-panel widget widget_sow-google-map\" data-index=\"4\" ><div class=\"panel-widget-style panel-widget-style-for-12-2-0-2\" ><div\n\t\t\t\n\t\t\tclass=\"so-widget-sow-google-map so-widget-sow-google-map-default-05ebfd8f3122-12\"\n\t\t\t\n\t\t>\n<div class=\"sow-google-map-canvas\"\n\tstyle=\"\"\n\tid=\"map-canvas-76464a9a3efcc4f093718dda247d3a24\"\n\tdata-options=\"{&quot;address&quot;:&quot;Laprida 31 Tucum\\u00e1n&quot;,&quot;zoom&quot;:12,&quot;mobileZoom&quot;:12,&quot;gestureHandling&quot;:&quot;greedy&quot;,&quot;disableUi&quot;:false,&quot;markerIcon&quot;:false,&quot;markersDraggable&quot;:false,&quot;markerAtCenter&quot;:true,&quot;markerInfoDisplay&quot;:&quot;click&quot;,&quot;markerInfoMultiple&quot;:true,&quot;markerPositions&quot;:false,&quot;mapName&quot;:false,&quot;mapStyles&quot;:false,&quot;directions&quot;:&quot;&quot;,&quot;apiKey&quot;:&quot;&quot;,&quot;breakpoint&quot;:&quot;780&quot;,&quot;id&quot;:&quot;69df9e&quot;}\"\n\tdata-fallback-image=\"{&quot;img&quot;:&quot;&quot;}\"><\/div>\n<\/div><\/div><\/div><div id=\"panel-12-2-0-3\" class=\"so-panel widget widget_black-studio-tinymce widget_black_studio_tinymce panel-last-child\" data-index=\"5\" ><div class=\"panel-widget-style panel-widget-style-for-12-2-0-3\" ><div class=\"textwidget\"><div id=\"fb-root\"><\/div>\n<p><script>(function(d, s, id) {\n  var js, fjs = d.getElementsByTagName(s)[0];\n  if (d.getElementById(id)) return;\n  js = d.createElement(s); js.id = id;\n  js.src = \"\/\/connect.facebook.net\/es_LA\/sdk.js#xfbml=1&version=v2.7\";\n  fjs.parentNode.insertBefore(js, fjs);\n}(document, 'script', 'facebook-jssdk'));<\/script><\/p>\n<div class=\"fb-page\" data-href=\"https:\/\/www.facebook.com\/filount\/\" data-tabs=\"timeline\" data-width=\"530\" data-height=\"500\" data-small-header=\"false\" data-adapt-container-width=\"true\" data-hide-cover=\"false\" data-show-facepile=\"true\">\n<blockquote class=\"fb-xfbml-parse-ignore\" cite=\"https:\/\/www.facebook.com\/filount\/\"><p><a href=\"https:\/\/www.facebook.com\/filount\/\">Facultad de Filosof\u00eda y Letras UNT<\/a><\/p><\/blockquote>\n<\/div>\n<\/div><\/div><\/div><\/div><div id=\"pgc-12-2-1\"  class=\"panel-grid-cell\" ><div id=\"panel-12-2-1-0\" class=\"so-panel widget widget_black-studio-tinymce widget_black_studio_tinymce panel-first-child\" data-index=\"6\" ><div class=\"panel-widget-style panel-widget-style-for-12-2-1-0\" ><h3 class=\"widget-title\">ESCR\u00cdBANOS<\/h3><div class=\"textwidget\"><p>[contact-form-7 id=\"19\" title=\"Contacto Simposio Wittgenstein\"]<\/p>\n<\/div><\/div><\/div><div id=\"panel-12-2-1-1\" class=\"so-panel widget widget_black-studio-tinymce widget_black_studio_tinymce panel-last-child\" data-index=\"7\" ><div class=\"panel-widget-style panel-widget-style-for-12-2-1-1\" ><div class=\"textwidget\"><p style=\"text-align: center;\"><strong>CAMINATAS HIST\u00d3RICAS DEL BICENTENARIO<\/strong><\/p>\n<p><a href=\"http:\/\/filo.unt.edu.ar\/caminatas-historicas\" target=\"_blank\"><img loading=\"lazy\" decoding=\"async\" class=\"aligncenter wp-image-40 size-medium\" src=\"http:\/\/filo.unt.edu.ar\/simposio-wittgenstein\/wp-content\/uploads\/sites\/72\/2016\/09\/CAMINATAS-SEPTIEMBRE-300x169.jpg\" alt=\"CAMINATAS SEPTIEMBRE\" width=\"300\" height=\"169\" srcset=\"https:\/\/filo.unt.edu.ar\/simposio-wittgenstein\/wp-content\/uploads\/sites\/72\/2016\/09\/CAMINATAS-SEPTIEMBRE-300x169.jpg 300w, https:\/\/filo.unt.edu.ar\/simposio-wittgenstein\/wp-content\/uploads\/sites\/72\/2016\/09\/CAMINATAS-SEPTIEMBRE-1090x613.jpg 1090w, https:\/\/filo.unt.edu.ar\/simposio-wittgenstein\/wp-content\/uploads\/sites\/72\/2016\/09\/CAMINATAS-SEPTIEMBRE-600x338.jpg 600w, https:\/\/filo.unt.edu.ar\/simposio-wittgenstein\/wp-content\/uploads\/sites\/72\/2016\/09\/CAMINATAS-SEPTIEMBRE.jpg 1920w\" sizes=\"auto, (max-width: 300px) 100vw, 300px\" \/><\/a><\/p>\n<p>\u00a0<\/p>\n<\/div><\/div><\/div><\/div><\/div><\/div>","protected":false},"excerpt":{"rendered":"<p>El Simposio Internacional \u201cWittgenstein: mares de lenguaje\u201d se realizar\u00e1 en la ciudad de San Miguel de Tucum\u00e1n, Argentina durante los d\u00edas 28, 29 y 30 de Septiembre en el Centro Cultural Alberto Roug\u00e9s (Laprida 31).Este evento est\u00e1 organizado de manera conjunta por el Instituto de Estudios Antropol\u00f3gicos y Filosof\u00eda de la Religi\u00f3n y el Proyecto [&hellip;]<\/p>\n","protected":false},"author":1,"featured_media":0,"parent":0,"menu_order":0,"comment_status":"closed","ping_status":"closed","template":"home-panels.php","meta":{"footnotes":""},"class_list":["post-12","page","type-page","status-publish","hentry","post"],"_links":{"self":[{"href":"https:\/\/filo.unt.edu.ar\/simposio-wittgenstein\/wp-json\/wp\/v2\/pages\/12","targetHints":{"allow":["GET"]}}],"collection":[{"href":"https:\/\/filo.unt.edu.ar\/simposio-wittgenstein\/wp-json\/wp\/v2\/pages"}],"about":[{"href":"https:\/\/filo.unt.edu.ar\/simposio-wittgenstein\/wp-json\/wp\/v2\/types\/page"}],"author":[{"embeddable":true,"href":"https:\/\/filo.unt.edu.ar\/simposio-wittgenstein\/wp-json\/wp\/v2\/users\/1"}],"replies":[{"embeddable":true,"href":"https:\/\/filo.unt.edu.ar\/simposio-wittgenstein\/wp-json\/wp\/v2\/comments?post=12"}],"version-history":[{"count":6,"href":"https:\/\/filo.unt.edu.ar\/simposio-wittgenstein\/wp-json\/wp\/v2\/pages\/12\/revisions"}],"predecessor-version":[{"id":20,"href":"https:\/\/filo.unt.edu.ar\/simposio-wittgenstein\/wp-json\/wp\/v2\/pages\/12\/revisions\/20"}],"wp:attachment":[{"href":"https:\/\/filo.unt.edu.ar\/simposio-wittgenstein\/wp-json\/wp\/v2\/media?parent=12"}],"curies":[{"name":"wp","href":"https:\/\/api.w.org\/{rel}","templated":true}]}}