{"id":8,"date":"2022-06-12T20:02:18","date_gmt":"2022-06-12T23:02:18","guid":{"rendered":"http:\/\/filo.unt.edu.ar\/programa-mejora\/?page_id=8"},"modified":"2022-08-05T09:33:18","modified_gmt":"2022-08-05T12:33:18","slug":"docentes","status":"publish","type":"page","link":"https:\/\/filo.unt.edu.ar\/programa-mejora\/docentes\/","title":{"rendered":"Docentes"},"content":{"rendered":"<div id=\"pl-8\"  class=\"panel-layout\" ><div id=\"pg-8-0\"  class=\"panel-grid panel-no-style\" ><div id=\"pgc-8-0-0\"  class=\"panel-grid-cell\" ><div id=\"panel-8-0-0-0\" class=\"so-panel widget widget_black-studio-tinymce widget_black_studio_tinymce panel-first-child\" data-index=\"0\" ><div class=\"panel-widget-style panel-widget-style-for-8-0-0-0\" ><div class=\"textwidget\"><p style=\"text-align: left;\">El <strong>Proyecto de Fortalecimiento y Mejora de la Ense\u00f1anza Universitaria<\/strong> es la l\u00ednea de desarrollo del programa orientada a docentes con el objetivo principal de instrumentar acciones tendientes a fortalecer y mejorar la ense\u00f1anza desde una perspectiva de formaci\u00f3n continua y de calidad que contenga los temas contempor\u00e1neos de discusi\u00f3n.<\/p>\n<p>La universidad, como instituci\u00f3n fundamental de la sociedad del conocimiento, debe estar en constante proceso de renovaci\u00f3n y de aprendizaje institucional. El creciente e intenso uso de tecnolog\u00edas en la educaci\u00f3n superior en los \u00faltimos a\u00f1os, producto de la crisis sanitaria desencadenada por la pandemia de COVID-19, gener\u00f3 nuevas demandas, problem\u00e1ticas y desaf\u00edos en las instituciones universitarias. En estos tiempos desarrollamos distintas din\u00e1micas y estrategias para no discontinuar nuestras tareas de docencia e investigaci\u00f3n. Los aprendizajes y la experiencia acumulada deben fortalecer nuestra labor y acelerar los procesos de transformaci\u00f3n digital de nuestra facultad.\u00a0Desde este proyecto entendemos que el uso de la tecnolog\u00eda, si bien conlleva un potencial transformador y generador de nuevas oportunidades tambi\u00e9n se ti\u00f1e de matices que cuestionan una genuina inclusi\u00f3n y democratizaci\u00f3n de la educaci\u00f3n. En consecuencia, se advierte que el empleo de tecnolog\u00eda es un proceso complejo que se conforma, condiciona y modifica por una variedad de actores, factores e influencias. La dimensi\u00f3n pedag\u00f3gica cumple un papel crucial y condiciona la toma de decisiones a la hora de configurar una propuesta de ense\u00f1anza en cada c\u00e1tedra. Las tecnolog\u00edas digitales desempe\u00f1an un papel decisivo en el redise\u00f1o del ecosistema universitario para reconfigurar formas nuevas y m\u00faltiples de entender la ense\u00f1anza.<\/p>\n<p>Desde la gesti\u00f3n nos proponemos dar respuestas adecuadas a las expectativas de la docencia en respuesta a demandas formativas concerniente a la configuraci\u00f3n de propuestas educativas renovadas que resulten profundamente inclusivas y que estimulen el deseo de aprender de nuestras y nuestros estudiantes. Estos escenarios emergentes desaf\u00edan al colectivo docente a buscar nuevas alternativas susceptibles a responder a las demandas y necesidades espec\u00edficas de nuestro contexto.<\/p>\n<\/div><\/div><\/div><div id=\"panel-8-0-0-1\" class=\"so-panel widget widget_black-studio-tinymce widget_black_studio_tinymce panel-last-child\" data-index=\"1\" ><div class=\"panel-widget-style panel-widget-style-for-8-0-0-1\" ><div class=\"textwidget\"><p><strong>Objetivos espec\u00edficos<\/strong><\/p>\n<ul>\n<li style=\"text-align: left;\">Valorar reflexiva y cr\u00edticamente las propuestas de ense\u00f1anza y aprendizaje desarrolladas durante el per\u00edodo 2020-2021 a fin de redimensionar o resignificarlas en el marco de la presencialidad 2022.<\/li>\n<li style=\"text-align: left;\">Brindar un espacio para adquirir conocimientos y herramient as que posibiliten fundamentar, redise\u00f1ar, gestionar y evaluar proyectos de ense\u00f1anza y de aprendizaje donde intervengan tecnolog\u00edas digitales.<\/li>\n<li style=\"text-align: left;\">Dise\u00f1ar soluciones tecno-pedag\u00f3gicas que promuevan la buena ense\u00f1anza desde una mirada inclusiva en el marco de las pr\u00e1cticas que se desarrollan en la Facultad de Filosof\u00eda y Letras.<\/li>\n<li style=\"text-align: left;\">Acompa\u00f1ar y sostener de modo continuo la construcci\u00f3n de propuestas renovadas de ense\u00f1anza y aprendizaje.<\/li>\n<\/ul>\n<\/div><\/div><\/div><\/div><\/div><div id=\"pg-8-1\"  class=\"panel-grid panel-no-style\" ><div id=\"pgc-8-1-0\"  class=\"panel-grid-cell\" ><div id=\"panel-8-1-0-0\" class=\"so-panel widget widget_black-studio-tinymce widget_black_studio_tinymce panel-first-child panel-last-child\" data-index=\"2\" ><div class=\"panel-widget-style panel-widget-style-for-8-1-0-0\" ><div class=\"textwidget\"><h3 style=\"text-align: left;\">Actividades<\/h3>\n<p><div class=\"pt-cv-wrapper\"><div class=\"pt-cv-view pt-cv-grid pt-cv-colsys\" id=\"pt-cv-view-eecf403ibm\"><div data-id=\"pt-cv-page-1\" class=\"pt-cv-page\" data-cvc=\"3\"><div class=\"col-md-4 col-sm-6 col-xs-12 pt-cv-content-item pt-cv-1-col\" ><div class='pt-cv-ifield'><a href=\"https:\/\/filo.unt.edu.ar\/programa-mejora\/2022\/08\/05\/posgrado-virtual-tecnologias-emergentes-e-innovacion-didactica\/\" class=\"_self pt-cv-href-thumbnail pt-cv-thumb-default\" target=\"_self\" ><img loading=\"lazy\" decoding=\"async\" width=\"300\" height=\"300\" src=\"https:\/\/filo.unt.edu.ar\/programa-mejora\/wp-content\/uploads\/sites\/104\/2022\/08\/POSGRADO-TECNOLOGIAS-EMERGENTES_LION_22-300x300.png\" class=\"pt-cv-thumbnail\" alt=\"\" srcset=\"https:\/\/filo.unt.edu.ar\/programa-mejora\/wp-content\/uploads\/sites\/104\/2022\/08\/POSGRADO-TECNOLOGIAS-EMERGENTES_LION_22-300x300.png 300w, https:\/\/filo.unt.edu.ar\/programa-mejora\/wp-content\/uploads\/sites\/104\/2022\/08\/POSGRADO-TECNOLOGIAS-EMERGENTES_LION_22-1024x1024.png 1024w, https:\/\/filo.unt.edu.ar\/programa-mejora\/wp-content\/uploads\/sites\/104\/2022\/08\/POSGRADO-TECNOLOGIAS-EMERGENTES_LION_22-150x150.png 150w, https:\/\/filo.unt.edu.ar\/programa-mejora\/wp-content\/uploads\/sites\/104\/2022\/08\/POSGRADO-TECNOLOGIAS-EMERGENTES_LION_22-768x768.png 768w, https:\/\/filo.unt.edu.ar\/programa-mejora\/wp-content\/uploads\/sites\/104\/2022\/08\/POSGRADO-TECNOLOGIAS-EMERGENTES_LION_22.png 1080w\" sizes=\"auto, (max-width: 300px) 100vw, 300px\" \/><\/a>\n<h6 class=\"pt-cv-title\"><a href=\"https:\/\/filo.unt.edu.ar\/programa-mejora\/2022\/08\/05\/posgrado-virtual-tecnologias-emergentes-e-innovacion-didactica\/\" class=\"_self\" target=\"_self\" >Posgrado virtual &#8220;Tecnolog\u00edas emergentes e innovaci\u00f3n did\u00e1ctica&#8221;<\/a><\/h6>\n<div class=\"pt-cv-content\">CURSO DE POSGRADO VIRTUAL\u00a0\"Tecnolog\u00edas emergentes e innovaci\u00f3n did\u00e1ctica\" 18 de agosto hasta 18 de septiembre \/ 2022 Desde el Programa ...<br \/><div class=\"pt-cv-rmwrap\"><a href=\"https:\/\/filo.unt.edu.ar\/programa-mejora\/2022\/08\/05\/posgrado-virtual-tecnologias-emergentes-e-innovacion-didactica\/\" class=\"_self pt-cv-readmore btn btn-success\" target=\"_self\">Leer M\u00e1s<\/a><\/div><\/div><\/div><\/div>\n<div class=\"col-md-4 col-sm-6 col-xs-12 pt-cv-content-item pt-cv-1-col\" ><div class='pt-cv-ifield'><a href=\"https:\/\/filo.unt.edu.ar\/programa-mejora\/2022\/06\/12\/jornada-de-acompanamiento-a-las-trayectorias-academicas-de-ingresantes\/\" class=\"_self pt-cv-href-thumbnail pt-cv-thumb-default\" target=\"_self\" ><img loading=\"lazy\" decoding=\"async\" width=\"300\" height=\"300\" src=\"https:\/\/filo.unt.edu.ar\/programa-mejora\/wp-content\/uploads\/sites\/104\/2022\/06\/jornada_acompanamiento_trayectorias_educativas-300x300.png\" class=\"pt-cv-thumbnail\" alt=\"\" srcset=\"https:\/\/filo.unt.edu.ar\/programa-mejora\/wp-content\/uploads\/sites\/104\/2022\/06\/jornada_acompanamiento_trayectorias_educativas-300x300.png 300w, https:\/\/filo.unt.edu.ar\/programa-mejora\/wp-content\/uploads\/sites\/104\/2022\/06\/jornada_acompanamiento_trayectorias_educativas-1024x1024.png 1024w, https:\/\/filo.unt.edu.ar\/programa-mejora\/wp-content\/uploads\/sites\/104\/2022\/06\/jornada_acompanamiento_trayectorias_educativas-150x150.png 150w, https:\/\/filo.unt.edu.ar\/programa-mejora\/wp-content\/uploads\/sites\/104\/2022\/06\/jornada_acompanamiento_trayectorias_educativas-768x768.png 768w, https:\/\/filo.unt.edu.ar\/programa-mejora\/wp-content\/uploads\/sites\/104\/2022\/06\/jornada_acompanamiento_trayectorias_educativas.png 1250w\" sizes=\"auto, (max-width: 300px) 100vw, 300px\" \/><\/a>\n<h6 class=\"pt-cv-title\"><a href=\"https:\/\/filo.unt.edu.ar\/programa-mejora\/2022\/06\/12\/jornada-de-acompanamiento-a-las-trayectorias-academicas-de-ingresantes\/\" class=\"_self\" target=\"_self\" >Jornada de Acompa\u00f1amiento a las Trayectorias Acad\u00e9micas de Ingresantes<\/a><\/h6>\n<div class=\"pt-cv-content\">Jornada de Acompa\u00f1amiento a las Trayectorias Acad\u00e9micas de Ingresantes El desaf\u00edo de leer la ciencia en asignaturas de primer a\u00f1o ...<br \/><div class=\"pt-cv-rmwrap\"><a href=\"https:\/\/filo.unt.edu.ar\/programa-mejora\/2022\/06\/12\/jornada-de-acompanamiento-a-las-trayectorias-academicas-de-ingresantes\/\" class=\"_self pt-cv-readmore btn btn-success\" target=\"_self\">Leer M\u00e1s<\/a><\/div><\/div><\/div><\/div>\n<div class=\"col-md-4 col-sm-6 col-xs-12 pt-cv-content-item pt-cv-1-col\" ><div class='pt-cv-ifield'><a href=\"https:\/\/filo.unt.edu.ar\/programa-mejora\/2022\/06\/12\/jornadas-de-intercambio-y-socializacion\/\" class=\"_self pt-cv-href-thumbnail pt-cv-thumb-default\" target=\"_self\" ><img loading=\"lazy\" decoding=\"async\" width=\"300\" height=\"300\" src=\"https:\/\/filo.unt.edu.ar\/programa-mejora\/wp-content\/uploads\/sites\/104\/2022\/06\/jornadas-intercambio-socializacion-300x300.jpeg\" class=\"pt-cv-thumbnail\" alt=\"\" srcset=\"https:\/\/filo.unt.edu.ar\/programa-mejora\/wp-content\/uploads\/sites\/104\/2022\/06\/jornadas-intercambio-socializacion-300x300.jpeg 300w, https:\/\/filo.unt.edu.ar\/programa-mejora\/wp-content\/uploads\/sites\/104\/2022\/06\/jornadas-intercambio-socializacion-1024x1024.jpeg 1024w, https:\/\/filo.unt.edu.ar\/programa-mejora\/wp-content\/uploads\/sites\/104\/2022\/06\/jornadas-intercambio-socializacion-150x150.jpeg 150w, https:\/\/filo.unt.edu.ar\/programa-mejora\/wp-content\/uploads\/sites\/104\/2022\/06\/jornadas-intercambio-socializacion-768x768.jpeg 768w, https:\/\/filo.unt.edu.ar\/programa-mejora\/wp-content\/uploads\/sites\/104\/2022\/06\/jornadas-intercambio-socializacion.jpeg 1080w\" sizes=\"auto, (max-width: 300px) 100vw, 300px\" \/><\/a>\n<h6 class=\"pt-cv-title\"><a href=\"https:\/\/filo.unt.edu.ar\/programa-mejora\/2022\/06\/12\/jornadas-de-intercambio-y-socializacion\/\" class=\"_self\" target=\"_self\" >Jornadas de intercambio y socializaci\u00f3n<\/a><\/h6>\n<div class=\"pt-cv-content\">JORNADAS DE INTERCAMBIO Y SOCIALIZACI\u00d3N \"Repensar y construir experiencias educativas en Filosof\u00eda y Letras: logros y retos en contextos emergentes\" ...<br \/><div class=\"pt-cv-rmwrap\"><a href=\"https:\/\/filo.unt.edu.ar\/programa-mejora\/2022\/06\/12\/jornadas-de-intercambio-y-socializacion\/\" class=\"_self pt-cv-readmore btn btn-success\" target=\"_self\">Leer M\u00e1s<\/a><\/div><\/div><\/div><\/div>\n<div class=\"col-md-4 col-sm-6 col-xs-12 pt-cv-content-item pt-cv-1-col\" ><div class='pt-cv-ifield'><a href=\"https:\/\/filo.unt.edu.ar\/programa-mejora\/2022\/06\/12\/posgrado-virtual-ensenanza-universitaria-en-entornos-virtuales\/\" class=\"_self pt-cv-href-thumbnail pt-cv-thumb-default\" target=\"_self\" ><img loading=\"lazy\" decoding=\"async\" width=\"300\" height=\"300\" src=\"https:\/\/filo.unt.edu.ar\/programa-mejora\/wp-content\/uploads\/sites\/104\/2022\/06\/POSGRADO-ENSENANZA-UNIVERSITARIA-VIRTUAL-300x300.jpg\" class=\"pt-cv-thumbnail\" alt=\"\" srcset=\"https:\/\/filo.unt.edu.ar\/programa-mejora\/wp-content\/uploads\/sites\/104\/2022\/06\/POSGRADO-ENSENANZA-UNIVERSITARIA-VIRTUAL-300x300.jpg 300w, https:\/\/filo.unt.edu.ar\/programa-mejora\/wp-content\/uploads\/sites\/104\/2022\/06\/POSGRADO-ENSENANZA-UNIVERSITARIA-VIRTUAL-1024x1024.jpg 1024w, https:\/\/filo.unt.edu.ar\/programa-mejora\/wp-content\/uploads\/sites\/104\/2022\/06\/POSGRADO-ENSENANZA-UNIVERSITARIA-VIRTUAL-150x150.jpg 150w, https:\/\/filo.unt.edu.ar\/programa-mejora\/wp-content\/uploads\/sites\/104\/2022\/06\/POSGRADO-ENSENANZA-UNIVERSITARIA-VIRTUAL-768x768.jpg 768w, https:\/\/filo.unt.edu.ar\/programa-mejora\/wp-content\/uploads\/sites\/104\/2022\/06\/POSGRADO-ENSENANZA-UNIVERSITARIA-VIRTUAL-1536x1536.jpg 1536w, https:\/\/filo.unt.edu.ar\/programa-mejora\/wp-content\/uploads\/sites\/104\/2022\/06\/POSGRADO-ENSENANZA-UNIVERSITARIA-VIRTUAL-1320x1320.jpg 1320w, https:\/\/filo.unt.edu.ar\/programa-mejora\/wp-content\/uploads\/sites\/104\/2022\/06\/POSGRADO-ENSENANZA-UNIVERSITARIA-VIRTUAL.jpg 1600w\" sizes=\"auto, (max-width: 300px) 100vw, 300px\" \/><\/a>\n<h6 class=\"pt-cv-title\"><a href=\"https:\/\/filo.unt.edu.ar\/programa-mejora\/2022\/06\/12\/posgrado-virtual-ensenanza-universitaria-en-entornos-virtuales\/\" class=\"_self\" target=\"_self\" >Posgrado Virtual &#8220;Ense\u00f1anza Universitaria en entornos virtuales&#8221;<\/a><\/h6>\n<div class=\"pt-cv-content\">La Secretar\u00eda de Posgrado e Investigaci\u00f3n invita al Curso de Posgrado Virtual \"Ense\u00f1anza Universitaria en entornos virtuales: aportes cr\u00edticos para ...<br \/><div class=\"pt-cv-rmwrap\"><a href=\"https:\/\/filo.unt.edu.ar\/programa-mejora\/2022\/06\/12\/posgrado-virtual-ensenanza-universitaria-en-entornos-virtuales\/\" class=\"_self pt-cv-readmore btn btn-success\" target=\"_self\">Leer M\u00e1s<\/a><\/div><\/div><\/div><\/div><\/div><\/div><\/div><\/p>\n<\/div><\/div><\/div><\/div><\/div><\/div>","protected":false},"excerpt":{"rendered":"<p>El Proyecto de Fortalecimiento y Mejora de la Ense\u00f1anza Universitaria es la l\u00ednea de desarrollo del programa orientada a docentes con el objetivo principal de instrumentar acciones tendientes a fortalecer y mejorar la ense\u00f1anza desde una perspectiva de formaci\u00f3n continua y de calidad que contenga los temas contempor\u00e1neos de discusi\u00f3n. La universidad, como instituci\u00f3n fundamental [&hellip;]<\/p>\n","protected":false},"author":1,"featured_media":0,"parent":0,"menu_order":0,"comment_status":"closed","ping_status":"closed","template":"","meta":{"footnotes":""},"class_list":["post-8","page","type-page","status-publish","hentry","post"],"_links":{"self":[{"href":"https:\/\/filo.unt.edu.ar\/programa-mejora\/wp-json\/wp\/v2\/pages\/8","targetHints":{"allow":["GET"]}}],"collection":[{"href":"https:\/\/filo.unt.edu.ar\/programa-mejora\/wp-json\/wp\/v2\/pages"}],"about":[{"href":"https:\/\/filo.unt.edu.ar\/programa-mejora\/wp-json\/wp\/v2\/types\/page"}],"author":[{"embeddable":true,"href":"https:\/\/filo.unt.edu.ar\/programa-mejora\/wp-json\/wp\/v2\/users\/1"}],"replies":[{"embeddable":true,"href":"https:\/\/filo.unt.edu.ar\/programa-mejora\/wp-json\/wp\/v2\/comments?post=8"}],"version-history":[{"count":17,"href":"https:\/\/filo.unt.edu.ar\/programa-mejora\/wp-json\/wp\/v2\/pages\/8\/revisions"}],"predecessor-version":[{"id":147,"href":"https:\/\/filo.unt.edu.ar\/programa-mejora\/wp-json\/wp\/v2\/pages\/8\/revisions\/147"}],"wp:attachment":[{"href":"https:\/\/filo.unt.edu.ar\/programa-mejora\/wp-json\/wp\/v2\/media?parent=8"}],"curies":[{"name":"wp","href":"https:\/\/api.w.org\/{rel}","templated":true}]}}