{"id":52,"date":"2022-06-12T21:05:30","date_gmt":"2022-06-13T00:05:30","guid":{"rendered":"http:\/\/filo.unt.edu.ar\/programa-mejora\/?page_id=52"},"modified":"2023-04-17T19:40:31","modified_gmt":"2023-04-17T22:40:31","slug":"el-programa","status":"publish","type":"page","link":"https:\/\/filo.unt.edu.ar\/programa-mejora\/","title":{"rendered":"El programa"},"content":{"rendered":"<div id=\"pl-52\"  class=\"panel-layout\" ><div id=\"pg-52-0\"  class=\"panel-grid panel-no-style\" ><div id=\"pgc-52-0-0\"  class=\"panel-grid-cell\" ><div id=\"panel-52-0-0-0\" class=\"so-panel widget widget_black-studio-tinymce widget_black_studio_tinymce panel-first-child panel-last-child\" data-index=\"0\" ><div class=\"textwidget\"><p style=\"text-align: left;\">El presente Programa constituye una propuesta que recupera y se nutre de un conjunto de toma de decisiones y acciones para el acompa\u00f1amiento a la docencia y al estudiantado, que vienen despleg\u00e1ndose en la pol\u00edtica de gesti\u00f3n de la <strong>Facultad de Filosof\u00eda y Letras de la Universidad Nacional de Tucum\u00e1n<\/strong> en los \u00faltimos 8 a\u00f1os, sin embargo, la pandemia, por su car\u00e1cter in\u00e9dito, ha sido un punto de inflexi\u00f3n, que ha impuesto desaf\u00edos de dimensiones considerables a todas las instituciones educativas, demandando respuestas inmediatas pero que precisaban al mismo\u00a0tiempo ser pensadas desde abordajes integrales a mediano y largo plazo. Los modos de resolver la continuidad acad\u00e9mica en situaciones de no presencialidad provocaron nuevos interrogantes, problem\u00e1ticas y retos que nuestra facultad supo atender reconociendo la fortaleza de sus condiciones pol\u00edticas e institucionales para garantizar el derecho a la educaci\u00f3n de los\/as estudiantes y la de trabajar de sus docentes, siempre bajo los principios de inclusi\u00f3n y gratuidad.<\/p>\n<p style=\"text-align: left;\">Sin lugar a dudas, la virtualizaci\u00f3n de emergencia para sostener las actividades acad\u00e9micas sin la presencia f\u00edsica de docentes y estudiantes en los espacios habituales, fue develando entre diversas cuestiones y espec\u00edficamente del orden pedag\u00f3gico, la disparidad entre la docencia respecto al manejo de herramientas tecnol\u00f3gicas y estrategias de ense\u00f1anza mediada por la tecnolog\u00eda y las diferencias en la poblaci\u00f3n estudiantil en relaci\u00f3n al acceso a los recursos tecnol\u00f3gicos y a la conexi\u00f3n a internet pero tambi\u00e9n a los usos que de estos se hac\u00edan con fines de estudio y aprendizajes sistem\u00e1ticos. No obstante, la poblaci\u00f3n estudiantil (no sin dificultades) se vio incrementada num\u00e9ricamente, revelando as\u00ed otro aspecto en este proceso de virtualizaci\u00f3n, la oportunidad de iniciar y retomar los estudios superiores por parte de un alumnado que trabaja y\/o tiene a su cargo responsabilidades de \u00edndole familiar, rasgos que desde hace d\u00e9cadas caracteriza al estudiantado de nuestras universidades y que muchas veces han sido indicadores de desigualdad que marcan a las trayectorias educativas discontinuas. Este cuadro de situaci\u00f3n fue desafiando a un aliado clave: la docencia, ya que la mayor\u00eda de los\/as profesores\/as tuvieron que generar sus propios aprendizajes para trabajar en entornos virtuales y, a la vez, fueron los\/as responsables de ense\u00f1ar a sus estudiantes a manejarse y a aprender en ese espacio; una muestra de responsabilidad \u00e9tica pedag\u00f3gica bajo una perspectiva pol\u00edtica de cuidado.<\/p>\n<p style=\"text-align: left;\">Luego de dos a\u00f1os, el contexto, inaugura la posibilidad de habitar las instituciones educativas a partir de la idea de un regreso pleno a la presencialidad que ineludiblemente requiere abrir l\u00edneas de an\u00e1lisis acerca de lo realizado durante los \u00faltimos ciclos acad\u00e9micos, repensar decisiones y definir acciones que permitan organizar la vida acad\u00e9mica atendiendo al actual escenario a transitar. Decisi\u00f3n de orden pol\u00edtico institucional que requiere envestir a nuestra facultad con un sentido de habitabilidad, donde sea posible construir lazos entre los\/as actores\/as institucionales que hagan visible\u00a0y atiendan un conjunto de dimensiones interrelacionadas que hacen a la vida universitaria en com\u00fan.<\/p>\n<p style=\"text-align: left;\">Con estos sentidos, el actual programa se constituye como un instrumento de intervenci\u00f3n que analiza la dimensi\u00f3n de la trama institucional y asume el desaf\u00edo de garantizar un espacio de formaci\u00f3n, capacitaci\u00f3n y debate respecto a las condiciones institucionales que dan viabilidad al desarrollo acad\u00e9mico de las tareas de ense\u00f1anza y de los aprendizajes en clave pol\u00edtico pedag\u00f3gica inclusiva y de retenci\u00f3n, puesto que la discusi\u00f3n no es presencialidad o virtualidad, es presencialidad y virtualidad para recuperar todo lo que sabemos que es necesario y que es absolutamente irremplazable del encuentro presencial, pero que demanda ser creativos para tomar aquello que la virtualidad trajo y que nos permite hoy derrumbar fronteras que tradicionalmente fueron un obst\u00e1culo para el acceso a la educaci\u00f3n superior y al derecho a la educaci\u00f3n.<\/p>\n<p style=\"text-align: left;\"><strong>Objetivos generales del Programa Institucional de mejora y fortalecimiento<\/strong><\/p>\n<ul>\n<li style=\"text-align: left;\">Analizar reflexiva y cr\u00edticamente las adecuaciones de la modalidad pedag\u00f3gica desarrollada<br \/>\ndurante el per\u00edodo 2020-2021 atendiendo principalmente a: alojar en la masividad, promover la afiliaci\u00f3n institucional, la permanencia y el egreso.<\/li>\n<li style=\"text-align: left;\">Estimular el desarrollo de proyectos institucionales que promuevan la coordinaci\u00f3n y articulaci\u00f3n de acciones que atiendan a la poblaci\u00f3n estudiantil y docente tanto en el acompa-<br \/>\n\u00f1amiento de las trayectorias educativas (ingreso y re vinculaci\u00f3n) como en el fortalecimiento de la formaci\u00f3n pedag\u00f3gico-did\u00e1ctica.<\/li>\n<li style=\"text-align: left;\">Promover espacios de formaci\u00f3n espec\u00edficos de grado y posgrado y talleres para recuperar<br \/>\ny conceptualizar las experiencias vividas que problematicen el escenario pedag\u00f3gico did\u00e1ctico actual que atraviesa la docencia universitaria<\/li>\n<\/ul>\n<p style=\"text-align: left;\"><span style=\"color: #ff0000;\"><strong>Destinatarios<\/strong><\/span><\/p>\n<ul>\n<li style=\"text-align: left;\">Docentes de todos los estamentos, estudiantes y graduados\/as incorporados\/as en el <a href=\"http:\/\/filo.unt.edu.ar\/iniciacion-docencia\/\" target=\"_blank\" rel=\"noopener\">Programa de Iniciaci\u00f3n a la Docencia de todas las carreras de la Facultad de Filosof\u00eda y Letras de la UNT.<\/a><\/li>\n<\/ul>\n<p style=\"text-align: left;\"><span style=\"color: #ff0000;\"><strong>Caracter\u00edsticas de las acciones a desarrollar en el marco del Programa<\/strong><\/span><\/p>\n<p style=\"text-align: left;\">a) Gratuitas para la comunidad educativa de la Facultad de Filosof\u00eda y Letras.<\/p>\n<p style=\"text-align: left;\">b) Modalidad presencial y virtual (sincr\u00f3nicas y asincr\u00f3nicas)<\/p>\n<p style=\"text-align: left;\">c) Cronograma general de actividades de formaci\u00f3n y acompa\u00f1amiento entre marzo y diciembre 2022<\/p>\n<p style=\"text-align: left;\"><span style=\"color: #ff0000;\"><strong>L\u00edneas de acci\u00f3n del Programa Institucional de mejora y fortalecimiento<\/strong><\/span><\/p>\n<p style=\"text-align: left;\">El contexto actual, que puede considerarse de post-pandemia plantea desaf\u00edos multidimensionales, tanto pol\u00edticos, sociales, culturales, comunicacionales, pedag\u00f3gicos, did\u00e1cticos, cognitivos y tecnol\u00f3gicos en los cuales hay rasgos centrales que debieran analizarse para comprender algunas tendencias en relaci\u00f3n con las mutaciones vinculadas con los aprendizajes, con la delimitaci\u00f3n de \u201cnuevos problemas\u201d que la virtualidad puso en escena y los desaf\u00edos para la ense\u00f1anza universitaria, donde una constante es la creciente masificaci\u00f3n de la educaci\u00f3n superior y la emergencia de nuevos perfiles de estudiantes universitarios\/as.<\/p>\n<p style=\"text-align: left;\">Entendiendo que no es la modalidad (presencial o virtual) la que garantiza los resultados de un dispositivo que se planee sino la perspectiva que este asuma y cuya ejecuci\u00f3n sea coherente con sus prop\u00f3sitos y acciones, es que los dos Proyectos que componen el Programa Institucional se dirigen a propender con sus l\u00edneas de abordajes te\u00f3rico pr\u00e1cticas el acceso universal, la permanencia y el egreso de los\/as estudiantes y la formaci\u00f3n pedag\u00f3gica y did\u00e1ctica de calidad para la docencia, donde la ense\u00f1anza y los aprendizajes, cada uno con sus especificidades, se articulen y encuentren<br \/>\npara desarrollar y fortalecer la calidad acad\u00e9mica institucional.<\/p>\n<p style=\"text-align: left;\"><a href=\"http:\/\/filo.unt.edu.ar\/programa-mejora\/docentes\/\">El Proyecto de Fortalecimiento y Mejora de la Ense\u00f1anza Universitaria<\/a> es la l\u00ednea de desarrollo del programa orientada a docentes con el objetivo principal de instrumentar acciones tendientes a fortalecer y mejorar la ense\u00f1anza desde una perspectiva de formaci\u00f3n continua y de calidad que contenga los temas contempor\u00e1neos de discusi\u00f3n.<\/p>\n<p style=\"text-align: left;\"><a href=\"http:\/\/filo.unt.edu.ar\/programa-mejora\/estudiantes\/\">El Proyecto de Revinculaci\u00f3n y Acompa\u00f1amiento a las Trayectorias Estudiantiles<\/a>, se constituye como la l\u00ednea de desarrollo del programa orientada a estudiantes y ser\u00e1 coordinado desde el Instituto de Orientaci\u00f3n Vocacional y Educativa (iOVE), en clave de derechos y en perspectiva institucional.<\/p>\n<p style=\"text-align: left;\">Ambos proyectos contemplan en sus diferentes instancias la participaci\u00f3n de Docentes, Estudiantes, C\u00e1tedras, Departamentos, Institutos, Equipo de Investigaci\u00f3n de la Facultad como la participaci\u00f3n de especialistas y actores\/as educativos\/as de otros \u00e1mbitos acad\u00e9micos.<\/p>\n<\/div><\/div><\/div><div id=\"pgc-52-0-1\"  class=\"panel-grid-cell\" ><div id=\"panel-52-0-1-0\" class=\"so-panel widget widget_black-studio-tinymce widget_black_studio_tinymce panel-first-child panel-last-child\" data-index=\"1\" ><div class=\"textwidget\"><h3 style=\"text-align: center;\">Ense\u00f1anza universitaria y experiencias educativas en pandemia<br \/>\nPr\u00e1cticas, reflexiones y desaf\u00edos<\/h3>\n<h3 style=\"text-align: center;\">Descargue el libro<\/h3>\n<p><a href=\"http:\/\/filo.unt.edu.ar\/programa-mejora\/publicacion\/\"><img loading=\"lazy\" decoding=\"async\" class=\"aligncenter wp-image-172 size-large\" src=\"http:\/\/filo.unt.edu.ar\/programa-mejora\/wp-content\/uploads\/sites\/104\/2023\/04\/tapa-ensenanza-universitaria-724x1024.png\" alt=\"\" width=\"720\" height=\"1018\" srcset=\"https:\/\/filo.unt.edu.ar\/programa-mejora\/wp-content\/uploads\/sites\/104\/2023\/04\/tapa-ensenanza-universitaria-724x1024.png 724w, https:\/\/filo.unt.edu.ar\/programa-mejora\/wp-content\/uploads\/sites\/104\/2023\/04\/tapa-ensenanza-universitaria-212x300.png 212w, https:\/\/filo.unt.edu.ar\/programa-mejora\/wp-content\/uploads\/sites\/104\/2023\/04\/tapa-ensenanza-universitaria-768x1086.png 768w, https:\/\/filo.unt.edu.ar\/programa-mejora\/wp-content\/uploads\/sites\/104\/2023\/04\/tapa-ensenanza-universitaria-1086x1536.png 1086w, https:\/\/filo.unt.edu.ar\/programa-mejora\/wp-content\/uploads\/sites\/104\/2023\/04\/tapa-ensenanza-universitaria-1448x2048.png 1448w, https:\/\/filo.unt.edu.ar\/programa-mejora\/wp-content\/uploads\/sites\/104\/2023\/04\/tapa-ensenanza-universitaria-1320x1867.png 1320w\" sizes=\"auto, (max-width: 720px) 100vw, 720px\" \/><\/a><\/p>\n<\/div><\/div><\/div><\/div><\/div>","protected":false},"excerpt":{"rendered":"<p>El presente Programa constituye una propuesta que recupera y se nutre de un conjunto de toma de decisiones y acciones para el acompa\u00f1amiento a la docencia y al estudiantado, que vienen despleg\u00e1ndose en la pol\u00edtica de gesti\u00f3n de la Facultad de Filosof\u00eda y Letras de la Universidad Nacional de Tucum\u00e1n en los \u00faltimos 8 a\u00f1os, [&hellip;]<\/p>\n","protected":false},"author":1,"featured_media":0,"parent":0,"menu_order":0,"comment_status":"closed","ping_status":"closed","template":"home-panels.php","meta":{"footnotes":""},"class_list":["post-52","page","type-page","status-publish","hentry","post"],"_links":{"self":[{"href":"https:\/\/filo.unt.edu.ar\/programa-mejora\/wp-json\/wp\/v2\/pages\/52","targetHints":{"allow":["GET"]}}],"collection":[{"href":"https:\/\/filo.unt.edu.ar\/programa-mejora\/wp-json\/wp\/v2\/pages"}],"about":[{"href":"https:\/\/filo.unt.edu.ar\/programa-mejora\/wp-json\/wp\/v2\/types\/page"}],"author":[{"embeddable":true,"href":"https:\/\/filo.unt.edu.ar\/programa-mejora\/wp-json\/wp\/v2\/users\/1"}],"replies":[{"embeddable":true,"href":"https:\/\/filo.unt.edu.ar\/programa-mejora\/wp-json\/wp\/v2\/comments?post=52"}],"version-history":[{"count":3,"href":"https:\/\/filo.unt.edu.ar\/programa-mejora\/wp-json\/wp\/v2\/pages\/52\/revisions"}],"predecessor-version":[{"id":90,"href":"https:\/\/filo.unt.edu.ar\/programa-mejora\/wp-json\/wp\/v2\/pages\/52\/revisions\/90"}],"wp:attachment":[{"href":"https:\/\/filo.unt.edu.ar\/programa-mejora\/wp-json\/wp\/v2\/media?parent=52"}],"curies":[{"name":"wp","href":"https:\/\/api.w.org\/{rel}","templated":true}]}}