{"id":50,"date":"2022-06-12T20:46:29","date_gmt":"2022-06-12T23:46:29","guid":{"rendered":"http:\/\/filo.unt.edu.ar\/programa-mejora\/?page_id=50"},"modified":"2022-06-13T12:10:06","modified_gmt":"2022-06-13T15:10:06","slug":"coordinacion","status":"publish","type":"page","link":"https:\/\/filo.unt.edu.ar\/programa-mejora\/coordinacion\/","title":{"rendered":"Coordinaci\u00f3n"},"content":{"rendered":"<div id=\"pl-50\"  class=\"panel-layout\" ><div id=\"pg-50-0\"  class=\"panel-grid panel-no-style\" ><div id=\"pgc-50-0-0\"  class=\"panel-grid-cell\" ><div id=\"panel-50-0-0-0\" class=\"so-panel widget widget_black-studio-tinymce widget_black_studio_tinymce panel-first-child panel-last-child\" data-index=\"0\" ><div class=\"textwidget\"><p><strong>COORDINACI\u00d3N del PROGRAMA\u00a0<\/strong>\u00a0Prof. Melina Lazarte Bader<\/p>\n<p><strong>Proyecto de Fortalecimiento y Mejora de la Ense\u00f1anza Universitaria<\/strong> Prof. Mar\u00eda Fernanda Hidalgo<\/p>\n<p><strong>Proyecto Revinculaci\u00f3n y Acompa\u00f1amiento a las Trayectorias Estudiantiles<\/strong> Lic. Viviana Reyes<\/p>\n<p>&nbsp;<\/p>\n<hr \/>\n<p>AUTORIDADES DE LA FACULTAD DE FILOSOF\u00cdA Y LETRAS-UNT<\/p>\n<p><strong>DECANA<\/strong> Dra. Mercedes Leal,<\/p>\n<p><strong>VICEDECANO<\/strong> Santiago Rex Bliss<\/p>\n<p><strong>SECRETARIA ACAD\u00c9MICA<\/strong> N\u00e9lida Sibaldi<\/p>\n<p><strong>COORDINACI\u00d3N Y FORTALECIMIENTO DEL GRADO<\/strong> Mg. Graciela Yacuzzi<\/p>\n<p><strong>SECRETARIA DE POSGRADO E INVESTIGACI\u00d3N<\/strong> Norma Ben Altabef<\/p>\n<p><strong>SECRETARIA DE EXTENSI\u00d3N<\/strong> Julia Salda\u00f1o<\/p>\n<\/div><\/div><\/div><\/div><\/div>","protected":false},"excerpt":{"rendered":"<p>COORDINACI\u00d3N del PROGRAMA\u00a0\u00a0Prof. Melina Lazarte Bader Proyecto de Fortalecimiento y Mejora de la Ense\u00f1anza Universitaria Prof. Mar\u00eda Fernanda Hidalgo Proyecto Revinculaci\u00f3n y Acompa\u00f1amiento a las Trayectorias Estudiantiles Lic. Viviana Reyes &nbsp; AUTORIDADES DE LA FACULTAD DE FILOSOF\u00cdA Y LETRAS-UNT DECANA Dra. Mercedes Leal, VICEDECANO Santiago Rex Bliss SECRETARIA ACAD\u00c9MICA N\u00e9lida Sibaldi COORDINACI\u00d3N Y FORTALECIMIENTO DEL [&hellip;]<\/p>\n","protected":false},"author":1,"featured_media":0,"parent":0,"menu_order":0,"comment_status":"closed","ping_status":"closed","template":"","meta":{"footnotes":""},"class_list":["post-50","page","type-page","status-publish","hentry","post"],"_links":{"self":[{"href":"https:\/\/filo.unt.edu.ar\/programa-mejora\/wp-json\/wp\/v2\/pages\/50","targetHints":{"allow":["GET"]}}],"collection":[{"href":"https:\/\/filo.unt.edu.ar\/programa-mejora\/wp-json\/wp\/v2\/pages"}],"about":[{"href":"https:\/\/filo.unt.edu.ar\/programa-mejora\/wp-json\/wp\/v2\/types\/page"}],"author":[{"embeddable":true,"href":"https:\/\/filo.unt.edu.ar\/programa-mejora\/wp-json\/wp\/v2\/users\/1"}],"replies":[{"embeddable":true,"href":"https:\/\/filo.unt.edu.ar\/programa-mejora\/wp-json\/wp\/v2\/comments?post=50"}],"version-history":[{"count":2,"href":"https:\/\/filo.unt.edu.ar\/programa-mejora\/wp-json\/wp\/v2\/pages\/50\/revisions"}],"predecessor-version":[{"id":106,"href":"https:\/\/filo.unt.edu.ar\/programa-mejora\/wp-json\/wp\/v2\/pages\/50\/revisions\/106"}],"wp:attachment":[{"href":"https:\/\/filo.unt.edu.ar\/programa-mejora\/wp-json\/wp\/v2\/media?parent=50"}],"curies":[{"name":"wp","href":"https:\/\/api.w.org\/{rel}","templated":true}]}}