{"id":131,"date":"2022-06-16T12:28:49","date_gmt":"2022-06-16T15:28:49","guid":{"rendered":"http:\/\/filo.unt.edu.ar\/programa-mejora\/?page_id=131"},"modified":"2023-04-20T17:42:41","modified_gmt":"2023-04-20T20:42:41","slug":"publicacion","status":"publish","type":"page","link":"https:\/\/filo.unt.edu.ar\/programa-mejora\/publicacion\/","title":{"rendered":"Publicaci\u00f3n"},"content":{"rendered":"<div id=\"pl-131\"  class=\"panel-layout\" ><div id=\"pg-131-0\"  class=\"panel-grid panel-no-style\" ><div id=\"pgc-131-0-0\"  class=\"panel-grid-cell\" ><div id=\"panel-131-0-0-0\" class=\"so-panel widget widget_black-studio-tinymce widget_black_studio_tinymce panel-first-child\" data-index=\"0\" ><div class=\"panel-widget-style panel-widget-style-for-131-0-0-0\" ><div class=\"textwidget\"><h2 style=\"text-align: left;\">Ense\u00f1anza universitaria y experiencias educativas en pandemia<br \/>\nPr\u00e1cticas, reflexiones y desaf\u00edos<\/h2>\n<p style=\"text-align: left;\">Coordinaci\u00f3n Editorial: Chaya, Jorgelina; Scanavino, Lisa<\/p>\n<p style=\"text-align: left;\">Equipo Editorial:<\/p>\n<p style=\"text-align: left;\">Amira Victoria C\u00f3rdoba, Silvina Douglas, Alejandro Llanes Campi, Victoria L\u00f3pez Vera, Esther Ang\u00e9lica Lopez, Susana Noem\u00ed Molina, Carla Mar\u00eda Mora Augier, Marta Edith Moya, Denisse Oliszewski, Mar\u00eda Bel\u00e9n Romano, Paula Storni, Diego Esteban Toscano<\/p>\n<p style=\"text-align: left;\">ISBN 978-987-754-213-4<\/p>\n<p>&nbsp;<\/p>\n<p style=\"text-align: left;\">Este libro recoge experiencias pedag\u00f3gicas expuestas en el marco de las jornadas de intercambio y socializaci\u00f3n <strong>\"Repensar y construir experiencias educativas en Filosof\u00eda y Letras: logros y retos en contextos emergentes\"<\/strong> que se desarrollaron en la Facultad de Filosof\u00eda y Letras de la Universidad Nacional de Tucum\u00e1n el d\u00eda 29 de marzo de 2022.<\/p>\n<p style=\"text-align: left;\">Los y las autoras relatan las experiencias did\u00e1cticas de adecuaci\u00f3n, las estrategias empleadas y las metodolog\u00edas de trabajo utilizadas en el contexto de aislamiento durante la pandemia por Covid-19 durante el a\u00f1o 2020.<\/p>\n<p style=\"text-align: left;\">Esta publicaci\u00f3n forma parte de las acciones desarrolladas en el<strong> Programa Institucional de mejora y fortalecimiento de la ense\u00f1anza y las trayectorias educativas que impulsa la gesti\u00f3n de la Facultad de Filosof\u00eda y Letras- UNT<\/strong><\/p>\n<h3><a href=\"https:\/\/drive.google.com\/file\/d\/1GGgkGs5_SWVv6Krr2QsHtL6C9trPhIn-\/view?usp=share_link\" target=\"_blank\" rel=\"noopener\">\u2192 Descargue el libro<\/a><\/h3>\n<\/div><\/div><\/div><div id=\"panel-131-0-0-1\" class=\"so-panel widget widget_black-studio-tinymce widget_black_studio_tinymce panel-last-child\" data-index=\"1\" ><div class=\"panel-widget-style panel-widget-style-for-131-0-0-1\" ><div class=\"textwidget\"><p style=\"text-align: left;\">\u00cdNDICE<\/p>\n<p style=\"text-align: left;\">Pr\u00f3logo.<\/p>\n<p style=\"text-align: left;\">Un hecho social total. <strong>Sergio Robin<\/strong><\/p>\n<p style=\"text-align: left;\"><strong>CIENCIAS DE LA COMUNICACI\u00d3N<\/strong><\/p>\n<p style=\"text-align: left;\">La pr\u00e1ctica interpelada: la radio como objeto de estudio en pandemia<br \/>\n<strong>Mary Esther Gardella, Eva Fontdevila<\/strong><\/p>\n<p style=\"text-align: left;\">Repensando las relaciones entre cultura y comunicaci\u00f3n en el contexto de pandemia<br \/>\n<strong>Mar\u00eda Marta Luj\u00e1n, Paula Storni, Josefina Santill\u00e1n, Mariana Carl\u00e9s, Ilde Erlich, Mar\u00eda Jos\u00e9 Cisneros, Gabriel Torossi<\/strong><\/p>\n<p style=\"text-align: left;\">Experiencias con el uso de plataformas interactivas en los procesos de ense\u00f1anza y aprendizaje<br \/>\n<strong>Cosme A. Rocchio, Mar\u00eda Magdalena Godoy, Mar\u00eda Emilia Montenegro, Carla Marcela Arias Acu\u00f1a<\/strong><\/p>\n<p style=\"text-align: left;\">Experiencias did\u00e1cticas en pandemia: La semiosis social, de Eliseo Ver\u00f3n<br \/>\n<strong>Susan Sarem<\/strong><\/p>\n<p style=\"text-align: left;\"><strong>CIENCIAS DE LA EDUCACI\u00d3N<\/strong><\/p>\n<p style=\"text-align: left;\">El desaf\u00edo de sostener un proyecto pedag\u00f3gico en tiempos de pandemia<br \/>\n<strong>Marta Alicia Ju\u00e1rez, Brenda Jimena Coria Mu\u00f1oz<\/strong><\/p>\n<p style=\"text-align: left;\">La modularizaci\u00f3n curricular: An\u00e1lisis cuali-cuanti de la experiencia pedag\u00f3gica desarrollada en el \u00faltimo bienio por la c\u00e1tedra de Historia General de la Educaci\u00f3n y de la Pedagog\u00eda<br \/>\n<strong>Daniel E. Y\u00e9pez, Elizabeth Jaimes, Susana Barros, Emmanuel Montivero<\/strong><\/p>\n<p style=\"text-align: left;\">2020, Pandemia: educaci\u00f3n virtual y toma de decisiones<br \/>\n<strong>Daniel Jim\u00e9nez, Fernanda Vicente<\/strong><\/p>\n<p style=\"text-align: left;\">PUENTE de presencias en la virtualidad: acompa\u00f1ar acompa\u00f1\u00e1ndonos<br \/>\n<strong>Juli\u00e1n Ar\u00e1oz, Luc\u00eda Mar\u00eda Silva<\/strong><\/p>\n<p style=\"text-align: left;\">La formaci\u00f3n en investigaci\u00f3n educativa desde el trabajo colaborativo entre estudiantes universitarios: procesos significativos configurados en instancias sincr\u00f3nicas y asincr\u00f3nicas<br \/>\n<strong>Claudia Ferreiro, N\u00e9stor Amado<\/strong><\/p>\n<p style=\"text-align: left;\">El uso pedag\u00f3gico de Facebook como entorno potencialmente educativo Una aproximaci\u00f3n desde la experiencia en la c\u00e1tedra: La instituci\u00f3n y sus organizaciones en Educaci\u00f3n durante el contexto de pandemia<br \/>\n<strong>Karen Bohmer, Mar\u00eda Bel\u00e9n Rodr\u00edguez<\/strong><\/p>\n<p style=\"text-align: left;\">Formaci\u00f3n acad\u00e9mica y Movilidad estudiantil: aprendizajes, trayectorias y contextos educativos virtuales. Experiencia de la movilidad virtual estudiantil en dos universidades mexicanas, 2021<br \/>\n<strong>Alexis Maximiliano Paz<\/strong><\/p>\n<p style=\"text-align: left;\">Dispositivos de acompa\u00f1amiento a las trayectorias escolares en el contexto de emergencia: se hizo camino al andar<br \/>\n<strong>Eleonora Quiroga Curia, Mar\u00eda Elena Del R\u00edo, Guillermo Fernando Medina<\/strong><\/p>\n<p style=\"text-align: left;\">El conversatorio como estrategia de evaluaci\u00f3n en la c\u00e1tedra Tecnolog\u00eda Educativa<br \/>\n<strong>Mar\u00eda Fernanda Hidalgo, Nancy Victoria R\u00edos<\/strong><\/p>\n<p style=\"text-align: left;\">La tutor\u00eda virtual como estrategia de acompa\u00f1amiento a las trayectorias de estudiantes universitarios. Experiencia de la c\u00e1tedra \u201cTeor\u00edas del Aprendizaje\u201d FFyL UNT<br \/>\n<strong>Gladys Caram, Ma. Silvina Bordier, Viviana D\u00edaz, Ivana Sotelo<\/strong>.<\/p>\n<p style=\"text-align: left;\"><strong>FORMACI\u00d3N PEDAG\u00d3GICA<\/strong><\/p>\n<p style=\"text-align: left;\">Experiencias compartidas entre docentes y residentes universitarixs: las pr\u00e1cticas de ense\u00f1anza en contexto de pandemia<br \/>\n<strong>Santiago Barrionuevo Salas, Agustina Liz Dibi, Diego Alberto Sierra, Silvina Fernanda Vaca Oviedo<\/strong><\/p>\n<p style=\"text-align: left;\">Leer y escribir en condiciones in\u00e9ditas<br \/>\n<strong>Sonia Saracho, Alejandro Llanes Campi, Jorgelina Chaya, Silvana Medina, Ludmila Rogala Salazar<\/strong><\/p>\n<p style=\"text-align: left;\">Irrupci\u00f3n de la pandemia por covid \u2013 19 e impactos subjetivos: reflexiones sobre la implementaci\u00f3n de estrategias educativas dentro de contextos virtuales<br \/>\n<strong>Mariana Alejandra S\u00e1nchez<\/strong><\/p>\n<p style=\"text-align: left;\"><strong>FRANC\u00c9S<\/strong><\/p>\n<p style=\"text-align: left;\">Estrategias, acciones y metodolog\u00edas implementadas en contexto de pandemia con estudiantes universitarios en relaci\u00f3n con las TICs<br \/>\n<strong>Mar\u00eda Julia Pourrieux<\/strong><\/p>\n<p style=\"text-align: left;\"><strong>HISTORIA<\/strong><br \/>\nLas clases de consulta de Historia Social General de la UNT como espacio de contenci\u00f3n para el estudiantado durante el ASPO<br \/>\n<strong>Pablo Dar\u00edo Arjona Iba\u00f1ez, Emilse Marteau<\/strong><\/p>\n<p style=\"text-align: left;\">IDIOMAS MODERNOS<br \/>\nTodos los caminos conducen a Roma: ense\u00f1ar y aprender italiano en tiempos de pandemia<br \/>\n<strong>Elena Acevedo de Bomba, Natalia Ferro Sardi, Eliana Leonor Vera, Mar\u00eda del Carmen Pil\u00e1n, Adriana Guadalupe Lucero<\/strong><\/p>\n<p style=\"text-align: left;\"><strong>INGL\u00c9S<\/strong><br \/>\nAspectos destacados del proceso de transformaci\u00f3n pedag\u00f3gica digital en la c\u00e1tedra de Fon\u00e9tica Inglesa III<br \/>\n<strong>Ricardo Javier Palma, Irma Carolina Sarverry Galo<\/strong><\/p>\n<p style=\"text-align: left;\"><strong>LETRAS<\/strong><br \/>\nDe crisis, migrancias y proyecciones<br \/>\n<strong>Ana Ver\u00f3nica Juliano, Exequiel Svetliza, Pamela Anahi Arias, Tamara Mikus<\/strong><\/p>\n<p style=\"text-align: left;\">Investigar para escribir y escribir para producir conocimiento en tres asignaturas del \u00e1rea ling\u00fc\u00edstica del Departamento de Letras. Experiencias en contextos presencial, virtual y de modalidad dual<br \/>\n<strong>Ana Ver\u00f3nica Juliano, Exequiel Svetliza, Pamela Anahi Arias, Tamara Mikus<\/strong><\/p>\n<p style=\"text-align: left;\"><strong>\u00cdNDICE DE AUTORAS Y AUTORES<\/strong><\/p>\n<p>&nbsp;<\/p>\n<h3><a href=\"https:\/\/drive.google.com\/file\/d\/1GGgkGs5_SWVv6Krr2QsHtL6C9trPhIn-\/view?usp=share_link\" target=\"_blank\" rel=\"noopener\">\u2192 Descargue el libro<\/a><\/h3>\n<\/div><\/div><\/div><\/div><\/div><div id=\"pg-131-1\"  class=\"panel-grid panel-no-style\" ><div id=\"pgc-131-1-0\"  class=\"panel-grid-cell\" ><div id=\"panel-131-1-0-0\" class=\"so-panel widget widget_black-studio-tinymce widget_black_studio_tinymce panel-first-child panel-last-child\" data-index=\"2\" ><div class=\"panel-widget-style panel-widget-style-for-131-1-0-0\" ><div class=\"textwidget\"><p><a href=\"https:\/\/drive.google.com\/file\/d\/1GGgkGs5_SWVv6Krr2QsHtL6C9trPhIn-\/view?usp=share_link\" target=\"_blank\" rel=\"noopener\"><img loading=\"lazy\" decoding=\"async\" class=\"aligncenter wp-image-172 size-large\" src=\"http:\/\/filo.unt.edu.ar\/programa-mejora\/wp-content\/uploads\/sites\/104\/2023\/04\/tapa-ensenanza-universitaria-724x1024.png\" alt=\"\" width=\"720\" height=\"1018\" srcset=\"https:\/\/filo.unt.edu.ar\/programa-mejora\/wp-content\/uploads\/sites\/104\/2023\/04\/tapa-ensenanza-universitaria-724x1024.png 724w, https:\/\/filo.unt.edu.ar\/programa-mejora\/wp-content\/uploads\/sites\/104\/2023\/04\/tapa-ensenanza-universitaria-212x300.png 212w, https:\/\/filo.unt.edu.ar\/programa-mejora\/wp-content\/uploads\/sites\/104\/2023\/04\/tapa-ensenanza-universitaria-768x1086.png 768w, https:\/\/filo.unt.edu.ar\/programa-mejora\/wp-content\/uploads\/sites\/104\/2023\/04\/tapa-ensenanza-universitaria-1086x1536.png 1086w, https:\/\/filo.unt.edu.ar\/programa-mejora\/wp-content\/uploads\/sites\/104\/2023\/04\/tapa-ensenanza-universitaria-1448x2048.png 1448w, https:\/\/filo.unt.edu.ar\/programa-mejora\/wp-content\/uploads\/sites\/104\/2023\/04\/tapa-ensenanza-universitaria-1320x1867.png 1320w\" sizes=\"auto, (max-width: 720px) 100vw, 720px\" \/><\/a><\/p>\n<\/div><\/div><\/div><\/div><div id=\"pgc-131-1-1\"  class=\"panel-grid-cell\" ><div id=\"panel-131-1-1-0\" class=\"so-panel widget widget_black-studio-tinymce widget_black_studio_tinymce panel-first-child panel-last-child\" data-index=\"3\" ><div class=\"panel-widget-style panel-widget-style-for-131-1-1-0\" ><div class=\"textwidget\"><p><a href=\"https:\/\/drive.google.com\/file\/d\/1GGgkGs5_SWVv6Krr2QsHtL6C9trPhIn-\/view?usp=share_link\" target=\"_blank\" rel=\"noopener\"><img loading=\"lazy\" decoding=\"async\" class=\"aligncenter wp-image-177 size-large\" src=\"http:\/\/filo.unt.edu.ar\/programa-mejora\/wp-content\/uploads\/sites\/104\/2023\/04\/contratapa-ensenanza-universitaria-724x1024.png\" alt=\"\" width=\"720\" height=\"1018\" srcset=\"https:\/\/filo.unt.edu.ar\/programa-mejora\/wp-content\/uploads\/sites\/104\/2023\/04\/contratapa-ensenanza-universitaria-724x1024.png 724w, https:\/\/filo.unt.edu.ar\/programa-mejora\/wp-content\/uploads\/sites\/104\/2023\/04\/contratapa-ensenanza-universitaria-212x300.png 212w, https:\/\/filo.unt.edu.ar\/programa-mejora\/wp-content\/uploads\/sites\/104\/2023\/04\/contratapa-ensenanza-universitaria-768x1086.png 768w, https:\/\/filo.unt.edu.ar\/programa-mejora\/wp-content\/uploads\/sites\/104\/2023\/04\/contratapa-ensenanza-universitaria-1086x1536.png 1086w, https:\/\/filo.unt.edu.ar\/programa-mejora\/wp-content\/uploads\/sites\/104\/2023\/04\/contratapa-ensenanza-universitaria-1448x2048.png 1448w, https:\/\/filo.unt.edu.ar\/programa-mejora\/wp-content\/uploads\/sites\/104\/2023\/04\/contratapa-ensenanza-universitaria-1320x1867.png 1320w\" sizes=\"auto, (max-width: 720px) 100vw, 720px\" \/><\/a><\/p>\n<\/div><\/div><\/div><\/div><\/div><\/div>","protected":false},"excerpt":{"rendered":"<p>Ense\u00f1anza universitaria y experiencias educativas en pandemia Pr\u00e1cticas, reflexiones y desaf\u00edos Coordinaci\u00f3n Editorial: Chaya, Jorgelina; Scanavino, Lisa Equipo Editorial: Amira Victoria C\u00f3rdoba, Silvina Douglas, Alejandro Llanes Campi, Victoria L\u00f3pez Vera, Esther Ang\u00e9lica Lopez, Susana Noem\u00ed Molina, Carla Mar\u00eda Mora Augier, Marta Edith Moya, Denisse Oliszewski, Mar\u00eda Bel\u00e9n Romano, Paula Storni, Diego Esteban Toscano ISBN 978-987-754-213-4 [&hellip;]<\/p>\n","protected":false},"author":1,"featured_media":0,"parent":0,"menu_order":0,"comment_status":"closed","ping_status":"closed","template":"","meta":{"footnotes":""},"class_list":["post-131","page","type-page","status-publish","hentry","post"],"_links":{"self":[{"href":"https:\/\/filo.unt.edu.ar\/programa-mejora\/wp-json\/wp\/v2\/pages\/131","targetHints":{"allow":["GET"]}}],"collection":[{"href":"https:\/\/filo.unt.edu.ar\/programa-mejora\/wp-json\/wp\/v2\/pages"}],"about":[{"href":"https:\/\/filo.unt.edu.ar\/programa-mejora\/wp-json\/wp\/v2\/types\/page"}],"author":[{"embeddable":true,"href":"https:\/\/filo.unt.edu.ar\/programa-mejora\/wp-json\/wp\/v2\/users\/1"}],"replies":[{"embeddable":true,"href":"https:\/\/filo.unt.edu.ar\/programa-mejora\/wp-json\/wp\/v2\/comments?post=131"}],"version-history":[{"count":17,"href":"https:\/\/filo.unt.edu.ar\/programa-mejora\/wp-json\/wp\/v2\/pages\/131\/revisions"}],"predecessor-version":[{"id":187,"href":"https:\/\/filo.unt.edu.ar\/programa-mejora\/wp-json\/wp\/v2\/pages\/131\/revisions\/187"}],"wp:attachment":[{"href":"https:\/\/filo.unt.edu.ar\/programa-mejora\/wp-json\/wp\/v2\/media?parent=131"}],"curies":[{"name":"wp","href":"https:\/\/api.w.org\/{rel}","templated":true}]}}