{"id":8,"date":"2025-08-28T08:14:04","date_gmt":"2025-08-28T11:14:04","guid":{"rendered":"https:\/\/filo.unt.edu.ar\/observatorio-ia\/?page_id=8"},"modified":"2025-10-16T12:46:55","modified_gmt":"2025-10-16T15:46:55","slug":"presentacion","status":"publish","type":"page","link":"https:\/\/filo.unt.edu.ar\/observatorio-ia\/","title":{"rendered":"Presentaci\u00f3n"},"content":{"rendered":"<div id=\"pl-8\"  class=\"panel-layout\" ><div id=\"pg-8-0\"  class=\"panel-grid panel-no-style\" ><div id=\"pgc-8-0-0\"  class=\"panel-grid-cell\" ><div id=\"panel-8-0-0-0\" class=\"so-panel widget widget_sow-editor panel-first-child panel-last-child\" data-index=\"0\" ><div\n\t\t\t\n\t\t\tclass=\"so-widget-sow-editor so-widget-sow-editor-base\"\n\t\t\t\n\t\t>\n<div class=\"siteorigin-widget-tinymce textwidget\">\n\t<p style=\"text-align: left;\">La irrupci\u00f3n de la Inteligencia Artificial (IA) est\u00e1 transformando radicalmente nuestras sociedades, y afecta transversalmente m\u00faltiples \u00e1reas tales como la educaci\u00f3n, la comunicaci\u00f3n, la cultura, la producci\u00f3n del conocimiento y las pr\u00e1cticas ling\u00fc\u00edsticas. Las Facultades de Humanidades y Ciencias Sociales se enfrentan al desaf\u00edo y la oportunidad de asumir un rol protag\u00f3nico en la interpretaci\u00f3n, el an\u00e1lisis cr\u00edtico y la aplicaci\u00f3n \u00e9tica e innovadora de estas tecnolog\u00edas.<\/p>\n<p style=\"text-align: left;\">La creaci\u00f3n de un espacio de I+D+i en IA orientada, desde las ciencias sociales y las humanidades, permitir\u00e1 no solo formar profesionales con competencias actualizadas para el uso reflexivo y responsable de estas tecnolog\u00edas emergentes, sino tambi\u00e9n generar conocimiento original desde perspectivas interdisciplinarias que fortalezcan la soberan\u00eda tecnol\u00f3gica, la justicia epist\u00e9mica y el pensamiento cr\u00edtico.<\/p>\n<\/div>\n<\/div><\/div><\/div><\/div><div id=\"pg-8-1\"  class=\"panel-grid panel-no-style\" ><div id=\"pgc-8-1-0\"  class=\"panel-grid-cell\" ><div id=\"panel-8-1-0-0\" class=\"so-panel widget widget_sow-editor panel-first-child panel-last-child\" data-index=\"1\" ><div class=\"panel-widget-style panel-widget-style-for-8-1-0-0\" ><div\n\t\t\t\n\t\t\tclass=\"so-widget-sow-editor so-widget-sow-editor-base\"\n\t\t\t\n\t\t>\n<div class=\"siteorigin-widget-tinymce textwidget\">\n\t<h2 style=\"text-align: left;\"><a href=\"https:\/\/filo.unt.edu.ar\/observatorio-ia\/que-hacemos\/\"><span style=\"color: #000080;\">Qu\u00e9 hacemos<\/span><\/a><\/h2>\n<\/div>\n<\/div><\/div><\/div><\/div><\/div><div id=\"pg-8-2\"  class=\"panel-grid panel-no-style\" ><div id=\"pgc-8-2-0\"  class=\"panel-grid-cell\" ><div id=\"panel-8-2-0-0\" class=\"so-panel widget widget_sow-editor panel-first-child panel-last-child\" data-index=\"2\" ><div class=\"so-rounded panel-widget-style panel-widget-style-for-8-2-0-0\" ><div\n\t\t\t\n\t\t\tclass=\"so-widget-sow-editor so-widget-sow-editor-base\"\n\t\t\t\n\t\t>\n<div class=\"siteorigin-widget-tinymce textwidget\">\n\t<h2 style=\"text-align: left;\"><span style=\"color: #000080;\"><strong>Investigaci\u00f3n aplicada<\/strong><\/span><\/h2>\n<p style=\"text-align: left;\">IA en di\u00e1logo con las Ciencias Sociales para comprender impactos, sesgos y oportunidades.<\/p>\n<p>&nbsp;<\/p>\n<\/div>\n<\/div><\/div><\/div><\/div><div id=\"pgc-8-2-1\"  class=\"panel-grid-cell\" ><div id=\"panel-8-2-1-0\" class=\"so-panel widget widget_sow-editor panel-first-child panel-last-child\" data-index=\"3\" ><div class=\"so-rounded panel-widget-style panel-widget-style-for-8-2-1-0\" ><div\n\t\t\t\n\t\t\tclass=\"so-widget-sow-editor so-widget-sow-editor-base\"\n\t\t\t\n\t\t>\n<div class=\"siteorigin-widget-tinymce textwidget\">\n\t<h2 style=\"text-align: left;\"><span style=\"color: #000080;\"><strong>Formaci\u00f3n y<br \/>\n<\/strong><\/span><span style=\"color: #000080;\"><strong>publicaciones<\/strong><\/span><\/h2>\n<p style=\"text-align: left;\">Diplomaturas, especializaciones y repositorio abierto de recursos acad\u00e9micos.<\/p>\n<p>&nbsp;<\/p>\n<\/div>\n<\/div><\/div><\/div><\/div><div id=\"pgc-8-2-2\"  class=\"panel-grid-cell\" ><div id=\"panel-8-2-2-0\" class=\"so-panel widget widget_sow-editor panel-first-child panel-last-child\" data-index=\"4\" ><div class=\"so-rounded panel-widget-style panel-widget-style-for-8-2-2-0\" ><div\n\t\t\t\n\t\t\tclass=\"so-widget-sow-editor so-widget-sow-editor-base\"\n\t\t\t\n\t\t>\n<div class=\"siteorigin-widget-tinymce textwidget\">\n\t<h2 style=\"text-align: left;\"><span style=\"color: #000080;\"><strong>Redes y<br \/>\ntransferencia<\/strong><\/span><\/h2>\n<p style=\"text-align: left;\">Vinculaci\u00f3n con instituciones y comunidades para la adopci\u00f3n responsable de IA.<\/p>\n<p>&nbsp;<\/p>\n<\/div>\n<\/div><\/div><\/div><\/div><\/div><div id=\"pg-8-3\"  class=\"panel-grid panel-no-style\" ><div id=\"pgc-8-3-0\"  class=\"panel-grid-cell\" ><div id=\"panel-8-3-0-0\" class=\"so-panel widget widget_sow-editor panel-first-child panel-last-child\" data-index=\"5\" ><div class=\"panel-widget-style panel-widget-style-for-8-3-0-0\" ><div\n\t\t\t\n\t\t\tclass=\"so-widget-sow-editor so-widget-sow-editor-base\"\n\t\t\t\n\t\t>\n<div class=\"siteorigin-widget-tinymce textwidget\">\n\t<p><a href=\"https:\/\/filo.unt.edu.ar\/diplomatura-en-inteligencia-artificial\/\" target=\"_blank\" rel=\"noopener\"><img loading=\"lazy\" decoding=\"async\" class=\"aligncenter wp-image-140 size-full\" src=\"http:\/\/filo.unt.edu.ar\/observatorio-ia\/wp-content\/uploads\/sites\/110\/2025\/10\/diplomatura_ia_encabezado.jpg\" alt=\"\" width=\"1500\" height=\"300\" srcset=\"https:\/\/filo.unt.edu.ar\/observatorio-ia\/wp-content\/uploads\/sites\/110\/2025\/10\/diplomatura_ia_encabezado.jpg 1500w, https:\/\/filo.unt.edu.ar\/observatorio-ia\/wp-content\/uploads\/sites\/110\/2025\/10\/diplomatura_ia_encabezado-300x60.jpg 300w, https:\/\/filo.unt.edu.ar\/observatorio-ia\/wp-content\/uploads\/sites\/110\/2025\/10\/diplomatura_ia_encabezado-1024x205.jpg 1024w, https:\/\/filo.unt.edu.ar\/observatorio-ia\/wp-content\/uploads\/sites\/110\/2025\/10\/diplomatura_ia_encabezado-768x154.jpg 768w, https:\/\/filo.unt.edu.ar\/observatorio-ia\/wp-content\/uploads\/sites\/110\/2025\/10\/diplomatura_ia_encabezado-1320x264.jpg 1320w\" sizes=\"auto, (max-width: 1500px) 100vw, 1500px\" \/><\/a><\/p>\n<\/div>\n<\/div><\/div><\/div><\/div><\/div><div id=\"pg-8-4\"  class=\"panel-grid panel-no-style\" ><div id=\"pgc-8-4-0\"  class=\"panel-grid-cell\" ><div id=\"panel-8-4-0-0\" class=\"so-panel widget widget_sow-editor panel-first-child panel-last-child\" data-index=\"6\" ><div class=\"panel-widget-style panel-widget-style-for-8-4-0-0\" ><div\n\t\t\t\n\t\t\tclass=\"so-widget-sow-editor so-widget-sow-editor-base\"\n\t\t\t\n\t\t>\n<div class=\"siteorigin-widget-tinymce textwidget\">\n\t<h2 style=\"text-align: left;\"><a href=\"https:\/\/filo.unt.edu.ar\/observatorio-ia\/proposito\/\"><span style=\"color: #000080;\">Nuestro Prop\u00f3sito<\/span><\/a><\/h2>\n<\/div>\n<\/div><\/div><\/div><\/div><\/div><div id=\"pg-8-5\"  class=\"panel-grid panel-no-style\" ><div id=\"pgc-8-5-0\"  class=\"panel-grid-cell\" ><div id=\"panel-8-5-0-0\" class=\"so-panel widget widget_sow-editor panel-first-child panel-last-child\" data-index=\"7\" ><div\n\t\t\t\n\t\t\tclass=\"so-widget-sow-editor so-widget-sow-editor-base\"\n\t\t\t\n\t\t>\n<div class=\"siteorigin-widget-tinymce textwidget\">\n\t<ul>\n<li style=\"text-align: left;\"><span style=\"color: #000080;\"><strong>I+D+i en IA con mirada cr\u00edtica y \u00e9tica.<\/strong><\/span><\/li>\n<li style=\"text-align: left;\"><span style=\"color: #000080;\"><strong>L\u00edneas de investigaci\u00f3n interdisciplinarias.<\/strong><\/span><\/li>\n<\/ul>\n<\/div>\n<\/div><\/div><\/div><div id=\"pgc-8-5-1\"  class=\"panel-grid-cell\" ><div id=\"panel-8-5-1-0\" class=\"so-panel widget widget_sow-editor panel-first-child panel-last-child\" data-index=\"8\" ><div\n\t\t\t\n\t\t\tclass=\"so-widget-sow-editor so-widget-sow-editor-base\"\n\t\t\t\n\t\t>\n<div class=\"siteorigin-widget-tinymce textwidget\">\n\t<ul>\n<li style=\"text-align: left;\"><span style=\"color: #000080;\"><strong>Protocolos de uso responsable de IA acad\u00e9mica.<\/strong><\/span><\/li>\n<li style=\"text-align: left;\"><span style=\"color: #000080;\"><strong>Formaci\u00f3n de investigadores y docentes.<\/strong><\/span><\/li>\n<\/ul>\n<\/div>\n<\/div><\/div><\/div><\/div><div id=\"pg-8-6\"  class=\"panel-grid panel-no-style\" ><div id=\"pgc-8-6-0\"  class=\"panel-grid-cell\" ><div id=\"panel-8-6-0-0\" class=\"so-panel widget widget_sow-editor panel-first-child panel-last-child\" data-index=\"9\" ><div class=\"panel-widget-style panel-widget-style-for-8-6-0-0\" ><div\n\t\t\t\n\t\t\tclass=\"so-widget-sow-editor so-widget-sow-editor-base\"\n\t\t\t\n\t\t>\n<div class=\"siteorigin-widget-tinymce textwidget\">\n\t<h2 style=\"text-align: left;\"><a href=\"https:\/\/filo.unt.edu.ar\/observatorio-ia\/areas-clave\/\"><span style=\"color: #000080;\">\u00c1reas Clave<\/span><\/a><\/h2>\n<\/div>\n<\/div><\/div><\/div><\/div><\/div><div id=\"pg-8-7\"  class=\"panel-grid panel-no-style\" ><div id=\"pgc-8-7-0\"  class=\"panel-grid-cell\" ><div id=\"panel-8-7-0-0\" class=\"so-panel widget widget_sow-button panel-first-child panel-last-child\" data-index=\"10\" ><div\n\t\t\t\n\t\t\tclass=\"so-widget-sow-button so-widget-sow-button-wire-3b3e45dd90c7-8\"\n\t\t\t\n\t\t><div class=\"ow-button-base ow-button-align-justify\"\n style=\"display: block;\">\n\t\t\t<a\n\t\t\t\tclass=\"sowb-button ow-icon-placement-left ow-button-hover\" \t>\n\t\t<span>\n\t\t\t\n\t\t\tPerspectiva cr\u00edtica\t\t<\/span>\n\t\t\t<\/a>\n\t<\/div>\n<\/div><\/div><\/div><div id=\"pgc-8-7-1\"  class=\"panel-grid-cell\" ><div id=\"panel-8-7-1-0\" class=\"so-panel widget widget_sow-button panel-first-child panel-last-child\" data-index=\"11\" ><div\n\t\t\t\n\t\t\tclass=\"so-widget-sow-button so-widget-sow-button-wire-3b3e45dd90c7-8\"\n\t\t\t\n\t\t><div class=\"ow-button-base ow-button-align-justify\"\n style=\"display: block;\">\n\t\t\t<a\n\t\t\t\tclass=\"sowb-button ow-icon-placement-left ow-button-hover\" \t>\n\t\t<span>\n\t\t\t\n\t\t\tDocencia\t\t<\/span>\n\t\t\t<\/a>\n\t<\/div>\n<\/div><\/div><\/div><div id=\"pgc-8-7-2\"  class=\"panel-grid-cell\" ><div id=\"panel-8-7-2-0\" class=\"so-panel widget widget_sow-button panel-first-child panel-last-child\" data-index=\"12\" ><div\n\t\t\t\n\t\t\tclass=\"so-widget-sow-button so-widget-sow-button-wire-3b3e45dd90c7-8\"\n\t\t\t\n\t\t><div class=\"ow-button-base ow-button-align-justify\"\n style=\"display: block;\">\n\t\t\t<a\n\t\t\t\tclass=\"sowb-button ow-icon-placement-left ow-button-hover\" \t>\n\t\t<span>\n\t\t\t\n\t\t\tInvestigaci\u00f3n\t\t<\/span>\n\t\t\t<\/a>\n\t<\/div>\n<\/div><\/div><\/div><\/div><div id=\"pg-8-8\"  class=\"panel-grid panel-no-style\" ><div id=\"pgc-8-8-0\"  class=\"panel-grid-cell\" ><div id=\"panel-8-8-0-0\" class=\"so-panel widget widget_sow-button panel-first-child panel-last-child\" data-index=\"13\" ><div\n\t\t\t\n\t\t\tclass=\"so-widget-sow-button so-widget-sow-button-wire-3b3e45dd90c7-8\"\n\t\t\t\n\t\t><div class=\"ow-button-base ow-button-align-justify\"\n style=\"display: block;\">\n\t\t\t<a\n\t\t\t\tclass=\"sowb-button ow-icon-placement-left ow-button-hover\" \t>\n\t\t<span>\n\t\t\t\n\t\t\tExtensi\u00f3n \/ Vinculaci\u00f3n\t\t<\/span>\n\t\t\t<\/a>\n\t<\/div>\n<\/div><\/div><\/div><div id=\"pgc-8-8-1\"  class=\"panel-grid-cell\" ><div id=\"panel-8-8-1-0\" class=\"so-panel widget widget_sow-button panel-first-child panel-last-child\" data-index=\"14\" ><div\n\t\t\t\n\t\t\tclass=\"so-widget-sow-button so-widget-sow-button-wire-3b3e45dd90c7-8\"\n\t\t\t\n\t\t><div class=\"ow-button-base ow-button-align-justify\"\n style=\"display: block;\">\n\t\t\t<a\n\t\t\t\tclass=\"sowb-button ow-icon-placement-left ow-button-hover\" \t>\n\t\t<span>\n\t\t\t\n\t\t\tLenguas y Ling\u00fc\u00edstica Computacional\t\t<\/span>\n\t\t\t<\/a>\n\t<\/div>\n<\/div><\/div><\/div><div id=\"pgc-8-8-2\"  class=\"panel-grid-cell\" ><div id=\"panel-8-8-2-0\" class=\"so-panel widget widget_sow-button panel-first-child panel-last-child\" data-index=\"15\" ><div\n\t\t\t\n\t\t\tclass=\"so-widget-sow-button so-widget-sow-button-wire-3b3e45dd90c7-8\"\n\t\t\t\n\t\t><div class=\"ow-button-base ow-button-align-justify\"\n style=\"display: block;\">\n\t\t\t<a\n\t\t\t\tclass=\"sowb-button ow-icon-placement-left ow-button-hover\" \t>\n\t\t<span>\n\t\t\t\n\t\t\tFilosof\u00eda y \u00c9tica de la Tecnolog\u00eda\t\t<\/span>\n\t\t\t<\/a>\n\t<\/div>\n<\/div><\/div><\/div><\/div><div id=\"pg-8-9\"  class=\"panel-grid panel-no-style\" ><div id=\"pgc-8-9-0\"  class=\"panel-grid-cell\" ><div id=\"panel-8-9-0-0\" class=\"so-panel widget widget_sow-button panel-first-child panel-last-child\" data-index=\"16\" ><div\n\t\t\t\n\t\t\tclass=\"so-widget-sow-button so-widget-sow-button-wire-3b3e45dd90c7-8\"\n\t\t\t\n\t\t><div class=\"ow-button-base ow-button-align-justify\"\n style=\"display: block;\">\n\t\t\t<a\n\t\t\t\tclass=\"sowb-button ow-icon-placement-left ow-button-hover\" \t>\n\t\t<span>\n\t\t\t\n\t\t\tComunicaci\u00f3n y Cultura Digital       \t\t<\/span>\n\t\t\t<\/a>\n\t<\/div>\n<\/div><\/div><\/div><div id=\"pgc-8-9-1\"  class=\"panel-grid-cell\" ><div id=\"panel-8-9-1-0\" class=\"so-panel widget widget_sow-button panel-first-child panel-last-child\" data-index=\"17\" ><div\n\t\t\t\n\t\t\tclass=\"so-widget-sow-button so-widget-sow-button-wire-3b3e45dd90c7-8\"\n\t\t\t\n\t\t><div class=\"ow-button-base ow-button-align-justify\"\n style=\"display: block;\">\n\t\t\t<a\n\t\t\t\tclass=\"sowb-button ow-icon-placement-left ow-button-hover\" \t>\n\t\t<span>\n\t\t\t\n\t\t\tEducaci\u00f3n y Pedagog\u00edas Inteligentes       \t\t<\/span>\n\t\t\t<\/a>\n\t<\/div>\n<\/div><\/div><\/div><div id=\"pgc-8-9-2\"  class=\"panel-grid-cell\" ><div id=\"panel-8-9-2-0\" class=\"so-panel widget widget_sow-button panel-first-child panel-last-child\" data-index=\"18\" ><div\n\t\t\t\n\t\t\tclass=\"so-widget-sow-button so-widget-sow-button-wire-3b3e45dd90c7-8\"\n\t\t\t\n\t\t><div class=\"ow-button-base ow-button-align-justify\"\n style=\"display: block;\">\n\t\t\t<a\n\t\t\t\tclass=\"sowb-button ow-icon-placement-left ow-button-hover\" \t>\n\t\t<span>\n\t\t\t\n\t\t\tCiencias Sociales y Transformaci\u00f3n Digital\t\t<\/span>\n\t\t\t<\/a>\n\t<\/div>\n<\/div><\/div><\/div><\/div><div id=\"pg-8-10\"  class=\"panel-grid panel-no-style\" ><div id=\"pgc-8-10-0\"  class=\"panel-grid-cell\" ><div id=\"panel-8-10-0-0\" class=\"so-panel widget widget_sow-editor panel-first-child panel-last-child\" data-index=\"19\" ><div class=\"panel-widget-style panel-widget-style-for-8-10-0-0\" ><div\n\t\t\t\n\t\t\tclass=\"so-widget-sow-editor so-widget-sow-editor-base\"\n\t\t\t\n\t\t>\n<div class=\"siteorigin-widget-tinymce textwidget\">\n\t<h2 style=\"text-align: left;\"><a href=\"https:\/\/filo.unt.edu.ar\/observatorio-ia\/hoja-de-ruta\/\"><span style=\"color: #000080;\">Hoja de Ruta<\/span><\/a><\/h2>\n<\/div>\n<\/div><\/div><\/div><\/div><\/div><div id=\"pg-8-11\"  class=\"panel-grid panel-no-style\" ><div id=\"pgc-8-11-0\"  class=\"panel-grid-cell\" ><div id=\"panel-8-11-0-0\" class=\"so-panel widget widget_sow-editor panel-first-child panel-last-child\" data-index=\"20\" ><div class=\"so-rounded panel-widget-style panel-widget-style-for-8-11-0-0\" ><div\n\t\t\t\n\t\t\tclass=\"so-widget-sow-editor so-widget-sow-editor-base\"\n\t\t\t\n\t\t>\n<div class=\"siteorigin-widget-tinymce textwidget\">\n\t<h3 style=\"text-align: left;\"><span style=\"color: #000080;\">2025<\/span><\/h3>\n<p style=\"text-align: left;\">Formaci\u00f3n inicial y diagn\u00f3stico institucional: Diplomatura, conferencias y relevamiento.<\/p>\n<p>&nbsp;<\/p>\n<\/div>\n<\/div><\/div><\/div><\/div><div id=\"pgc-8-11-1\"  class=\"panel-grid-cell\" ><div id=\"panel-8-11-1-0\" class=\"so-panel widget widget_sow-editor panel-first-child panel-last-child\" data-index=\"21\" ><div class=\"so-rounded panel-widget-style panel-widget-style-for-8-11-1-0\" ><div\n\t\t\t\n\t\t\tclass=\"so-widget-sow-editor so-widget-sow-editor-base\"\n\t\t\t\n\t\t>\n<div class=\"siteorigin-widget-tinymce textwidget\">\n\t<h3 style=\"text-align: left;\"><span style=\"color: #000080;\">2026<\/span><\/h3>\n<p style=\"text-align: left;\">Consolidaci\u00f3n y definici\u00f3n de l\u00edneas: Especializaci\u00f3n y proyectos exploratorios.<\/p>\n&nbsp;<\/div>\n<\/div><\/div><\/div><\/div><div id=\"pgc-8-11-2\"  class=\"panel-grid-cell\" ><div id=\"panel-8-11-2-0\" class=\"so-panel widget widget_sow-editor panel-first-child panel-last-child\" data-index=\"22\" ><div class=\"so-rounded panel-widget-style panel-widget-style-for-8-11-2-0\" ><div\n\t\t\t\n\t\t\tclass=\"so-widget-sow-editor so-widget-sow-editor-base\"\n\t\t\t\n\t\t>\n<div class=\"siteorigin-widget-tinymce textwidget\">\n\t<h3 style=\"text-align: left;\"><span style=\"color: #000080;\">2027<\/span><\/h3>\n<p style=\"text-align: left;\">Desarrollo y articulaci\u00f3n externa: Convenios, Jornada IA + Humanidades, repositorio.<\/p>\n&nbsp;<\/div>\n<\/div><\/div><\/div><\/div><div id=\"pgc-8-11-3\"  class=\"panel-grid-cell\" ><div id=\"panel-8-11-3-0\" class=\"so-panel widget widget_sow-editor panel-first-child panel-last-child\" data-index=\"23\" ><div class=\"so-rounded panel-widget-style panel-widget-style-for-8-11-3-0\" ><div\n\t\t\t\n\t\t\tclass=\"so-widget-sow-editor so-widget-sow-editor-base\"\n\t\t\t\n\t\t>\n<div class=\"siteorigin-widget-tinymce textwidget\">\n\t<h3 style=\"text-align: left;\"><span style=\"color: #000080;\">2028<\/span><\/h3>\n<p style=\"text-align: left;\">Institucionalizaci\u00f3n y expansi\u00f3n: Maestr\u00eda, Congreso Internacional y publicaci\u00f3n acad\u00e9mica.<\/p>\n<\/div>\n<\/div><\/div><\/div><\/div><\/div><div id=\"pg-8-12\"  class=\"panel-grid panel-no-style\" ><div id=\"pgc-8-12-0\"  class=\"panel-grid-cell\" ><div id=\"panel-8-12-0-0\" class=\"so-panel widget widget_sow-editor panel-first-child panel-last-child\" data-index=\"24\" ><div class=\"panel-widget-style panel-widget-style-for-8-12-0-0\" ><div\n\t\t\t\n\t\t\tclass=\"so-widget-sow-editor so-widget-sow-editor-base\"\n\t\t\t\n\t\t>\n<div class=\"siteorigin-widget-tinymce textwidget\">\n\t<h2 style=\"text-align: left;\"><span style=\"color: #000080;\">Eventos y Novedades<\/span><\/h2>\n<\/div>\n<\/div><\/div><\/div><\/div><\/div><div id=\"pg-8-13\"  class=\"panel-grid panel-no-style\" ><div id=\"pgc-8-13-0\"  class=\"panel-grid-cell\" ><div id=\"panel-8-13-0-0\" class=\"so-panel widget widget_sow-editor panel-first-child panel-last-child\" data-index=\"25\" ><div class=\"so-rounded panel-widget-style panel-widget-style-for-8-13-0-0\" ><div\n\t\t\t\n\t\t\tclass=\"so-widget-sow-editor so-widget-sow-editor-base\"\n\t\t\t\n\t\t>\n<div class=\"siteorigin-widget-tinymce textwidget\">\n\t<h3 style=\"text-align: left;\"><span style=\"color: #000080;\">Conversatorio: \u201cDesaf\u00edos de la IA: miradas cr\u00edticas\u201d<\/span><\/h3>\n<p style=\"text-align: left;\">Facultad de Filosof\u00eda y Letras (UNT) + Carrera de Ciencias de la Comunicaci\u00f3n. Con Alejandro Piscitelli, Pablo Fontdevila y Julio Alonso (UNTREF). 25 de junio de 2025.<\/p>\n<p><span style=\"color: #ff0000;\"><strong><a class=\"btn btn-link\" style=\"color: #ff0000;\" href=\"https:\/\/www.youtube.com\/live\/mEal_atFCgY?si=Ea4iRYIlfAf4uCas\" target=\"_blank\" rel=\"noopener\">Ver en YouTube \u25b6<\/a><\/strong><\/span><\/p>\n<\/div>\n<\/div><\/div><\/div><\/div><\/div><div id=\"pg-8-14\"  class=\"panel-grid panel-no-style\" ><div id=\"pgc-8-14-0\"  class=\"panel-grid-cell\" ><div id=\"panel-8-14-0-0\" class=\"so-panel widget widget_sow-editor panel-first-child panel-last-child\" data-index=\"26\" ><div class=\"so-rounded panel-widget-style panel-widget-style-for-8-14-0-0\" ><div\n\t\t\t\n\t\t\tclass=\"so-widget-sow-editor so-widget-sow-editor-base\"\n\t\t\t\n\t\t>\n<div class=\"siteorigin-widget-tinymce textwidget\">\n\t<h3 style=\"text-align: left;\"><span style=\"color: #000080;\">Conferencia: IA en la educaci\u00f3n superior<\/span><\/h3>\n<p style=\"text-align: left;\">Por Beatriz de Anso (UNTREF), en las IV JORNADAS DE BECARIXS, EXTENSIONISTAS, TESISTAS, CAPACITANDXS Y AYUDANTES ESTUDIANTILES. 31 de julio de 2025.<\/p>\n<p><span style=\"color: #ff0000;\"><strong><a class=\"btn btn-link\" style=\"color: #ff0000;\" href=\"https:\/\/www.youtube.com\/live\/D2dLTL5ushM?si=FW9FP4F0QnS9EOKi\" target=\"_blank\" rel=\"noopener\">Ver en YouTube \u25b6<\/a><\/strong><\/span><\/p>\n<\/div>\n<\/div><\/div><\/div><\/div><\/div><div id=\"pg-8-15\"  class=\"panel-grid panel-no-style\" ><div id=\"pgc-8-15-0\"  class=\"panel-grid-cell\" ><div id=\"panel-8-15-0-0\" class=\"so-panel widget widget_sow-editor panel-first-child panel-last-child\" data-index=\"27\" ><div class=\"panel-widget-style panel-widget-style-for-8-15-0-0\" ><div\n\t\t\t\n\t\t\tclass=\"so-widget-sow-editor so-widget-sow-editor-base\"\n\t\t\t\n\t\t>\n<div class=\"siteorigin-widget-tinymce textwidget\">\n\t<h2 style=\"text-align: left;\"><a href=\"https:\/\/filo.unt.edu.ar\/observatorio-ia\/equipo\/\"><span style=\"color: #000080;\">Nuestro Equipo<\/span><\/a><\/h2>\n<\/div>\n<\/div><\/div><\/div><\/div><\/div><div id=\"pg-8-16\"  class=\"panel-grid panel-has-style\" ><div class=\"siteorigin-panels-stretch panel-row-style-full-width panel-row-style panel-row-style-for-8-16\" style=\"background-color: #1e73be; \" data-stretch-type=\"full\" ><div id=\"pgc-8-16-0\"  class=\"panel-grid-cell\" ><div id=\"panel-8-16-0-0\" class=\"so-panel widget widget_sow-editor panel-first-child panel-last-child\" data-index=\"28\" ><div class=\"panel-widget-style panel-widget-style-for-8-16-0-0\" ><div\n\t\t\t\n\t\t\tclass=\"so-widget-sow-editor so-widget-sow-editor-base\"\n\t\t\t\n\t\t>\n<div class=\"siteorigin-widget-tinymce textwidget\">\n\t<h2><\/h2>\n<h2><\/h2>\n<h2 style=\"text-align: center;\"><a href=\"https:\/\/filo.unt.edu.ar\/observatorio-ia\/contacto\/\"><span style=\"color: #ffffff;\">Conect\u00e1 con Nosotros<\/span><\/a><\/h2>\n<\/div>\n<\/div><\/div><\/div><\/div><\/div><\/div><\/div>","protected":false},"excerpt":{"rendered":"<p>La irrupci\u00f3n de la Inteligencia Artificial (IA) est\u00e1 transformando radicalmente nuestras sociedades, y afecta transversalmente m\u00faltiples \u00e1reas tales como la educaci\u00f3n, la comunicaci\u00f3n, la cultura, la producci\u00f3n del conocimiento y las pr\u00e1cticas ling\u00fc\u00edsticas. Las Facultades de Humanidades y Ciencias Sociales se enfrentan al desaf\u00edo y la oportunidad de asumir un rol protag\u00f3nico en la interpretaci\u00f3n, [&hellip;]<\/p>\n","protected":false},"author":1,"featured_media":0,"parent":0,"menu_order":0,"comment_status":"closed","ping_status":"closed","template":"home-panels.php","meta":{"footnotes":""},"class_list":["post-8","page","type-page","status-publish","hentry","post"],"_links":{"self":[{"href":"https:\/\/filo.unt.edu.ar\/observatorio-ia\/wp-json\/wp\/v2\/pages\/8","targetHints":{"allow":["GET"]}}],"collection":[{"href":"https:\/\/filo.unt.edu.ar\/observatorio-ia\/wp-json\/wp\/v2\/pages"}],"about":[{"href":"https:\/\/filo.unt.edu.ar\/observatorio-ia\/wp-json\/wp\/v2\/types\/page"}],"author":[{"embeddable":true,"href":"https:\/\/filo.unt.edu.ar\/observatorio-ia\/wp-json\/wp\/v2\/users\/1"}],"replies":[{"embeddable":true,"href":"https:\/\/filo.unt.edu.ar\/observatorio-ia\/wp-json\/wp\/v2\/comments?post=8"}],"version-history":[{"count":44,"href":"https:\/\/filo.unt.edu.ar\/observatorio-ia\/wp-json\/wp\/v2\/pages\/8\/revisions"}],"predecessor-version":[{"id":110,"href":"https:\/\/filo.unt.edu.ar\/observatorio-ia\/wp-json\/wp\/v2\/pages\/8\/revisions\/110"}],"wp:attachment":[{"href":"https:\/\/filo.unt.edu.ar\/observatorio-ia\/wp-json\/wp\/v2\/media?parent=8"}],"curies":[{"name":"wp","href":"https:\/\/api.w.org\/{rel}","templated":true}]}}