{"id":20,"date":"2025-08-28T08:20:11","date_gmt":"2025-08-28T11:20:11","guid":{"rendered":"https:\/\/filo.unt.edu.ar\/observatorio-ia\/?page_id=20"},"modified":"2025-10-16T12:52:29","modified_gmt":"2025-10-16T15:52:29","slug":"hoja-de-ruta","status":"publish","type":"page","link":"https:\/\/filo.unt.edu.ar\/observatorio-ia\/hoja-de-ruta\/","title":{"rendered":"Hoja de ruta"},"content":{"rendered":"<div id=\"pl-20\"  class=\"panel-layout\" ><div id=\"pg-20-0\"  class=\"panel-grid panel-no-style\" ><div id=\"pgc-20-0-0\"  class=\"panel-grid-cell\" ><div id=\"panel-20-0-0-0\" class=\"so-panel widget widget_sow-editor panel-first-child panel-last-child\" data-index=\"0\" ><div\n\t\t\t\n\t\t\tclass=\"so-widget-sow-editor so-widget-sow-editor-base\"\n\t\t\t\n\t\t>\n<div class=\"siteorigin-widget-tinymce textwidget\">\n\t<h3 style=\"text-align: left;\"><span style=\"color: #000080;\"><strong>A\u00f1o 1 (2025): Formaci\u00f3n inicial y diagn\u00f3stico institucional<\/strong><\/span><\/h3>\n<ul>\n<li style=\"text-align: left;\">Lanzamiento de la <a href=\"https:\/\/filo.unt.edu.ar\/diplomatura-en-inteligencia-artificial\/\" target=\"_blank\" rel=\"noopener\">Diplomatura \u201cInteligencia Artificial: Desaf\u00edos Epistemol\u00f3gicos y Proyecciones Educativas\u201d<\/a>.<\/li>\n<li style=\"text-align: left;\">Conferencias y paneles sobre IA y sociedad.<\/li>\n<li style=\"text-align: left;\">Relevamiento de capacidades institucionales y actores interesados.<\/li>\n<\/ul>\n<p>&nbsp;<\/p>\n<\/div>\n<\/div><\/div><\/div><\/div><div id=\"pg-20-1\"  class=\"panel-grid panel-no-style\" ><div id=\"pgc-20-1-0\"  class=\"panel-grid-cell\" ><div id=\"panel-20-1-0-0\" class=\"so-panel widget widget_sow-editor panel-first-child panel-last-child\" data-index=\"1\" ><div\n\t\t\t\n\t\t\tclass=\"so-widget-sow-editor so-widget-sow-editor-base\"\n\t\t\t\n\t\t>\n<div class=\"siteorigin-widget-tinymce textwidget\">\n\t<p><a href=\"https:\/\/filo.unt.edu.ar\/diplomatura-en-inteligencia-artificial\/\" target=\"_blank\" rel=\"noopener\"><img loading=\"lazy\" decoding=\"async\" class=\"aligncenter wp-image-140 size-full\" src=\"http:\/\/filo.unt.edu.ar\/observatorio-ia\/wp-content\/uploads\/sites\/110\/2025\/10\/diplomatura_ia_encabezado.jpg\" alt=\"\" width=\"1500\" height=\"300\" srcset=\"https:\/\/filo.unt.edu.ar\/observatorio-ia\/wp-content\/uploads\/sites\/110\/2025\/10\/diplomatura_ia_encabezado.jpg 1500w, https:\/\/filo.unt.edu.ar\/observatorio-ia\/wp-content\/uploads\/sites\/110\/2025\/10\/diplomatura_ia_encabezado-300x60.jpg 300w, https:\/\/filo.unt.edu.ar\/observatorio-ia\/wp-content\/uploads\/sites\/110\/2025\/10\/diplomatura_ia_encabezado-1024x205.jpg 1024w, https:\/\/filo.unt.edu.ar\/observatorio-ia\/wp-content\/uploads\/sites\/110\/2025\/10\/diplomatura_ia_encabezado-768x154.jpg 768w, https:\/\/filo.unt.edu.ar\/observatorio-ia\/wp-content\/uploads\/sites\/110\/2025\/10\/diplomatura_ia_encabezado-1320x264.jpg 1320w\" sizes=\"auto, (max-width: 1500px) 100vw, 1500px\" \/><\/a><\/p>\n<\/div>\n<\/div><\/div><\/div><\/div><div id=\"pg-20-2\"  class=\"panel-grid panel-no-style\" ><div id=\"pgc-20-2-0\"  class=\"panel-grid-cell\" ><div id=\"panel-20-2-0-0\" class=\"so-panel widget widget_sow-editor panel-first-child panel-last-child\" data-index=\"2\" ><div\n\t\t\t\n\t\t\tclass=\"so-widget-sow-editor so-widget-sow-editor-base\"\n\t\t\t\n\t\t>\n<div class=\"siteorigin-widget-tinymce textwidget\">\n\t<h3 style=\"text-align: left;\"><span style=\"color: #000080;\"><strong>A\u00f1o 2 (2026): Consolidaci\u00f3n de la formaci\u00f3n y definici\u00f3n de l\u00edneas de investigaci\u00f3n<\/strong><\/span><\/h3>\n<ul>\n<li style=\"text-align: left;\">Creaci\u00f3n de la <strong>Especializaci\u00f3n en IA Cr\u00edtica y Aplicada a las Humanidades.<\/strong><\/li>\n<li style=\"text-align: left;\">Convocatoria para proyectos exploratorios.<\/li>\n<li style=\"text-align: left;\">Talleres participativos para definir l\u00edneas estrat\u00e9gicas.<\/li>\n<\/ul>\n<\/div>\n<\/div><\/div><\/div><\/div><div id=\"pg-20-3\"  class=\"panel-grid panel-no-style\" ><div id=\"pgc-20-3-0\"  class=\"panel-grid-cell\" ><div id=\"panel-20-3-0-0\" class=\"so-panel widget widget_sow-editor panel-first-child panel-last-child\" data-index=\"3\" ><div\n\t\t\t\n\t\t\tclass=\"so-widget-sow-editor so-widget-sow-editor-base\"\n\t\t\t\n\t\t>\n<div class=\"siteorigin-widget-tinymce textwidget\">\n\t<h3 style=\"text-align: left;\"><span style=\"color: #000080;\">A\u00f1o 3 (2027): Desarrollo de proyectos y articulaci\u00f3n externa<\/span><\/h3>\n<ul>\n<li style=\"text-align: left;\">Implementaci\u00f3n de proyectos de investigaci\u00f3n aplicada.<\/li>\n<li style=\"text-align: left;\">Convenios con universidades nacionales e internacionales.<\/li>\n<li style=\"text-align: left;\">Primera Jornada de IA y Humanidades.<\/li>\n<li style=\"text-align: left;\">Repositorio digital de recursos.<\/li>\n<\/ul>\n<\/div>\n<\/div><\/div><\/div><\/div><div id=\"pg-20-4\"  class=\"panel-grid panel-no-style\" ><div id=\"pgc-20-4-0\"  class=\"panel-grid-cell\" ><div id=\"panel-20-4-0-0\" class=\"so-panel widget widget_sow-editor panel-first-child panel-last-child\" data-index=\"4\" ><div\n\t\t\t\n\t\t\tclass=\"so-widget-sow-editor so-widget-sow-editor-base\"\n\t\t\t\n\t\t>\n<div class=\"siteorigin-widget-tinymce textwidget\">\n\t<h3 style=\"text-align: left;\"><span style=\"color: #000080;\">A\u00f1o 4 (2028): Institucionalizaci\u00f3n del \u00e1rea y expansi\u00f3n<\/span><\/h3>\n<ul>\n<li style=\"text-align: left;\">Dise\u00f1o de la <strong>Maestr\u00eda en IA Cr\u00edtica y Humanidades Digitales.<\/strong><\/li>\n<li style=\"text-align: left;\">Primer Congreso Internacional sobre IA, \u00c9tica y Sociedad.<\/li>\n<li style=\"text-align: left;\">Publicaci\u00f3n acad\u00e9mica especializada.<\/li>\n<\/ul>\n<\/div>\n<\/div><\/div><\/div><\/div><\/div>","protected":false},"excerpt":{"rendered":"<p>A\u00f1o 1 (2025): Formaci\u00f3n inicial y diagn\u00f3stico institucional Lanzamiento de la Diplomatura \u201cInteligencia Artificial: Desaf\u00edos Epistemol\u00f3gicos y Proyecciones Educativas\u201d. Conferencias y paneles sobre IA y sociedad. Relevamiento de capacidades institucionales y actores interesados. &nbsp;<\/p>\n","protected":false},"author":1,"featured_media":0,"parent":0,"menu_order":0,"comment_status":"closed","ping_status":"closed","template":"","meta":{"footnotes":""},"class_list":["post-20","page","type-page","status-publish","hentry","post"],"_links":{"self":[{"href":"https:\/\/filo.unt.edu.ar\/observatorio-ia\/wp-json\/wp\/v2\/pages\/20","targetHints":{"allow":["GET"]}}],"collection":[{"href":"https:\/\/filo.unt.edu.ar\/observatorio-ia\/wp-json\/wp\/v2\/pages"}],"about":[{"href":"https:\/\/filo.unt.edu.ar\/observatorio-ia\/wp-json\/wp\/v2\/types\/page"}],"author":[{"embeddable":true,"href":"https:\/\/filo.unt.edu.ar\/observatorio-ia\/wp-json\/wp\/v2\/users\/1"}],"replies":[{"embeddable":true,"href":"https:\/\/filo.unt.edu.ar\/observatorio-ia\/wp-json\/wp\/v2\/comments?post=20"}],"version-history":[{"count":12,"href":"https:\/\/filo.unt.edu.ar\/observatorio-ia\/wp-json\/wp\/v2\/pages\/20\/revisions"}],"predecessor-version":[{"id":141,"href":"https:\/\/filo.unt.edu.ar\/observatorio-ia\/wp-json\/wp\/v2\/pages\/20\/revisions\/141"}],"wp:attachment":[{"href":"https:\/\/filo.unt.edu.ar\/observatorio-ia\/wp-json\/wp\/v2\/media?parent=20"}],"curies":[{"name":"wp","href":"https:\/\/api.w.org\/{rel}","templated":true}]}}