{"id":18,"date":"2025-08-28T08:19:22","date_gmt":"2025-08-28T11:19:22","guid":{"rendered":"https:\/\/filo.unt.edu.ar\/observatorio-ia\/?page_id=18"},"modified":"2025-09-01T10:09:32","modified_gmt":"2025-09-01T13:09:32","slug":"equipo","status":"publish","type":"page","link":"https:\/\/filo.unt.edu.ar\/observatorio-ia\/equipo\/","title":{"rendered":"Equipo"},"content":{"rendered":"<div id=\"pl-18\"  class=\"panel-layout\" ><div id=\"pg-18-0\"  class=\"panel-grid panel-no-style\" ><div id=\"pgc-18-0-0\"  class=\"panel-grid-cell\" ><div id=\"panel-18-0-0-0\" class=\"so-panel widget widget_sow-editor panel-first-child\" data-index=\"0\" ><div\n\t\t\t\n\t\t\tclass=\"so-widget-sow-editor so-widget-sow-editor-base\"\n\t\t\t\n\t\t>\n<div class=\"siteorigin-widget-tinymce textwidget\">\n\t<p style=\"text-align: left;\"><strong>Coordinaci\u00f3n:<\/strong><\/p>\n<p style=\"text-align: left;\">Dr. Diego Jos\u00e9 Chein (Coordinador de Investigaciones).<\/p>\n<p style=\"text-align: left;\">Mg. Mar\u00eda Fernanda Hidalgo (perspectiva acad\u00e9mica).<\/p>\n<p style=\"text-align: left;\">\n<\/div>\n<\/div><\/div><div id=\"panel-18-0-0-1\" class=\"so-panel widget widget_sow-editor panel-last-child\" data-index=\"1\" ><div\n\t\t\t\n\t\t\tclass=\"so-widget-sow-editor so-widget-sow-editor-base\"\n\t\t\t\n\t\t>\n<div class=\"siteorigin-widget-tinymce textwidget\">\n\t<p style=\"text-align: left;\"><strong>Miembros del Observatorio<\/strong><\/p>\n<p style=\"text-align: left;\">Ing. en Sist. Alejandro Olivencia<\/p>\n<p style=\"text-align: left;\">Ing. en Sist. Miguel Lobo<\/p>\n<p style=\"text-align: left;\">Esp. Lic. Pablo Nacusse<\/p>\n<p style=\"text-align: left;\">Lic. en Inform\u00e1tica Gustavo Jos\u00e9<\/p>\n<p style=\"text-align: left;\">\u00a0Esp. Nancy Victoria R\u00edos<\/p>\n<p style=\"text-align: left;\">Prof. Melissa Rosal\u00eda Alfaro<\/p>\n<p style=\"text-align: left;\">Prof. Brenda Coria Mu\u00f1oz<\/p>\n<p style=\"text-align: left;\">Esp. Norma Argota<\/p>\n<p style=\"text-align: left;\">Prof.\u00a0 Luis Navarro<\/p>\n<p style=\"text-align: left;\">Prof. Noelia Glencross<\/p>\n<p style=\"text-align: left;\">Esp. Pablo Jes\u00fas Garc\u00eda<\/p>\n<p style=\"text-align: left;\">Lic. David Montenegro<\/p>\n<p style=\"text-align: left;\">Dr. Javier Carreras Baldr\u00e9s<\/p>\n<p style=\"text-align: left;\">Dr. Fernando Longhi<\/p>\n<p style=\"text-align: left;\">Dr. Pablo Paolasso<\/p>\n<p style=\"text-align: left;\">Lic. Sergio Cardozo<\/p>\n<p style=\"text-align: left;\">Mg. Hugo Jos\u00e9 Vel\u00e1zquez<\/p>\n<p style=\"text-align: left;\">Lic. Mart\u00edn de Boeck<\/p>\n<p style=\"text-align: left;\">Dr. Pablo Concha Merlo<\/p>\n<p style=\"text-align: left;\">Dra. Bel\u00e9n Romano<\/p>\n<p style=\"text-align: left;\">Lic. Bel\u00e9n Bequi<\/p>\n<p style=\"text-align: left;\">Lic. Romina Torasso<\/p>\n<p style=\"text-align: left;\">Esp. Fabi\u00e1n Silva Molina<\/p>\n<p style=\"text-align: left;\">Lic. Mart\u00edn Dzienczarski<\/p>\n<p style=\"text-align: left;\">Prof. Paula Storni<\/p>\n<p style=\"text-align: left;\">Prof. Diego Toscano<\/p>\n<p style=\"text-align: left;\">Lic. Gustavo Saientz<\/p>\n<p style=\"text-align: left;\">Lic. Ileana Dulout<\/p>\n<p style=\"text-align: left;\">Lic. Valeria Vega<\/p>\n<p style=\"text-align: left;\">Lic. Leticia Osorez Ferreyra<\/p>\n<p style=\"text-align: left;\">Mg. Mariana Vargas Aignase<\/p>\n<p style=\"text-align: left;\">Dr. Fulvio Rivero Sierra<\/p>\n<p style=\"text-align: left;\">Dr. Julio Sal Paz<\/p>\n<p style=\"text-align: left;\">Emilse Marteau<\/p>\n<\/div>\n<\/div><\/div><\/div><\/div><\/div>","protected":false},"excerpt":{"rendered":"<p>Coordinaci\u00f3n: Dr. Diego Jos\u00e9 Chein (Coordinador de Investigaciones). Mg. Mar\u00eda Fernanda Hidalgo (perspectiva acad\u00e9mica). Miembros del Observatorio Ing. en Sist. Alejandro Olivencia Ing. en Sist. Miguel Lobo Esp. Lic. Pablo Nacusse Lic. en Inform\u00e1tica Gustavo Jos\u00e9 \u00a0Esp. Nancy Victoria R\u00edos Prof. Melissa Rosal\u00eda Alfaro Prof. Brenda Coria Mu\u00f1oz Esp. Norma Argota Prof.\u00a0 Luis Navarro Prof. [&hellip;]<\/p>\n","protected":false},"author":1,"featured_media":0,"parent":0,"menu_order":0,"comment_status":"closed","ping_status":"closed","template":"","meta":{"footnotes":""},"class_list":["post-18","page","type-page","status-publish","hentry","post"],"_links":{"self":[{"href":"https:\/\/filo.unt.edu.ar\/observatorio-ia\/wp-json\/wp\/v2\/pages\/18","targetHints":{"allow":["GET"]}}],"collection":[{"href":"https:\/\/filo.unt.edu.ar\/observatorio-ia\/wp-json\/wp\/v2\/pages"}],"about":[{"href":"https:\/\/filo.unt.edu.ar\/observatorio-ia\/wp-json\/wp\/v2\/types\/page"}],"author":[{"embeddable":true,"href":"https:\/\/filo.unt.edu.ar\/observatorio-ia\/wp-json\/wp\/v2\/users\/1"}],"replies":[{"embeddable":true,"href":"https:\/\/filo.unt.edu.ar\/observatorio-ia\/wp-json\/wp\/v2\/comments?post=18"}],"version-history":[{"count":5,"href":"https:\/\/filo.unt.edu.ar\/observatorio-ia\/wp-json\/wp\/v2\/pages\/18\/revisions"}],"predecessor-version":[{"id":111,"href":"https:\/\/filo.unt.edu.ar\/observatorio-ia\/wp-json\/wp\/v2\/pages\/18\/revisions\/111"}],"wp:attachment":[{"href":"https:\/\/filo.unt.edu.ar\/observatorio-ia\/wp-json\/wp\/v2\/media?parent=18"}],"curies":[{"name":"wp","href":"https:\/\/api.w.org\/{rel}","templated":true}]}}