{"id":16,"date":"2025-08-28T08:18:39","date_gmt":"2025-08-28T11:18:39","guid":{"rendered":"https:\/\/filo.unt.edu.ar\/observatorio-ia\/?page_id=16"},"modified":"2025-09-02T08:21:48","modified_gmt":"2025-09-02T11:21:48","slug":"eventos","status":"publish","type":"page","link":"https:\/\/filo.unt.edu.ar\/observatorio-ia\/eventos\/","title":{"rendered":"Eventos"},"content":{"rendered":"<div id=\"pl-16\"  class=\"panel-layout\" ><div id=\"pg-16-0\"  class=\"panel-grid panel-no-style\" ><div id=\"pgc-16-0-0\"  class=\"panel-grid-cell\" ><div id=\"panel-16-0-0-0\" class=\"so-panel widget widget_sow-editor panel-first-child panel-last-child\" data-index=\"0\" ><div\n\t\t\t\n\t\t\tclass=\"so-widget-sow-editor so-widget-sow-editor-base\"\n\t\t\t\n\t\t>\n<div class=\"siteorigin-widget-tinymce textwidget\">\n\t<div class=\"pt-cv-wrapper\">\n<div class=\"pt-cv-view pt-cv-grid pt-cv-colsys\" id=\"pt-cv-view-5bd2a0aavp\">\n<div data-id=\"pt-cv-page-1\" class=\"pt-cv-page\" data-cvc=\"3\">\n<div class=\"col-md-4 col-sm-12 col-xs-12 pt-cv-content-item pt-cv-1-col\" >\n<div class='pt-cv-ifield'><a href=\"https:\/\/filo.unt.edu.ar\/observatorio-ia\/2025\/10\/16\/primer-encuentro-de-comites-de-etica-de-la-investigacion-del-noa\/\" class=\"_self pt-cv-href-thumbnail pt-cv-thumb-default\" target=\"_self\" ><img loading=\"lazy\" decoding=\"async\" width=\"720\" height=\"380\" src=\"https:\/\/filo.unt.edu.ar\/observatorio-ia\/wp-content\/uploads\/sites\/110\/2025\/10\/IMG-20251015-WA0005-720x380.jpg\" class=\"pt-cv-thumbnail\" alt=\"\" \/><\/a><\/p>\n<h4 class=\"pt-cv-title\"><a href=\"https:\/\/filo.unt.edu.ar\/observatorio-ia\/2025\/10\/16\/primer-encuentro-de-comites-de-etica-de-la-investigacion-del-noa\/\" class=\"_self\" target=\"_self\" >Primer Encuentro de Comit\u00e9s de \u00c9tica de la Investigaci\u00f3n del NOA<\/a><\/h4>\n<div class=\"pt-cv-content\">El Observatorio Filo.IA particip\u00f3 en el Primer Encuentro de Comit\u00e9s de \u00c9tica de la Investigaci\u00f3n del NOA Este jueves 9 ...<\/p>\n<div class=\"pt-cv-rmwrap\"><a href=\"https:\/\/filo.unt.edu.ar\/observatorio-ia\/2025\/10\/16\/primer-encuentro-de-comites-de-etica-de-la-investigacion-del-noa\/\" class=\"_self pt-cv-readmore btn btn-success\" target=\"_self\">Leer M\u00e1s<\/a><\/div>\n<\/div>\n<\/div>\n<\/div>\n<div class=\"col-md-4 col-sm-12 col-xs-12 pt-cv-content-item pt-cv-1-col\" >\n<div class='pt-cv-ifield'><a href=\"https:\/\/filo.unt.edu.ar\/observatorio-ia\/2025\/09\/04\/lanzamiento-de-filo-ia\/\" class=\"_self pt-cv-href-thumbnail pt-cv-thumb-default\" target=\"_self\" ><img loading=\"lazy\" decoding=\"async\" width=\"720\" height=\"380\" src=\"https:\/\/filo.unt.edu.ar\/observatorio-ia\/wp-content\/uploads\/sites\/110\/2025\/09\/observatorio_ia_apertura-720x380.jpg\" class=\"pt-cv-thumbnail\" alt=\"\" srcset=\"https:\/\/filo.unt.edu.ar\/observatorio-ia\/wp-content\/uploads\/sites\/110\/2025\/09\/observatorio_ia_apertura-720x380.jpg 720w, https:\/\/filo.unt.edu.ar\/observatorio-ia\/wp-content\/uploads\/sites\/110\/2025\/09\/observatorio_ia_apertura-300x157.jpg 300w\" sizes=\"auto, (max-width: 720px) 100vw, 720px\" \/><\/a><\/p>\n<h4 class=\"pt-cv-title\"><a href=\"https:\/\/filo.unt.edu.ar\/observatorio-ia\/2025\/09\/04\/lanzamiento-de-filo-ia\/\" class=\"_self\" target=\"_self\" >Lanzamiento de Filo IA<\/a><\/h4>\n<div class=\"pt-cv-content\">La irrupci\u00f3n de la Inteligencia Artificial (IA) est\u00e1 transformando nuestras sociedades y afecta transversalmente a la educaci\u00f3n, la comunicaci\u00f3n, la ...<\/p>\n<div class=\"pt-cv-rmwrap\"><a href=\"https:\/\/filo.unt.edu.ar\/observatorio-ia\/2025\/09\/04\/lanzamiento-de-filo-ia\/\" class=\"_self pt-cv-readmore btn btn-success\" target=\"_self\">Leer M\u00e1s<\/a><\/div>\n<\/div>\n<\/div>\n<\/div>\n<div class=\"col-md-4 col-sm-12 col-xs-12 pt-cv-content-item pt-cv-1-col\" >\n<div class='pt-cv-ifield'><a href=\"https:\/\/filo.unt.edu.ar\/observatorio-ia\/2025\/09\/02\/acto-de-apertura-y-presentacion-de-filo-ia\/\" class=\"_self pt-cv-href-thumbnail pt-cv-thumb-default\" target=\"_self\" ><img loading=\"lazy\" decoding=\"async\" width=\"720\" height=\"380\" src=\"https:\/\/filo.unt.edu.ar\/observatorio-ia\/wp-content\/uploads\/sites\/110\/2025\/09\/FILO_IA_1-720x380.jpg\" class=\"pt-cv-thumbnail\" alt=\"\" \/><\/a><\/p>\n<h4 class=\"pt-cv-title\"><a href=\"https:\/\/filo.unt.edu.ar\/observatorio-ia\/2025\/09\/02\/acto-de-apertura-y-presentacion-de-filo-ia\/\" class=\"_self\" target=\"_self\" >Acto de Apertura y presentaci\u00f3n de Filo IA<\/a><\/h4>\n<div class=\"pt-cv-content\">Filo IA. Observatorio de Inteligencia Artificial aplicada a las Humanidades y Ciencias Sociales. I+D+I. El Sr. decano de la Facultad ...<\/p>\n<div class=\"pt-cv-rmwrap\"><a href=\"https:\/\/filo.unt.edu.ar\/observatorio-ia\/2025\/09\/02\/acto-de-apertura-y-presentacion-de-filo-ia\/\" class=\"_self pt-cv-readmore btn btn-success\" target=\"_self\">Leer M\u00e1s<\/a><\/div>\n<\/div>\n<\/div>\n<\/div>\n<\/div>\n<\/div>\n<\/div>\n<\/div>\n<\/div><\/div><\/div><\/div><\/div>","protected":false},"excerpt":{"rendered":"<p>Primer Encuentro de Comit\u00e9s de \u00c9tica de la Investigaci\u00f3n del NOA El Observatorio Filo.IA particip\u00f3 en el Primer Encuentro de Comit\u00e9s de \u00c9tica de la Investigaci\u00f3n del NOA Este jueves 9 &#8230; Leer M\u00e1s Lanzamiento de Filo IA La irrupci\u00f3n de la Inteligencia Artificial (IA) est\u00e1 transformando nuestras sociedades y afecta transversalmente a la educaci\u00f3n, [&hellip;]<\/p>\n","protected":false},"author":1,"featured_media":0,"parent":0,"menu_order":0,"comment_status":"closed","ping_status":"closed","template":"","meta":{"footnotes":""},"class_list":["post-16","page","type-page","status-publish","hentry","post"],"_links":{"self":[{"href":"https:\/\/filo.unt.edu.ar\/observatorio-ia\/wp-json\/wp\/v2\/pages\/16","targetHints":{"allow":["GET"]}}],"collection":[{"href":"https:\/\/filo.unt.edu.ar\/observatorio-ia\/wp-json\/wp\/v2\/pages"}],"about":[{"href":"https:\/\/filo.unt.edu.ar\/observatorio-ia\/wp-json\/wp\/v2\/types\/page"}],"author":[{"embeddable":true,"href":"https:\/\/filo.unt.edu.ar\/observatorio-ia\/wp-json\/wp\/v2\/users\/1"}],"replies":[{"embeddable":true,"href":"https:\/\/filo.unt.edu.ar\/observatorio-ia\/wp-json\/wp\/v2\/comments?post=16"}],"version-history":[{"count":2,"href":"https:\/\/filo.unt.edu.ar\/observatorio-ia\/wp-json\/wp\/v2\/pages\/16\/revisions"}],"predecessor-version":[{"id":118,"href":"https:\/\/filo.unt.edu.ar\/observatorio-ia\/wp-json\/wp\/v2\/pages\/16\/revisions\/118"}],"wp:attachment":[{"href":"https:\/\/filo.unt.edu.ar\/observatorio-ia\/wp-json\/wp\/v2\/media?parent=16"}],"curies":[{"name":"wp","href":"https:\/\/api.w.org\/{rel}","templated":true}]}}