{"id":14,"date":"2025-08-28T08:17:43","date_gmt":"2025-08-28T11:17:43","guid":{"rendered":"https:\/\/filo.unt.edu.ar\/observatorio-ia\/?page_id=14"},"modified":"2025-08-29T09:35:05","modified_gmt":"2025-08-29T12:35:05","slug":"proposito","status":"publish","type":"page","link":"https:\/\/filo.unt.edu.ar\/observatorio-ia\/proposito\/","title":{"rendered":"Prop\u00f3sito"},"content":{"rendered":"<div id=\"pl-14\"  class=\"panel-layout\" ><div id=\"pg-14-0\"  class=\"panel-grid panel-no-style\" ><div id=\"pgc-14-0-0\"  class=\"panel-grid-cell\" ><div id=\"panel-14-0-0-0\" class=\"so-panel widget widget_sow-editor panel-first-child panel-last-child\" data-index=\"0\" ><div\n\t\t\t\n\t\t\tclass=\"so-widget-sow-editor so-widget-sow-editor-base\"\n\t\t\t\n\t\t>\n<div class=\"siteorigin-widget-tinymce textwidget\">\n\t<ul>\n<li style=\"text-align: left;\">Crear un <span style=\"color: #000080;\"><strong>espacio de investigaci\u00f3n, desarrollo e innovaci\u00f3n (I+D+i)<\/strong> <\/span>con foco en IA y su intersecci\u00f3n con las Humanidades y las Ciencias Sociales.<\/li>\n<li style=\"text-align: left;\">Construir una <span style=\"color: #000080;\"><strong>red acad\u00e9mica nacional e internacional<\/strong><\/span> para el estudio cr\u00edtico de la IA.<\/li>\n<li style=\"text-align: left;\"><span style=\"color: #000080;\"><strong>Dise\u00f1ar l\u00edneas de investigaci\u00f3n interdisciplinarias<\/strong><\/span> que integren filosof\u00eda, comunicaci\u00f3n, educaci\u00f3n, letras, geograf\u00eda, historia y ense\u00f1anza de idiomas con herramientas de IA.<\/li>\n<li style=\"text-align: left;\">Documentar y difundir <span style=\"color: #000080;\"><strong>casos paradigm\u00e1ticos<\/strong><\/span> de aplicaci\u00f3n de IA en investigaci\u00f3n social y human\u00edstica.<\/li>\n<li style=\"text-align: left;\"><span style=\"color: #000080;\"><strong>Formar investigadores y profesionales<\/strong> <\/span>con capacidades cr\u00edticas y t\u00e9cnicas frente a los desaf\u00edos de la IA en contextos locales complejos.<\/li>\n<li style=\"text-align: left;\">Crear<span style=\"color: #000080;\"><strong> trayectos de formaci\u00f3n y recursos especializados<\/strong><\/span> para docentes e investigadores.<\/li>\n<li style=\"text-align: left;\"><span style=\"color: #000080;\"><strong>Impulsar protocolos \u00e9ticos<\/strong><\/span> para el uso acad\u00e9mico de IA, evaluando sus limitaciones epistemol\u00f3gicas y asegurando transparencia.<\/li>\n<li style=\"text-align: left;\">Fomentar <span style=\"color: #000080;\"><strong>espacios de di\u00e1logo y reflexi\u00f3n<\/strong> <\/span>mediante cursos, ateneos, mesas redondas y publicaciones.<\/li>\n<\/ul>\n<\/div>\n<\/div><\/div><\/div><\/div><\/div>","protected":false},"excerpt":{"rendered":"<p>Crear un espacio de investigaci\u00f3n, desarrollo e innovaci\u00f3n (I+D+i) con foco en IA y su intersecci\u00f3n con las Humanidades y las Ciencias Sociales. Construir una red acad\u00e9mica nacional e internacional para el estudio cr\u00edtico de la IA. Dise\u00f1ar l\u00edneas de investigaci\u00f3n interdisciplinarias que integren filosof\u00eda, comunicaci\u00f3n, educaci\u00f3n, letras, geograf\u00eda, historia y ense\u00f1anza de idiomas con [&hellip;]<\/p>\n","protected":false},"author":1,"featured_media":0,"parent":0,"menu_order":0,"comment_status":"closed","ping_status":"closed","template":"","meta":{"footnotes":""},"class_list":["post-14","page","type-page","status-publish","hentry","post"],"_links":{"self":[{"href":"https:\/\/filo.unt.edu.ar\/observatorio-ia\/wp-json\/wp\/v2\/pages\/14","targetHints":{"allow":["GET"]}}],"collection":[{"href":"https:\/\/filo.unt.edu.ar\/observatorio-ia\/wp-json\/wp\/v2\/pages"}],"about":[{"href":"https:\/\/filo.unt.edu.ar\/observatorio-ia\/wp-json\/wp\/v2\/types\/page"}],"author":[{"embeddable":true,"href":"https:\/\/filo.unt.edu.ar\/observatorio-ia\/wp-json\/wp\/v2\/users\/1"}],"replies":[{"embeddable":true,"href":"https:\/\/filo.unt.edu.ar\/observatorio-ia\/wp-json\/wp\/v2\/comments?post=14"}],"version-history":[{"count":4,"href":"https:\/\/filo.unt.edu.ar\/observatorio-ia\/wp-json\/wp\/v2\/pages\/14\/revisions"}],"predecessor-version":[{"id":62,"href":"https:\/\/filo.unt.edu.ar\/observatorio-ia\/wp-json\/wp\/v2\/pages\/14\/revisions\/62"}],"wp:attachment":[{"href":"https:\/\/filo.unt.edu.ar\/observatorio-ia\/wp-json\/wp\/v2\/media?parent=14"}],"curies":[{"name":"wp","href":"https:\/\/api.w.org\/{rel}","templated":true}]}}