{"id":12,"date":"2025-08-28T08:17:06","date_gmt":"2025-08-28T11:17:06","guid":{"rendered":"https:\/\/filo.unt.edu.ar\/observatorio-ia\/?page_id=12"},"modified":"2025-08-29T09:32:47","modified_gmt":"2025-08-29T12:32:47","slug":"areas-clave","status":"publish","type":"page","link":"https:\/\/filo.unt.edu.ar\/observatorio-ia\/areas-clave\/","title":{"rendered":"\u00c1reas clave"},"content":{"rendered":"<div id=\"pl-12\"  class=\"panel-layout\" ><div id=\"pg-12-0\"  class=\"panel-grid panel-no-style\" ><div id=\"pgc-12-0-0\"  class=\"panel-grid-cell\" ><div id=\"panel-12-0-0-0\" class=\"so-panel widget widget_sow-editor panel-first-child panel-last-child\" data-index=\"0\" ><div\n\t\t\t\n\t\t\tclass=\"so-widget-sow-editor so-widget-sow-editor-base\"\n\t\t\t\n\t\t>\n<div class=\"siteorigin-widget-tinymce textwidget\">\n\t<p style=\"text-align: left;\">El Observatorio IA + Humanidades articula iniciativas existentes y potencia nuevas l\u00edneas de trabajo desde un enfoque interdisciplinario.<\/p>\n<p style=\"text-align: left;\"><span style=\"color: #000080;\"><strong>Ejes transversales:<\/strong><\/span><\/p>\n<ul>\n<li style=\"text-align: left;\">Perspectiva cr\u00edtica: an\u00e1lisis de sesgos, impactos y l\u00edmites de la IA.<\/li>\n<li style=\"text-align: left;\">Docencia: incorporaci\u00f3n reflexiva de IA en la ense\u00f1anza.<\/li>\n<li style=\"text-align: left;\">Investigaci\u00f3n: producci\u00f3n de conocimiento con metodolog\u00edas innovadoras.<\/li>\n<li style=\"text-align: left;\">Extensi\u00f3n y Vinculaci\u00f3n: di\u00e1logo con la sociedad y transferencia de saberes.<\/li>\n<\/ul>\n<p style=\"text-align: left;\"><span style=\"color: #000080;\"><strong>\u00c1reas disciplinares:<\/strong><\/span><\/p>\n<ul>\n<li style=\"text-align: left;\">Lenguas y Ling\u00fc\u00edstica Computacional<\/li>\n<li style=\"text-align: left;\">Filosof\u00eda y \u00c9tica de la Tecnolog\u00eda<\/li>\n<li style=\"text-align: left;\">Comunicaci\u00f3n y Cultura Digital<\/li>\n<li style=\"text-align: left;\">Educaci\u00f3n y Pedagog\u00edas Inteligentes<\/li>\n<li style=\"text-align: left;\">Ciencias Sociales y Transformaci\u00f3n Digital<\/li>\n<\/ul>\n<\/div>\n<\/div><\/div><\/div><\/div><\/div>","protected":false},"excerpt":{"rendered":"<p>El Observatorio IA + Humanidades articula iniciativas existentes y potencia nuevas l\u00edneas de trabajo desde un enfoque interdisciplinario. Ejes transversales: Perspectiva cr\u00edtica: an\u00e1lisis de sesgos, impactos y l\u00edmites de la IA. Docencia: incorporaci\u00f3n reflexiva de IA en la ense\u00f1anza. Investigaci\u00f3n: producci\u00f3n de conocimiento con metodolog\u00edas innovadoras. Extensi\u00f3n y Vinculaci\u00f3n: di\u00e1logo con la sociedad y transferencia [&hellip;]<\/p>\n","protected":false},"author":1,"featured_media":0,"parent":0,"menu_order":0,"comment_status":"closed","ping_status":"closed","template":"","meta":{"footnotes":""},"class_list":["post-12","page","type-page","status-publish","hentry","post"],"_links":{"self":[{"href":"https:\/\/filo.unt.edu.ar\/observatorio-ia\/wp-json\/wp\/v2\/pages\/12","targetHints":{"allow":["GET"]}}],"collection":[{"href":"https:\/\/filo.unt.edu.ar\/observatorio-ia\/wp-json\/wp\/v2\/pages"}],"about":[{"href":"https:\/\/filo.unt.edu.ar\/observatorio-ia\/wp-json\/wp\/v2\/types\/page"}],"author":[{"embeddable":true,"href":"https:\/\/filo.unt.edu.ar\/observatorio-ia\/wp-json\/wp\/v2\/users\/1"}],"replies":[{"embeddable":true,"href":"https:\/\/filo.unt.edu.ar\/observatorio-ia\/wp-json\/wp\/v2\/comments?post=12"}],"version-history":[{"count":3,"href":"https:\/\/filo.unt.edu.ar\/observatorio-ia\/wp-json\/wp\/v2\/pages\/12\/revisions"}],"predecessor-version":[{"id":61,"href":"https:\/\/filo.unt.edu.ar\/observatorio-ia\/wp-json\/wp\/v2\/pages\/12\/revisions\/61"}],"wp:attachment":[{"href":"https:\/\/filo.unt.edu.ar\/observatorio-ia\/wp-json\/wp\/v2\/media?parent=12"}],"curies":[{"name":"wp","href":"https:\/\/api.w.org\/{rel}","templated":true}]}}