{"id":10,"date":"2025-08-28T08:15:29","date_gmt":"2025-08-28T11:15:29","guid":{"rendered":"https:\/\/filo.unt.edu.ar\/observatorio-ia\/?page_id=10"},"modified":"2025-08-29T09:38:39","modified_gmt":"2025-08-29T12:38:39","slug":"que-hacemos","status":"publish","type":"page","link":"https:\/\/filo.unt.edu.ar\/observatorio-ia\/que-hacemos\/","title":{"rendered":"Qu\u00e9 hacemos"},"content":{"rendered":"<div id=\"pl-10\"  class=\"panel-layout\" ><div id=\"pg-10-0\"  class=\"panel-grid panel-no-style\" ><div id=\"pgc-10-0-0\"  class=\"panel-grid-cell\" ><div id=\"panel-10-0-0-0\" class=\"so-panel widget widget_sow-editor panel-first-child\" data-index=\"0\" ><div\n\t\t\t\n\t\t\tclass=\"so-widget-sow-editor so-widget-sow-editor-base\"\n\t\t\t\n\t\t>\n<div class=\"siteorigin-widget-tinymce textwidget\">\n\t<h5 style=\"text-align: left;\"><span style=\"color: #000080;\"><strong>Conversatorio: \u201cDesaf\u00edos de la IA: miradas cr\u00edticas desde las humanidades y las ciencias sociales\u201d<\/strong><\/span><\/h5>\n<p style=\"text-align: left;\">Organizado por la Facultad de Filosof\u00eda y Letras (UNT) y la Carrera de Ciencias de la Comunicaci\u00f3n, reuni\u00f3 a Alejandro Piscitelli, Pablo Fontdevila y Julio Alonso, docentes del Seminario Filosof\u00eda de la Innovaci\u00f3n de la UNTREF.<\/p>\n<p style=\"text-align: left;\"><span style=\"color: #000080;\"><strong>Fecha: 25 de junio de 2025 | Formato: presencial + streaming en YouTube Filo UNT.<\/strong><\/span><\/p>\n<\/div>\n<\/div><\/div><div id=\"panel-10-0-0-1\" class=\"so-panel widget widget_sow-editor panel-last-child\" data-index=\"1\" ><div\n\t\t\t\n\t\t\tclass=\"so-widget-sow-editor so-widget-sow-editor-base\"\n\t\t\t\n\t\t>\n<div class=\"siteorigin-widget-tinymce textwidget\">\n\t<p><iframe loading=\"lazy\" title=\"YouTube video player\" src=\"https:\/\/www.youtube.com\/embed\/mEal_atFCgY?si=7at3fvYFnjl_V5cu\" width=\"560\" height=\"315\" frameborder=\"0\" allowfullscreen=\"allowfullscreen\"><\/iframe><\/p>\n<\/div>\n<\/div><\/div><\/div><\/div><div id=\"pg-10-1\"  class=\"panel-grid panel-no-style\" ><div id=\"pgc-10-1-0\"  class=\"panel-grid-cell\" ><div id=\"panel-10-1-0-0\" class=\"so-panel widget widget_sow-editor panel-first-child\" data-index=\"2\" ><div\n\t\t\t\n\t\t\tclass=\"so-widget-sow-editor so-widget-sow-editor-base\"\n\t\t\t\n\t\t>\n<div class=\"siteorigin-widget-tinymce textwidget\">\n\t<h5 style=\"text-align: left;\"><span style=\"color: #000080;\"><strong>Conferencia de Beatriz de Anso: \u201cIA en la educaci\u00f3n superior\u201d<\/strong><\/span><\/h5>\n<p style=\"text-align: left;\">En el marco de las \u00a0<strong>IV JORNADAS DE BECARIXS, EXTENSIONISTAS, TESISTAS, CAPACITANDXS Y AYUDANTES ESTUDIANTILES<\/strong>, esta conferencia explor\u00f3 los retos y oportunidades que la IA plantea a la ense\u00f1anza universitaria.<\/p>\n<p style=\"text-align: left;\"><strong>Fecha: 31 de julio de 2025 | Formato: presencial + transmisi\u00f3n en YouTube Filo UNT.<\/strong><\/p>\n<\/div>\n<\/div><\/div><div id=\"panel-10-1-0-1\" class=\"so-panel widget widget_sow-editor panel-last-child\" data-index=\"3\" ><div\n\t\t\t\n\t\t\tclass=\"so-widget-sow-editor so-widget-sow-editor-base\"\n\t\t\t\n\t\t>\n<div class=\"siteorigin-widget-tinymce textwidget\">\n\t<p><iframe loading=\"lazy\" title=\"YouTube video player\" src=\"https:\/\/www.youtube.com\/embed\/D2dLTL5ushM?si=sLw61TRnRC3Wqz4u\" width=\"560\" height=\"315\" frameborder=\"0\" allowfullscreen=\"allowfullscreen\"><\/iframe><\/p>\n<\/div>\n<\/div><\/div><\/div><\/div><\/div>","protected":false},"excerpt":{"rendered":"<p>Conversatorio: \u201cDesaf\u00edos de la IA: miradas cr\u00edticas desde las humanidades y las ciencias sociales\u201d Organizado por la Facultad de Filosof\u00eda y Letras (UNT) y la Carrera de Ciencias de la Comunicaci\u00f3n, reuni\u00f3 a Alejandro Piscitelli, Pablo Fontdevila y Julio Alonso, docentes del Seminario Filosof\u00eda de la Innovaci\u00f3n de la UNTREF. Fecha: 25 de junio de [&hellip;]<\/p>\n","protected":false},"author":1,"featured_media":0,"parent":0,"menu_order":0,"comment_status":"closed","ping_status":"closed","template":"","meta":{"footnotes":""},"class_list":["post-10","page","type-page","status-publish","hentry","post"],"_links":{"self":[{"href":"https:\/\/filo.unt.edu.ar\/observatorio-ia\/wp-json\/wp\/v2\/pages\/10","targetHints":{"allow":["GET"]}}],"collection":[{"href":"https:\/\/filo.unt.edu.ar\/observatorio-ia\/wp-json\/wp\/v2\/pages"}],"about":[{"href":"https:\/\/filo.unt.edu.ar\/observatorio-ia\/wp-json\/wp\/v2\/types\/page"}],"author":[{"embeddable":true,"href":"https:\/\/filo.unt.edu.ar\/observatorio-ia\/wp-json\/wp\/v2\/users\/1"}],"replies":[{"embeddable":true,"href":"https:\/\/filo.unt.edu.ar\/observatorio-ia\/wp-json\/wp\/v2\/comments?post=10"}],"version-history":[{"count":3,"href":"https:\/\/filo.unt.edu.ar\/observatorio-ia\/wp-json\/wp\/v2\/pages\/10\/revisions"}],"predecessor-version":[{"id":63,"href":"https:\/\/filo.unt.edu.ar\/observatorio-ia\/wp-json\/wp\/v2\/pages\/10\/revisions\/63"}],"wp:attachment":[{"href":"https:\/\/filo.unt.edu.ar\/observatorio-ia\/wp-json\/wp\/v2\/media?parent=10"}],"curies":[{"name":"wp","href":"https:\/\/api.w.org\/{rel}","templated":true}]}}