{"id":723,"date":"2016-10-31T11:49:46","date_gmt":"2016-10-31T14:49:46","guid":{"rendered":"http:\/\/filo.unt.edu.ar\/noticias\/?page_id=723"},"modified":"2017-04-05T14:54:56","modified_gmt":"2017-04-05T17:54:56","slug":"publicaciones","status":"publish","type":"page","link":"https:\/\/filo.unt.edu.ar\/noticias\/publicaciones\/","title":{"rendered":"Publicaciones"},"content":{"rendered":"<div id=\"pl-723\"  class=\"panel-layout\" ><div id=\"pg-723-0\"  class=\"panel-grid panel-no-style\" ><div id=\"pgc-723-0-0\"  class=\"panel-grid-cell\" ><div id=\"panel-723-0-0-0\" class=\"so-panel widget widget_sow-editor panel-first-child\" data-index=\"0\" ><div\n\t\t\t\n\t\t\tclass=\"so-widget-sow-editor so-widget-sow-editor-base\"\n\t\t\t\n\t\t>\n<div class=\"siteorigin-widget-tinymce textwidget\">\n\t<p>En esta secci\u00f3n difundimos material correspondiente al <strong>Departamento de Publicaciones de la Facultad de Filosof\u00eda y Letras<\/strong>.<br \/>\nCompartimos con ustedes los libros que se han publicado a lo largo del a\u00f1o 2016 y actualizamos cada vez que se realiza una nueva publicaci\u00f3n.<\/p>\n<\/div>\n<\/div><\/div><div id=\"panel-723-0-0-1\" class=\"so-panel widget widget_siteorigin-panels-postloop panel-last-child\" data-index=\"1\" ><div class=\"panel-widget-style panel-widget-style-for-723-0-0-1\" >\n\t\n<article id=\"post-0\" class=\"post no-results not-found\">\n\t<header class=\"entry-header\">\n\t\t\t\t\t<h1 class=\"entry-title\">Nothing Found<\/h1>\n\t\t\t<\/header><!-- .entry-header -->\n\n\t<div class=\"entry-content\">\n\t\t\n\t\t\t<p>It seems we can&rsquo;t find what you&rsquo;re looking for. Perhaps searching can help.<\/p>\n\t\t\t\n<form method=\"get\" class=\"searchform\" action=\"https:\/\/filo.unt.edu.ar\/noticias\/\" role=\"search\">\n\t<input type=\"text\" class=\"field\" name=\"s\" value=\"\" placeholder=\"Search\"\/>\n<\/form>\n\n\t\t\t<\/div><!-- .entry-content -->\n<\/article><!-- #post-0 .post .no-results .not-found -->\n\n<\/div><\/div><\/div><\/div><div id=\"pg-723-1\"  class=\"panel-grid panel-no-style\" ><div id=\"pgc-723-1-0\"  class=\"panel-grid-cell\" ><div id=\"panel-723-1-0-0\" class=\"so-panel widget widget_black-studio-tinymce widget_black_studio_tinymce panel-first-child panel-last-child\" data-index=\"2\" ><div class=\"textwidget\"><p><a href=\"https:\/\/www.facebook.com\/libreriahumanitas\/photos\/a.439348292904204.1073741834.436235409882159\/618647608307604\/?type=3\" target=\"_blank\"><img loading=\"lazy\" decoding=\"async\" class=\"alignnone size-medium wp-image-753\" src=\"http:\/\/filo.unt.edu.ar\/noticias\/wp-content\/uploads\/sites\/74\/2016\/10\/filosofia-MARCOS-Ciudadania-1-211x300.jpg\" alt=\"filosofia-marcos-ciudadania-1\" width=\"211\" height=\"300\" srcset=\"https:\/\/filo.unt.edu.ar\/noticias\/wp-content\/uploads\/sites\/74\/2016\/10\/filosofia-MARCOS-Ciudadania-1-211x300.jpg 211w, https:\/\/filo.unt.edu.ar\/noticias\/wp-content\/uploads\/sites\/74\/2016\/10\/filosofia-MARCOS-Ciudadania-1.jpg 582w\" sizes=\"auto, (max-width: 211px) 100vw, 211px\" \/><\/a><\/p>\n<\/div><\/div><\/div><div id=\"pgc-723-1-1\"  class=\"panel-grid-cell\" ><div id=\"panel-723-1-1-0\" class=\"so-panel widget widget_black-studio-tinymce widget_black_studio_tinymce panel-first-child panel-last-child\" data-index=\"3\" ><div class=\"textwidget\"><p><a href=\"https:\/\/www.facebook.com\/libreriahumanitas\/photos\/a.439365859569114.1073741841.436235409882159\/618897541615944\/?type=3\" target=\"_blank\"><img loading=\"lazy\" decoding=\"async\" class=\"alignnone size-medium wp-image-754\" src=\"http:\/\/filo.unt.edu.ar\/noticias\/wp-content\/uploads\/sites\/74\/2016\/10\/psicologia-DUGUECH-Lecturas-212x300.jpg\" alt=\"psicologia-duguech-lecturas\" width=\"212\" height=\"300\" srcset=\"https:\/\/filo.unt.edu.ar\/noticias\/wp-content\/uploads\/sites\/74\/2016\/10\/psicologia-DUGUECH-Lecturas-212x300.jpg 212w, https:\/\/filo.unt.edu.ar\/noticias\/wp-content\/uploads\/sites\/74\/2016\/10\/psicologia-DUGUECH-Lecturas.jpg 412w\" sizes=\"auto, (max-width: 212px) 100vw, 212px\" \/><\/a><\/p>\n<\/div><\/div><\/div><div id=\"pgc-723-1-2\"  class=\"panel-grid-cell\" ><div id=\"panel-723-1-2-0\" class=\"so-panel widget widget_black-studio-tinymce widget_black_studio_tinymce panel-first-child panel-last-child\" data-index=\"4\" ><div class=\"textwidget\"><p><a href=\"https:\/\/www.facebook.com\/libreriahumanitas\/photos\/a.455181564654210.1073741855.436235409882159\/618653574973674\/?type=3\" target=\"_blank\"><img loading=\"lazy\" decoding=\"async\" class=\"alignnone size-medium wp-image-755\" src=\"http:\/\/filo.unt.edu.ar\/noticias\/wp-content\/uploads\/sites\/74\/2016\/10\/trabajo-social-MAX-AGUERO-trabajo-social-familiar-232x300.jpg\" alt=\"trabajo-social-max-aguero-trabajo-social-familiar\" width=\"232\" height=\"300\" srcset=\"https:\/\/filo.unt.edu.ar\/noticias\/wp-content\/uploads\/sites\/74\/2016\/10\/trabajo-social-MAX-AGUERO-trabajo-social-familiar-232x300.jpg 232w, https:\/\/filo.unt.edu.ar\/noticias\/wp-content\/uploads\/sites\/74\/2016\/10\/trabajo-social-MAX-AGUERO-trabajo-social-familiar-600x776.jpg 600w, https:\/\/filo.unt.edu.ar\/noticias\/wp-content\/uploads\/sites\/74\/2016\/10\/trabajo-social-MAX-AGUERO-trabajo-social-familiar.jpg 670w\" sizes=\"auto, (max-width: 232px) 100vw, 232px\" \/><\/a><\/p>\n<\/div><\/div><\/div><div id=\"pgc-723-1-3\"  class=\"panel-grid-cell\" ><div id=\"panel-723-1-3-0\" class=\"so-panel widget widget_black-studio-tinymce widget_black_studio_tinymce panel-first-child panel-last-child\" data-index=\"5\" ><div class=\"textwidget\"><p><a href=\"https:\/\/www.facebook.com\/libreriahumanitas\/photos\/a.439348292904204.1073741834.436235409882159\/618647471640951\/?type=3\" target=\"_blank\"><img loading=\"lazy\" decoding=\"async\" class=\"alignnone size-medium wp-image-756\" src=\"http:\/\/filo.unt.edu.ar\/noticias\/wp-content\/uploads\/sites\/74\/2016\/10\/AGUIRREZ-PALIMPSESTO-frente-tapa-218x300.jpg\" alt=\"aguirrez-palimpsesto-frente-tapa\" width=\"218\" height=\"300\" srcset=\"https:\/\/filo.unt.edu.ar\/noticias\/wp-content\/uploads\/sites\/74\/2016\/10\/AGUIRREZ-PALIMPSESTO-frente-tapa-218x300.jpg 218w, https:\/\/filo.unt.edu.ar\/noticias\/wp-content\/uploads\/sites\/74\/2016\/10\/AGUIRREZ-PALIMPSESTO-frente-tapa-768x1058.jpg 768w, https:\/\/filo.unt.edu.ar\/noticias\/wp-content\/uploads\/sites\/74\/2016\/10\/AGUIRREZ-PALIMPSESTO-frente-tapa-784x1080.jpg 784w, https:\/\/filo.unt.edu.ar\/noticias\/wp-content\/uploads\/sites\/74\/2016\/10\/AGUIRREZ-PALIMPSESTO-frente-tapa-600x827.jpg 600w, https:\/\/filo.unt.edu.ar\/noticias\/wp-content\/uploads\/sites\/74\/2016\/10\/AGUIRREZ-PALIMPSESTO-frente-tapa.jpg 878w\" sizes=\"auto, (max-width: 218px) 100vw, 218px\" \/><\/a><\/p>\n<\/div><\/div><\/div><\/div><div id=\"pg-723-2\"  class=\"panel-grid panel-no-style\" ><div id=\"pgc-723-2-0\"  class=\"panel-grid-cell\" ><div id=\"panel-723-2-0-0\" class=\"so-panel widget widget_black-studio-tinymce widget_black_studio_tinymce panel-first-child panel-last-child\" data-index=\"6\" ><div class=\"textwidget\"><p><a href=\"https:\/\/www.facebook.com\/libreriahumanitas\/photos\/a.439360796236287.1073741840.436235409882159\/618895274949504\/?type=3\" target=\"_blank\"><img loading=\"lazy\" decoding=\"async\" class=\"alignnone size-medium wp-image-757\" src=\"http:\/\/filo.unt.edu.ar\/noticias\/wp-content\/uploads\/sites\/74\/2016\/10\/ANTIGUO-R\u00c9GIMEN-Y-LIBERALISMO-211x300.jpg\" alt=\"antiguo-regimen-y-liberalismo\" width=\"211\" height=\"300\" srcset=\"https:\/\/filo.unt.edu.ar\/noticias\/wp-content\/uploads\/sites\/74\/2016\/10\/ANTIGUO-R\u00c9GIMEN-Y-LIBERALISMO-211x300.jpg 211w, https:\/\/filo.unt.edu.ar\/noticias\/wp-content\/uploads\/sites\/74\/2016\/10\/ANTIGUO-R\u00c9GIMEN-Y-LIBERALISMO-768x1094.jpg 768w, https:\/\/filo.unt.edu.ar\/noticias\/wp-content\/uploads\/sites\/74\/2016\/10\/ANTIGUO-R\u00c9GIMEN-Y-LIBERALISMO-758x1080.jpg 758w, https:\/\/filo.unt.edu.ar\/noticias\/wp-content\/uploads\/sites\/74\/2016\/10\/ANTIGUO-R\u00c9GIMEN-Y-LIBERALISMO-600x855.jpg 600w, https:\/\/filo.unt.edu.ar\/noticias\/wp-content\/uploads\/sites\/74\/2016\/10\/ANTIGUO-R\u00c9GIMEN-Y-LIBERALISMO.jpg 970w\" sizes=\"auto, (max-width: 211px) 100vw, 211px\" \/><\/a><\/p>\n<\/div><\/div><\/div><div id=\"pgc-723-2-1\"  class=\"panel-grid-cell\" ><div id=\"panel-723-2-1-0\" class=\"so-panel widget widget_black-studio-tinymce widget_black_studio_tinymce panel-first-child panel-last-child\" data-index=\"7\" ><div class=\"textwidget\"><p><a href=\"https:\/\/www.facebook.com\/libreriahumanitas\/photos\/a.439351496237217.1073741836.436235409882159\/618655591640139\/?type=3\" target=\"_blank\"><img loading=\"lazy\" decoding=\"async\" class=\"alignnone size-medium wp-image-759\" src=\"http:\/\/filo.unt.edu.ar\/noticias\/wp-content\/uploads\/sites\/74\/2016\/10\/EL-PRINCIPE2c-LA-CORTE-y-SUS-REINOS-230x300.jpg\" alt=\"el-principe%2c-la-corte-y-sus-reinos\" width=\"230\" height=\"300\" srcset=\"https:\/\/filo.unt.edu.ar\/noticias\/wp-content\/uploads\/sites\/74\/2016\/10\/EL-PRINCIPE2c-LA-CORTE-y-SUS-REINOS-230x300.jpg 230w, https:\/\/filo.unt.edu.ar\/noticias\/wp-content\/uploads\/sites\/74\/2016\/10\/EL-PRINCIPE2c-LA-CORTE-y-SUS-REINOS-600x784.jpg 600w, https:\/\/filo.unt.edu.ar\/noticias\/wp-content\/uploads\/sites\/74\/2016\/10\/EL-PRINCIPE2c-LA-CORTE-y-SUS-REINOS.jpg 666w\" sizes=\"auto, (max-width: 230px) 100vw, 230px\" \/><\/a><\/p>\n<\/div><\/div><\/div><div id=\"pgc-723-2-2\"  class=\"panel-grid-cell\" ><div id=\"panel-723-2-2-0\" class=\"so-panel widget widget_black-studio-tinymce widget_black_studio_tinymce panel-first-child panel-last-child\" data-index=\"8\" ><div class=\"textwidget\"><p><a href=\"https:\/\/www.facebook.com\/libreriahumanitas\/photos\/a.439348292904204.1073741834.436235409882159\/502715296567503\/?type=3\" target=\"_blank\"><img loading=\"lazy\" decoding=\"async\" class=\"alignnone size-medium wp-image-760\" src=\"http:\/\/filo.unt.edu.ar\/noticias\/wp-content\/uploads\/sites\/74\/2016\/10\/ENSAYOS-Y-TESTIMONIOS-215x300.jpg\" alt=\"ensayos-y-testimonios\" width=\"215\" height=\"300\" srcset=\"https:\/\/filo.unt.edu.ar\/noticias\/wp-content\/uploads\/sites\/74\/2016\/10\/ENSAYOS-Y-TESTIMONIOS-215x300.jpg 215w, https:\/\/filo.unt.edu.ar\/noticias\/wp-content\/uploads\/sites\/74\/2016\/10\/ENSAYOS-Y-TESTIMONIOS-768x1072.jpg 768w, https:\/\/filo.unt.edu.ar\/noticias\/wp-content\/uploads\/sites\/74\/2016\/10\/ENSAYOS-Y-TESTIMONIOS-774x1080.jpg 774w, https:\/\/filo.unt.edu.ar\/noticias\/wp-content\/uploads\/sites\/74\/2016\/10\/ENSAYOS-Y-TESTIMONIOS-600x837.jpg 600w, https:\/\/filo.unt.edu.ar\/noticias\/wp-content\/uploads\/sites\/74\/2016\/10\/ENSAYOS-Y-TESTIMONIOS.jpg 827w\" sizes=\"auto, (max-width: 215px) 100vw, 215px\" \/><\/a><\/p>\n<\/div><\/div><\/div><div id=\"pgc-723-2-3\"  class=\"panel-grid-cell\" ><div id=\"panel-723-2-3-0\" class=\"so-panel widget widget_black-studio-tinymce widget_black_studio_tinymce panel-first-child panel-last-child\" data-index=\"9\" ><div class=\"textwidget\"><p><a href=\"https:\/\/www.facebook.com\/libreriahumanitas\/photos\/a.439165629589137.1073741830.436235409882159\/573137216191977\/?type=3\" target=\"_blank\"><img loading=\"lazy\" decoding=\"async\" class=\"alignnone size-medium wp-image-761\" src=\"http:\/\/filo.unt.edu.ar\/noticias\/wp-content\/uploads\/sites\/74\/2016\/10\/LA-CR\u00cdTICA-DE-FREGE-AL-EMPIRISMO-208x300.jpg\" alt=\"la-critica-de-frege-al-empirismo\" width=\"208\" height=\"300\" srcset=\"https:\/\/filo.unt.edu.ar\/noticias\/wp-content\/uploads\/sites\/74\/2016\/10\/LA-CR\u00cdTICA-DE-FREGE-AL-EMPIRISMO-208x300.jpg 208w, https:\/\/filo.unt.edu.ar\/noticias\/wp-content\/uploads\/sites\/74\/2016\/10\/LA-CR\u00cdTICA-DE-FREGE-AL-EMPIRISMO-600x867.jpg 600w, https:\/\/filo.unt.edu.ar\/noticias\/wp-content\/uploads\/sites\/74\/2016\/10\/LA-CR\u00cdTICA-DE-FREGE-AL-EMPIRISMO.jpg 626w\" sizes=\"auto, (max-width: 208px) 100vw, 208px\" \/><\/a><\/p>\n<\/div><\/div><\/div><\/div><div id=\"pg-723-3\"  class=\"panel-grid panel-no-style\" ><div id=\"pgc-723-3-0\"  class=\"panel-grid-cell\" ><div id=\"panel-723-3-0-0\" class=\"so-panel widget widget_black-studio-tinymce widget_black_studio_tinymce panel-first-child panel-last-child\" data-index=\"10\" ><div class=\"textwidget\"><p><a href=\"https:\/\/www.facebook.com\/libreriahumanitas\/photos\/a.439345026237864.1073741832.436235409882159\/548484725323893\/?type=3\" target=\"_blank\"><img loading=\"lazy\" decoding=\"async\" class=\"alignnone size-medium wp-image-762\" src=\"http:\/\/filo.unt.edu.ar\/noticias\/wp-content\/uploads\/sites\/74\/2016\/10\/La-Patria-de-los-Herejes-212x300.jpg\" alt=\"la-patria-de-los-herejes\" width=\"212\" height=\"300\" srcset=\"https:\/\/filo.unt.edu.ar\/noticias\/wp-content\/uploads\/sites\/74\/2016\/10\/La-Patria-de-los-Herejes-212x300.jpg 212w, https:\/\/filo.unt.edu.ar\/noticias\/wp-content\/uploads\/sites\/74\/2016\/10\/La-Patria-de-los-Herejes-600x848.jpg 600w, https:\/\/filo.unt.edu.ar\/noticias\/wp-content\/uploads\/sites\/74\/2016\/10\/La-Patria-de-los-Herejes.jpg 679w\" sizes=\"auto, (max-width: 212px) 100vw, 212px\" \/><\/a><\/p>\n<\/div><\/div><\/div><div id=\"pgc-723-3-1\"  class=\"panel-grid-cell\" ><div id=\"panel-723-3-1-0\" class=\"so-panel widget widget_black-studio-tinymce widget_black_studio_tinymce panel-first-child panel-last-child\" data-index=\"11\" ><div class=\"textwidget\"><p><a href=\"https:\/\/www.facebook.com\/libreriahumanitas\/photos\/ms.c.eJwzNbY0NTM2MzaysDAyM7PUMwXxTYxNzYwMTS2NDQBmuwZi.bps.a.439345026237864.1073741832.436235409882159\/539564356215930\/?type=3\" target=\"_blank\"><img loading=\"lazy\" decoding=\"async\" class=\"alignnone size-medium wp-image-763\" src=\"http:\/\/filo.unt.edu.ar\/noticias\/wp-content\/uploads\/sites\/74\/2016\/10\/PARA-EL-CIELO-DE-LOS-TARCOS-215x300.jpg\" alt=\"para-el-cielo-de-los-tarcos\" width=\"215\" height=\"300\" srcset=\"https:\/\/filo.unt.edu.ar\/noticias\/wp-content\/uploads\/sites\/74\/2016\/10\/PARA-EL-CIELO-DE-LOS-TARCOS-215x300.jpg 215w, https:\/\/filo.unt.edu.ar\/noticias\/wp-content\/uploads\/sites\/74\/2016\/10\/PARA-EL-CIELO-DE-LOS-TARCOS-600x838.jpg 600w, https:\/\/filo.unt.edu.ar\/noticias\/wp-content\/uploads\/sites\/74\/2016\/10\/PARA-EL-CIELO-DE-LOS-TARCOS.jpg 687w\" sizes=\"auto, (max-width: 215px) 100vw, 215px\" \/><\/a><\/p>\n<\/div><\/div><\/div><div id=\"pgc-723-3-2\"  class=\"panel-grid-cell\" ><div id=\"panel-723-3-2-0\" class=\"so-panel widget widget_black-studio-tinymce widget_black_studio_tinymce panel-first-child panel-last-child\" data-index=\"12\" ><div class=\"textwidget\"><p><a href=\"https:\/\/www.facebook.com\/libreriahumanitas\/photos\/a.439165629589137.1073741830.436235409882159\/539547332884299\/?type=3\" target=\"_blank\"><img loading=\"lazy\" decoding=\"async\" class=\"alignnone size-medium wp-image-765\" src=\"http:\/\/filo.unt.edu.ar\/noticias\/wp-content\/uploads\/sites\/74\/2016\/10\/TEATRO-TUCUMANO-Y-CULTURA-ESPA\u00d1OLA-207x300.jpg\" alt=\"teatro-tucumano-y-cultura-espanola\" width=\"207\" height=\"300\" srcset=\"https:\/\/filo.unt.edu.ar\/noticias\/wp-content\/uploads\/sites\/74\/2016\/10\/TEATRO-TUCUMANO-Y-CULTURA-ESPA\u00d1OLA-207x300.jpg 207w, https:\/\/filo.unt.edu.ar\/noticias\/wp-content\/uploads\/sites\/74\/2016\/10\/TEATRO-TUCUMANO-Y-CULTURA-ESPA\u00d1OLA-600x870.jpg 600w, https:\/\/filo.unt.edu.ar\/noticias\/wp-content\/uploads\/sites\/74\/2016\/10\/TEATRO-TUCUMANO-Y-CULTURA-ESPA\u00d1OLA.jpg 626w\" sizes=\"auto, (max-width: 207px) 100vw, 207px\" \/><\/a><\/p>\n<\/div><\/div><\/div><div id=\"pgc-723-3-3\"  class=\"panel-grid-cell\" ><div id=\"panel-723-3-3-0\" class=\"so-panel widget widget_black-studio-tinymce widget_black_studio_tinymce panel-first-child panel-last-child\" data-index=\"13\" ><div class=\"textwidget\"><p><a href=\"https:\/\/www.facebook.com\/libreriahumanitas\/photos\/ms.c.eJwzNbY0NTM2MzaysDAyM7PUMwXxTYxNzYwMTS2NDQBmuwZi.bps.a.439345026237864.1073741832.436235409882159\/539563632882669\/?type=3\" target=\"_blank\"><img loading=\"lazy\" decoding=\"async\" class=\"alignnone size-medium wp-image-766\" src=\"http:\/\/filo.unt.edu.ar\/noticias\/wp-content\/uploads\/sites\/74\/2016\/10\/PLAYAS-211x300.jpg\" alt=\"playas\" width=\"211\" height=\"300\" srcset=\"https:\/\/filo.unt.edu.ar\/noticias\/wp-content\/uploads\/sites\/74\/2016\/10\/PLAYAS-211x300.jpg 211w, https:\/\/filo.unt.edu.ar\/noticias\/wp-content\/uploads\/sites\/74\/2016\/10\/PLAYAS.jpg 583w\" sizes=\"auto, (max-width: 211px) 100vw, 211px\" \/><\/a><\/p>\n<\/div><\/div><\/div><\/div><div id=\"pg-723-4\"  class=\"panel-grid panel-no-style\" ><div id=\"pgc-723-4-0\"  class=\"panel-grid-cell\" ><div id=\"panel-723-4-0-0\" class=\"so-panel widget widget_black-studio-tinymce widget_black_studio_tinymce panel-first-child panel-last-child\" data-index=\"14\" ><div class=\"textwidget\"><p><a href=\"https:\/\/www.facebook.com\/libreriahumanitas\/photos\/a.439165629589137.1073741830.436235409882159\/618641594974872\/?type=3\" target=\"_blank\"><img loading=\"lazy\" decoding=\"async\" class=\"alignnone size-medium wp-image-775\" src=\"http:\/\/filo.unt.edu.ar\/noticias\/wp-content\/uploads\/sites\/74\/2016\/10\/NASSIF-Silvia-Tucuman-en-llamas-207x300.jpg\" alt=\"nassif-silvia-tucuman-en-llamas\" width=\"207\" height=\"300\" srcset=\"https:\/\/filo.unt.edu.ar\/noticias\/wp-content\/uploads\/sites\/74\/2016\/10\/NASSIF-Silvia-Tucuman-en-llamas-207x300.jpg 207w, https:\/\/filo.unt.edu.ar\/noticias\/wp-content\/uploads\/sites\/74\/2016\/10\/NASSIF-Silvia-Tucuman-en-llamas-600x869.jpg 600w, https:\/\/filo.unt.edu.ar\/noticias\/wp-content\/uploads\/sites\/74\/2016\/10\/NASSIF-Silvia-Tucuman-en-llamas.jpg 625w\" sizes=\"auto, (max-width: 207px) 100vw, 207px\" \/><\/a><\/p>\n<\/div><\/div><\/div><div id=\"pgc-723-4-1\"  class=\"panel-grid-cell\" ><div id=\"panel-723-4-1-0\" class=\"so-panel widget widget_black-studio-tinymce widget_black_studio_tinymce panel-first-child panel-last-child\" data-index=\"15\" ><div class=\"textwidget\"><p><a href=\"https:\/\/www.facebook.com\/libreriahumanitas\/photos\/a.439360796236287.1073741840.436235409882159\/618650211640677\/?type=3\" target=\"_blank\"><img loading=\"lazy\" decoding=\"async\" class=\"alignnone size-medium wp-image-774\" src=\"http:\/\/filo.unt.edu.ar\/noticias\/wp-content\/uploads\/sites\/74\/2016\/10\/GARDELLA-Megacausa-frente-tapa-211x300.jpg\" alt=\"gardella-megacausa-frente-tapa\" width=\"211\" height=\"300\" srcset=\"https:\/\/filo.unt.edu.ar\/noticias\/wp-content\/uploads\/sites\/74\/2016\/10\/GARDELLA-Megacausa-frente-tapa-211x300.jpg 211w, https:\/\/filo.unt.edu.ar\/noticias\/wp-content\/uploads\/sites\/74\/2016\/10\/GARDELLA-Megacausa-frente-tapa.jpg 582w\" sizes=\"auto, (max-width: 211px) 100vw, 211px\" \/><\/a><\/p>\n<\/div><\/div><\/div><div id=\"pgc-723-4-2\"  class=\"panel-grid-cell\" ><div id=\"panel-723-4-2-0\" class=\"so-panel widget widget_black-studio-tinymce widget_black_studio_tinymce panel-first-child panel-last-child\" data-index=\"16\" ><div class=\"textwidget\"><p><a href=\"https:\/\/www.facebook.com\/libreriahumanitas\/photos\/a.439165629589137.1073741830.436235409882159\/624309624408069\/?type=3\" target=\"_blank\"><img loading=\"lazy\" decoding=\"async\" src=\"http:\/\/filo.unt.edu.ar\/noticias\/wp-content\/uploads\/sites\/74\/2016\/10\/tesis-BONETTI-tapa-208x300.jpg\" alt=\"tesis-bonetti-tapa\" width=\"208\" height=\"300\" class=\"alignnone size-medium wp-image-782\" srcset=\"https:\/\/filo.unt.edu.ar\/noticias\/wp-content\/uploads\/sites\/74\/2016\/10\/tesis-BONETTI-tapa-208x300.jpg 208w, https:\/\/filo.unt.edu.ar\/noticias\/wp-content\/uploads\/sites\/74\/2016\/10\/tesis-BONETTI-tapa-768x1110.jpg 768w, https:\/\/filo.unt.edu.ar\/noticias\/wp-content\/uploads\/sites\/74\/2016\/10\/tesis-BONETTI-tapa-748x1080.jpg 748w, https:\/\/filo.unt.edu.ar\/noticias\/wp-content\/uploads\/sites\/74\/2016\/10\/tesis-BONETTI-tapa-600x867.jpg 600w, https:\/\/filo.unt.edu.ar\/noticias\/wp-content\/uploads\/sites\/74\/2016\/10\/tesis-BONETTI-tapa.jpg 1882w\" sizes=\"auto, (max-width: 208px) 100vw, 208px\" \/><\/a><\/p>\n<\/div><\/div><\/div><div id=\"pgc-723-4-3\"  class=\"panel-grid-cell\" ><div id=\"panel-723-4-3-0\" class=\"so-panel widget widget_black-studio-tinymce widget_black_studio_tinymce panel-first-child panel-last-child\" data-index=\"17\" ><div class=\"textwidget\"><p><img loading=\"lazy\" decoding=\"async\" class=\"alignnone size-medium wp-image-806\" src=\"http:\/\/filo.unt.edu.ar\/noticias\/wp-content\/uploads\/sites\/74\/2016\/10\/Homo-Poieticus-194x300.jpg\" alt=\"homo-poieticus\" width=\"194\" height=\"300\" srcset=\"https:\/\/filo.unt.edu.ar\/noticias\/wp-content\/uploads\/sites\/74\/2016\/10\/Homo-Poieticus-194x300.jpg 194w, https:\/\/filo.unt.edu.ar\/noticias\/wp-content\/uploads\/sites\/74\/2016\/10\/Homo-Poieticus-600x929.jpg 600w, https:\/\/filo.unt.edu.ar\/noticias\/wp-content\/uploads\/sites\/74\/2016\/10\/Homo-Poieticus.jpg 620w\" sizes=\"auto, (max-width: 194px) 100vw, 194px\" \/><\/p>\n<\/div><\/div><\/div><\/div><div id=\"pg-723-5\"  class=\"panel-grid panel-no-style\" ><div id=\"pgc-723-5-0\"  class=\"panel-grid-cell\" ><div id=\"panel-723-5-0-0\" class=\"so-panel widget widget_black-studio-tinymce widget_black_studio_tinymce panel-first-child panel-last-child\" data-index=\"18\" ><div class=\"textwidget\"><p><a href=\"https:\/\/www.facebook.com\/libreriahumanitas\/photos\/a.436274403211593.1073741827.436235409882159\/646436915528673\/?type=3\" target=\"_blank\"><img loading=\"lazy\" decoding=\"async\" src=\"http:\/\/filo.unt.edu.ar\/noticias\/wp-content\/uploads\/sites\/74\/2016\/10\/traduccion-212x300.jpg\" alt=\"traduccion\" width=\"212\" height=\"300\" class=\"alignnone size-medium wp-image-815\" srcset=\"https:\/\/filo.unt.edu.ar\/noticias\/wp-content\/uploads\/sites\/74\/2016\/10\/traduccion-212x300.jpg 212w, https:\/\/filo.unt.edu.ar\/noticias\/wp-content\/uploads\/sites\/74\/2016\/10\/traduccion.jpg 584w\" sizes=\"auto, (max-width: 212px) 100vw, 212px\" \/><\/a><\/p>\n<\/div><\/div><\/div><div id=\"pgc-723-5-1\"  class=\"panel-grid-cell\" ><div id=\"panel-723-5-1-0\" class=\"so-panel widget widget_black-studio-tinymce widget_black_studio_tinymce panel-first-child panel-last-child\" data-index=\"19\" ><div class=\"textwidget\"><p><a href=\"https:\/\/www.facebook.com\/libreriahumanitas\/photos\/a.436274403211593.1073741827.436235409882159\/656472587858439\/?type=3\" target=\"_blank\"><img loading=\"lazy\" decoding=\"async\" src=\"http:\/\/filo.unt.edu.ar\/noticias\/wp-content\/uploads\/sites\/74\/2016\/10\/historia-BOLOGNINI-Tapa-Inmigracion-206x300.jpg\" alt=\"historia-bolognini-tapa-inmigracion\" width=\"206\" height=\"300\" class=\"alignnone size-medium wp-image-827\" srcset=\"https:\/\/filo.unt.edu.ar\/noticias\/wp-content\/uploads\/sites\/74\/2016\/10\/historia-BOLOGNINI-Tapa-Inmigracion-206x300.jpg 206w, https:\/\/filo.unt.edu.ar\/noticias\/wp-content\/uploads\/sites\/74\/2016\/10\/historia-BOLOGNINI-Tapa-Inmigracion-600x874.jpg 600w, https:\/\/filo.unt.edu.ar\/noticias\/wp-content\/uploads\/sites\/74\/2016\/10\/historia-BOLOGNINI-Tapa-Inmigracion.jpg 617w\" sizes=\"auto, (max-width: 206px) 100vw, 206px\" \/><\/a><\/p>\n<\/div><\/div><\/div><div id=\"pgc-723-5-2\"  class=\"panel-grid-cell panel-grid-cell-mobile-last\" ><div id=\"panel-723-5-2-0\" class=\"so-panel widget widget_black-studio-tinymce widget_black_studio_tinymce panel-first-child panel-last-child\" data-index=\"20\" ><div class=\"textwidget\"><p><a href=\"https:\/\/www.facebook.com\/libreriahumanitas\/photos\/a.436274403211593.1073741827.436235409882159\/656489751190056\/?type=3\" target=\"_blank\"><img loading=\"lazy\" decoding=\"async\" class=\"alignnone size-medium wp-image-1021\" src=\"http:\/\/filo.unt.edu.ar\/noticias\/wp-content\/uploads\/sites\/74\/2016\/10\/Saberes-y-Sabores-207x300.jpg\" alt=\"saberes-y-sabores\" width=\"207\" height=\"300\" srcset=\"https:\/\/filo.unt.edu.ar\/noticias\/wp-content\/uploads\/sites\/74\/2016\/10\/Saberes-y-Sabores-207x300.jpg 207w, https:\/\/filo.unt.edu.ar\/noticias\/wp-content\/uploads\/sites\/74\/2016\/10\/Saberes-y-Sabores-600x870.jpg 600w, https:\/\/filo.unt.edu.ar\/noticias\/wp-content\/uploads\/sites\/74\/2016\/10\/Saberes-y-Sabores.jpg 662w\" sizes=\"auto, (max-width: 207px) 100vw, 207px\" \/><\/a><\/p>\n<\/div><\/div><\/div><div id=\"pgc-723-5-3\"  class=\"panel-grid-cell panel-grid-cell-empty\" ><\/div><\/div><div id=\"pg-723-6\"  class=\"panel-grid panel-no-style\" ><div id=\"pgc-723-6-0\"  class=\"panel-grid-cell\" ><div id=\"panel-723-6-0-0\" class=\"so-panel widget widget_black-studio-tinymce widget_black_studio_tinymce panel-first-child panel-last-child\" data-index=\"21\" ><div class=\"textwidget\"><p><a href=\"https:\/\/www.facebook.com\/libreriahumanitas\/?ref=page_internal\" target=\"_blank\">P\u00e1gina de Facebook de Librer\u00eda Humanitas, Departamento de Publicaciones de la Facultad de Filosof\u00eda y Letras, UNT<\/a><\/p>\n<\/div><\/div><\/div><\/div><\/div>","protected":false},"excerpt":{"rendered":"<p>En esta secci\u00f3n difundimos material correspondiente al Departamento de Publicaciones de la Facultad de Filosof\u00eda y Letras. Compartimos con ustedes los libros que se han publicado a lo largo del a\u00f1o 2016 y actualizamos cada vez que se realiza una nueva publicaci\u00f3n.<\/p>\n","protected":false},"author":101013,"featured_media":0,"parent":0,"menu_order":0,"comment_status":"closed","ping_status":"closed","template":"","meta":{"footnotes":""},"class_list":["post-723","page","type-page","status-publish","hentry","post"],"_links":{"self":[{"href":"https:\/\/filo.unt.edu.ar\/noticias\/wp-json\/wp\/v2\/pages\/723","targetHints":{"allow":["GET"]}}],"collection":[{"href":"https:\/\/filo.unt.edu.ar\/noticias\/wp-json\/wp\/v2\/pages"}],"about":[{"href":"https:\/\/filo.unt.edu.ar\/noticias\/wp-json\/wp\/v2\/types\/page"}],"author":[{"embeddable":true,"href":"https:\/\/filo.unt.edu.ar\/noticias\/wp-json\/wp\/v2\/users\/101013"}],"replies":[{"embeddable":true,"href":"https:\/\/filo.unt.edu.ar\/noticias\/wp-json\/wp\/v2\/comments?post=723"}],"version-history":[{"count":24,"href":"https:\/\/filo.unt.edu.ar\/noticias\/wp-json\/wp\/v2\/pages\/723\/revisions"}],"predecessor-version":[{"id":1165,"href":"https:\/\/filo.unt.edu.ar\/noticias\/wp-json\/wp\/v2\/pages\/723\/revisions\/1165"}],"wp:attachment":[{"href":"https:\/\/filo.unt.edu.ar\/noticias\/wp-json\/wp\/v2\/media?parent=723"}],"curies":[{"name":"wp","href":"https:\/\/api.w.org\/{rel}","templated":true}]}}