{"id":458,"date":"2016-09-29T10:52:03","date_gmt":"2016-09-29T13:52:03","guid":{"rendered":"http:\/\/filo.unt.edu.ar\/noticias\/?page_id=458"},"modified":"2016-10-31T12:07:13","modified_gmt":"2016-10-31T15:07:13","slug":"semana-cultural","status":"publish","type":"page","link":"https:\/\/filo.unt.edu.ar\/noticias\/semana-cultural\/","title":{"rendered":"Semana Cultural"},"content":{"rendered":"<div id=\"pl-458\"  class=\"panel-layout\" ><div id=\"pg-458-0\"  class=\"panel-grid panel-no-style\" ><div id=\"pgc-458-0-0\"  class=\"panel-grid-cell\" ><div id=\"panel-458-0-0-0\" class=\"so-panel widget widget_siteorigin-panels-postloop panel-first-child panel-last-child\" data-index=\"0\" ><div class=\"panel-widget-style panel-widget-style-for-458-0-0-0\" >\n\t\t\n\t\t\n<article id=\"post-9879\" class=\"post-9879 post type-post status-publish format-standard has-post-thumbnail hentry category-asuntos-estudiantiles category-espacio-cultural category-semana-cultural post-with-thumbnail post-with-thumbnail-large\">\n\n\t\n\t<div class=\"entry-main\">\n\n\t\t\n\t\t<header class=\"entry-header\">\n\t\t\t\t\t\t\t<div class=\"entry-thumbnail\">\n\t\t\t\t\t<a href=\"https:\/\/filo.unt.edu.ar\/noticias\/2023\/10\/27\/teatro-de-terror-experimental-en-el-espacio-cultural\/\"><img loading=\"lazy\" decoding=\"async\" width=\"720\" height=\"380\" src=\"https:\/\/filo.unt.edu.ar\/noticias\/wp-content\/uploads\/sites\/74\/2023\/11\/Obra-de-teatro-The-body-of-the-witch-720x380.jpg\" class=\"attachment-post-thumbnail size-post-thumbnail wp-post-image\" alt=\"\" srcset=\"https:\/\/filo.unt.edu.ar\/noticias\/wp-content\/uploads\/sites\/74\/2023\/11\/Obra-de-teatro-The-body-of-the-witch-720x380.jpg 720w, https:\/\/filo.unt.edu.ar\/noticias\/wp-content\/uploads\/sites\/74\/2023\/11\/Obra-de-teatro-The-body-of-the-witch-300x157.jpg 300w\" sizes=\"auto, (max-width: 720px) 100vw, 720px\" \/><\/a>\n\t\t\t\t<\/div>\n\t\t\t\n\t\t\t<h1 class=\"entry-title\"><a href=\"https:\/\/filo.unt.edu.ar\/noticias\/2023\/10\/27\/teatro-de-terror-experimental-en-el-espacio-cultural\/\" title=\"Permalink to Teatro de terror experimental en el Espacio Cultural\" rel=\"bookmark\">Teatro de terror experimental en el Espacio Cultural<\/a><\/h1>\n\n\t\t\t\t\t\t\t<div class=\"entry-meta\">\n\t\t\t\t\tPosted on <a href=\"https:\/\/filo.unt.edu.ar\/noticias\/2023\/10\/27\/teatro-de-terror-experimental-en-el-espacio-cultural\/\" title=\"00:56\" rel=\"bookmark\"><time class=\"entry-date\" datetime=\"2023-10-27T00:56:59-03:00\">27\/10\/2023<\/time><\/a><time class=\"updated\" datetime=\"2023-11-17T09:39:32-03:00\">17\/11\/2023<\/time> <span class=\"byline\"> by <span class=\"author vcard\"><a class=\"url fn n\" href=\"https:\/\/filo.unt.edu.ar\/noticias\/author\/marianacarles\/\" title=\"View all posts by marianacarles\" rel=\"author\">marianacarles<\/a><\/span><\/span> \t\t\t\t<\/div><!-- .entry-meta -->\n\t\t\t\n\t\t<\/header><!-- .entry-header -->\n\n\t\t\t\t\t<div class=\"entry-content\">\n\t\t\t\t<div class=\"xdj266r x11i5rnm xat24cr x1mh8g0r x1vvkbs x126k92a\">\n<p dir=\"auto\">Como colof\u00f3n de las XI Jornadas de Estudiantes de Ingl\u00e9s, el viernes 27, en el Espacio Cultural, estudiantes y docentes de la carrera de ingl\u00e9s del IES Aguilares pusieron en escena la obra de Teatro de terror experimental &#8220;The body of the witch&#8221; (El cuerpo de la bruja), escrita y dirigida por Alejandro Leguizam\u00f3n.<\/p>\n<p dir=\"auto\">Leguizam\u00f3n sostuvo que &#8220;La obra se presenta como &#8220;experimental&#8221; por dos motivos, en primer lugar porque es &#8220;de terror&#8221; y no es com\u00fan este g\u00e9nero dentro del teatro, y, en segundo t\u00e9rmino, por el tipo de puesta en escena, en la que los personajes interact\u00faan con el p\u00fablico, incluso generando miedo&#8221;. Destac\u00f3 tambi\u00e9n que, adem\u00e1s de las actuaciones, la iluminaci\u00f3n, los efectos de sonido y efectos especiales fueron protag\u00f3nicos en la obra dado que son elementos que permiten generar la tensi\u00f3n y el terror.<\/p>\n<\/div>\n<p dir=\"auto\"><a href=\"https:\/\/www.facebook.com\/filount\/posts\/pfbid0e4qa4M4MjPnziZB6hPD7p8XJ1Mah4eyHrNamt5yxrfydsEHD8VyycLwo3EzA7RrAl\" target=\"_blank\" rel=\"noopener\">Ver fotos<\/a><\/p>\n\t\t\t\t\t\t\t\t\t\t\t\t\t\t\t<\/div><!-- .entry-content -->\n\t\t\n\t\t\n\t<\/div>\n\n<\/article><!-- #post-9879 -->\n\n\t\n\t\t\n<article id=\"post-9454\" class=\"post-9454 post type-post status-publish format-standard has-post-thumbnail hentry category-asuntos-estudiantiles category-destacadas category-semana-cultural post-with-thumbnail post-with-thumbnail-large\">\n\n\t\n\t<div class=\"entry-main\">\n\n\t\t\n\t\t<header class=\"entry-header\">\n\t\t\t\t\t\t\t<div class=\"entry-thumbnail\">\n\t\t\t\t\t<a href=\"https:\/\/filo.unt.edu.ar\/noticias\/2023\/09\/23\/semanacultural2023-fiesta-del-estudiante\/\"><img loading=\"lazy\" decoding=\"async\" width=\"720\" height=\"380\" src=\"https:\/\/filo.unt.edu.ar\/noticias\/wp-content\/uploads\/sites\/74\/2023\/09\/Fiesta-dia-del-estudiante-720x380.jpg\" class=\"attachment-post-thumbnail size-post-thumbnail wp-post-image\" alt=\"\" \/><\/a>\n\t\t\t\t<\/div>\n\t\t\t\n\t\t\t<h1 class=\"entry-title\"><a href=\"https:\/\/filo.unt.edu.ar\/noticias\/2023\/09\/23\/semanacultural2023-fiesta-del-estudiante\/\" title=\"Permalink to Fiesta del estudiante\" rel=\"bookmark\">Fiesta del estudiante<\/a><\/h1>\n\n\t\t\t\t\t\t\t<div class=\"entry-meta\">\n\t\t\t\t\tPosted on <a href=\"https:\/\/filo.unt.edu.ar\/noticias\/2023\/09\/23\/semanacultural2023-fiesta-del-estudiante\/\" title=\"13:56\" rel=\"bookmark\"><time class=\"entry-date\" datetime=\"2023-09-23T13:56:46-03:00\">23\/09\/2023<\/time><\/a><time class=\"updated\" datetime=\"2023-10-12T20:18:58-03:00\">12\/10\/2023<\/time> <span class=\"byline\"> by <span class=\"author vcard\"><a class=\"url fn n\" href=\"https:\/\/filo.unt.edu.ar\/noticias\/author\/marianacarles\/\" title=\"View all posts by marianacarles\" rel=\"author\">marianacarles<\/a><\/span><\/span> \t\t\t\t<\/div><!-- .entry-meta -->\n\t\t\t\n\t\t<\/header><!-- .entry-header -->\n\n\t\t\t\t\t<div class=\"entry-content\">\n\t\t\t\t<p dir=\"auto\">El s\u00e1bado 23, m\u00e1s de 6000 estudiantes festejaron su d\u00eda en los merenderos y espacios verdes de Filo.<\/p>\n<p dir=\"auto\">Bajo el lema &#8220;En defensa de la Universidad P\u00fablica&#8221; y en un clima de camarader\u00eda, estudiantes de toda la UNT participaron de una jornada de celebraci\u00f3n.<\/p>\n<p dir=\"auto\">La celebraci\u00f3n implic\u00f3 un trabajo coordinado entre la gesti\u00f3n de la Facultad, a trav\u00e9s de su coordinador de asuntos estudiantiles, Jos\u00e9 Rivera; el Centro de Estudiante y agrupaciones estudiantiles de la Facultad. Es gracias al intenso trabajo de estas partes que la fiesta puede ser un momento de festejo y alegr\u00eda.<\/p>\n<p dir=\"auto\">Como ya es tradici\u00f3n, la entrada era un alimento no perecedero, que fue destinado a los espacios &#8220;Creando Sonrisas&#8221; y &#8220;Primero los ni\u00f1os&#8221;, organizaciones que se dedican a acompa\u00f1ar a sectores vulnerables.<\/p>\n<p dir=\"auto\">Fue muy importante la presencia del Servicio de Emergencia 107 y del coordinador del INADI Tucum\u00e1n, y la colaboraci\u00f3n del personal no docente de la Facultad.<\/p>\n<p dir=\"auto\">Finalmente, es menester destacar, <span style=\"color: initial\">a 40 a\u00f1os de Democracia, que esta Fiesta viene realiz\u00e1ndose desde su vuelta.<\/span><\/p>\n<div dir=\"auto\"><\/div>\n<div dir=\"auto\"><a href=\"https:\/\/www.facebook.com\/filount\/posts\/pfbid0x8ns3LCLUN7Vg6X92E5KAKQuYnPhJ82nGSnTeviUSnh9TKPLUXgcfaRJ2Ew7tk13l\" target=\"_blank\" rel=\"noopener\">Ver fotos<\/a><\/div>\n\t\t\t\t\t\t\t\t\t\t\t\t\t\t\t<\/div><!-- .entry-content -->\n\t\t\n\t\t\n\t<\/div>\n\n<\/article><!-- #post-9454 -->\n\n\t\n\t\t\n<article id=\"post-9462\" class=\"post-9462 post type-post status-publish format-standard has-post-thumbnail hentry category-eventos-academicos category-semana-cultural post-with-thumbnail post-with-thumbnail-large\">\n\n\t\n\t<div class=\"entry-main\">\n\n\t\t\n\t\t<header class=\"entry-header\">\n\t\t\t\t\t\t\t<div class=\"entry-thumbnail\">\n\t\t\t\t\t<a href=\"https:\/\/filo.unt.edu.ar\/noticias\/2023\/09\/22\/semana-cultural-xx-congreso-nacional-de-filosofia\/\"><img loading=\"lazy\" decoding=\"async\" width=\"720\" height=\"380\" src=\"https:\/\/filo.unt.edu.ar\/noticias\/wp-content\/uploads\/sites\/74\/2023\/09\/XX-congreso-Nacional-de-Filosofia-720x380.jpg\" class=\"attachment-post-thumbnail size-post-thumbnail wp-post-image\" alt=\"\" \/><\/a>\n\t\t\t\t<\/div>\n\t\t\t\n\t\t\t<h1 class=\"entry-title\"><a href=\"https:\/\/filo.unt.edu.ar\/noticias\/2023\/09\/22\/semana-cultural-xx-congreso-nacional-de-filosofia\/\" title=\"Permalink to XX Congreso Nacional de Filosof\u00eda\" rel=\"bookmark\">XX Congreso Nacional de Filosof\u00eda<\/a><\/h1>\n\n\t\t\t\t\t\t\t<div class=\"entry-meta\">\n\t\t\t\t\tPosted on <a href=\"https:\/\/filo.unt.edu.ar\/noticias\/2023\/09\/22\/semana-cultural-xx-congreso-nacional-de-filosofia\/\" title=\"20:10\" rel=\"bookmark\"><time class=\"entry-date\" datetime=\"2023-09-22T20:10:55-03:00\">22\/09\/2023<\/time><\/a><time class=\"updated\" datetime=\"2023-10-12T19:21:47-03:00\">12\/10\/2023<\/time> <span class=\"byline\"> by <span class=\"author vcard\"><a class=\"url fn n\" href=\"https:\/\/filo.unt.edu.ar\/noticias\/author\/marianacarles\/\" title=\"View all posts by marianacarles\" rel=\"author\">marianacarles<\/a><\/span><\/span> \t\t\t\t<\/div><!-- .entry-meta -->\n\t\t\t\n\t\t<\/header><!-- .entry-header -->\n\n\t\t\t\t\t<div class=\"entry-content\">\n\t\t\t\t<p class=\"xdj266r x11i5rnm xat24cr x1mh8g0r x1vvkbs x126k92a\"><span style=\"font-size: revert;color: initial\">El mi\u00e9rcoles 20 se llev\u00f3 a cabo el Acto de apertura del XX Congreso Nacional de Filosof\u00eda \/\/ Asociaci\u00f3n Filos\u00f3fica Argentina AFRA 2023, presidido por el decano, Sergio Robin; el presidente de AFRA, Pedro Karczmarczyk (UNLP); la presidente y el co-presidente del Congreso, Cristina Bosso y Santiago Garmendia, respectivamente. <\/span><\/p>\n<p>Robin destac\u00f3 la importancia superlativa del encuentro &#8220;en tanto constituye\u00a0 un espacio acad\u00e9mico que desde 1986 se realiza de manera exitosa y sostenida&#8221;. Y remarc\u00f3 que era un gran gusto de recibir a fil\u00f3sofos de todos los puntos cardinales en un a\u00f1o tan especial:\u00a0 &#8220;Especial porque se\u00f1ala la conclusi\u00f3n de la cuarta d\u00e9cada desde la recuperaci\u00f3n de la democracia y porque nos encuentra en una coyuntura electoral que por la naturaleza de sus debates desaf\u00eda gran parte de lo construido hasta aqu\u00ed. Que interpela nuestras convicciones y sacude el andamiaje pol\u00edtico tradicional con su carga de sentido. De tal modo que desaf\u00eda para bien o para mal nuestra imaginaci\u00f3n y capacidad de militancia por un mundo m\u00e1s justo.\u00a0 Con este tel\u00f3n de fondo se pondr\u00e1n a consideraci\u00f3n m\u00e1s de 700 trabajos en mesas tem\u00e1ticas y simposios&#8221;.<\/p>\n<p class=\"xdj266r x11i5rnm xat24cr x1mh8g0r x1vvkbs x126k92a\"><span style=\"font-size: revert;color: initial\">Luego de las palabras de bienvenida se ofreci\u00f3 la Conferencia Inaugural a cargo de la Dra. Elisabeth Rigal, quien disert\u00f3 sobre &#8220;\u00bfCu\u00e1l es la Democracia para el futuro? <\/span><\/p>\n<p class=\"xdj266r x11i5rnm xat24cr x1mh8g0r x1vvkbs x126k92a\"><span style=\"color: initial;font-size: revert\">El XX Congreso Nacional de Filosof\u00eda, organizado en conjunto con la Facultad de Filosof\u00eda y Letras de la UNT, ha sido un acontecimiento que ha reunido a la comunidad filos\u00f3fica de todo el pa\u00eds, atrayendo tambi\u00e9n a expositores y asistentes de otros pa\u00edses de Latinoam\u00e9rica. Este evento ha contado con la presentaci\u00f3n de m\u00e1s de setecientas ponencias en las que se han visto reflejadas las diferentes l\u00edneas de investigaci\u00f3n y la diversidad de temas filos\u00f3ficos, que se destacaron por el nivel acad\u00e9mico de los trabajos y por la posibilidad de intercambio y de di\u00e1logo que nuestros visitantes han resaltado. <\/span><\/p>\n<p class=\"xdj266r x11i5rnm xat24cr x1mh8g0r x1vvkbs x126k92a\"><span style=\"color: initial;font-size: revert\">El encuentro ha superado las expectativas de asistentes y p\u00fablico en general, lo que da cuenta de la vitalidad de la filosof\u00eda y del inter\u00e9s que despierta en nuestra comunidad, y del reconocimiento a la labor que viene desarrollando tanto nuestra Facultad como la Asociaci\u00f3n Filos\u00f3fica Argentina.<\/span><\/p>\n<p class=\"xdj266r x11i5rnm xat24cr x1mh8g0r x1vvkbs x126k92a\"><span style=\"color: initial;font-size: revert\">Los resultados del congreso han mostrado tambi\u00e9n la capacidad de gesti\u00f3n y el compromiso de nuestros estudiantes y j\u00f3venes egresados que han participado con entusiasmo y energ\u00eda en la organizaci\u00f3n, lo que alienta la esperanza de un futuro promisorio para generar este tipo de eventos. <\/span><\/p>\n<p class=\"xdj266r x11i5rnm xat24cr x1mh8g0r x1vvkbs x126k92a\"><a style=\"font-size: revert\" href=\"https:\/\/www.facebook.com\/filount\/posts\/pfbid0RXafYxympuTkB8Kuatf2ne7ZijYLg7dnYrLxYVFbwxdureUzHv9ByrSNBAQQwSydl\" target=\"_blank\" rel=\"noopener\">Ver fotos Acto inaugural<\/a><\/p>\n<p class=\"xdj266r x11i5rnm xat24cr x1mh8g0r x1vvkbs x126k92a\"><a style=\"font-size: revert\" href=\"https:\/\/www.facebook.com\/filount\/posts\/pfbid0Pdc94sxixSBnqqdZws6YdEtPbcTCVaxh5qa62huKQdCgvr7u2ycTun6WNGQRTx17l\" target=\"_blank\" rel=\"noopener\">Ver fotos\u00a0<\/a><\/p>\n<p class=\"xdj266r x11i5rnm xat24cr x1mh8g0r x1vvkbs x126k92a\"><a style=\"font-size: revert\" href=\"https:\/\/www.facebook.com\/filount\/posts\/pfbid02QnYwFtiQcg3w7FNfhw7gmtH9jmCtohRmzd6APKUxeCxJCMByfRkNLUaVPZ4QSV2Ql\" target=\"_blank\" rel=\"noopener\">Ver fotos\u00a0<\/a><\/p>\n<p class=\"xdj266r x11i5rnm xat24cr x1mh8g0r x1vvkbs x126k92a\"><a href=\"https:\/\/www.facebook.com\/filount\/posts\/pfbid0bUDAm3yocmeCYgoCh9pennV91BRiZZu2uJE8zYkDv13rJ9pFHGczmQyHeqXGAaJSl\" target=\"_blank\" rel=\"noopener\">Ver fotos\u00a0\u00a0<\/a><\/p>\n<p class=\"xdj266r x11i5rnm xat24cr x1mh8g0r x1vvkbs x126k92a\"><a href=\"https:\/\/www.facebook.com\/filount\/posts\/pfbid0wyBTMVnAn1PCMZNjywEHsxwRUzvDnkkrgznSdkGMYMA1ji2E9GdXa4SJ2XKETXtNl\" target=\"_blank\" rel=\"noopener\">Ver fotos<\/a><\/p>\n<p class=\"xdj266r x11i5rnm xat24cr x1mh8g0r x1vvkbs x126k92a\"><a href=\"https:\/\/www.facebook.com\/filount\/posts\/pfbid02nwWyLUvfp8da2vU12qjbNSvcnrzTZVVb5wQRy9qoeV5wG56xYPwBPhGFifsmB6WTl\" target=\"_blank\" rel=\"noopener\">Ver fotos<\/a><\/p>\n<div dir=\"auto\"><a style=\"font-size: revert\" href=\"https:\/\/www.facebook.com\/filount\/posts\/pfbid02VHZeAGXmRKxLsHrhanJRdh3DCEGV8ECm4ZFRS5WxVLTCy42589thB3LFURem5hBMl\" target=\"_blank\" rel=\"noopener\">Ver fotos<\/a><\/div>\n\t\t\t\t\t\t\t\t\t\t\t\t\t\t\t<\/div><!-- .entry-content -->\n\t\t\n\t\t\n\t<\/div>\n\n<\/article><!-- #post-9462 -->\n\n\t\n\t\t<nav role=\"navigation\" id=\"nav-below\" class=\"site-navigation paging-navigation\">\n\t\t<h1 class=\"assistive-text\">Post navigation<\/h1>\n\n\t\n\t\t<div class='pagination'><span aria-current=\"page\" class=\"page-numbers current\">1<\/span>\n<a class=\"page-numbers\" href=\"https:\/\/filo.unt.edu.ar\/noticias\/wp-json\/wp\/v2\/pages\/458\/page\/2\/\">2<\/a>\n<a class=\"page-numbers\" href=\"https:\/\/filo.unt.edu.ar\/noticias\/wp-json\/wp\/v2\/pages\/458\/page\/3\/\">3<\/a>\n<a class=\"page-numbers\" href=\"https:\/\/filo.unt.edu.ar\/noticias\/wp-json\/wp\/v2\/pages\/458\/page\/4\/\">4<\/a>\n<a class=\"page-numbers\" href=\"https:\/\/filo.unt.edu.ar\/noticias\/wp-json\/wp\/v2\/pages\/458\/page\/5\/\">5<\/a>\n<a class=\"page-numbers\" href=\"https:\/\/filo.unt.edu.ar\/noticias\/wp-json\/wp\/v2\/pages\/458\/page\/6\/\">6<\/a>\n<span class=\"page-numbers dots\">&hellip;<\/span>\n<a class=\"page-numbers\" href=\"https:\/\/filo.unt.edu.ar\/noticias\/wp-json\/wp\/v2\/pages\/458\/page\/18\/\">18<\/a>\n<a class=\"next page-numbers\" href=\"https:\/\/filo.unt.edu.ar\/noticias\/wp-json\/wp\/v2\/pages\/458\/page\/2\/\">Siguiente &raquo;<\/a><\/div>\n\n\t\n\t<\/nav><!-- #nav-below -->\n\t\n<\/div><\/div><\/div><\/div><\/div>","protected":false},"excerpt":{"rendered":"","protected":false},"author":101013,"featured_media":0,"parent":0,"menu_order":0,"comment_status":"closed","ping_status":"closed","template":"","meta":{"footnotes":""},"class_list":["post-458","page","type-page","status-publish","hentry","post","post-with-thumbnail","post-with-thumbnail-large"],"_links":{"self":[{"href":"https:\/\/filo.unt.edu.ar\/noticias\/wp-json\/wp\/v2\/pages\/458","targetHints":{"allow":["GET"]}}],"collection":[{"href":"https:\/\/filo.unt.edu.ar\/noticias\/wp-json\/wp\/v2\/pages"}],"about":[{"href":"https:\/\/filo.unt.edu.ar\/noticias\/wp-json\/wp\/v2\/types\/page"}],"author":[{"embeddable":true,"href":"https:\/\/filo.unt.edu.ar\/noticias\/wp-json\/wp\/v2\/users\/101013"}],"replies":[{"embeddable":true,"href":"https:\/\/filo.unt.edu.ar\/noticias\/wp-json\/wp\/v2\/comments?post=458"}],"version-history":[{"count":2,"href":"https:\/\/filo.unt.edu.ar\/noticias\/wp-json\/wp\/v2\/pages\/458\/revisions"}],"predecessor-version":[{"id":562,"href":"https:\/\/filo.unt.edu.ar\/noticias\/wp-json\/wp\/v2\/pages\/458\/revisions\/562"}],"wp:attachment":[{"href":"https:\/\/filo.unt.edu.ar\/noticias\/wp-json\/wp\/v2\/media?parent=458"}],"curies":[{"name":"wp","href":"https:\/\/api.w.org\/{rel}","templated":true}]}}