{"id":382,"date":"2016-09-15T12:04:05","date_gmt":"2016-09-15T15:04:05","guid":{"rendered":"http:\/\/filo.unt.edu.ar\/noticias\/?page_id=382"},"modified":"2016-10-31T12:05:49","modified_gmt":"2016-10-31T15:05:49","slug":"gestion","status":"publish","type":"page","link":"https:\/\/filo.unt.edu.ar\/noticias\/gestion\/","title":{"rendered":"Gesti\u00f3n"},"content":{"rendered":"<div id=\"pl-382\"  class=\"panel-layout\" ><div id=\"pg-382-0\"  class=\"panel-grid panel-no-style\" ><div id=\"pgc-382-0-0\"  class=\"panel-grid-cell\" ><div id=\"panel-382-0-0-0\" class=\"so-panel widget widget_siteorigin-panels-postloop panel-first-child panel-last-child\" data-index=\"0\" ><div class=\"panel-widget-style panel-widget-style-for-382-0-0-0\" >\n\t\t\n\t\t\n<article id=\"post-9980\" class=\"post-9980 post type-post status-publish format-standard has-post-thumbnail hentry category-gestion category-relaciones-internacionales post-with-thumbnail post-with-thumbnail-large\">\n\n\t\n\t<div class=\"entry-main\">\n\n\t\t\n\t\t<header class=\"entry-header\">\n\t\t\t\t\t\t\t<div class=\"entry-thumbnail\">\n\t\t\t\t\t<a href=\"https:\/\/filo.unt.edu.ar\/noticias\/2023\/11\/24\/visita-de-las-representantes-del-servicio-aleman-de-intercambio-academico\/\"><img loading=\"lazy\" decoding=\"async\" width=\"720\" height=\"380\" src=\"https:\/\/filo.unt.edu.ar\/noticias\/wp-content\/uploads\/sites\/74\/2023\/12\/Visita-del-Servicio-Aleman-de-Intercambio-Academico-720x380.jpg\" class=\"attachment-post-thumbnail size-post-thumbnail wp-post-image\" alt=\"\" \/><\/a>\n\t\t\t\t<\/div>\n\t\t\t\n\t\t\t<h1 class=\"entry-title\"><a href=\"https:\/\/filo.unt.edu.ar\/noticias\/2023\/11\/24\/visita-de-las-representantes-del-servicio-aleman-de-intercambio-academico\/\" title=\"Permalink to Visita de las representantes del Servicio Alem\u00e1n de Intercambio Acad\u00e9mico\" rel=\"bookmark\">Visita de las representantes del Servicio Alem\u00e1n de Intercambio Acad\u00e9mico<\/a><\/h1>\n\n\t\t\t\t\t\t\t<div class=\"entry-meta\">\n\t\t\t\t\tPosted on <a href=\"https:\/\/filo.unt.edu.ar\/noticias\/2023\/11\/24\/visita-de-las-representantes-del-servicio-aleman-de-intercambio-academico\/\" title=\"00:40\" rel=\"bookmark\"><time class=\"entry-date\" datetime=\"2023-11-24T00:40:18-03:00\">24\/11\/2023<\/time><\/a><time class=\"updated\" datetime=\"2023-12-12T00:46:24-03:00\">12\/12\/2023<\/time> <span class=\"byline\"> by <span class=\"author vcard\"><a class=\"url fn n\" href=\"https:\/\/filo.unt.edu.ar\/noticias\/author\/marianacarles\/\" title=\"View all posts by marianacarles\" rel=\"author\">marianacarles<\/a><\/span><\/span> \t\t\t\t<\/div><!-- .entry-meta -->\n\t\t\t\n\t\t<\/header><!-- .entry-header -->\n\n\t\t\t\t\t<div class=\"entry-content\">\n\t\t\t\t<p dir=\"auto\">El viernes 24 el decano, Sergio Robin, y la vicedecana, Bibi Sibald\u00ed, junto a la Coordinadora de Relaciones Internacionales, Mariana Vargas, recibieron a Ana Mulcahy y a Sybilla Tinapp, del Servicio Alem\u00e1n de Intercambio Acad\u00e9mico (DAAD).<\/p>\n<p dir=\"auto\">El objetivo de la reuni\u00f3n fue el de proyectar acciones de cara al a\u00f1o acad\u00e9mico 2024 y potenciar el alcance de las tareas que realiza la Lectora en Tucum\u00e1n, Esther Marhofen, como profesora de Alem\u00e1n en nuestra Facultad.<\/p>\n<div dir=\"auto\"><a href=\"https:\/\/www.facebook.com\/filount\/posts\/pfbid028sKycwPsaYuYghan1XUoy81FeCyWHKZH4z4jn4bVZzsQNzG7HgM12qouxDwDr8G5l\" target=\"_blank\" rel=\"noopener\">Ver fotos<\/a><\/div>\n\t\t\t\t\t\t\t\t\t\t\t\t\t\t\t<\/div><!-- .entry-content -->\n\t\t\n\t\t\n\t<\/div>\n\n<\/article><!-- #post-9980 -->\n\n\t\n\t\t\n<article id=\"post-9960\" class=\"post-9960 post type-post status-publish format-standard has-post-thumbnail hentry category-gestion post-with-thumbnail post-with-thumbnail-large\">\n\n\t\n\t<div class=\"entry-main\">\n\n\t\t\n\t\t<header class=\"entry-header\">\n\t\t\t\t\t\t\t<div class=\"entry-thumbnail\">\n\t\t\t\t\t<a href=\"https:\/\/filo.unt.edu.ar\/noticias\/2023\/11\/17\/filo-participo-del-39o-plenario-de-anfhe\/\"><img loading=\"lazy\" decoding=\"async\" width=\"720\" height=\"380\" src=\"https:\/\/filo.unt.edu.ar\/noticias\/wp-content\/uploads\/sites\/74\/2023\/12\/39o-plenario-Anfhe-720x380.jpg\" class=\"attachment-post-thumbnail size-post-thumbnail wp-post-image\" alt=\"\" srcset=\"https:\/\/filo.unt.edu.ar\/noticias\/wp-content\/uploads\/sites\/74\/2023\/12\/39o-plenario-Anfhe-720x380.jpg 720w, https:\/\/filo.unt.edu.ar\/noticias\/wp-content\/uploads\/sites\/74\/2023\/12\/39o-plenario-Anfhe-300x157.jpg 300w\" sizes=\"auto, (max-width: 720px) 100vw, 720px\" \/><\/a>\n\t\t\t\t<\/div>\n\t\t\t\n\t\t\t<h1 class=\"entry-title\"><a href=\"https:\/\/filo.unt.edu.ar\/noticias\/2023\/11\/17\/filo-participo-del-39o-plenario-de-anfhe\/\" title=\"Permalink to Filo particip\u00f3 del 39\u00ba Plenario de ANFHE\" rel=\"bookmark\">Filo particip\u00f3 del 39\u00ba Plenario de ANFHE<\/a><\/h1>\n\n\t\t\t\t\t\t\t<div class=\"entry-meta\">\n\t\t\t\t\tPosted on <a href=\"https:\/\/filo.unt.edu.ar\/noticias\/2023\/11\/17\/filo-participo-del-39o-plenario-de-anfhe\/\" title=\"13:14\" rel=\"bookmark\"><time class=\"entry-date\" datetime=\"2023-11-17T13:14:45-03:00\">17\/11\/2023<\/time><\/a><time class=\"updated\" datetime=\"2023-12-12T01:22:05-03:00\">12\/12\/2023<\/time> <span class=\"byline\"> by <span class=\"author vcard\"><a class=\"url fn n\" href=\"https:\/\/filo.unt.edu.ar\/noticias\/author\/marianacarles\/\" title=\"View all posts by marianacarles\" rel=\"author\">marianacarles<\/a><\/span><\/span> \t\t\t\t<\/div><!-- .entry-meta -->\n\t\t\t\n\t\t<\/header><!-- .entry-header -->\n\n\t\t\t\t\t<div class=\"entry-content\">\n\t\t\t\t<div class=\"x11i5rnm xat24cr x1mh8g0r x1vvkbs xtlvy1s x126k92a\">\n<p class=\"xdj266r x11i5rnm xat24cr x1mh8g0r x1vvkbs x126k92a\"><span style=\"font-size: revert;color: initial\">Desde el 15 de noviembre y durante tres d\u00edas, se realiz\u00f3, en la Facultad de Filosof\u00eda y Humanidades de la Universidad Nacional de C\u00f3rdoba, la 39\u00b0 Reuni\u00f3n Plenaria de la Asociaci\u00f3n Nacional de Facultades de Humanidades y Educaci\u00f3n de universidades p\u00fablicas (ANFHE).<\/span><\/p>\n<div class=\"x11i5rnm xat24cr x1mh8g0r x1vvkbs xtlvy1s x126k92a\">\n<p dir=\"auto\">En representaci\u00f3n de nuestra Facultad estuvieron el decano, Sergio Robin, y la secretaria acad\u00e9mica, Josefina Lanzi, quien particip\u00f3 del II Foro de Secretar\u00edas Acad\u00e9micas de la asociaci\u00f3n, que se desarroll\u00f3 de manera simult\u00e1nea al Plenario.<\/p>\n<p dir=\"auto\">En el marco del encuentro, que se realiz\u00f3 antes de las pasadas elecciones, se realiz\u00f3 una declaraci\u00f3n conjunta en la que se expres\u00f3 el rechazo ante &#8220;cualquier provocaci\u00f3n violenta contra la comunidad universitaria&#8221; y se reafirm\u00f3 el compromiso con la defensa de la educaci\u00f3n p\u00fablica, libre, gratuita, laica, diversa, inclusiva y de calidad: &#8220;Universidad P\u00fablica, siempre.&#8221;<\/p>\n<p dir=\"auto\">Por otro lado se trabaj\u00f3 sobre la creaci\u00f3n del foro de Secretar\u00edas de Extensi\u00f3n, la curricularizaci\u00f3n de la<br \/>\nextensi\u00f3n universitaria; se debati\u00f3 sobre la organizaci\u00f3n curricular y de trayectorias educativas en la formaci\u00f3n de grado para la reconfiguraci\u00f3n del sistema universitario. Tambi\u00e9n se llev\u00f3 a cabo la presentaci\u00f3n del Libro <em>Universidad en Movimiento. Curricularizar la Extensi\u00f3n<\/em>.<\/p>\n<p dir=\"auto\"><a href=\"https:\/\/www.facebook.com\/filount\/posts\/pfbid0358sXznyJHJFzY96cXcLyAEe4iLHUXfH3vyNjJh4Kp3MMRB49u2DRCfTE41E8bJU6l\" target=\"_blank\" rel=\"noopener\">Ver fotos<\/a><\/p>\n<\/div>\n<p dir=\"auto\">\n<\/div>\n\t\t\t\t\t\t\t\t\t\t\t\t\t\t\t<\/div><!-- .entry-content -->\n\t\t\n\t\t\n\t<\/div>\n\n<\/article><!-- #post-9960 -->\n\n\t\n\t\t\n<article id=\"post-9942\" class=\"post-9942 post type-post status-publish format-standard has-post-thumbnail hentry category-asuntos-estudiantiles category-eventos-academicos category-extension category-gestion category-institutos post-with-thumbnail post-with-thumbnail-large\">\n\n\t\n\t<div class=\"entry-main\">\n\n\t\t\n\t\t<header class=\"entry-header\">\n\t\t\t\t\t\t\t<div class=\"entry-thumbnail\">\n\t\t\t\t\t<a href=\"https:\/\/filo.unt.edu.ar\/noticias\/2023\/11\/16\/foro-de-jovenes-y-participacion-politica\/\"><img loading=\"lazy\" decoding=\"async\" width=\"720\" height=\"380\" src=\"https:\/\/filo.unt.edu.ar\/noticias\/wp-content\/uploads\/sites\/74\/2023\/12\/Foro-jovenes-y-participacion-politica-720x380.jpg\" class=\"attachment-post-thumbnail size-post-thumbnail wp-post-image\" alt=\"\" \/><\/a>\n\t\t\t\t<\/div>\n\t\t\t\n\t\t\t<h1 class=\"entry-title\"><a href=\"https:\/\/filo.unt.edu.ar\/noticias\/2023\/11\/16\/foro-de-jovenes-y-participacion-politica\/\" title=\"Permalink to Foro de j\u00f3venes y Participaci\u00f3n pol\u00edtica\" rel=\"bookmark\">Foro de j\u00f3venes y Participaci\u00f3n pol\u00edtica<\/a><\/h1>\n\n\t\t\t\t\t\t\t<div class=\"entry-meta\">\n\t\t\t\t\tPosted on <a href=\"https:\/\/filo.unt.edu.ar\/noticias\/2023\/11\/16\/foro-de-jovenes-y-participacion-politica\/\" title=\"11:55\" rel=\"bookmark\"><time class=\"entry-date\" datetime=\"2023-11-16T11:55:01-03:00\">16\/11\/2023<\/time><\/a><time class=\"updated\" datetime=\"2023-12-12T01:26:25-03:00\">12\/12\/2023<\/time> <span class=\"byline\"> by <span class=\"author vcard\"><a class=\"url fn n\" href=\"https:\/\/filo.unt.edu.ar\/noticias\/author\/marianacarles\/\" title=\"View all posts by marianacarles\" rel=\"author\">marianacarles<\/a><\/span><\/span> \t\t\t\t<\/div><!-- .entry-meta -->\n\t\t\t\n\t\t<\/header><!-- .entry-header -->\n\n\t\t\t\t\t<div class=\"entry-content\">\n\t\t\t\t<p>El jueves 16 se desarroll\u00f3 el 4\u00ba encuentro del Ciclo &#8220;Democracia y Universidad&#8221;, en esta oportunidad planteado como un Foro en el que se reflexion\u00f3 sobre los J\u00f3venes y su participaci\u00f3n pol\u00edtica.<\/p>\n<p>El evento estuvo organizado, de manera conjunta, por el Instituto de Pensamiento e Historia Argentinos (IPHA), la Coordinaci\u00f3n de Asuntos Estudiantiles, el CUEFYL y la Secretaria de Extensi\u00f3n de Facultad de Filosof\u00eda y Letras, con el objetivo de promover el debate entre las juventudes sobre las relaciones entre democracia, derecho y participaci\u00f3n, en un contexto donde los significantes en torno a pol\u00edtica, al Estado, la libertad y la ciudadan\u00eda, se encuentran resinificados.<\/p>\n<p>El espacio se propuso como una actividad de intercambio respetuoso de las diferentes perspectivas y opiniones. Estuvo coordinado por Mel Martinez Zulli, que cumpli\u00f3 el rol de moderadora. Se busc\u00f3 llegar a acuerdos en una propuesta de agenda en la que confluyeran las principales inquietudes de las y los j\u00f3venes y que aliente a proponer posibles l\u00edneas de acci\u00f3n.<\/p>\n<p>&#8220;Est\u00e1 probado que los espacios de participaci\u00f3n dan sentido, identidad y pertenencia a sus miembros. Ning\u00fan joven puede realizar su proyecto de vida en el \u00e1mbito social, acad\u00e9mico o laboral si primero no sabe para qu\u00e9 est\u00e1 en esta vida. Asegurar espacios de participaci\u00f3n juveniles es el primer eslab\u00f3n de la cadena para que el joven pueda autorrealizarse y darle significado a su proyecto de vida en cada \u00e1mbito en el cual transcurra&#8221; afirm\u00f3 Denisse Olisewsky, una de las organizadoras.<\/p>\n<p>Desde la gesti\u00f3n se considera que con estos espacios se puede estimular a que las y los j\u00f3venes participen social y pol\u00edticamente de manera articulada, en funci\u00f3n de sus intereses, creando un \u00e1mbito estrat\u00e9gico para que distintos actores puedan, a trav\u00e9s del di\u00e1logo, plantear problem\u00e1ticas, transformarlas en propuestas de alcance ejecutivo y participar en la gesti\u00f3n de su soluci\u00f3n. Para esto es esencial incorporar el aporte de la mirada joven en cada programa o proyecto que los involucre como sujetos de acci\u00f3n. Este tipo de actividades genera mecanismos institucionalizados id\u00f3neos para favorecer la participaci\u00f3n y la representaci\u00f3n de las y los j\u00f3venes de los diversos estamentos universitarios (estudiantiles, egresados, docentes y no docentes) en los procesos de toma de decisi\u00f3n y en la b\u00fasqueda de\u00a0 soluciones a las problem\u00e1ticas que las y los afecta.<\/p>\n<p><a href=\"https:\/\/www.facebook.com\/filount\/posts\/pfbid0McTm3M4WY7tortPsHPCzmTkaLUW7NA3RmAUssP6aHkYUKW2Gz3cGYSZ5Ss7gb4K9l\" target=\"_blank\" rel=\"noopener\">Ver fotos<\/a><\/p>\n\t\t\t\t\t\t\t\t\t\t\t\t\t\t\t<\/div><!-- .entry-content -->\n\t\t\n\t\t\n\t<\/div>\n\n<\/article><!-- #post-9942 -->\n\n\t\n\t\t<nav role=\"navigation\" id=\"nav-below\" class=\"site-navigation paging-navigation\">\n\t\t<h1 class=\"assistive-text\">Post navigation<\/h1>\n\n\t\n\t\t<div class='pagination'><span aria-current=\"page\" class=\"page-numbers current\">1<\/span>\n<a class=\"page-numbers\" href=\"https:\/\/filo.unt.edu.ar\/noticias\/wp-json\/wp\/v2\/pages\/382\/page\/2\/\">2<\/a>\n<a class=\"page-numbers\" href=\"https:\/\/filo.unt.edu.ar\/noticias\/wp-json\/wp\/v2\/pages\/382\/page\/3\/\">3<\/a>\n<a class=\"page-numbers\" href=\"https:\/\/filo.unt.edu.ar\/noticias\/wp-json\/wp\/v2\/pages\/382\/page\/4\/\">4<\/a>\n<a class=\"page-numbers\" href=\"https:\/\/filo.unt.edu.ar\/noticias\/wp-json\/wp\/v2\/pages\/382\/page\/5\/\">5<\/a>\n<a class=\"page-numbers\" href=\"https:\/\/filo.unt.edu.ar\/noticias\/wp-json\/wp\/v2\/pages\/382\/page\/6\/\">6<\/a>\n<span class=\"page-numbers dots\">&hellip;<\/span>\n<a class=\"page-numbers\" href=\"https:\/\/filo.unt.edu.ar\/noticias\/wp-json\/wp\/v2\/pages\/382\/page\/63\/\">63<\/a>\n<a class=\"next page-numbers\" href=\"https:\/\/filo.unt.edu.ar\/noticias\/wp-json\/wp\/v2\/pages\/382\/page\/2\/\">Siguiente &raquo;<\/a><\/div>\n\n\t\n\t<\/nav><!-- #nav-below -->\n\t\n<\/div><\/div><\/div><\/div><\/div>","protected":false},"excerpt":{"rendered":"","protected":false},"author":1,"featured_media":0,"parent":0,"menu_order":0,"comment_status":"closed","ping_status":"closed","template":"","meta":{"footnotes":""},"class_list":["post-382","page","type-page","status-publish","hentry","post","post-with-thumbnail","post-with-thumbnail-large"],"_links":{"self":[{"href":"https:\/\/filo.unt.edu.ar\/noticias\/wp-json\/wp\/v2\/pages\/382","targetHints":{"allow":["GET"]}}],"collection":[{"href":"https:\/\/filo.unt.edu.ar\/noticias\/wp-json\/wp\/v2\/pages"}],"about":[{"href":"https:\/\/filo.unt.edu.ar\/noticias\/wp-json\/wp\/v2\/types\/page"}],"author":[{"embeddable":true,"href":"https:\/\/filo.unt.edu.ar\/noticias\/wp-json\/wp\/v2\/users\/1"}],"replies":[{"embeddable":true,"href":"https:\/\/filo.unt.edu.ar\/noticias\/wp-json\/wp\/v2\/comments?post=382"}],"version-history":[{"count":1,"href":"https:\/\/filo.unt.edu.ar\/noticias\/wp-json\/wp\/v2\/pages\/382\/revisions"}],"predecessor-version":[{"id":383,"href":"https:\/\/filo.unt.edu.ar\/noticias\/wp-json\/wp\/v2\/pages\/382\/revisions\/383"}],"wp:attachment":[{"href":"https:\/\/filo.unt.edu.ar\/noticias\/wp-json\/wp\/v2\/media?parent=382"}],"curies":[{"name":"wp","href":"https:\/\/api.w.org\/{rel}","templated":true}]}}