{"id":298,"date":"2016-09-05T18:44:40","date_gmt":"2016-09-05T21:44:40","guid":{"rendered":"http:\/\/filo.unt.edu.ar\/noticias\/?page_id=298"},"modified":"2022-11-09T10:20:31","modified_gmt":"2022-11-09T13:20:31","slug":"boletines","status":"publish","type":"page","link":"https:\/\/filo.unt.edu.ar\/noticias\/boletines\/","title":{"rendered":"Boletines"},"content":{"rendered":"<div id=\"pl-298\"  class=\"panel-layout\" ><div id=\"pg-298-0\"  class=\"panel-grid panel-no-style\" ><div id=\"pgc-298-0-0\"  class=\"panel-grid-cell\" ><div id=\"panel-298-0-0-0\" class=\"so-panel widget widget_sow-editor panel-first-child\" data-index=\"0\" ><div\n\t\t\t\n\t\t\tclass=\"so-widget-sow-editor so-widget-sow-editor-base\"\n\t\t\t\n\t\t>\n<div class=\"siteorigin-widget-tinymce textwidget\">\n\t<p><span style=\"font-family: georgia, palatino, serif;font-size: 14pt\">\u2192 Para recibir <em>Pas\u00f3 en Filo<\/em> suscribite enviando un correo electr\u00f3nico a: prensa.difusion@filo.unt.edu.ar<\/span><\/p>\n<\/div>\n<\/div><\/div><div id=\"panel-298-0-0-1\" class=\"so-panel widget widget_media_image\" data-index=\"1\" ><img loading=\"lazy\" decoding=\"async\" width=\"840\" height=\"158\" src=\"https:\/\/filo.unt.edu.ar\/noticias\/wp-content\/uploads\/sites\/74\/2022\/11\/SUSCRIBITE-A-PRENSA_horizontal-840x158-1.jpg\" class=\"image wp-image-8398  attachment-full size-full\" alt=\"\" style=\"max-width: 100%; height: auto;\" srcset=\"https:\/\/filo.unt.edu.ar\/noticias\/wp-content\/uploads\/sites\/74\/2022\/11\/SUSCRIBITE-A-PRENSA_horizontal-840x158-1.jpg 840w, https:\/\/filo.unt.edu.ar\/noticias\/wp-content\/uploads\/sites\/74\/2022\/11\/SUSCRIBITE-A-PRENSA_horizontal-840x158-1-300x56.jpg 300w, https:\/\/filo.unt.edu.ar\/noticias\/wp-content\/uploads\/sites\/74\/2022\/11\/SUSCRIBITE-A-PRENSA_horizontal-840x158-1-768x144.jpg 768w\" sizes=\"auto, (max-width: 840px) 100vw, 840px\" \/><\/div><div id=\"panel-298-0-0-2\" class=\"so-panel widget widget_black-studio-tinymce widget_black_studio_tinymce panel-last-child\" data-index=\"2\" ><div class=\"panel-widget-style panel-widget-style-for-298-0-0-2\" ><div class=\"textwidget\"><h2 style=\"text-align: center\"><span style=\"font-size: 18pt;color: #000000\"><span style=\"font-family: georgia, palatino, serif\">Historial de Boletines Informativos 2022<\/span><\/span><\/h2>\n<p><a href=\"https:\/\/mail.google.com\/mail\/u\/0\/?ui=2&amp;ik=4a6856ec5a&amp;view=lg&amp;permmsgid=msg-f:1749024224909406627\" target=\"_blank\" rel=\"noopener\">Pas\u00f3 en Filo Octubre 2022<\/a><\/p>\n<p>&nbsp;<\/p>\n<\/div><\/div><\/div><\/div><\/div><div id=\"pg-298-1\"  class=\"panel-grid panel-no-style\" ><div id=\"pgc-298-1-0\"  class=\"panel-grid-cell\" ><div id=\"panel-298-1-0-0\" class=\"so-panel widget widget_sow-editor panel-first-child panel-last-child\" data-index=\"3\" ><div\n\t\t\t\n\t\t\tclass=\"so-widget-sow-editor so-widget-sow-editor-base\"\n\t\t\t\n\t\t>\n<div class=\"siteorigin-widget-tinymce textwidget\">\n\t<p style=\"text-align: center\"><span style=\"font-size: 14pt\"><strong><span style=\"font-family: georgia, palatino, serif\">--- 2021 ---<\/span><\/strong><\/span><\/p>\n<p style=\"text-align: center\"><a href=\"https:\/\/mail.google.com\/mail\/u\/0?ui=2&amp;ik=4a6856ec5a&amp;view=lg&amp;permmsgid=msg-f:1704755158709073493\" target=\"_blank\" rel=\"noopener noreferrer\"><span style=\"text-decoration: underline;color: #000080\"><span style=\"font-size: 12pt\"><span style=\"font-family: georgia, palatino, serif\">Pas\u00f3 en FILO \/ Junio - Julio<\/span><\/span><\/span><\/a><\/p>\n<p style=\"text-align: center\"><a href=\"http:\/\/filo.unt.edu.ar\/noticias?mailpoet_router&amp;endpoint=view_in_browser&amp;action=view&amp;data=WzIsIjQ5NzIzNWIzNGQ3MyIsMCwwLDAsMV0\" target=\"_blank\" rel=\"noopener noreferrer\"><span style=\"text-decoration: underline;color: #000080\"><span style=\"font-size: 12pt\"><span style=\"font-family: georgia, palatino, serif\">Pas\u00f3 en FILO \/ Mayo<\/span><\/span><\/span><\/a><\/p>\n<p style=\"text-align: center\"><a href=\"http:\/\/filo.unt.edu.ar\/noticias\/?wysija-page=1&amp;controller=email&amp;action=view&amp;email_id=59&amp;wysijap=subscriptions&amp;user_id=3\" target=\"_blank\" rel=\"noopener noreferrer\"><span style=\"text-decoration: underline;color: #000080\"><span style=\"font-size: 12pt\"><span style=\"font-family: georgia, palatino, serif\">Pas\u00f3 en FILO \/ Abril<\/span><\/span><\/span><\/a><\/p>\n<p style=\"text-align: center\"><a href=\"http:\/\/filo.unt.edu.ar\/noticias\/?wysija-page=1&amp;controller=email&amp;action=view&amp;email_id=58&amp;wysijap=subscriptions&amp;user_id=1\" target=\"_blank\" rel=\"noopener noreferrer\"><span style=\"text-decoration: underline;color: #000080\"><span style=\"font-size: 12pt\"><span style=\"font-family: georgia, palatino, serif\">Pas\u00f3 en FILO \/ Febrero - Marzo<\/span><\/span><\/span><\/a><\/p>\n<p>&nbsp;<\/p>\n<\/div>\n<\/div><\/div><\/div><div id=\"pgc-298-1-1\"  class=\"panel-grid-cell\" ><div id=\"panel-298-1-1-0\" class=\"so-panel widget widget_sow-editor panel-first-child panel-last-child\" data-index=\"4\" ><div\n\t\t\t\n\t\t\tclass=\"so-widget-sow-editor so-widget-sow-editor-base\"\n\t\t\t\n\t\t>\n<div class=\"siteorigin-widget-tinymce textwidget\">\n\t<p style=\"text-align: center\"><span style=\"font-size: 14pt\"><strong><span style=\"font-family: georgia, palatino, serif\">--- 2020 ---<\/span><\/strong><\/span><\/p>\n<p style=\"text-align: center\"><span style=\"font-family: georgia, palatino, serif;font-size: 12pt\"><a href=\"http:\/\/filo.unt.edu.ar\/noticias\/?wysija-page=1&amp;controller=email&amp;action=view&amp;email_id=57&amp;wysijap=subscriptions&amp;user_id=1\" target=\"_blank\" rel=\"noopener noreferrer\"><span style=\"text-decoration: underline;color: #000080\">Pas\u00f3 en FILO \/ Diciembre<\/span><\/a><\/span><\/p>\n<p style=\"text-align: center\"><span style=\"font-family: georgia, palatino, serif;font-size: 12pt\"><a href=\"http:\/\/filo.unt.edu.ar\/noticias\/?wysija-page=1&amp;controller=email&amp;action=view&amp;email_id=53&amp;wysijap=subscriptions&amp;user_id=1\" target=\"_blank\" rel=\"noopener noreferrer\"><span style=\"text-decoration: underline;color: #000080\">Pas\u00f3 en FILO \/ Noviembre<\/span><\/a><\/span><\/p>\n<p style=\"text-align: center\"><span style=\"text-decoration: underline;color: #000080\"><span style=\"font-family: georgia, palatino, serif;font-size: 12pt\"><a style=\"color: #000080;text-decoration: underline\" href=\"http:\/\/filo.unt.edu.ar\/noticias\/?wysija-page=1&amp;controller=email&amp;action=view&amp;email_id=52&amp;wysijap=subscriptions&amp;user_id=1\" target=\"_blank\" rel=\"noopener noreferrer\">Pas\u00f3 en FILO \/ Octubre<\/a><\/span><\/span><\/p>\n<p style=\"text-align: center\"><span style=\"text-decoration: underline;color: #000080\"><span style=\"font-family: georgia, palatino, serif;font-size: 12pt\"><a style=\"color: #000080;text-decoration: underline\" href=\"http:\/\/filo.unt.edu.ar\/noticias\/?wysija-page=1&amp;controller=email&amp;action=view&amp;email_id=51&amp;wysijap=subscriptions&amp;user_id=1\" target=\"_blank\" rel=\"noopener noreferrer\">Pas\u00f3 en FILO \/ Septiembre<\/a><\/span><\/span><\/p>\n<p style=\"text-align: center\"><span style=\"text-decoration: underline;color: #000080\"><span style=\"font-family: georgia, palatino, serif;font-size: 12pt\"><a style=\"color: #000080;text-decoration: underline\" href=\"http:\/\/filo.unt.edu.ar\/noticias\/?wysija-page=1&amp;controller=email&amp;action=view&amp;email_id=50&amp;wysijap=subscriptions&amp;user_id=1\" target=\"_blank\" rel=\"noopener noreferrer\">Pas\u00f3 en FILO \/ Agosto<\/a><\/span><\/span><\/p>\n<p style=\"text-align: center\"><span style=\"text-decoration: underline;font-family: georgia, palatino, serif;font-size: 12pt;color: #000080\"><a style=\"color: #000080;text-decoration: underline\" href=\"http:\/\/filo.unt.edu.ar\/noticias\/?wysija-page=1&amp;controller=email&amp;action=view&amp;email_id=49&amp;wysijap=subscriptions&amp;user_id=1\" target=\"_blank\" rel=\"noopener noreferrer\">Pas\u00f3 en FILO \/ Julio<\/a><\/span><\/p>\n<p style=\"text-align: center\"><span style=\"text-decoration: underline;font-family: georgia, palatino, serif;font-size: 12pt;color: #000080\"><a style=\"color: #000080;text-decoration: underline\" href=\"http:\/\/filo.unt.edu.ar\/noticias\/?wysija-page=1&amp;controller=email&amp;action=view&amp;email_id=48&amp;wysijap=subscriptions&amp;user_id=1\" target=\"_blank\" rel=\"noopener noreferrer\">Pas\u00f3 en FILO \/ Junio<\/a><\/span><\/p>\n<p style=\"text-align: center\"><span style=\"text-decoration: underline;font-size: 12pt;color: #800080\"><span style=\"font-family: georgia, palatino, serif\"><a href=\"http:\/\/filo.unt.edu.ar\/noticias\/?wysija-page=1&amp;controller=email&amp;action=view&amp;email_id=47&amp;wysijap=subscriptions&amp;user_id=1\" target=\"_blank\" rel=\"noopener noreferrer\">Pas\u00f3 en FILO \/ Abril - Mayo<\/a><\/span><\/span><\/p>\n<p style=\"text-align: center\"><span style=\"text-decoration: underline;font-size: 12pt;color: #800080\"><span style=\"font-family: georgia, palatino, serif\"><a href=\"http:\/\/filo.unt.edu.ar\/noticias\/?wysija-page=1&amp;controller=email&amp;action=view&amp;email_id=46&amp;wysijap=subscriptions&amp;user_id=1\" target=\"_blank\" rel=\"noopener noreferrer\">Pas\u00f3 en FILO \/ Febrero - Marzo<\/a><\/span><\/span><\/p>\n<\/div>\n<\/div><\/div><\/div><div id=\"pgc-298-1-2\"  class=\"panel-grid-cell\" ><div id=\"panel-298-1-2-0\" class=\"so-panel widget widget_sow-editor panel-first-child panel-last-child\" data-index=\"5\" ><div\n\t\t\t\n\t\t\tclass=\"so-widget-sow-editor so-widget-sow-editor-base\"\n\t\t\t\n\t\t>\n<div class=\"siteorigin-widget-tinymce textwidget\">\n\t<p style=\"text-align: center\"><span style=\"font-size: 12pt\"><strong><span style=\"font-family: georgia, palatino, serif\"><span style=\"font-size: 14pt\">--- 2019 ---<\/span><\/span><\/strong><\/span><\/p>\n<p style=\"text-align: center\"><span style=\"text-decoration: underline;font-size: 12pt;color: #800080\"><span style=\"font-family: georgia, palatino, serif\"><a href=\"http:\/\/filo.unt.edu.ar\/noticias\/?wysija-page=1&amp;controller=email&amp;action=view&amp;email_id=44&amp;wysijap=subscriptions&amp;user_id=1\" target=\"_blank\" rel=\"noopener noreferrer\">Pas\u00f3 en FILO \/ Noviembre<\/a><\/span><\/span><\/p>\n<p style=\"text-align: center\"><span style=\"text-decoration: underline;font-size: 12pt;color: #800080\"><span style=\"font-family: georgia, palatino, serif\"><a href=\"http:\/\/filo.unt.edu.ar\/noticias\/?wysija-page=1&amp;controller=email&amp;action=view&amp;email_id=43&amp;wysijap=subscriptions&amp;user_id=1\" target=\"_blank\" rel=\"noopener noreferrer\">Pas\u00f3 en FILO \/ Octubre<\/a><\/span><\/span><\/p>\n<p style=\"text-align: center\"><span style=\"text-decoration: underline;font-size: 12pt;color: #800080\"><span style=\"font-family: georgia, palatino, serif\"><a href=\"http:\/\/filo.unt.edu.ar\/noticias\/?wysija-page=1&amp;controller=email&amp;action=view&amp;email_id=42&amp;user_id=0&amp;wysijap=subscriptions\" target=\"_blank\" rel=\"noopener noreferrer\">Pas\u00f3 en FILO \/ Septiembre<\/a><\/span><\/span><\/p>\n<p style=\"text-align: center\"><span style=\"text-decoration: underline;font-size: 12pt\"><span style=\"font-family: georgia, palatino, serif\"><span style=\"color: #800080;text-decoration: underline\"><a href=\"http:\/\/filo.unt.edu.ar\/noticias\/?wysija-page=1&amp;controller=email&amp;action=view&amp;email_id=41&amp;wysijap=subscriptions&amp;user_id=1\" target=\"_blank\" rel=\"noopener noreferrer\">Pas\u00f3 en FILO \/ Agosto<\/a><\/span><\/span><\/span><\/p>\n<p style=\"text-align: center\"><span style=\"text-decoration: underline;font-size: 12pt\"><span style=\"font-family: georgia, palatino, serif;color: #800080;text-decoration: underline\"><a href=\"http:\/\/filo.unt.edu.ar\/noticias\/?wysija-page=1&amp;controller=email&amp;action=view&amp;email_id=40&amp;wysijap=subscriptions&amp;user_id=1\" target=\"_blank\" rel=\"noopener noreferrer\">Pas\u00f3 en FILO \/ Julio<\/a><\/span><\/span><\/p>\n<p style=\"text-align: center\"><span style=\"text-decoration: underline;font-size: 12pt\"><span style=\"font-family: georgia, palatino, serif;color: #800080;text-decoration: underline\"><a href=\"http:\/\/filo.unt.edu.ar\/noticias\/?wysija-page=1&amp;controller=email&amp;action=view&amp;email_id=39&amp;wysijap=subscriptions&amp;user_id=1\" target=\"_blank\" rel=\"noopener noreferrer\">Pas\u00f3 en FILO \/ Junio<\/a><\/span><\/span><\/p>\n<p style=\"text-align: center\"><span style=\"text-decoration: underline;font-size: 12pt\"><span style=\"font-family: georgia, palatino, serif;color: #800080;text-decoration: underline\"><a href=\"http:\/\/filo.unt.edu.ar\/noticias\/?wysija-page=1&amp;controller=email&amp;action=view&amp;email_id=38&amp;wysijap=subscriptions&amp;user_id=1\" target=\"_blank\" rel=\"noopener noreferrer\">Pas\u00f3 en FILO \/ Mayo<\/a><\/span><\/span><\/p>\n<p style=\"text-align: center\"><span style=\"text-decoration: underline;font-size: 12pt\"><span style=\"font-family: georgia, palatino, serif\"><a href=\"http:\/\/filo.unt.edu.ar\/noticias\/?wysija-page=1&amp;controller=email&amp;action=view&amp;email_id=37&amp;wysijap=subscriptions&amp;user_id=1\" target=\"_blank\" rel=\"noopener noreferrer\">Pas\u00f3 en FILO \/ Abril<\/a><\/span><\/span><\/p>\n<p style=\"text-align: center\"><span style=\"text-decoration: underline;font-size: 12pt\"><span style=\"font-family: georgia, palatino, serif\"><a href=\"http:\/\/filo.unt.edu.ar\/noticias\/?wysija-page=1&amp;controller=email&amp;action=view&amp;email_id=36&amp;wysijap=subscriptions&amp;user_id=1\" target=\"_blank\" rel=\"noopener noreferrer\">Pas\u00f3 en FILO \/ Febrero - Marzo<\/a><\/span><\/span><\/p>\n<\/div>\n<\/div><\/div><\/div><\/div><div id=\"pg-298-2\"  class=\"panel-grid panel-no-style\" ><div id=\"pgc-298-2-0\"  class=\"panel-grid-cell\" ><div id=\"panel-298-2-0-0\" class=\"so-panel widget widget_sow-editor panel-first-child panel-last-child\" data-index=\"6\" ><div\n\t\t\t\n\t\t\tclass=\"so-widget-sow-editor so-widget-sow-editor-base\"\n\t\t\t\n\t\t>\n<div class=\"siteorigin-widget-tinymce textwidget\">\n\t<p style=\"text-align: center\"><span style=\"font-family: georgia, palatino, serif;font-size: 14pt\"><strong>--- 2018 ---\u00a0<\/strong><\/span><\/p>\n<p style=\"text-align: center\"><span style=\"text-decoration: underline;font-size: 12pt\"><span style=\"font-family: georgia, palatino, serif\"><a href=\"http:\/\/filo.unt.edu.ar\/noticias\/?wysija-page=1&amp;controller=email&amp;action=view&amp;email_id=35&amp;wysijap=subscriptions&amp;user_id=1\" target=\"_blank\" rel=\"noopener noreferrer\">Pas\u00f3 en FILO \/ Diciembre<\/a><\/span><\/span><\/p>\n<p style=\"text-align: center\"><span style=\"text-decoration: underline;font-size: 12pt\"><span style=\"font-family: georgia, palatino, serif;color: #333399;text-decoration: underline\"><a href=\"http:\/\/filo.unt.edu.ar\/noticias\/?wysija-page=1&amp;controller=email&amp;action=view&amp;email_id=34&amp;wysijap=subscriptions&amp;user_id=1\" target=\"_blank\" rel=\"noopener noreferrer\">Pas\u00f3 en FILO \/ Noviembre<\/a><\/span><\/span><\/p>\n<p style=\"text-align: center\"><span style=\"text-decoration: underline;font-size: 12pt;font-family: georgia, palatino, serif;color: #333399\"><a href=\"http:\/\/filo.unt.edu.ar\/noticias\/?wysija-page=1&amp;controller=email&amp;action=view&amp;email_id=33&amp;wysijap=subscriptions&amp;user_id=3\" target=\"_blank\" rel=\"noopener noreferrer\">Pas\u00f3 en FILO \/ Octubre<\/a><\/span><\/p>\n<p style=\"text-align: center\"><span style=\"text-decoration: underline;font-size: 12pt;font-family: georgia, palatino, serif;color: #333399\"><a href=\"http:\/\/filo.unt.edu.ar\/noticias\/?wysija-page=1&amp;controller=email&amp;action=view&amp;email_id=32&amp;wysijap=subscriptions&amp;user_id=3\" target=\"_blank\" rel=\"noopener noreferrer\">Pas\u00f3 en FILO \/ Septiembre<\/a><\/span><\/p>\n<p style=\"text-align: center\"><span style=\"text-decoration: underline;font-size: 12pt\"><span style=\"font-family: georgia, palatino, serif\"><a href=\"http:\/\/filo.unt.edu.ar\/noticias\/?wysija-page=1&amp;controller=email&amp;action=view&amp;email_id=31&amp;wysijap=subscriptions&amp;user_id=3\" target=\"_blank\" rel=\"noopener noreferrer\">Pas\u00f3 en FILO \/ Agosto<\/a><\/span><\/span><\/p>\n<p style=\"text-align: center\"><span style=\"text-decoration: underline;font-size: 12pt\"><span style=\"font-family: georgia, palatino, serif\"><a href=\"http:\/\/filo.unt.edu.ar\/noticias\/?wysija-page=1&amp;controller=email&amp;action=view&amp;email_id=29&amp;wysijap=subscriptions&amp;user_id=1\" target=\"_blank\" rel=\"noopener noreferrer\">Pas\u00f3 en FILO \/ Julio<\/a><\/span><\/span><\/p>\n<p style=\"text-align: center\"><span style=\"text-decoration: underline;font-size: 12pt;font-family: georgia, palatino, serif\"><a href=\"http:\/\/filo.unt.edu.ar\/noticias\/?wysija-page=1&amp;controller=email&amp;action=view&amp;email_id=28&amp;wysijap=subscriptions&amp;user_id=1\" target=\"_blank\" rel=\"noopener noreferrer\">Pas\u00f3 en FILO \/ Junio<\/a><\/span><\/p>\n<p style=\"text-align: center\"><span style=\"text-decoration: underline;font-size: 12pt;font-family: georgia, palatino, serif\"><a href=\"http:\/\/filo.unt.edu.ar\/noticias\/?wysija-page=1&amp;controller=email&amp;action=view&amp;email_id=27&amp;wysijap=subscriptions&amp;user_id=1\" target=\"_blank\" rel=\"noopener noreferrer\">Pas\u00f3 en FILO \/ Mayo<\/a><\/span><\/p>\n<p style=\"text-align: center\"><span style=\"text-decoration: underline;font-size: 12pt;font-family: georgia, palatino, serif\"><span style=\"color: #000080;text-decoration: underline\"><a href=\"http:\/\/filo.unt.edu.ar\/noticias\/?wysija-page=1&amp;controller=email&amp;action=view&amp;email_id=26&amp;wysijap=subscriptions&amp;user_id=1\" target=\"_blank\" rel=\"noopener noreferrer\">Pas\u00f3 en FILO \/ Abril<\/a><\/span><\/span><\/p>\n<p style=\"text-align: center\"><span style=\"text-decoration: underline;font-family: georgia, palatino, serif;font-size: 12pt\"><a href=\"http:\/\/filo.unt.edu.ar\/noticias\/?wysija-page=1&amp;controller=email&amp;action=view&amp;email_id=25&amp;wysijap=subscriptions&amp;user_id=1\" target=\"_blank\" rel=\"noopener noreferrer\">Pas\u00f3 en FILO \/ Febrero-Marzo<\/a><\/span><\/p>\n<\/div>\n<\/div><\/div><\/div><div id=\"pgc-298-2-1\"  class=\"panel-grid-cell\" ><div id=\"panel-298-2-1-0\" class=\"so-panel widget widget_sow-editor panel-first-child panel-last-child\" data-index=\"7\" ><div\n\t\t\t\n\t\t\tclass=\"so-widget-sow-editor so-widget-sow-editor-base\"\n\t\t\t\n\t\t>\n<div class=\"siteorigin-widget-tinymce textwidget\">\n\t<p style=\"text-align: center\"><span style=\"font-size: 14pt\"><strong><span style=\"font-family: georgia, palatino, serif\">--- 2017 ---\u00a0<\/span><\/strong><\/span><\/p>\n<p style=\"text-align: center\"><span style=\"text-decoration: underline;font-size: 12pt\"><span style=\"font-family: georgia, palatino, serif\"><a href=\"http:\/\/filo.unt.edu.ar\/noticias\/?wysija-page=1&amp;controller=email&amp;action=view&amp;email_id=24&amp;wysijap=subscriptions&amp;user_id=1\" target=\"_blank\" rel=\"noopener noreferrer\">Pas\u00f3 en FILO \/ Noviembre<\/a><\/span><\/span><\/p>\n<p style=\"text-align: center\"><span style=\"text-decoration: underline;font-size: 12pt\"><span style=\"font-family: georgia, palatino, serif\"><a href=\"http:\/\/filo.unt.edu.ar\/noticias\/?wysija-page=1&amp;controller=email&amp;action=view&amp;email_id=23&amp;wysijap=subscriptions&amp;user_id=1\" target=\"_blank\" rel=\"noopener noreferrer\">Pas\u00f3 en FILO \/ Octubre<\/a><\/span><\/span><\/p>\n<p style=\"text-align: center\"><span style=\"font-size: 12pt\"><span style=\"color: #800080\"><a href=\"http:\/\/filo.unt.edu.ar\/noticias\/?wysija-page=1&amp;controller=email&amp;action=view&amp;email_id=22&amp;wysijap=subscriptions&amp;user_id=3\" target=\"_blank\" rel=\"noopener noreferrer\"><span style=\"text-decoration: underline;font-family: georgia, palatino, serif\">Pas\u00f3 en FILO \/ Septiembre<\/span><\/a><\/span><\/span><\/p>\n<p style=\"text-align: center\"><span style=\"font-size: 12pt\"><span style=\"text-decoration: underline;color: #800080\"><a href=\"http:\/\/filo.unt.edu.ar\/noticias\/?wysija-page=1&amp;controller=email&amp;action=view&amp;email_id=21&amp;wysijap=subscriptions&amp;user_id=1\" target=\"_blank\" rel=\"noopener noreferrer\"><span style=\"font-family: georgia, palatino, serif\">Pas\u00f3 en FILO \/ Especial Semana Cultural<\/span><\/a><\/span><\/span><\/p>\n<p style=\"text-align: center\"><span style=\"font-size: 12pt\"><span style=\"text-decoration: underline;color: #800080\"><span style=\"font-family: georgia, palatino, serif\"><a href=\"http:\/\/filo.unt.edu.ar\/noticias\/?wysija-page=1&amp;controller=email&amp;action=view&amp;email_id=20&amp;wysijap=subscriptions&amp;user_id=1\" target=\"_blank\" rel=\"noopener noreferrer\">Pas\u00f3 en FILO \/ Agosto<\/a><\/span><\/span><\/span><\/p>\n<p style=\"text-align: center\"><span style=\"font-size: 12pt\"><span style=\"text-decoration: underline;color: #800080\"><span style=\"font-family: georgia, palatino, serif\"><a href=\"http:\/\/filo.unt.edu.ar\/noticias\/?wysija-page=1&amp;controller=email&amp;action=view&amp;email_id=17&amp;wysijap=subscriptions&amp;user_id=1\" target=\"_blank\" rel=\"noopener noreferrer\">Pas\u00f3 en FILO \/\u00a0Julio<\/a><\/span><\/span><\/span><\/p>\n<p style=\"text-align: center\"><span style=\"font-size: 12pt\"><span style=\"text-decoration: underline;color: #800080\"><span style=\"font-family: georgia, palatino, serif\"><a href=\"http:\/\/filo.unt.edu.ar\/noticias\/?wysija-page=1&amp;controller=email&amp;action=view&amp;email_id=16&amp;wysijap=subscriptions&amp;user_id=5\" target=\"_blank\" rel=\"noopener noreferrer\">Pas\u00f3 en FILO \/ Junio<\/a><\/span><\/span><\/span><\/p>\n<p style=\"text-align: center\"><span style=\"font-size: 12pt\"><span style=\"text-decoration: underline;color: #800080\"><span style=\"font-family: georgia, palatino, serif\"><a href=\"http:\/\/filo.unt.edu.ar\/noticias\/?wysija-page=1&amp;controller=email&amp;action=view&amp;email_id=15&amp;wysijap=subscriptions&amp;user_id=1\" target=\"_blank\" rel=\"noopener noreferrer\">Pas\u00f3 en FILO \/ Mayo<\/a><\/span><\/span><\/span><\/p>\n<p style=\"text-align: center\"><span style=\"font-size: 12pt\"><span style=\"text-decoration: underline;color: #800080\"><span style=\"font-family: georgia, palatino, serif\"><a href=\"http:\/\/filo.unt.edu.ar\/noticias\/?wysija-page=1&amp;controller=email&amp;action=view&amp;email_id=14&amp;wysijap=subscriptions&amp;user_id=1\" target=\"_blank\" rel=\"noopener noreferrer\">Pas\u00f3 en FILO \/ Abril<\/a><\/span><\/span><\/span><\/p>\n<p style=\"text-align: center\"><span style=\"font-size: 12pt\"><span style=\"text-decoration: underline;color: #800080\"><span style=\"font-family: georgia, palatino, serif\"><a href=\"http:\/\/filo.unt.edu.ar\/noticias\/?wysija-page=1&amp;controller=email&amp;action=view&amp;email_id=13&amp;wysijap=subscriptions&amp;user_id=3\" target=\"_blank\" rel=\"noopener noreferrer\">Pas\u00f3 en FILO \/ Febrero - Marzo<\/a><\/span><\/span><\/span><\/p>\n<\/div>\n<\/div><\/div><\/div><div id=\"pgc-298-2-2\"  class=\"panel-grid-cell\" ><div id=\"panel-298-2-2-0\" class=\"so-panel widget widget_sow-editor panel-first-child panel-last-child\" data-index=\"8\" ><div\n\t\t\t\n\t\t\tclass=\"so-widget-sow-editor so-widget-sow-editor-base\"\n\t\t\t\n\t\t>\n<div class=\"siteorigin-widget-tinymce textwidget\">\n\t<p style=\"text-align: center\"><span style=\"font-size: 14pt\"><strong><span style=\"font-family: georgia, palatino, serif\">--- 2016 ---<\/span><\/strong><\/span><\/p>\n<p style=\"text-align: center\"><span style=\"font-size: 12pt\"><span style=\"text-decoration: underline;font-family: georgia, palatino, serif\"><span style=\"color: #000080;text-decoration: underline\"><a style=\"color: #000080;text-decoration: underline\" href=\"http:\/\/filo.unt.edu.ar\/noticias\/?wysija-page=1&amp;controller=email&amp;action=view&amp;email_id=11&amp;wysijap=subscriptions&amp;user_id=1\" target=\"_blank\" rel=\"noopener noreferrer\">Pas\u00f3 en FILO \/ Diciembre<\/a><\/span><\/span><\/span><\/p>\n<p style=\"text-align: center\"><span style=\"font-size: 12pt\"><span style=\"text-decoration: underline;font-family: georgia, palatino, serif;color: #000080\"><a style=\"color: #000080;text-decoration: underline\" href=\"http:\/\/filo.unt.edu.ar\/noticias\/?wysija-page=1&amp;controller=email&amp;action=view&amp;email_id=10&amp;wysijap=subscriptions&amp;user_id=3\" target=\"_blank\" rel=\"noopener noreferrer\">Pas\u00f3 en FILO \/\u00a0Noviembre<\/a><\/span><\/span><\/p>\n<p style=\"text-align: center\"><span style=\"font-size: 12pt\"><span style=\"text-decoration: underline;font-family: georgia, palatino, serif;color: #000080\"><a style=\"color: #000080;text-decoration: underline\" href=\"http:\/\/filo.unt.edu.ar\/noticias\/?wysija-page=1&amp;controller=email&amp;action=view&amp;email_id=9&amp;wysijap=subscriptions&amp;user_id=3\" target=\"_blank\" rel=\"noopener noreferrer\">Pas\u00f3 en FILO \/ Octubre<\/a><\/span><\/span><\/p>\n<p style=\"text-align: center\"><span style=\"font-size: 12pt\"><span style=\"text-decoration: underline;font-family: georgia, palatino, serif;color: #000080\"><a style=\"color: #000080;text-decoration: underline\" href=\"http:\/\/filo.unt.edu.ar\/noticias\/?wysija-page=1&amp;controller=email&amp;action=view&amp;email_id=8&amp;wysijap=subscriptions&amp;user_id=1\" target=\"_blank\" rel=\"noopener noreferrer\">Pas\u00f3 en FILO \/ Septiembre<\/a><\/span><\/span><\/p>\n<p style=\"text-align: center\"><span style=\"font-size: 12pt\"><span style=\"text-decoration: underline;font-family: georgia, palatino, serif;color: #000080\"><a style=\"color: #000080;text-decoration: underline\" href=\"http:\/\/filo.unt.edu.ar\/noticias\/?wysija-page=1&amp;controller=email&amp;action=view&amp;email_id=7&amp;wysijap=subscriptions&amp;user_id=3\" target=\"_blank\" rel=\"noopener noreferrer\">Pas\u00f3 en FILO \/ Agosto<\/a><\/span><\/span><\/p>\n<\/div>\n<\/div><\/div><\/div><\/div><\/div>","protected":false},"excerpt":{"rendered":"<p>\u2192 Para recibir Pas\u00f3 en Filo suscribite enviando un correo electr\u00f3nico a: prensa.difusion@filo.unt.edu.ar Historial de Boletines Informativos 2022 Pas\u00f3 en Filo Octubre 2022 &nbsp; &#8212; 2021 &#8212; Pas\u00f3 en FILO \/ Junio &#8211; Julio Pas\u00f3 en FILO \/ Mayo Pas\u00f3 en FILO \/ Abril Pas\u00f3 en FILO \/ Febrero &#8211; [&hellip;]<\/p>\n","protected":false},"author":1,"featured_media":0,"parent":0,"menu_order":0,"comment_status":"closed","ping_status":"closed","template":"templates\/template-full.php","meta":{"footnotes":""},"class_list":["post-298","page","type-page","status-publish","hentry","post"],"_links":{"self":[{"href":"https:\/\/filo.unt.edu.ar\/noticias\/wp-json\/wp\/v2\/pages\/298","targetHints":{"allow":["GET"]}}],"collection":[{"href":"https:\/\/filo.unt.edu.ar\/noticias\/wp-json\/wp\/v2\/pages"}],"about":[{"href":"https:\/\/filo.unt.edu.ar\/noticias\/wp-json\/wp\/v2\/types\/page"}],"author":[{"embeddable":true,"href":"https:\/\/filo.unt.edu.ar\/noticias\/wp-json\/wp\/v2\/users\/1"}],"replies":[{"embeddable":true,"href":"https:\/\/filo.unt.edu.ar\/noticias\/wp-json\/wp\/v2\/comments?post=298"}],"version-history":[{"count":271,"href":"https:\/\/filo.unt.edu.ar\/noticias\/wp-json\/wp\/v2\/pages\/298\/revisions"}],"predecessor-version":[{"id":8415,"href":"https:\/\/filo.unt.edu.ar\/noticias\/wp-json\/wp\/v2\/pages\/298\/revisions\/8415"}],"wp:attachment":[{"href":"https:\/\/filo.unt.edu.ar\/noticias\/wp-json\/wp\/v2\/media?parent=298"}],"curies":[{"name":"wp","href":"https:\/\/api.w.org\/{rel}","templated":true}]}}