{"id":291,"date":"2016-09-05T18:35:01","date_gmt":"2016-09-05T21:35:01","guid":{"rendered":"http:\/\/filo.unt.edu.ar\/noticias\/?page_id=291"},"modified":"2021-08-12T11:51:02","modified_gmt":"2021-08-12T14:51:02","slug":"contacto","status":"publish","type":"page","link":"https:\/\/filo.unt.edu.ar\/noticias\/contacto\/","title":{"rendered":"Contacto"},"content":{"rendered":"<div id=\"pl-291\"  class=\"panel-layout\" ><div id=\"pg-291-0\"  class=\"panel-grid panel-no-style\" ><div id=\"pgc-291-0-0\"  class=\"panel-grid-cell\" ><div id=\"panel-291-0-0-0\" class=\"so-panel widget widget_black-studio-tinymce widget_black_studio_tinymce panel-first-child\" data-index=\"0\" ><div class=\"textwidget\"><p><em>Pas\u00f3 en Filo<\/em>. Bolet\u00edn informativo mensual, un espacio de difusi\u00f3n de las m\u00faltiples actividades realizadas en la Facultad de Filosof\u00eda y Letras.<\/p>\n<p>* Mail de contacto<strong>: area.comunicacion@filo.unt.edu.ar<\/strong><\/p>\n<p>&nbsp;<\/p>\n<p>\u2192 Para recibir\u00a0<em>Pas\u00f3 en Filo<\/em>\u00a0suscribite enviando un correo electr\u00f3nico a: <strong>prensa.difusion@filo.unt.edu.ar<\/strong><\/p>\n<\/div><\/div><div id=\"panel-291-0-0-1\" class=\"so-panel widget widget_black-studio-tinymce widget_black_studio_tinymce panel-last-child\" data-index=\"1\" ><div class=\"textwidget\"><p><img loading=\"lazy\" decoding=\"async\" class=\"aligncenter wp-image-6667 size-full\" src=\"http:\/\/filo.unt.edu.ar\/noticias\/wp-content\/uploads\/sites\/74\/2021\/05\/SUSCRIBITE-A-PRENSA_horizontal.jpg\" alt=\"\" width=\"1601\" height=\"301\" srcset=\"https:\/\/filo.unt.edu.ar\/noticias\/wp-content\/uploads\/sites\/74\/2021\/05\/SUSCRIBITE-A-PRENSA_horizontal.jpg 1601w, https:\/\/filo.unt.edu.ar\/noticias\/wp-content\/uploads\/sites\/74\/2021\/05\/SUSCRIBITE-A-PRENSA_horizontal-300x56.jpg 300w, https:\/\/filo.unt.edu.ar\/noticias\/wp-content\/uploads\/sites\/74\/2021\/05\/SUSCRIBITE-A-PRENSA_horizontal-768x144.jpg 768w, https:\/\/filo.unt.edu.ar\/noticias\/wp-content\/uploads\/sites\/74\/2021\/05\/SUSCRIBITE-A-PRENSA_horizontal-600x113.jpg 600w\" sizes=\"auto, (max-width: 1601px) 100vw, 1601px\" \/><\/p>\n<\/div><\/div><\/div><\/div><\/div>","protected":false},"excerpt":{"rendered":"<p>Pas\u00f3 en Filo. Bolet\u00edn informativo mensual, un espacio de difusi\u00f3n de las m\u00faltiples actividades realizadas en la Facultad de Filosof\u00eda y Letras. * Mail de contacto: area.comunicacion@filo.unt.edu.ar &nbsp; \u2192 Para recibir\u00a0Pas\u00f3 en Filo\u00a0suscribite enviando un correo electr\u00f3nico a: prensa.difusion@filo.unt.edu.ar<\/p>\n","protected":false},"author":1,"featured_media":0,"parent":0,"menu_order":0,"comment_status":"closed","ping_status":"closed","template":"templates\/template-full.php","meta":{"footnotes":""},"class_list":["post-291","page","type-page","status-publish","hentry","post"],"_links":{"self":[{"href":"https:\/\/filo.unt.edu.ar\/noticias\/wp-json\/wp\/v2\/pages\/291","targetHints":{"allow":["GET"]}}],"collection":[{"href":"https:\/\/filo.unt.edu.ar\/noticias\/wp-json\/wp\/v2\/pages"}],"about":[{"href":"https:\/\/filo.unt.edu.ar\/noticias\/wp-json\/wp\/v2\/types\/page"}],"author":[{"embeddable":true,"href":"https:\/\/filo.unt.edu.ar\/noticias\/wp-json\/wp\/v2\/users\/1"}],"replies":[{"embeddable":true,"href":"https:\/\/filo.unt.edu.ar\/noticias\/wp-json\/wp\/v2\/comments?post=291"}],"version-history":[{"count":9,"href":"https:\/\/filo.unt.edu.ar\/noticias\/wp-json\/wp\/v2\/pages\/291\/revisions"}],"predecessor-version":[{"id":327,"href":"https:\/\/filo.unt.edu.ar\/noticias\/wp-json\/wp\/v2\/pages\/291\/revisions\/327"}],"wp:attachment":[{"href":"https:\/\/filo.unt.edu.ar\/noticias\/wp-json\/wp\/v2\/media?parent=291"}],"curies":[{"name":"wp","href":"https:\/\/api.w.org\/{rel}","templated":true}]}}