{"id":2461,"date":"2018-02-19T09:22:37","date_gmt":"2018-02-19T12:22:37","guid":{"rendered":"http:\/\/filo.unt.edu.ar\/noticias\/?page_id=2461"},"modified":"2022-11-09T13:24:20","modified_gmt":"2022-11-09T16:24:20","slug":"index","status":"publish","type":"page","link":"https:\/\/filo.unt.edu.ar\/noticias\/","title":{"rendered":"Index"},"content":{"rendered":"<div id=\"pl-2461\"  class=\"panel-layout\" ><div id=\"pg-2461-0\"  class=\"panel-grid panel-has-style\" ><div class=\"siteorigin-panels-stretch panel-row-style-full-width panel-row-style panel-row-style-for-2461-0\" data-stretch-type=\"full\" ><div id=\"pgc-2461-0-0\"  class=\"panel-grid-cell\" ><div id=\"panel-2461-0-0-0\" class=\"so-panel widget widget_black-studio-tinymce widget_black_studio_tinymce panel-first-child panel-last-child\" data-index=\"0\" ><div class=\"panel-widget-style panel-widget-style-for-2461-0-0-0\" ><div class=\"textwidget\"><p><div class=\"pt-cv-wrapper\"><div class=\"pt-cv-view pt-cv-grid pt-cv-colsys\" id=\"pt-cv-view-d475b2d80z\"><div data-id=\"pt-cv-page-1\" class=\"pt-cv-page\" data-cvc=\"1\"><div class=\"col-md-12 col-sm-6 col-xs-12 pt-cv-content-item pt-cv-1-col\" ><div class='pt-cv-ifield'><a href=\"https:\/\/filo.unt.edu.ar\/noticias\/2023\/10\/20\/homenajes-a-estudiantes-desaparecidos-de-filosofia-y-letras\/\" class=\"_blank pt-cv-href-thumbnail pt-cv-thumb-default\" target=\"_blank\" ><img loading=\"lazy\" decoding=\"async\" width=\"720\" height=\"380\" src=\"https:\/\/filo.unt.edu.ar\/noticias\/wp-content\/uploads\/sites\/74\/2023\/11\/friso-desaparecidos-720x380.jpg\" class=\"pt-cv-thumbnail\" alt=\"\" \/><\/a>\n<h5 class=\"pt-cv-title\"><a href=\"https:\/\/filo.unt.edu.ar\/noticias\/2023\/10\/20\/homenajes-a-estudiantes-desaparecidos-de-filosofia-y-letras\/\" class=\"_blank\" target=\"_blank\" >Homenajes a estudiantes desaparecidos de Filosof\u00eda y Letras<\/a><\/h5>\n<div class=\"pt-cv-content\">En un emotivo acto que tuvo lugar el viernes 27, se llev\u00f3 a cabo la inauguraci\u00f3n de un friso en homenaje a los estudiantes de nuestra casa desaparecidos durante la ...<br \/><div class=\"pt-cv-rmwrap\"><a href=\"https:\/\/filo.unt.edu.ar\/noticias\/2023\/10\/20\/homenajes-a-estudiantes-desaparecidos-de-filosofia-y-letras\/\" class=\"_blank pt-cv-readmore btn btn-success\" target=\"_blank\">Leer M\u00e1s<\/a><\/div><\/div><\/div><\/div><\/div><\/div><\/div><\/p>\n<\/div><\/div><\/div><\/div><div id=\"pgc-2461-0-1\"  class=\"panel-grid-cell panel-grid-cell-empty\" ><\/div><div id=\"pgc-2461-0-2\"  class=\"panel-grid-cell\" ><div id=\"panel-2461-0-2-0\" class=\"so-panel widget widget_black-studio-tinymce widget_black_studio_tinymce panel-first-child panel-last-child\" data-index=\"1\" ><div class=\"panel-widget-style panel-widget-style-for-2461-0-2-0\" ><div class=\"textwidget\"><p style=\"text-align: center\"><span style=\"font-size: 36pt\"><span style=\"color: #000000;font-family: georgia, palatino, serif\"><strong>Pas\u00f3 en Filo<\/strong><\/span><\/span><\/p>\n<p style=\"text-align: center\">*****<\/p>\n<p style=\"text-align: center\"><span style=\"font-size: 18pt\"><em>bolet\u00edn informativo mensual<\/em><\/span><\/p>\n<p style=\"text-align: center\">*****<\/p>\n<p style=\"text-align: left\"><span style=\"font-size: 14pt\"><em><span style=\"color: #000000\">Un espacio de difusi\u00f3n de las m\u00faltiples actividades realizadas en el marco de la Facultad de Filosof\u00eda y Letras.<\/span><\/em><\/span><\/p>\n<p style=\"text-align: left\"><span style=\"font-size: 14pt\"><em><span style=\"color: #000000\">Desde la gesti\u00f3n queremos destacar el esfuerzo que esta comunidad realiza cotidianamente en la construcci\u00f3n de una Universidad P\u00fablica y Gratuita, de excelencia e inclusiva, cuyo rol es fundamental para la proyecci\u00f3n de una Naci\u00f3n m\u00e1s justa y solidaria.<\/span><\/em><\/span><\/p>\n<\/div><\/div><\/div><\/div><\/div><\/div><div id=\"pg-2461-1\"  class=\"panel-grid panel-has-style\" ><div class=\"siteorigin-panels-stretch panel-row-style-full-width panel-row-style panel-row-style-for-2461-1\" data-stretch-type=\"full-stretched\" ><div id=\"pgc-2461-1-0\"  class=\"panel-grid-cell\" ><div id=\"panel-2461-1-0-0\" class=\"so-panel widget widget_siteorigin-panels-postloop panel-first-child\" data-index=\"2\" ><div class=\"panel-widget-style panel-widget-style-for-2461-1-0-0\" >\n\t<div id=\"vantage-grid-loop\" class=\"vantage-grid-loop grid-loop-columns-4\">\n\t\t\t\t\t<article class=\"grid-post post-10082 post type-post status-publish format-standard has-post-thumbnail hentry category-catedras category-eventos-academicos post-with-thumbnail post-with-thumbnail-large\">\n\n\t\t\t\t\t\t\t\t\t<a class=\"grid-thumbnail\" href=\"https:\/\/filo.unt.edu.ar\/noticias\/2023\/11\/30\/estudiantes-socializaron-sus-experiencias-academica-y-de-practicas-docentes\/\">\n\t\t\t\t\t\t<img loading=\"lazy\" decoding=\"async\" width=\"436\" height=\"272\" src=\"https:\/\/filo.unt.edu.ar\/noticias\/wp-content\/uploads\/sites\/74\/2023\/12\/406512137_756618466506166_7232973634430123764_n-436x272.jpg\" class=\"attachment-vantage-grid-loop size-vantage-grid-loop wp-post-image\" alt=\"\" \/>\t\t\t\t\t<\/a>\n\t\t\t\t\n\t\t\t\t<h3><a href=\"https:\/\/filo.unt.edu.ar\/noticias\/2023\/11\/30\/estudiantes-socializaron-sus-experiencias-academica-y-de-practicas-docentes\/\">Estudiantes socializaron sus experiencias acad\u00e9mica y de pr\u00e1cticas docentes\u00a0<\/a><\/h3>\n\t\t\t\t<div class=\"excerpt\"><p>Durante el 29 de noviembre, se llevaron a cabo dos jornadas dedicadas exclusivamente a estudiantes. Estos encuentros, orientados a la socializaci\u00f3n y el intercambio de experiencias, ofrecieron un espacio para el aprendizaje y la reflexi\u00f3n. La primera jornada, titulada &#8220;Experiencias de Residencias y Pr\u00e1cticas Docentes&#8221;, fue organizada por las C\u00e1tedras [&hellip;]<\/p>\n<\/div>\n\t\t\t\t\t\t\t\t\t\t\t<\/article>\n\t\t\t\t\t\t\t\t<article class=\"grid-post post-10031 post type-post status-publish format-standard has-post-thumbnail hentry category-eventos-academicos category-institutos post-with-thumbnail post-with-thumbnail-large\">\n\n\t\t\t\t\t\t\t\t\t<a class=\"grid-thumbnail\" href=\"https:\/\/filo.unt.edu.ar\/noticias\/2023\/11\/29\/homenaje-a-los-100-anos-de-fervor-de-buenos-aires\/\">\n\t\t\t\t\t\t<img loading=\"lazy\" decoding=\"async\" width=\"436\" height=\"272\" src=\"https:\/\/filo.unt.edu.ar\/noticias\/wp-content\/uploads\/sites\/74\/2023\/12\/Homenaje-a-los-100-anos-de-Fervor-de-Buenos-Aires-436x272.jpg\" class=\"attachment-vantage-grid-loop size-vantage-grid-loop wp-post-image\" alt=\"\" \/>\t\t\t\t\t<\/a>\n\t\t\t\t\n\t\t\t\t<h3><a href=\"https:\/\/filo.unt.edu.ar\/noticias\/2023\/11\/29\/homenaje-a-los-100-anos-de-fervor-de-buenos-aires\/\">Homenaje a los 100 a\u00f1os de Fervor de Buenos Aires<\/a><\/h3>\n\t\t\t\t<div class=\"excerpt\"><p>El mi\u00e9rcoles 29 se llev\u00f3 a cabo el Homenaje a los 100 a\u00f1os de Fervor de Buenos Aires, organizado conjuntamente por el Instituto de investigaciones Ling\u00fc\u00edsticas y Literarias Hispanoamericanas \u201cElena Rojas Mayer\u201d de nuestra Facultad, la Universit\u00e1 di Mil\u00e1n y la Universidad de Pittsburgh. Participaron, por Argentina y desde nuestra [&hellip;]<\/p>\n<\/div>\n\t\t\t\t\t\t\t\t\t\t\t<\/article>\n\t\t\t\t\t\t\t\t<article class=\"grid-post post-9934 post type-post status-publish format-standard has-post-thumbnail hentry category-eventos-academicos category-institutos category-investigacion post-with-thumbnail post-with-thumbnail-large\">\n\n\t\t\t\t\t\t\t\t\t<a class=\"grid-thumbnail\" href=\"https:\/\/filo.unt.edu.ar\/noticias\/2023\/11\/29\/conferencia-ser-joven-lejos-de-casa\/\">\n\t\t\t\t\t\t<img loading=\"lazy\" decoding=\"async\" width=\"436\" height=\"272\" src=\"https:\/\/filo.unt.edu.ar\/noticias\/wp-content\/uploads\/sites\/74\/2023\/12\/Conferencia-ser-joven-lejos-de-casa-436x272.jpg\" class=\"attachment-vantage-grid-loop size-vantage-grid-loop wp-post-image\" alt=\"\" \/>\t\t\t\t\t<\/a>\n\t\t\t\t\n\t\t\t\t<h3><a href=\"https:\/\/filo.unt.edu.ar\/noticias\/2023\/11\/29\/conferencia-ser-joven-lejos-de-casa\/\">Conferencia &#8220;Ser joven lejos de casa&#8221;<\/a><\/h3>\n\t\t\t\t<div class=\"excerpt\"><p>El mi\u00e9rcoles 29, en el Instituto de Investigaciones Ling\u00fc\u00edsticas y Literarias Hispanoamericanas \u201cDra Elena Rojas Mayer\u201d (INSIL), se desarroll\u00f3 la Conferencia de la Dra. Sonia P\u00e1ez de la Torre (Universidad de Girona\/Universidad de Pompeu Fabra, Espa\u00f1a) con el tema \u201cSer joven lejos de casa: oportunidades y limitaciones del proceso inmigratorio\u201d. [&hellip;]<\/p>\n<\/div>\n\t\t\t\t\t\t\t\t\t\t\t<\/article>\n\t\t\t\t\t\t\t\t<article class=\"grid-post post-10018 post type-post status-publish format-standard has-post-thumbnail hentry category-asuntos-estudiantiles category-catedras category-eventos-academicos post-with-thumbnail post-with-thumbnail-large\">\n\n\t\t\t\t\t\t\t\t\t<a class=\"grid-thumbnail\" href=\"https:\/\/filo.unt.edu.ar\/noticias\/2023\/11\/28\/iii-jornada-de-estudiantes-de-literatura-espanola\/\">\n\t\t\t\t\t\t<img loading=\"lazy\" decoding=\"async\" width=\"436\" height=\"272\" src=\"https:\/\/filo.unt.edu.ar\/noticias\/wp-content\/uploads\/sites\/74\/2023\/12\/3-jornadas-de-estudiantes-de-literatura-espanola-436x272.jpg\" class=\"attachment-vantage-grid-loop size-vantage-grid-loop wp-post-image\" alt=\"\" \/>\t\t\t\t\t<\/a>\n\t\t\t\t\n\t\t\t\t<h3><a href=\"https:\/\/filo.unt.edu.ar\/noticias\/2023\/11\/28\/iii-jornada-de-estudiantes-de-literatura-espanola\/\">III Jornada de Estudiantes de Literatura Espa\u00f1ola<\/a><\/h3>\n\t\t\t\t<div class=\"excerpt\"><p>El martes 28 se realiz\u00f3 la III Jornada de Estudiantes de Literatura Espa\u00f1ola \u201cLa gala de la literatura, la flor de letras\u201d, organizada por las C\u00e1tedras de Literatura Espa\u00f1ola I y Literatura Espa\u00f1ola II, de la Carrera de Letras, y coordinada por la Prof. Mar\u00eda Laura Toledo y la Dra. [&hellip;]<\/p>\n<\/div>\n\t\t\t\t\t\t\t\t\t\t\t<\/article>\n\t\t\t<div class=\"clear\"><\/div>\t\t\t\t\t<article class=\"grid-post post-10011 post type-post status-publish format-standard has-post-thumbnail hentry category-catedras category-eventos-academicos category-extension category-formacion-docente post-with-thumbnail post-with-thumbnail-large\">\n\n\t\t\t\t\t\t\t\t\t<a class=\"grid-thumbnail\" href=\"https:\/\/filo.unt.edu.ar\/noticias\/2023\/11\/28\/5-encuentro-de-practicas-pre-profesionales-de-trabajo-social\/\">\n\t\t\t\t\t\t<img loading=\"lazy\" decoding=\"async\" width=\"436\" height=\"272\" src=\"https:\/\/filo.unt.edu.ar\/noticias\/wp-content\/uploads\/sites\/74\/2023\/12\/406444732_753493876818625_2938705511039099209_n-436x272.jpg\" class=\"attachment-vantage-grid-loop size-vantage-grid-loop wp-post-image\" alt=\"\" \/>\t\t\t\t\t<\/a>\n\t\t\t\t\n\t\t\t\t<h3><a href=\"https:\/\/filo.unt.edu.ar\/noticias\/2023\/11\/28\/5-encuentro-de-practicas-pre-profesionales-de-trabajo-social\/\">5\u00b0 Encuentro de Pr\u00e1cticas Pre Profesionales de Trabajo Social<\/a><\/h3>\n\t\t\t\t<div class=\"excerpt\"><p>El martes 28 de noviembre, el Anfiteatro 1 de la Facultad, fue el lugar elegido para\u00a0 el 5\u00b0 Encuentro de las Pr\u00e1cticas Pre Profesionales de Trabajo Social. La jornada reuni\u00f3 a estudiantes, docentes y referentes comunitarios en un espacio de reflexi\u00f3n y celebraci\u00f3n. El evento comenz\u00f3 con las palabras de [&hellip;]<\/p>\n<\/div>\n\t\t\t\t\t\t\t\t\t\t\t<\/article>\n\t\t\t\t\t\t\t\t<article class=\"grid-post post-9992 post type-post status-publish format-standard has-post-thumbnail hentry category-espacio-cultural category-extension post-with-thumbnail post-with-thumbnail-large\">\n\n\t\t\t\t\t\t\t\t\t<a class=\"grid-thumbnail\" href=\"https:\/\/filo.unt.edu.ar\/noticias\/2023\/11\/24\/obras-de-teatro-en-el-espacio-cultural\/\">\n\t\t\t\t\t\t<img loading=\"lazy\" decoding=\"async\" width=\"436\" height=\"272\" src=\"https:\/\/filo.unt.edu.ar\/noticias\/wp-content\/uploads\/sites\/74\/2023\/12\/Obras-de-teatro-en-el-Esapcio-Cultural-436x272.jpg\" class=\"attachment-vantage-grid-loop size-vantage-grid-loop wp-post-image\" alt=\"\" \/>\t\t\t\t\t<\/a>\n\t\t\t\t\n\t\t\t\t<h3><a href=\"https:\/\/filo.unt.edu.ar\/noticias\/2023\/11\/24\/obras-de-teatro-en-el-espacio-cultural\/\">Obras de teatro en el Espacio Cultural<\/a><\/h3>\n\t\t\t\t<div class=\"excerpt\"><p>El viernes 24 se llev\u00f3 a cabo, en el Espacio Cultural, la Presentaci\u00f3n de las obras de Teatro &#8220;Deschabetadas en la v\u00eda&#8221;, inspirada en una obra de Gustavo Ott; y &#8220;La escopeta&#8221;, de Henrey Sotomayor Garc\u00eda. Ambas obras estuvieron a cargo del profesor Esteban Zelaray\u00e1n. Las obras fueron elaboradas y [&hellip;]<\/p>\n<\/div>\n\t\t\t\t\t\t\t\t\t\t\t<\/article>\n\t\t\t\t\t\t\t\t<article class=\"grid-post post-10006 post type-post status-publish format-standard has-post-thumbnail hentry category-espacio-cultural category-extension category-institutos post-with-thumbnail post-with-thumbnail-large\">\n\n\t\t\t\t\t\t\t\t\t<a class=\"grid-thumbnail\" href=\"https:\/\/filo.unt.edu.ar\/noticias\/2023\/11\/24\/ciclo-de-cine-espanol\/\">\n\t\t\t\t\t\t<img loading=\"lazy\" decoding=\"async\" width=\"436\" height=\"272\" src=\"https:\/\/filo.unt.edu.ar\/noticias\/wp-content\/uploads\/sites\/74\/2023\/12\/Ciclo-de-cine-espanol-436x272.jpeg\" class=\"attachment-vantage-grid-loop size-vantage-grid-loop wp-post-image\" alt=\"\" \/>\t\t\t\t\t<\/a>\n\t\t\t\t\n\t\t\t\t<h3><a href=\"https:\/\/filo.unt.edu.ar\/noticias\/2023\/11\/24\/ciclo-de-cine-espanol\/\">Ciclo de Cine Espa\u00f1ol<\/a><\/h3>\n\t\t\t\t<div class=\"excerpt\"><p>El viernes 24, en el Espacio Cultural, el Instituto de Literatura Espa\u00f1ola (ILE) proyect\u00f3 la pel\u00edcula La Voz Dormida, dirigida por Benito Zambrano y basada en la novela premiada de Dulce Chacon. Esta puesta se inserta en el marco del &#8220;Ciclo de Cine Espa\u00f1ol&#8221;, una actividad que se ha convertido [&hellip;]<\/p>\n<\/div>\n\t\t\t\t\t\t\t\t\t\t\t<\/article>\n\t\t\t\t\t\t\t\t<article class=\"grid-post post-9980 post type-post status-publish format-standard has-post-thumbnail hentry category-gestion category-relaciones-internacionales post-with-thumbnail post-with-thumbnail-large\">\n\n\t\t\t\t\t\t\t\t\t<a class=\"grid-thumbnail\" href=\"https:\/\/filo.unt.edu.ar\/noticias\/2023\/11\/24\/visita-de-las-representantes-del-servicio-aleman-de-intercambio-academico\/\">\n\t\t\t\t\t\t<img loading=\"lazy\" decoding=\"async\" width=\"436\" height=\"272\" src=\"https:\/\/filo.unt.edu.ar\/noticias\/wp-content\/uploads\/sites\/74\/2023\/12\/Visita-del-Servicio-Aleman-de-Intercambio-Academico-436x272.jpg\" class=\"attachment-vantage-grid-loop size-vantage-grid-loop wp-post-image\" alt=\"\" \/>\t\t\t\t\t<\/a>\n\t\t\t\t\n\t\t\t\t<h3><a href=\"https:\/\/filo.unt.edu.ar\/noticias\/2023\/11\/24\/visita-de-las-representantes-del-servicio-aleman-de-intercambio-academico\/\">Visita de las representantes del Servicio Alem\u00e1n de Intercambio Acad\u00e9mico<\/a><\/h3>\n\t\t\t\t<div class=\"excerpt\"><p>El viernes 24 el decano, Sergio Robin, y la vicedecana, Bibi Sibald\u00ed, junto a la Coordinadora de Relaciones Internacionales, Mariana Vargas, recibieron a Ana Mulcahy y a Sybilla Tinapp, del Servicio Alem\u00e1n de Intercambio Acad\u00e9mico (DAAD). El objetivo de la reuni\u00f3n fue el de proyectar acciones de cara al a\u00f1o [&hellip;]<\/p>\n<\/div>\n\t\t\t\t\t\t\t\t\t\t\t<\/article>\n\t\t\t<div class=\"clear\"><\/div>\t\t\t<\/div>\n\n\t\t<nav role=\"navigation\" id=\"nav-below\" class=\"site-navigation paging-navigation\">\n\t\t<h1 class=\"assistive-text\">Post navigation<\/h1>\n\n\t\n\t\t<div class='pagination'><span aria-current=\"page\" class=\"page-numbers current\">1<\/span>\n<a class=\"page-numbers\" href=\"https:\/\/filo.unt.edu.ar\/noticias\/wp-json\/wp\/v2\/pages\/2461\/page\/2\/\">2<\/a>\n<a class=\"page-numbers\" href=\"https:\/\/filo.unt.edu.ar\/noticias\/wp-json\/wp\/v2\/pages\/2461\/page\/3\/\">3<\/a>\n<a class=\"page-numbers\" href=\"https:\/\/filo.unt.edu.ar\/noticias\/wp-json\/wp\/v2\/pages\/2461\/page\/4\/\">4<\/a>\n<a class=\"page-numbers\" href=\"https:\/\/filo.unt.edu.ar\/noticias\/wp-json\/wp\/v2\/pages\/2461\/page\/5\/\">5<\/a>\n<a class=\"page-numbers\" href=\"https:\/\/filo.unt.edu.ar\/noticias\/wp-json\/wp\/v2\/pages\/2461\/page\/6\/\">6<\/a>\n<span class=\"page-numbers dots\">&hellip;<\/span>\n<a class=\"page-numbers\" href=\"https:\/\/filo.unt.edu.ar\/noticias\/wp-json\/wp\/v2\/pages\/2461\/page\/121\/\">121<\/a>\n<a class=\"next page-numbers\" href=\"https:\/\/filo.unt.edu.ar\/noticias\/wp-json\/wp\/v2\/pages\/2461\/page\/2\/\">Siguiente &raquo;<\/a><\/div>\n\n\t\n\t<\/nav><!-- #nav-below -->\n\t\n<\/div><\/div><div id=\"panel-2461-1-0-1\" class=\"so-panel widget widget_vantage-social-media panel-last-child\" data-index=\"3\" ><a class=\"social-media-icon social-media-icon-facebook social-media-icon-size-medium\" href=\"https:\/\/www.facebook.com\/filount\/\" title=\"Pas\u00f3 en Filo Facebook\" target=\"_blank\"><span class=\"fa fa-facebook\"><\/span><\/a><a class=\"social-media-icon social-media-icon-twitter social-media-icon-size-medium\" href=\"https:\/\/twitter.com\/filount\" title=\"Pas\u00f3 en Filo Twitter\" target=\"_blank\"><span class=\"fa fa-twitter\"><\/span><\/a><a class=\"social-media-icon social-media-icon-instagram social-media-icon-size-medium\" href=\"https:\/\/www.instagram.com\/filo.unt\/\" title=\"Pas\u00f3 en Filo Instagram\" target=\"_blank\"><span class=\"fa fa-instagram\"><\/span><\/a><a class=\"social-media-icon social-media-icon-youtube social-media-icon-size-medium\" href=\"https:\/\/www.youtube.com\/user\/fylunt\" title=\"Pas\u00f3 en Filo YouTube\" target=\"_blank\"><span class=\"fa fa-youtube\"><\/span><\/a><\/div><\/div><\/div><\/div><\/div>","protected":false},"excerpt":{"rendered":"","protected":false},"author":1,"featured_media":0,"parent":0,"menu_order":0,"comment_status":"closed","ping_status":"closed","template":"templates\/template-full-notitle.php","meta":{"footnotes":""},"class_list":["post-2461","page","type-page","status-publish","hentry","post","post-with-thumbnail","post-with-thumbnail-large"],"_links":{"self":[{"href":"https:\/\/filo.unt.edu.ar\/noticias\/wp-json\/wp\/v2\/pages\/2461","targetHints":{"allow":["GET"]}}],"collection":[{"href":"https:\/\/filo.unt.edu.ar\/noticias\/wp-json\/wp\/v2\/pages"}],"about":[{"href":"https:\/\/filo.unt.edu.ar\/noticias\/wp-json\/wp\/v2\/types\/page"}],"author":[{"embeddable":true,"href":"https:\/\/filo.unt.edu.ar\/noticias\/wp-json\/wp\/v2\/users\/1"}],"replies":[{"embeddable":true,"href":"https:\/\/filo.unt.edu.ar\/noticias\/wp-json\/wp\/v2\/comments?post=2461"}],"version-history":[{"count":299,"href":"https:\/\/filo.unt.edu.ar\/noticias\/wp-json\/wp\/v2\/pages\/2461\/revisions"}],"predecessor-version":[{"id":8260,"href":"https:\/\/filo.unt.edu.ar\/noticias\/wp-json\/wp\/v2\/pages\/2461\/revisions\/8260"}],"wp:attachment":[{"href":"https:\/\/filo.unt.edu.ar\/noticias\/wp-json\/wp\/v2\/media?parent=2461"}],"curies":[{"name":"wp","href":"https:\/\/api.w.org\/{rel}","templated":true}]}}