{"id":216,"date":"2016-09-02T12:07:55","date_gmt":"2016-09-02T15:07:55","guid":{"rendered":"http:\/\/filo.unt.edu.ar\/noticias\/?page_id=216"},"modified":"2016-10-31T12:04:46","modified_gmt":"2016-10-31T15:04:46","slug":"consejo","status":"publish","type":"page","link":"https:\/\/filo.unt.edu.ar\/noticias\/consejo\/","title":{"rendered":"Consejo"},"content":{"rendered":"<div id=\"pl-216\"  class=\"panel-layout\" ><div id=\"pg-216-0\"  class=\"panel-grid panel-no-style\" ><div id=\"pgc-216-0-0\"  class=\"panel-grid-cell\" ><div id=\"panel-216-0-0-0\" class=\"so-panel widget widget_siteorigin-panels-postloop panel-first-child panel-last-child\" data-index=\"0\" ><div class=\"panel-widget-style panel-widget-style-for-216-0-0-0\" >\n\t\t\n\t\t\n<article id=\"post-7789\" class=\"post-7789 post type-post status-publish format-standard has-post-thumbnail hentry category-consejo category-destacadas post-with-thumbnail post-with-thumbnail-large\">\n\n\t\n\t<div class=\"entry-main\">\n\n\t\t\n\t\t<header class=\"entry-header\">\n\t\t\t\t\t\t\t<div class=\"entry-thumbnail\">\n\t\t\t\t\t<a href=\"https:\/\/filo.unt.edu.ar\/noticias\/2022\/06\/10\/robin-encabezo-la-primera-sesion-de-consejo-directivo-bajo-su-gestion\/\"><img loading=\"lazy\" decoding=\"async\" width=\"720\" height=\"380\" src=\"https:\/\/filo.unt.edu.ar\/noticias\/wp-content\/uploads\/sites\/74\/2022\/06\/IMG_3158-720x380.jpg\" class=\"attachment-post-thumbnail size-post-thumbnail wp-post-image\" alt=\"\" \/><\/a>\n\t\t\t\t<\/div>\n\t\t\t\n\t\t\t<h1 class=\"entry-title\"><a href=\"https:\/\/filo.unt.edu.ar\/noticias\/2022\/06\/10\/robin-encabezo-la-primera-sesion-de-consejo-directivo-bajo-su-gestion\/\" title=\"Permalink to Robin encabez\u00f3 la primera Sesi\u00f3n de Consejo Directivo bajo su gesti\u00f3n\" rel=\"bookmark\">Robin encabez\u00f3 la primera Sesi\u00f3n de Consejo Directivo bajo su gesti\u00f3n<\/a><\/h1>\n\n\t\t\t\t\t\t\t<div class=\"entry-meta\">\n\t\t\t\t\tPosted on <a href=\"https:\/\/filo.unt.edu.ar\/noticias\/2022\/06\/10\/robin-encabezo-la-primera-sesion-de-consejo-directivo-bajo-su-gestion\/\" title=\"12:11\" rel=\"bookmark\"><time class=\"entry-date\" datetime=\"2022-06-10T12:11:53-03:00\">10\/06\/2022<\/time><\/a><time class=\"updated\" datetime=\"2022-07-06T14:51:47-03:00\">06\/07\/2022<\/time> <span class=\"byline\"> by <span class=\"author vcard\"><a class=\"url fn n\" href=\"https:\/\/filo.unt.edu.ar\/noticias\/author\/admin\/\" title=\"View all posts by admin\" rel=\"author\">admin<\/a><\/span><\/span> \t\t\t\t<\/div><!-- .entry-meta -->\n\t\t\t\n\t\t<\/header><!-- .entry-header -->\n\n\t\t\t\t\t<div class=\"entry-content\">\n\t\t\t\t<p><span style=\"font-weight: 400\">El d\u00eda 9 de junio, se realiz\u00f3 la primera Sesi\u00f3n Especial de Consejo Directivo de la Facultad de Filosof\u00eda y Letras bajo la gesti\u00f3n Robin \u2013 Sibaldi. Estuvieron presentes los siguientes consejeros y consejeras: la Dra. Constanza Padilla (Estamento Titulares Docentes), el Dr. Julio Sal Paz, la Dra. Mar\u00eda Mercedes del Valle Risco (Estamento de Profesores Adjuntos y Asociados), el Lic. Bruno Medina, la Lic. Lorena Cabrera (Estamento de Auxiliares Docentes), el Sr. Walter Salinas (Estamento no docente), la Prof. Chavez Graciela (Estamento Graduados)\u00a0 y los representantes de estamento estudiantil: Juli\u00e1n Ara\u00f3z, Agustina P\u00e9rez,\u00a0 Florencia Bel\u00e9n Corzo.<\/span><\/p>\n<p><span style=\"font-weight: 400\">La agenda de esta primera sesi\u00f3n estuvo marcada por el pedido de licencia de algunos miembros del Consejo y la asunci\u00f3n de consejeros suplentes; como as\u00ed tambi\u00e9n, la elecci\u00f3n de vicedecano subrogante. Adem\u00e1s, se abord\u00f3 la conformaci\u00f3n de las comisiones de trabajo y el cronograma de funcionamiento del Consejo Directivo a lo largo del a\u00f1o acad\u00e9mico. En este sentido, el decano Robin expres\u00f3 \u201cla sesi\u00f3n de hoy fue constitutiva en t\u00e9rminos de conformaci\u00f3n de comisiones\u00a0 y asunci\u00f3n de Consejeros suplentes por la designaci\u00f3n de los Consejeros titulares en cargos de gabinete del Rector\u201d. Y agreg\u00f3, respecto del funcionamiento del Consejo:\u00a0 \u201clas perspectivas son muy optimistas y estamos convencidos que los pr\u00f3ximos meses van a ser de mucho trabajo. Las comisiones se han conformado y ya tienen un plan de trabajo para la semana pr\u00f3xima. Est\u00e1 previsto avanzar en muchos aspectos de la gesti\u00f3n acad\u00e9mica de esta facultad\u201d.\u00a0<\/span><\/p>\n<p><span style=\"font-weight: 400\">Asimismo, y siguiendo el cronograma previamente establecido el\u00a0 23 de junio el Consejo volvi\u00f3 a sesionar y a debatirse m\u00faltiples temas\u00a0 atinentes\u00a0 a la agenda de la comunidad universitaria de FILO.<\/span><\/p>\n<p>VER FOTOS.-<\/p>\n\t\t\t\t\t\t\t\t\t\t\t\t\t\t\t<\/div><!-- .entry-content -->\n\t\t\n\t\t\n\t<\/div>\n\n<\/article><!-- #post-7789 -->\n\n\t\n\t\t\n<article id=\"post-7658\" class=\"post-7658 post type-post status-publish format-standard has-post-thumbnail hentry category-consejo category-destacadas post-with-thumbnail post-with-thumbnail-large\">\n\n\t\n\t<div class=\"entry-main\">\n\n\t\t\n\t\t<header class=\"entry-header\">\n\t\t\t\t\t\t\t<div class=\"entry-thumbnail\">\n\t\t\t\t\t<a href=\"https:\/\/filo.unt.edu.ar\/noticias\/2022\/05\/04\/los-consejeros-de-la-formula-robin-silbadi-se-impusieron-en-la-primera-jornada-electoral-en-filo-y-letras\/\"><img loading=\"lazy\" decoding=\"async\" width=\"720\" height=\"380\" src=\"https:\/\/filo.unt.edu.ar\/noticias\/wp-content\/uploads\/sites\/74\/2022\/05\/WhatsApp-Image-2022-05-04-at-10.24.48-AM-720x380.jpeg\" class=\"attachment-post-thumbnail size-post-thumbnail wp-post-image\" alt=\"\" \/><\/a>\n\t\t\t\t<\/div>\n\t\t\t\n\t\t\t<h1 class=\"entry-title\"><a href=\"https:\/\/filo.unt.edu.ar\/noticias\/2022\/05\/04\/los-consejeros-de-la-formula-robin-silbadi-se-impusieron-en-la-primera-jornada-electoral-en-filo-y-letras\/\" title=\"Permalink to Los consejeros de la f\u00f3rmula Robin-Silbadi se impusieron en la primera jornada electoral en Filo y Letras\" rel=\"bookmark\">Los consejeros de la f\u00f3rmula Robin-Silbadi se impusieron en la primera jornada electoral en Filo y Letras<\/a><\/h1>\n\n\t\t\t\t\t\t\t<div class=\"entry-meta\">\n\t\t\t\t\tPosted on <a href=\"https:\/\/filo.unt.edu.ar\/noticias\/2022\/05\/04\/los-consejeros-de-la-formula-robin-silbadi-se-impusieron-en-la-primera-jornada-electoral-en-filo-y-letras\/\" title=\"10:27\" rel=\"bookmark\"><time class=\"entry-date\" datetime=\"2022-05-04T10:27:23-03:00\">04\/05\/2022<\/time><\/a><time class=\"updated\" datetime=\"2022-11-09T13:35:39-03:00\">09\/11\/2022<\/time> <span class=\"byline\"> by <span class=\"author vcard\"><a class=\"url fn n\" href=\"https:\/\/filo.unt.edu.ar\/noticias\/author\/pablop\/\" title=\"View all posts by pablop\" rel=\"author\">pablop<\/a><\/span><\/span> \t\t\t\t<\/div><!-- .entry-meta -->\n\t\t\t\n\t\t<\/header><!-- .entry-header -->\n\n\t\t\t\t\t<div class=\"entry-content\">\n\t\t\t\t<p><span style=\"font-weight: 400\">El martes 05 de mayo, se llev\u00f3 a cabo la primera jornada del proceso electoral para la renovaci\u00f3n de los consejeros directivos del estamento docente y no docente de nuestra unidad acad\u00e9mica. Con gran concurrencia y normalidad docentes y no docentes concurrieron a las urnas\u00a0 y eligieron sus representantes para el cogobierno de Filo y Letras.<\/span><\/p>\n<p><span style=\"font-weight: 400\">La Universidad Nacional de Tucum\u00e1n (UNT) desarrolla elecciones para la renovaci\u00f3n de los consejeros directivos de los estamentos estudiantil, docente, no docente y egresados de las 13 facultades (entre el 3 y 5 de mayo). Con la nueva composici\u00f3n de cada Consejo Directivo se elegir\u00e1 a los decanos de los pr\u00f3ximos cuatro a\u00f1os. En la siguiente etapa, decanos y consejeros, de todas las unidades acad\u00e9micas, se reunir\u00e1n en la Asamblea Universitaria para votar al rector y vice de la UNT para el per\u00edodo 2022-2026. Adem\u00e1s, en varias facultades se renovar\u00e1n las conducciones y comisiones directivas de los Centros de Estudiantes<\/span><\/p>\n<p><span style=\"font-weight: 400\">El espacio que lidera el <strong>Prof. Sergio Robin<\/strong> y la <strong>Prof. N\u00e9lida Sibaldi<\/strong>, candidatos a decano y vicedecana, que apoyan la f\u00f3rmula <strong>Pagani- Leal<\/strong>, obtuvieron la mayor\u00eda de los cargos docentes en el consejo directivo de nuestra facultad. De esta manera, se impusieron sobre los candidatos docentes del espacio liderado por la <strong>Dra. Roxana Nofal<\/strong> y el <strong>Prof. Jos\u00e9 Sanchez Toranzo<\/strong> que apoyan al binomio <strong>Jim\u00e9nez &#8211; Fern\u00e1ndez.<\/strong><\/span><\/p>\n<p><span style=\"font-weight: 400\">El nuevo consejo directivo de Filosof\u00eda y Letras estar\u00e1 integrado por los siguientes consejeros.<\/span><\/p>\n<p><b>Estamento de Profesores Adjuntos y Asociados<\/b><\/p>\n<p><span style=\"font-weight: 400\">\u00a0Dr. Julio Sal Paz y la Dra. Mar\u00eda Mercedes del Valle Risco.<\/span><\/p>\n<p><b>Estamento de Auxiliares Docentes<\/b><\/p>\n<p><span style=\"font-weight: 400\">Prof. Melina Gabriela Lazarte Bader y el Lic. Bruno Medina<\/span><\/p>\n<p><span style=\"font-weight: 400\">En tanto que, el resultado de la mesa correspondiente al <\/span><b>estamento de Profesores Titulares <\/b>aguarda<span style=\"font-weight: 400\"> que la Junta electoral analice dos votos recurridos para cerrar el escrutinio definitivo en la respectiva mesa.<\/span><\/p>\n<p><span style=\"font-weight: 400\">Asimismo, el <\/span><b>estamento no docente<\/b><span style=\"font-weight: 400\"> eligi\u00f3 a sus representantes entres dos listas, imponi\u00e9ndose la Lista Azul Solidaridad, que lleva como titular al Sr. Walter Salinas, sobre la lista Independiente.<\/span><\/p>\n<p><span style=\"font-weight: 400\">\u00a0<\/span><\/p>\n<p><span style=\"font-weight: 400\">\u00a0<\/span><\/p>\n\t\t\t\t\t\t\t\t\t\t\t\t\t\t\t<\/div><!-- .entry-content -->\n\t\t\n\t\t\n\t<\/div>\n\n<\/article><!-- #post-7658 -->\n\n\t\n\t\t\n<article id=\"post-5920\" class=\"post-5920 post type-post status-publish format-standard has-post-thumbnail hentry category-consejo post-with-thumbnail post-with-thumbnail-large\">\n\n\t\n\t<div class=\"entry-main\">\n\n\t\t\n\t\t<header class=\"entry-header\">\n\t\t\t\t\t\t\t<div class=\"entry-thumbnail\">\n\t\t\t\t\t<a href=\"https:\/\/filo.unt.edu.ar\/noticias\/2020\/06\/10\/el-consejo-directivo-de-filo-y-letras-abordo-una-agenda-marcada-por-un-ano-academico-atipico\/\"><img loading=\"lazy\" decoding=\"async\" width=\"720\" height=\"380\" src=\"https:\/\/filo.unt.edu.ar\/noticias\/wp-content\/uploads\/sites\/74\/2020\/06\/pautas-consejo-superior-1080x380-720x380.png\" class=\"attachment-post-thumbnail size-post-thumbnail wp-post-image\" alt=\"\" \/><\/a>\n\t\t\t\t<\/div>\n\t\t\t\n\t\t\t<h1 class=\"entry-title\"><a href=\"https:\/\/filo.unt.edu.ar\/noticias\/2020\/06\/10\/el-consejo-directivo-de-filo-y-letras-abordo-una-agenda-marcada-por-un-ano-academico-atipico\/\" title=\"Permalink to El Consejo Directivo de Filo y Letras abord\u00f3 una agenda marcada por un a\u00f1o acad\u00e9mico at\u00edpico\" rel=\"bookmark\">El Consejo Directivo de Filo y Letras abord\u00f3 una agenda marcada por un a\u00f1o acad\u00e9mico at\u00edpico<\/a><\/h1>\n\n\t\t\t\t\t\t\t<div class=\"entry-meta\">\n\t\t\t\t\tPosted on <a href=\"https:\/\/filo.unt.edu.ar\/noticias\/2020\/06\/10\/el-consejo-directivo-de-filo-y-letras-abordo-una-agenda-marcada-por-un-ano-academico-atipico\/\" title=\"18:49\" rel=\"bookmark\"><time class=\"entry-date\" datetime=\"2020-06-10T18:49:27-03:00\">10\/06\/2020<\/time><\/a><time class=\"updated\" datetime=\"2020-07-02T19:11:05-03:00\">02\/07\/2020<\/time> <span class=\"byline\"> by <span class=\"author vcard\"><a class=\"url fn n\" href=\"https:\/\/filo.unt.edu.ar\/noticias\/author\/pablop\/\" title=\"View all posts by pablop\" rel=\"author\">pablop<\/a><\/span><\/span> \t\t\t\t<\/div><!-- .entry-meta -->\n\t\t\t\n\t\t<\/header><!-- .entry-header -->\n\n\t\t\t\t\t<div class=\"entry-content\">\n\t\t\t\t<p>Durante el mes de junio el Consejo Directivo de la Facultad de Filosof\u00eda y Letras se reuni\u00f3 en modalidad virtual para abordar una agenda marcada por las particularidades de un a\u00f1o acad\u00e9mico atravesado por el Aislamiento Social Preventivo y Obligatorio (ASPO) que imposibilit\u00f3 el normal desenvolvimiento de las actividades de la Facultad.<\/p>\n<p>A partir de ello, se estableci\u00f3 una <a href=\"http:\/\/filo.unt.edu.ar\/blog\/2020\/06\/17\/criterios-y-exigencias-para-regularidad-y-promocion\/\" target=\"_blank\" rel=\"noopener noreferrer\"><strong>propuesta extraordinaria de reglamento para alumnos regulares y <\/strong><strong>promocionales<\/strong><\/a> para su adecuaci\u00f3n a la modalidad de cursado virtual mientras dure el aislamiento. Esta propuesta establece c<span id=\"fbPhotoSnowliftCaption\" class=\"fbPhotosPhotoCaption\" data-ft=\"{&quot;tn&quot;:&quot;K&quot;}\"><span class=\"hasCaption\">riterios y exigencias que las C\u00e1tedras deber\u00e1n tener en cuenta para que los estudiantes alcancen la regularidad y\/o promocionalidad de las asignaturas.<\/span><\/span><\/p>\n<p>Tambi\u00e9n, ante la situaci\u00f3n de emergencia, el Consejo resolvi\u00f3 la <a href=\"http:\/\/filo.unt.edu.ar\/blog\/2020\/06\/17\/suspension-correlativas-ano-academico-2020\/?fbclid=IwAR2nvoVF64x6xcNB9MJ58BF3skRQHyJdJLbL_9cC9eiXmSsdaAYzEVDzlVM\" target=\"_blank\" rel=\"noopener noreferrer\"><strong>suspensi\u00f3n de las correlatividades<\/strong><\/a> del a\u00f1o acad\u00e9mico 2020 con excepciones dado que era necesario adoptar acciones urgentes para minimizar, en la mayor medida posible, el impacto del ASPO en el desarrollo de las actividades acad\u00e9micas programadas para el presente per\u00edodo acad\u00e9mico.<\/p>\n<p>Asimismo, se consensu\u00f3 un <a href=\"http:\/\/filo.unt.edu.ar\/blog\/2020\/06\/17\/criterios-y-exigencias-para-regularidad-y-promocion\/\" target=\"_blank\" rel=\"noopener noreferrer\"><strong>Protocolo Interno para las Defensas de Tesis de Licenciatura por Videoconferencia<\/strong><\/a> respondiendo a las actuales circunstancias y a la demanda de tesistas de grado y posgrado.<\/p>\n\t\t\t\t\t\t\t\t\t\t\t\t\t\t\t<\/div><!-- .entry-content -->\n\t\t\n\t\t\n\t<\/div>\n\n<\/article><!-- #post-5920 -->\n\n\t\n\t\t<nav role=\"navigation\" id=\"nav-below\" class=\"site-navigation paging-navigation\">\n\t\t<h1 class=\"assistive-text\">Post navigation<\/h1>\n\n\t\n\t\t<div class='pagination'><span aria-current=\"page\" class=\"page-numbers current\">1<\/span>\n<a class=\"page-numbers\" href=\"https:\/\/filo.unt.edu.ar\/noticias\/wp-json\/wp\/v2\/pages\/216\/page\/2\/\">2<\/a>\n<a class=\"page-numbers\" href=\"https:\/\/filo.unt.edu.ar\/noticias\/wp-json\/wp\/v2\/pages\/216\/page\/3\/\">3<\/a>\n<a class=\"page-numbers\" href=\"https:\/\/filo.unt.edu.ar\/noticias\/wp-json\/wp\/v2\/pages\/216\/page\/4\/\">4<\/a>\n<a class=\"next page-numbers\" href=\"https:\/\/filo.unt.edu.ar\/noticias\/wp-json\/wp\/v2\/pages\/216\/page\/2\/\">Siguiente &raquo;<\/a><\/div>\n\n\t\n\t<\/nav><!-- #nav-below -->\n\t\n<\/div><\/div><\/div><\/div><\/div>","protected":false},"excerpt":{"rendered":"","protected":false},"author":1,"featured_media":0,"parent":0,"menu_order":0,"comment_status":"closed","ping_status":"closed","template":"","meta":{"footnotes":""},"class_list":["post-216","page","type-page","status-publish","hentry","post","post-with-thumbnail","post-with-thumbnail-large"],"_links":{"self":[{"href":"https:\/\/filo.unt.edu.ar\/noticias\/wp-json\/wp\/v2\/pages\/216","targetHints":{"allow":["GET"]}}],"collection":[{"href":"https:\/\/filo.unt.edu.ar\/noticias\/wp-json\/wp\/v2\/pages"}],"about":[{"href":"https:\/\/filo.unt.edu.ar\/noticias\/wp-json\/wp\/v2\/types\/page"}],"author":[{"embeddable":true,"href":"https:\/\/filo.unt.edu.ar\/noticias\/wp-json\/wp\/v2\/users\/1"}],"replies":[{"embeddable":true,"href":"https:\/\/filo.unt.edu.ar\/noticias\/wp-json\/wp\/v2\/comments?post=216"}],"version-history":[{"count":1,"href":"https:\/\/filo.unt.edu.ar\/noticias\/wp-json\/wp\/v2\/pages\/216\/revisions"}],"predecessor-version":[{"id":217,"href":"https:\/\/filo.unt.edu.ar\/noticias\/wp-json\/wp\/v2\/pages\/216\/revisions\/217"}],"wp:attachment":[{"href":"https:\/\/filo.unt.edu.ar\/noticias\/wp-json\/wp\/v2\/media?parent=216"}],"curies":[{"name":"wp","href":"https:\/\/api.w.org\/{rel}","templated":true}]}}