{"id":129,"date":"2016-09-01T12:40:07","date_gmt":"2016-09-01T12:40:07","guid":{"rendered":"http:\/\/filo.unt.edu.ar\/noticias\/?page_id=129"},"modified":"2016-10-03T12:19:59","modified_gmt":"2016-10-03T15:19:59","slug":"extension","status":"publish","type":"page","link":"https:\/\/filo.unt.edu.ar\/noticias\/extension\/","title":{"rendered":"Extensi\u00f3n"},"content":{"rendered":"<div id=\"pl-129\"  class=\"panel-layout\" ><div id=\"pg-129-0\"  class=\"panel-grid panel-no-style\" ><div id=\"pgc-129-0-0\"  class=\"panel-grid-cell\" ><div id=\"panel-129-0-0-0\" class=\"so-panel widget widget_siteorigin-panels-postloop panel-first-child panel-last-child\" data-index=\"0\" ><div class=\"panel-widget-style panel-widget-style-for-129-0-0-0\" >\n\t\t\n\t\t\n<article id=\"post-10011\" class=\"post-10011 post type-post status-publish format-standard has-post-thumbnail hentry category-catedras category-eventos-academicos category-extension category-formacion-docente post-with-thumbnail post-with-thumbnail-large\">\n\n\t\n\t<div class=\"entry-main\">\n\n\t\t\n\t\t<header class=\"entry-header\">\n\t\t\t\t\t\t\t<div class=\"entry-thumbnail\">\n\t\t\t\t\t<a href=\"https:\/\/filo.unt.edu.ar\/noticias\/2023\/11\/28\/5-encuentro-de-practicas-pre-profesionales-de-trabajo-social\/\"><img loading=\"lazy\" decoding=\"async\" width=\"720\" height=\"380\" src=\"https:\/\/filo.unt.edu.ar\/noticias\/wp-content\/uploads\/sites\/74\/2023\/12\/406444732_753493876818625_2938705511039099209_n-720x380.jpg\" class=\"attachment-post-thumbnail size-post-thumbnail wp-post-image\" alt=\"\" \/><\/a>\n\t\t\t\t<\/div>\n\t\t\t\n\t\t\t<h1 class=\"entry-title\"><a href=\"https:\/\/filo.unt.edu.ar\/noticias\/2023\/11\/28\/5-encuentro-de-practicas-pre-profesionales-de-trabajo-social\/\" title=\"Permalink to 5\u00b0 Encuentro de Pr\u00e1cticas Pre Profesionales de Trabajo Social\" rel=\"bookmark\">5\u00b0 Encuentro de Pr\u00e1cticas Pre Profesionales de Trabajo Social<\/a><\/h1>\n\n\t\t\t\t\t\t\t<div class=\"entry-meta\">\n\t\t\t\t\tPosted on <a href=\"https:\/\/filo.unt.edu.ar\/noticias\/2023\/11\/28\/5-encuentro-de-practicas-pre-profesionales-de-trabajo-social\/\" title=\"12:33\" rel=\"bookmark\"><time class=\"entry-date\" datetime=\"2023-11-28T12:33:21-03:00\">28\/11\/2023<\/time><\/a><time class=\"updated\" datetime=\"2023-12-12T00:52:21-03:00\">12\/12\/2023<\/time> <span class=\"byline\"> by <span class=\"author vcard\"><a class=\"url fn n\" href=\"https:\/\/filo.unt.edu.ar\/noticias\/author\/pablop\/\" title=\"View all posts by pablop\" rel=\"author\">pablop<\/a><\/span><\/span> \t\t\t\t<\/div><!-- .entry-meta -->\n\t\t\t\n\t\t<\/header><!-- .entry-header -->\n\n\t\t\t\t\t<div class=\"entry-content\">\n\t\t\t\t<p>El martes 28 de noviembre, el Anfiteatro 1 de la Facultad, fue el lugar elegido para\u00a0 el 5\u00b0 Encuentro de las Pr\u00e1cticas Pre Profesionales de Trabajo Social. La jornada reuni\u00f3 a estudiantes, docentes y referentes comunitarios en un espacio de reflexi\u00f3n y celebraci\u00f3n.<\/p>\n<p>El evento comenz\u00f3 con las palabras de Bibi Sibaldi, vicedecana de la Facultad, quien comparti\u00f3 el escenario con Cecilia Nacusse, directora del Departamento de Trabajo Social, y Guadalupe Soria Rivero, docente de la carrera. Guadalupe present\u00f3 un reflexivo documento escrito por las diferentes c\u00e1tedras, estableciendo un tono introspectivo y significativo para el encuentro.<\/p>\n<p>Este encuentro, enmarcado en la preparaci\u00f3n para el D\u00eda del Trabajo Social en Argentina, celebrado el 10 de diciembre, proporcion\u00f3 a cada c\u00e1tedra la oportunidad de presentar creativamente los aprendizajes construidos con personas, grupos, comunidades e instituciones. Las presentaciones incluyeron: Kermes de Pr\u00e1ctica de los recursos de la Comunidad (2do a\u00f1o), Muestra Fotogr\u00e1fica de Pr\u00e1ctica de Trabajo Social con Grupos (3er a\u00f1o), Muestra Fotogr\u00e1fica a 40 a\u00f1os de Democracia &#8211; Pr\u00e1ctica de Trabajo Social Comunitario (4to A\u00f1o), Proyecci\u00f3n Audiovisual de experiencias de la Pr\u00e1ctica de Trabajo Social Familiar (5to A\u00f1o),\u00a0 y la presentaci\u00f3n de un manifiesto colectivo sobre sentires de estudiantes sobre sus pr\u00e1cticas pre profesionales.<\/p>\n<p>Cecilia Nacusse, en sus declaraciones, destac\u00f3 la importancia de este espacio para poner en valor la tarea realizada en medio de la complejidad y diversidad de acciones implementadas para abordar problem\u00e1ticas multidimensionales.\u00a0 Subray\u00f3 la intensidad y potencia de los abordajes desde el proceso de ense\u00f1anza-aprendizaje, reconociendo el compromiso de los equipos de c\u00e1tedra.<\/p>\n<p>Nacusse plante\u00f3 preguntas fundamentales sobre el presente y el futuro del Trabajo Social, reconociendo la heterogeneidad del espacio profesional y la necesidad de comprender las tensiones actuales. Desde el compromiso con la justicia social, la emancipaci\u00f3n y los derechos humanos, hizo un llamado a mirar el escenario desde un trabajo social \u00e9tico y pol\u00edtico. Asimismo, enfatiz\u00f3 la importancia de la comprensi\u00f3n problematizadora y el ejercicio de sentipensar las tensiones sociales, pol\u00edticas y econ\u00f3micas actuales. Plante\u00f3 preguntas cruciales sobre la democracia en los espacios que habitamos y abog\u00f3 por la construcci\u00f3n de espacios de participaci\u00f3n popular con potencia cr\u00edtica.<\/p>\n<p>Este 5\u00b0 Encuentro no s\u00f3lo fue un espacio de presentaci\u00f3n de aprendizajes y pr\u00e1cticas, sino tambi\u00e9n un momento de reflexi\u00f3n profunda sobre el papel crucial del Trabajo Social en la sociedad actual. Los desaf\u00edos planteados por Nacusse marcan un compromiso colectivo hacia un futuro \u00e9tico y pol\u00edtico, que consolida el impacto positivo de esta disciplina en la construcci\u00f3n de una sociedad m\u00e1s justa y equitativa.<\/p>\n<p><a href=\"https:\/\/www.facebook.com\/filount\/posts\/pfbid035icwtq2GBeTZwpmuzZNXbHUkPhKsACYPzNLC1B9fujGZSqZ1U3X5WHegbZgAymdkl\" target=\"_blank\" rel=\"noopener\">VER FOTOS.-<\/a><\/p>\n\t\t\t\t\t\t\t\t\t\t\t\t\t\t\t<\/div><!-- .entry-content -->\n\t\t\n\t\t\n\t<\/div>\n\n<\/article><!-- #post-10011 -->\n\n\t\n\t\t\n<article id=\"post-9992\" class=\"post-9992 post type-post status-publish format-standard has-post-thumbnail hentry category-espacio-cultural category-extension post-with-thumbnail post-with-thumbnail-large\">\n\n\t\n\t<div class=\"entry-main\">\n\n\t\t\n\t\t<header class=\"entry-header\">\n\t\t\t\t\t\t\t<div class=\"entry-thumbnail\">\n\t\t\t\t\t<a href=\"https:\/\/filo.unt.edu.ar\/noticias\/2023\/11\/24\/obras-de-teatro-en-el-espacio-cultural\/\"><img loading=\"lazy\" decoding=\"async\" width=\"720\" height=\"380\" src=\"https:\/\/filo.unt.edu.ar\/noticias\/wp-content\/uploads\/sites\/74\/2023\/12\/Obras-de-teatro-en-el-Esapcio-Cultural-720x380.jpg\" class=\"attachment-post-thumbnail size-post-thumbnail wp-post-image\" alt=\"\" \/><\/a>\n\t\t\t\t<\/div>\n\t\t\t\n\t\t\t<h1 class=\"entry-title\"><a href=\"https:\/\/filo.unt.edu.ar\/noticias\/2023\/11\/24\/obras-de-teatro-en-el-espacio-cultural\/\" title=\"Permalink to Obras de teatro en el Espacio Cultural\" rel=\"bookmark\">Obras de teatro en el Espacio Cultural<\/a><\/h1>\n\n\t\t\t\t\t\t\t<div class=\"entry-meta\">\n\t\t\t\t\tPosted on <a href=\"https:\/\/filo.unt.edu.ar\/noticias\/2023\/11\/24\/obras-de-teatro-en-el-espacio-cultural\/\" title=\"12:45\" rel=\"bookmark\"><time class=\"entry-date\" datetime=\"2023-11-24T12:45:40-03:00\">24\/11\/2023<\/time><\/a><time class=\"updated\" datetime=\"2023-12-12T00:58:37-03:00\">12\/12\/2023<\/time> <span class=\"byline\"> by <span class=\"author vcard\"><a class=\"url fn n\" href=\"https:\/\/filo.unt.edu.ar\/noticias\/author\/marianacarles\/\" title=\"View all posts by marianacarles\" rel=\"author\">marianacarles<\/a><\/span><\/span> \t\t\t\t<\/div><!-- .entry-meta -->\n\t\t\t\n\t\t<\/header><!-- .entry-header -->\n\n\t\t\t\t\t<div class=\"entry-content\">\n\t\t\t\t<div class=\"x11i5rnm xat24cr x1mh8g0r x1vvkbs xtlvy1s x126k92a\">\n<p dir=\"auto\">El viernes 24 se llev\u00f3 a cabo, en el Espacio Cultural, la Presentaci\u00f3n de las obras de Teatro &#8220;Deschabetadas en la v\u00eda&#8221;, inspirada en una obra de Gustavo Ott; y &#8220;La escopeta&#8221;, de Henrey Sotomayor Garc\u00eda. Ambas obras estuvieron a cargo del profesor Esteban Zelaray\u00e1n.<\/p>\n<p dir=\"auto\"><span style=\"color: initial;font-size: revert\">Las obras fueron elaboradas y representadas por estudiantes de la carrera de Licenciatura en Teatro de la c\u00e1tedra \u201cPr\u00e1cticas de Actuaci\u00f3n I\u201d a cargo del Prof. Esteban Zelaya,<\/span><span style=\"color: initial;font-size: revert\">\u00a0como cierre de las pr\u00e1cticas, en el marco del Proyecto de Extensi\u00f3n de la UNT \u201cGesti\u00f3n Territorial y Comunitaria del Envejecimiento Activo, Saludables, Creativo y Protagonista\u201d- Envejecer Construyendo Proyectos,<\/span><\/p>\n<\/div>\n<div class=\"x11i5rnm xat24cr x1mh8g0r x1vvkbs xtlvy1s x126k92a\">\n<div dir=\"auto\">\n<p>El objetivo general de este Proyecto es promover el envejecimiento saludable de las personas mayores de San Miguel de Tucum\u00e1n, Taf\u00ed Viejo y Las Talitas. Para eso se desarrollaron, durante todo el a\u00f1o 2023, actividades recreativas, l\u00fadicas, art\u00edstico-expresivas, de cuidado de la salud y deportivas, que se organizaron, de manera interdisciplinaria, desde dispositivos grupales y comunitarios insertos en los propios territorios.<\/p>\n<p>El proyecto est\u00e1 integrado por docentes y estudiantes de nuestra casa, de la Escuela de Enfermer\u00eda, de las carreras de Profesorados en Teatro, en Danzas y Licenciatura en Teatro de la Facultad de Arte y de las Facultades de Educaci\u00f3n F\u00edsica y Psicolog\u00eda, quienes a lo largo de este a\u00f1o han desplegado, bajo la modalidad de pr\u00e1cticas socio-educativas, diversas propuestas, siempre teniendo en cuenta las necesidades e intereses de los diversos grupos implicados, desde un proceso dial\u00f3gico entre universidad y comunidad.<\/p>\n<p>Estudiantes y adultos\/as mayores compartieron experiencias y saberes, con el eje en lo intergeneracional; generaron m\u00faltiples actividades para mejorar la calidad de vida y fortalecer los procesos de integraci\u00f3n y participaci\u00f3n social.<\/p>\n<p>El equipo docente que conforma el Proyecto est\u00e1 integrado por la Lic. Graciela Yacuzzi (directora), Lic. Daniel \u00c1lvarez, Lic. Daniel Medina, Lic. Eugenia Morell, Lic. Alejandra Centeno, Lic. Ana L\u00f3pez, Lic. Jos\u00e9 Jurado y Lic. Claudia Montoya (de nuestra Facultad); de la Facultad de Arte: Psic. Libertad Balsa, Lic. Silvina Bazzi, Prof. Andrea Pulido; de la Escuela de Enfermer\u00eda: Lic. Angelina Lienzun; de la Facultad de Educaci\u00f3n F\u00edsica: Prof. Alejandra Pietro; y de la Facultad de Psicolog\u00eda: Lic. Adri\u00e1n Chirre.<\/p>\n<p><a href=\"https:\/\/www.facebook.com\/filount\/posts\/pfbid02D3SsJFeDn4dLpUpvgB1C6v8AkvJgcqPtqtJhFbiQQ1QnEt7HfzCXVXSg8nEvU9hWl\" target=\"_blank\" rel=\"noopener\">Ver fotos<\/a><\/p>\n<\/div>\n<\/div>\n\t\t\t\t\t\t\t\t\t\t\t\t\t\t\t<\/div><!-- .entry-content -->\n\t\t\n\t\t\n\t<\/div>\n\n<\/article><!-- #post-9992 -->\n\n\t\n\t\t\n<article id=\"post-10006\" class=\"post-10006 post type-post status-publish format-standard has-post-thumbnail hentry category-espacio-cultural category-extension category-institutos post-with-thumbnail post-with-thumbnail-large\">\n\n\t\n\t<div class=\"entry-main\">\n\n\t\t\n\t\t<header class=\"entry-header\">\n\t\t\t\t\t\t\t<div class=\"entry-thumbnail\">\n\t\t\t\t\t<a href=\"https:\/\/filo.unt.edu.ar\/noticias\/2023\/11\/24\/ciclo-de-cine-espanol\/\"><img loading=\"lazy\" decoding=\"async\" width=\"720\" height=\"380\" src=\"https:\/\/filo.unt.edu.ar\/noticias\/wp-content\/uploads\/sites\/74\/2023\/12\/Ciclo-de-cine-espanol-720x380.jpeg\" class=\"attachment-post-thumbnail size-post-thumbnail wp-post-image\" alt=\"\" \/><\/a>\n\t\t\t\t<\/div>\n\t\t\t\n\t\t\t<h1 class=\"entry-title\"><a href=\"https:\/\/filo.unt.edu.ar\/noticias\/2023\/11\/24\/ciclo-de-cine-espanol\/\" title=\"Permalink to Ciclo de Cine Espa\u00f1ol\" rel=\"bookmark\">Ciclo de Cine Espa\u00f1ol<\/a><\/h1>\n\n\t\t\t\t\t\t\t<div class=\"entry-meta\">\n\t\t\t\t\tPosted on <a href=\"https:\/\/filo.unt.edu.ar\/noticias\/2023\/11\/24\/ciclo-de-cine-espanol\/\" title=\"12:33\" rel=\"bookmark\"><time class=\"entry-date\" datetime=\"2023-11-24T12:33:24-03:00\">24\/11\/2023<\/time><\/a><time class=\"updated\" datetime=\"2023-12-12T00:59:00-03:00\">12\/12\/2023<\/time> <span class=\"byline\"> by <span class=\"author vcard\"><a class=\"url fn n\" href=\"https:\/\/filo.unt.edu.ar\/noticias\/author\/marianacarles\/\" title=\"View all posts by marianacarles\" rel=\"author\">marianacarles<\/a><\/span><\/span> \t\t\t\t<\/div><!-- .entry-meta -->\n\t\t\t\n\t\t<\/header><!-- .entry-header -->\n\n\t\t\t\t\t<div class=\"entry-content\">\n\t\t\t\t<p>El viernes 24, en el Espacio Cultural, el Instituto de Literatura Espa\u00f1ola (ILE) proyect\u00f3 la pel\u00edcula <em>La Voz Dormida<\/em>, dirigida por Benito Zambrano y basada en la novela premiada de Dulce Chacon.<\/p>\n<p>Esta puesta se inserta en el marco del &#8220;Ciclo de Cine Espa\u00f1ol&#8221;, una actividad que se ha convertido en un cl\u00e1sico del Espacio Cultural. El evento cont\u00f3 con la presencia de autoridades de la Facultad, docentes, estudiantes y p\u00fablico en general.<\/p>\n<p>&#8220;Generar estos espacios vinculados a las artes y a la cultura es tambi\u00e9n un modo de ejercer y de poner en pr\u00e1ctica el derecho a la educaci\u00f3n p\u00fablica&#8221; manifest\u00f3 la Dra. Susana Salim, directora del ILE, quien afirm\u00f3 que este espacio destinado al s\u00e9ptimo arte tendr\u00e1 su continuidad el a\u00f1o que viene con nuevas propuestas.<\/p>\n\t\t\t\t\t\t\t\t\t\t\t\t\t\t\t<\/div><!-- .entry-content -->\n\t\t\n\t\t\n\t<\/div>\n\n<\/article><!-- #post-10006 -->\n\n\t\n\t\t<nav role=\"navigation\" id=\"nav-below\" class=\"site-navigation paging-navigation\">\n\t\t<h1 class=\"assistive-text\">Post navigation<\/h1>\n\n\t\n\t\t<div class='pagination'><span aria-current=\"page\" class=\"page-numbers current\">1<\/span>\n<a class=\"page-numbers\" href=\"https:\/\/filo.unt.edu.ar\/noticias\/wp-json\/wp\/v2\/pages\/129\/page\/2\/\">2<\/a>\n<a class=\"page-numbers\" href=\"https:\/\/filo.unt.edu.ar\/noticias\/wp-json\/wp\/v2\/pages\/129\/page\/3\/\">3<\/a>\n<a class=\"page-numbers\" href=\"https:\/\/filo.unt.edu.ar\/noticias\/wp-json\/wp\/v2\/pages\/129\/page\/4\/\">4<\/a>\n<a class=\"page-numbers\" href=\"https:\/\/filo.unt.edu.ar\/noticias\/wp-json\/wp\/v2\/pages\/129\/page\/5\/\">5<\/a>\n<a class=\"page-numbers\" href=\"https:\/\/filo.unt.edu.ar\/noticias\/wp-json\/wp\/v2\/pages\/129\/page\/6\/\">6<\/a>\n<span class=\"page-numbers dots\">&hellip;<\/span>\n<a class=\"page-numbers\" href=\"https:\/\/filo.unt.edu.ar\/noticias\/wp-json\/wp\/v2\/pages\/129\/page\/167\/\">167<\/a>\n<a class=\"next page-numbers\" href=\"https:\/\/filo.unt.edu.ar\/noticias\/wp-json\/wp\/v2\/pages\/129\/page\/2\/\">Siguiente &raquo;<\/a><\/div>\n\n\t\n\t<\/nav><!-- #nav-below -->\n\t\n<\/div><\/div><\/div><\/div><\/div>","protected":false},"excerpt":{"rendered":"","protected":false},"author":1,"featured_media":0,"parent":0,"menu_order":0,"comment_status":"closed","ping_status":"closed","template":"","meta":{"footnotes":""},"class_list":["post-129","page","type-page","status-publish","hentry","post","post-with-thumbnail","post-with-thumbnail-large"],"_links":{"self":[{"href":"https:\/\/filo.unt.edu.ar\/noticias\/wp-json\/wp\/v2\/pages\/129","targetHints":{"allow":["GET"]}}],"collection":[{"href":"https:\/\/filo.unt.edu.ar\/noticias\/wp-json\/wp\/v2\/pages"}],"about":[{"href":"https:\/\/filo.unt.edu.ar\/noticias\/wp-json\/wp\/v2\/types\/page"}],"author":[{"embeddable":true,"href":"https:\/\/filo.unt.edu.ar\/noticias\/wp-json\/wp\/v2\/users\/1"}],"replies":[{"embeddable":true,"href":"https:\/\/filo.unt.edu.ar\/noticias\/wp-json\/wp\/v2\/comments?post=129"}],"version-history":[{"count":1,"href":"https:\/\/filo.unt.edu.ar\/noticias\/wp-json\/wp\/v2\/pages\/129\/revisions"}],"predecessor-version":[{"id":130,"href":"https:\/\/filo.unt.edu.ar\/noticias\/wp-json\/wp\/v2\/pages\/129\/revisions\/130"}],"wp:attachment":[{"href":"https:\/\/filo.unt.edu.ar\/noticias\/wp-json\/wp\/v2\/media?parent=129"}],"curies":[{"name":"wp","href":"https:\/\/api.w.org\/{rel}","templated":true}]}}