{"id":127,"date":"2016-09-01T22:07:55","date_gmt":"2016-09-01T22:07:55","guid":{"rendered":"http:\/\/filo.unt.edu.ar\/noticias\/?page_id=127"},"modified":"2016-10-03T12:26:31","modified_gmt":"2016-10-03T15:26:31","slug":"eventos-academicos","status":"publish","type":"page","link":"https:\/\/filo.unt.edu.ar\/noticias\/eventos-academicos\/","title":{"rendered":"Eventos Acad\u00e9micos"},"content":{"rendered":"<div id=\"pl-127\"  class=\"panel-layout\" ><div id=\"pg-127-0\"  class=\"panel-grid panel-no-style\" ><div id=\"pgc-127-0-0\"  class=\"panel-grid-cell\" ><div id=\"panel-127-0-0-0\" class=\"so-panel widget widget_siteorigin-panels-postloop panel-first-child panel-last-child\" data-index=\"0\" ><div class=\"panel-widget-style panel-widget-style-for-127-0-0-0\" >\n\t\t\n\t\t\n<article id=\"post-7825\" class=\"post-7825 post type-post status-publish format-standard has-post-thumbnail hentry category-espacio-cultural category-eventos-academicos post-with-thumbnail post-with-thumbnail-large\">\n\n\t\n\t<div class=\"entry-main\">\n\n\t\t\n\t\t<header class=\"entry-header\">\n\t\t\t\t\t\t\t<div class=\"entry-thumbnail\">\n\t\t\t\t\t<a href=\"https:\/\/filo.unt.edu.ar\/noticias\/2022\/06\/14\/presentacion-del-libro-yo-no-canto-por-cantar-el-legado-de-mercedes-sosa-por-coqui-sosa\/\"><img loading=\"lazy\" decoding=\"async\" width=\"720\" height=\"380\" src=\"https:\/\/filo.unt.edu.ar\/noticias\/wp-content\/uploads\/sites\/74\/2022\/07\/286951481_1760704920932040_5116438959294560840_n-720x380.jpg\" class=\"attachment-post-thumbnail size-post-thumbnail wp-post-image\" alt=\"\" \/><\/a>\n\t\t\t\t<\/div>\n\t\t\t\n\t\t\t<h1 class=\"entry-title\"><a href=\"https:\/\/filo.unt.edu.ar\/noticias\/2022\/06\/14\/presentacion-del-libro-yo-no-canto-por-cantar-el-legado-de-mercedes-sosa-por-coqui-sosa\/\" title=\"Permalink to Presentaci\u00f3n del libro &#8220;Yo no Canto por Cantar: El legado de Mercedes Sosa&#8221; por Coqui Sosa\u201d\" rel=\"bookmark\">Presentaci\u00f3n del libro &#8220;Yo no Canto por Cantar: El legado de Mercedes Sosa&#8221; por Coqui Sosa\u201d<\/a><\/h1>\n\n\t\t\t\t\t\t\t<div class=\"entry-meta\">\n\t\t\t\t\tPosted on <a href=\"https:\/\/filo.unt.edu.ar\/noticias\/2022\/06\/14\/presentacion-del-libro-yo-no-canto-por-cantar-el-legado-de-mercedes-sosa-por-coqui-sosa\/\" title=\"18:29\" rel=\"bookmark\"><time class=\"entry-date\" datetime=\"2022-06-14T18:29:55-03:00\">14\/06\/2022<\/time><\/a><time class=\"updated\" datetime=\"2022-07-07T10:14:13-03:00\">07\/07\/2022<\/time> <span class=\"byline\"> by <span class=\"author vcard\"><a class=\"url fn n\" href=\"https:\/\/filo.unt.edu.ar\/noticias\/author\/admin\/\" title=\"View all posts by admin\" rel=\"author\">admin<\/a><\/span><\/span> \t\t\t\t<\/div><!-- .entry-meta -->\n\t\t\t\n\t\t<\/header><!-- .entry-header -->\n\n\t\t\t\t\t<div class=\"entry-content\">\n\t\t\t\t<p><span style=\"font-weight: 400\">El 14 de junio, en el Espacio Cultural de nuestra Facultad,<\/span><span style=\"font-weight: 400\"> se realiz\u00f3 la presentaci\u00f3n del libro &#8220;Yo no Canto por Cantar: El legado de Mercedes Sosa&#8221; de Coq<\/span><span style=\"font-weight: 400\">ui Sosa. <\/span><\/p>\n<p><span style=\"font-weight: 400\">La actividad fue organizada por l<\/span><span style=\"font-weight: 400\">a&nbsp; SADE filial Tucum\u00e1n (Sociedad Argentina de Escritores), Pucar\u00e1 Producciones +Cultura y&nbsp; Editorial Trascender NOA;&nbsp; y conto con el auspicio de Filosof\u00eda y Letras.<br \/>\nLa presentaci\u00f3n conto con la moderaci\u00f3n de Alejandra Burzac y con la intervenci\u00f3n del destacado periodista y escritor Roberto Espinosa que fue el responsable de entrevistar al autor del libro.<br \/>\n<\/span><\/p>\n<p><span style=\"font-weight: 400\">Estuvieron presentes,&nbsp; la vicerrectora de la Universidad Nacional de Tucum\u00e1n, Mercedes Leal, y el decano de nuestra facultad, Sergio Robin, entre otros integrantes del equipo de gesti\u00f3n, docentes, estudiantes y p\u00fablico en general.&nbsp;<\/span><\/p>\n<p><span style=\"font-weight: 400\">El libro &#8220;Yo no Canto por Cantar: El legado de Mercedes Sosa&#8221;, escrito por el m\u00fasico Coqui Sosa, sobrino de la reconocida cantora de renombre nacional e internacional&nbsp; Mercedes Sosa, recoge relatos,&nbsp; vivencias y&nbsp; es el fruto de un trabajo de cuatro a\u00f1os de trabajo, en el que su&nbsp; autor buceo en su memoria y sus recuerdos con emoci\u00f3n y nostalgia. En este sentido, Coqui Sosa expres\u00f3: \u201csiento que de alguna manera estoy devolviendo lo mucho que recib\u00ed de ella (Mercedes Sosa) en lo art\u00edstico y lo humano\u201d. El libro fue&nbsp; editado por<\/span><span style=\"font-weight: 400\"> Editorial Trascender NOA.<\/span><\/p>\n<p><a href=\"https:\/\/www.facebook.com\/filount\/posts\/pfbid02tQQj78VzefF1xFj82m4wFk1eZVAuEf6XKRAC6kSgsSRyzzdp1uoVXxZKHx3VgJbGl\" target=\"_blank\" rel=\"noopener\">VER FOTOS.-<\/a><\/p>\n<p><b>Biograf\u00eda de Mercedes Sosa,&nbsp; Cantora del Pueblo&nbsp;<\/b><\/p>\n<p><span style=\"font-weight: 400\">El 9 de julio de 1935, en San Miguel de Tucum\u00e1n (dos semanas despu\u00e9s de la muerte de Carlos Gardel, el \u201cZorzal Criollo\u201d y D\u00eda de la Independencia Argentina) naci\u00f3 en un \u201chogar humilde\u201d; que forjar\u00e1 su futuro <\/span><b>Hayd\u00e9e Mercedes Sosa<\/b><span style=\"font-weight: 400\">; quien con el paso de los a\u00f1os conquistar\u00eda prestigio y renombre internacional por su carrera art\u00edstica.&nbsp;<\/span><\/p>\n<p><span style=\"font-weight: 400\">Hayd\u00e9e Mercedes Sosa, naci\u00f3 y se cri\u00f3 en el seno de una familia que la marcar\u00eda para toda la vida, por sus convicciones y formas de enfrentar la adversidad econ\u00f3mica. Su madre Emma del Carmen Gir\u00f3n era lavandera y su padre Quiterio Ernesto Sosa zafrero junto a sus cuatro hermanos: Miguel \u201cCoquito\u201d Sosa, Francisco del Valle \u201cCacho\u201d Sosa, Orlando Ernesto \u201cChichi\u201d Sosa y Clara Rosa \u201cCocha\u201d Gir\u00f3n fueron los espectadores privilegiados del despertar art\u00edstico de \u201cLa Marta\u201d como se la apoda&nbsp; en lo m\u00e1s profundo de su familia, ya que su mam\u00e1 la llama as\u00ed desde su nacimiento, pero su padre la inscribi\u00f3 como todos la conocemos. De la ni\u00f1ez y la adolescencia viene su apego por las expresiones art\u00edsticas populares. Reci\u00e9n salida de la adolescencia, le gustaba bailar,&nbsp; ense\u00f1aba danzas folkl\u00f3ricas y cantaba en los actos escolares.&nbsp;<\/span><\/p>\n<p><span style=\"font-weight: 400\">Sin embargo, por aquel entonces Mercedes Sosa, no dimensionaba ni ten\u00eda inter\u00e9s por convertirse en la cantora que luego fue y cautivo al mundo. En este sentido, con apenas quince a\u00f1os, motivada por un grupo de amigas, se anim\u00f3 a participar en un certamen radial organizado por LV12 de Tucum\u00e1n\u201d llamado \u201cHoy canto yo\u201d con la conducci\u00f3n del locutor y animador Carlos del Corro; en el cual se present\u00f3 bajo el anonimato de su familia con el seud\u00f3nimo art\u00edstico de Gladys Osorio. Esta actuaci\u00f3n, sin duda sellar\u00eda a fuego, los primeros pasos de la joven tucumana, como \u201ccantora\u201d, dicha participaci\u00f3n le vali\u00f3 ganar el concurso de canto, que implicaba como premio \u201cun contrato por dos meses de actuaci\u00f3n en la emisora\u201d local. De esta forma, casi sin darse cuenta o como alguna vez enfatiz\u00f3 \u201cLa Negra\u201d comenz\u00f3 la carrera de la \u201ccantora\u201d que atraves\u00f3 y contin\u00faa haciendo su aporte a la historia pol\u00edtica, cultural y pol\u00edtica del pa\u00eds, que la vio nacer y al mundo entero.&nbsp;<\/span><\/p>\n<p><span style=\"font-weight: 400\">Poco a poco, con las vivencias a cuestas y firmes convicciones, Mercedes asumi\u00f3 \u201cel compromiso con sus ideales, sue\u00f1os y esperanzas\u201d que mantendr\u00eda hasta el final de sus d\u00edas a trav\u00e9s de su canto. Fue a trav\u00e9s de cada canci\u00f3n que celosamente buscaba, estudiaba y ensayaba que fue capaz de hacer carne en su voz las luchas sociales por la igualdad de derechos de los \u201cpueblos originarios, de las mujeres, de los trabajadores y de los ni\u00f1os\u201d. Sin dudas, Sosa fue m\u00e1s que una cantante; fue una \u201ccantora del pueblo\u201d que con su voz conquist\u00f3 \u201cun grito colectivo de verdad, justicia, libertad y dignidad\u201d para todas las mujeres y hombres del mundo.&nbsp;<\/span><\/p>\n<p><span style=\"font-weight: 400\">Es as\u00ed, que a lo largo de casi 60 a\u00f1os de trayectoria musical y en el \u00e1mbito de las manifestaciones culturales viaj\u00f3 por innumerables pa\u00edses y ciudades del mundo y fue condecorada por Estados y organismos internacionales a lo largo del mundo; no solo por su aporte musical con su voz, sino lo que ella representaba y representa como un testimonio vivo de su \u201cinquebrantable compromiso con los Derechos Humanos\u201d.&nbsp;<\/span><\/p>\n<p><span style=\"font-weight: 400\">&nbsp;Su voz fue un \u201cr\u00edo creciendo, una flecha en aire, es amor combatiendo\u201d como dice \u201cLa canci\u00f3n es urgente\u201d de Teresa Parodi, que \u201cpermiti\u00f3 que todo un mundo conociera a los creadores de Latinoam\u00e9rica, logrando el amor y reconocimiento de sus pares, y el agradecimiento de su p\u00fablico a lo largo de varias generaciones\u201d; a\u00fan hoy a casi 13 a\u00f1os de su muerte, ocurrida el 4 de octubre de 2009.&nbsp;<\/span><\/p>\n<p><span style=\"font-weight: 400\">Fuente:&nbsp;<\/span><span style=\"font-weight: 400\">Bracelli, Rodolfo&nbsp;<\/span><span style=\"font-weight: 400\">Mercedes Sosa, La Negra &#8211; 2 \u00aa ed.- Buenos Aires: Sudamericana,2010.&nbsp;<\/span><\/p>\n\t\t\t\t\t\t\t\t\t\t\t\t\t\t\t<\/div><!-- .entry-content -->\n\t\t\n\t\t\n\t<\/div>\n\n<\/article><!-- #post-7825 -->\n\n\t\n\t\n<\/div><\/div><\/div><\/div><\/div>","protected":false},"excerpt":{"rendered":"<p>Entradas recientes Jornadas de Reflexi\u00f3n sobre Justicia y Derechos Humanos A 50 a\u00f1os del cierre de los ingenios, la Facultad de Filosof\u00eda y Letras les rindi\u00f3 homenaje<\/p>\n","protected":false},"author":1,"featured_media":0,"parent":0,"menu_order":0,"comment_status":"closed","ping_status":"closed","template":"","meta":{"footnotes":""},"class_list":["post-127","page","type-page","status-publish","hentry","post","post-with-thumbnail","post-with-thumbnail-large"],"_links":{"self":[{"href":"https:\/\/filo.unt.edu.ar\/noticias\/wp-json\/wp\/v2\/pages\/127","targetHints":{"allow":["GET"]}}],"collection":[{"href":"https:\/\/filo.unt.edu.ar\/noticias\/wp-json\/wp\/v2\/pages"}],"about":[{"href":"https:\/\/filo.unt.edu.ar\/noticias\/wp-json\/wp\/v2\/types\/page"}],"author":[{"embeddable":true,"href":"https:\/\/filo.unt.edu.ar\/noticias\/wp-json\/wp\/v2\/users\/1"}],"replies":[{"embeddable":true,"href":"https:\/\/filo.unt.edu.ar\/noticias\/wp-json\/wp\/v2\/comments?post=127"}],"version-history":[{"count":4,"href":"https:\/\/filo.unt.edu.ar\/noticias\/wp-json\/wp\/v2\/pages\/127\/revisions"}],"predecessor-version":[{"id":266,"href":"https:\/\/filo.unt.edu.ar\/noticias\/wp-json\/wp\/v2\/pages\/127\/revisions\/266"}],"wp:attachment":[{"href":"https:\/\/filo.unt.edu.ar\/noticias\/wp-json\/wp\/v2\/media?parent=127"}],"curies":[{"name":"wp","href":"https:\/\/api.w.org\/{rel}","templated":true}]}}