{"id":31,"date":"2016-08-02T11:30:02","date_gmt":"2016-08-02T11:30:02","guid":{"rendered":"http:\/\/filo.unt.edu.ar\/jornadasmodernacontemporanea\/?page_id=31"},"modified":"2016-08-02T11:30:02","modified_gmt":"2016-08-02T11:30:02","slug":"lugar-de-realizacion","status":"publish","type":"page","link":"https:\/\/filo.unt.edu.ar\/jornadasmodernacontemporanea\/lugar-de-realizacion\/","title":{"rendered":"Lugar de realizaci\u00f3n"},"content":{"rendered":"<div id=\"pl-31\"  class=\"panel-layout\" ><div id=\"pg-31-0\"  class=\"panel-grid panel-no-style\" ><div id=\"pgc-31-0-0\"  class=\"panel-grid-cell\" ><div id=\"panel-31-0-0-0\" class=\"so-panel widget widget_black-studio-tinymce widget_black_studio_tinymce panel-first-child\" data-index=\"0\" ><div class=\"textwidget\"><p>Lugar de realizaci\u00f3n:<br \/>\nCIIDEPT \u201cCentro de Innovaci\u00f3n e Investigaci\u00f3n para el Desarrollo Educativo Productivo Tecnol\u00f3gico\/ Ministerio de Educaci\u00f3n Tucum\u00e1n. Jos\u00e9 Ingenieros 260 S.M. de Tucum\u00e1n (4000)\u201d<\/p>\n<\/div><\/div><div id=\"panel-31-0-0-1\" class=\"so-panel widget widget_black-studio-tinymce widget_black_studio_tinymce panel-last-child\" data-index=\"1\" ><div class=\"textwidget\"><p><iframe loading=\"lazy\" src=\"https:\/\/www.google.com\/maps\/embed?pb=!1m18!1m12!1m3!1d4233.526079814989!2d-65.19559765775226!3d-26.84132298111006!2m3!1f0!2f0!3f0!3m2!1i1024!2i768!4f13.1!3m3!1m2!1s0x0%3A0xa2d407d7a743c357!2sCentro+de+innovacion+e+informacion+para+el+Desarrollo+Educativo%2C+Productivo+y+Tecnologico!5e0!3m2!1ses!2sar!4v1470136997969\" width=\"600\" height=\"450\" frameborder=\"0\" style=\"border:0\" allowfullscreen><\/iframe><\/p>\n<\/div><\/div><\/div><\/div><\/div>","protected":false},"excerpt":{"rendered":"<p>Lugar de realizaci\u00f3n: CIIDEPT \u201cCentro de Innovaci\u00f3n e Investigaci\u00f3n para el Desarrollo Educativo Productivo Tecnol\u00f3gico\/ Ministerio de Educaci\u00f3n Tucum\u00e1n. Jos\u00e9 Ingenieros 260 S.M. de Tucum\u00e1n (4000)\u201d<\/p>\n","protected":false},"author":1,"featured_media":0,"parent":0,"menu_order":0,"comment_status":"closed","ping_status":"closed","template":"templates\/template-full.php","meta":{"footnotes":""},"class_list":["post-31","page","type-page","status-publish","hentry","post"],"_links":{"self":[{"href":"https:\/\/filo.unt.edu.ar\/jornadasmodernacontemporanea\/wp-json\/wp\/v2\/pages\/31","targetHints":{"allow":["GET"]}}],"collection":[{"href":"https:\/\/filo.unt.edu.ar\/jornadasmodernacontemporanea\/wp-json\/wp\/v2\/pages"}],"about":[{"href":"https:\/\/filo.unt.edu.ar\/jornadasmodernacontemporanea\/wp-json\/wp\/v2\/types\/page"}],"author":[{"embeddable":true,"href":"https:\/\/filo.unt.edu.ar\/jornadasmodernacontemporanea\/wp-json\/wp\/v2\/users\/1"}],"replies":[{"embeddable":true,"href":"https:\/\/filo.unt.edu.ar\/jornadasmodernacontemporanea\/wp-json\/wp\/v2\/comments?post=31"}],"version-history":[{"count":1,"href":"https:\/\/filo.unt.edu.ar\/jornadasmodernacontemporanea\/wp-json\/wp\/v2\/pages\/31\/revisions"}],"predecessor-version":[{"id":32,"href":"https:\/\/filo.unt.edu.ar\/jornadasmodernacontemporanea\/wp-json\/wp\/v2\/pages\/31\/revisions\/32"}],"wp:attachment":[{"href":"https:\/\/filo.unt.edu.ar\/jornadasmodernacontemporanea\/wp-json\/wp\/v2\/media?parent=31"}],"curies":[{"name":"wp","href":"https:\/\/api.w.org\/{rel}","templated":true}]}}