{"id":52,"date":"2017-05-11T09:42:41","date_gmt":"2017-05-11T12:42:41","guid":{"rendered":"http:\/\/filo.unt.edu.ar\/jornadasits\/?page_id=52"},"modified":"2018-04-13T09:37:47","modified_gmt":"2018-04-13T12:37:47","slug":"comite-cientifico","status":"publish","type":"page","link":"https:\/\/filo.unt.edu.ar\/jornadasits\/comite-cientifico\/","title":{"rendered":"Comit\u00e9 Cient\u00edfico"},"content":{"rendered":"<div id=\"pl-52\"  class=\"panel-layout\" ><div id=\"pg-52-0\"  class=\"panel-grid panel-no-style\" ><div id=\"pgc-52-0-0\"  class=\"panel-grid-cell panel-grid-cell-empty\" ><\/div><div id=\"pgc-52-0-1\"  class=\"panel-grid-cell panel-grid-cell-mobile-last\" ><div id=\"panel-52-0-1-0\" class=\"so-panel widget widget_sow-editor panel-first-child panel-last-child\" data-index=\"0\" ><div\n\t\t\t\n\t\t\tclass=\"so-widget-sow-editor so-widget-sow-editor-base\"\n\t\t\t\n\t\t>\n<div class=\"siteorigin-widget-tinymce textwidget\">\n\t<p style=\"padding-left: 30px;\"><strong>Comit\u00e9 Cient\u00edfico<\/strong><\/p>\n<ul>\n<li style=\"text-align: left;\">Dra. Delia Quinteros<\/li>\n<li style=\"text-align: left;\">Dra. Susana Maidana<\/li>\n<li style=\"text-align: left;\">Lic. Gabriela Gonzalez<\/li>\n<li style=\"text-align: left;\">Lic. Nelda Canova<\/li>\n<li style=\"text-align: left;\">Mg. Mirtha Litvak<\/li>\n<li style=\"text-align: left;\">Mg. Nilda Gladys Omill<\/li>\n<li style=\"text-align: left;\">Mg. Ra\u00fal Arue<\/li>\n<\/ul>\n<p style=\"padding-left: 30px;\"><strong>Comit\u00e9 Organizador:<\/strong> <\/p>\n<ul>\n<li>Dra. Susana Margaria<\/li>\n<li>Prof. Ana Cusa<\/li>\n<li>Prof. Ana Cecilia Concha Bocanegra<\/li>\n<li>Lic. Ana Beatriz Carrera<\/li>\n<li>Lic. Carlos Daniel Medina<\/li>\n<li>Lic. Cecilia Nacusse<\/li>\n<li>Lic. Fabi\u00e1n Vera del Barco<\/li>\n<li>Lic. Graciela Yacuzzi<\/li>\n<li>Lic. Nancy Aryende<\/li>\n<\/ul>\n<p><em><strong>Coordinaci\u00f3n:<\/strong><\/em><\/p>\n<p><em><strong>Dra. Miriam Far\u00edas \u2013 Profesora Adjunta a cargo de la Asignatura<\/strong><\/em><br \/><em><strong>Dra. Alejandra del Castillo \u2013 Profesora de Trabajos Pr\u00e1cticos<\/strong><\/em><\/p>\n<hr \/>\n<p><em><strong>Las Jornadas cuentan con el aval del Departamento de Trabajo Social y de la\u00a0Secretaria de Postgrado e Investigaci\u00f3n de la Facultad de Filosof\u00eda y Letras<\/strong><\/em><\/p>\n<\/div>\n<\/div><\/div><\/div><div id=\"pgc-52-0-2\"  class=\"panel-grid-cell panel-grid-cell-empty\" ><\/div><\/div><\/div>","protected":false},"excerpt":{"rendered":"<p>Comit\u00e9 Cient\u00edficoDra. Delia QuinterosDra. Susana MaidanaLic. Gabriela GonzalezLic. Nelda CanovaMg. Mirtha LitvakMg. Nilda Gladys OmillMg. Ra\u00fal ArueComit\u00e9 Organizador: Dra. Susana MargariaProf. Ana CusaProf. Ana Cecilia Concha BocanegraLic. Ana Beatriz CarreraLic. Carlos Daniel MedinaLic. Cecilia NacusseLic. Fabi\u00e1n Vera del BarcoLic. Graciela YacuzziLic. Nancy AryendeCoordinaci\u00f3n:Dra. Miriam Far\u00edas \u2013 Profesora Adjunta a cargo de la AsignaturaDra. Alejandra del [&hellip;]<\/p>\n","protected":false},"author":1,"featured_media":0,"parent":0,"menu_order":0,"comment_status":"closed","ping_status":"closed","template":"templates\/template-full-notitle.php","meta":{"footnotes":""},"class_list":["post-52","page","type-page","status-publish","hentry","post"],"_links":{"self":[{"href":"https:\/\/filo.unt.edu.ar\/jornadasits\/wp-json\/wp\/v2\/pages\/52","targetHints":{"allow":["GET"]}}],"collection":[{"href":"https:\/\/filo.unt.edu.ar\/jornadasits\/wp-json\/wp\/v2\/pages"}],"about":[{"href":"https:\/\/filo.unt.edu.ar\/jornadasits\/wp-json\/wp\/v2\/types\/page"}],"author":[{"embeddable":true,"href":"https:\/\/filo.unt.edu.ar\/jornadasits\/wp-json\/wp\/v2\/users\/1"}],"replies":[{"embeddable":true,"href":"https:\/\/filo.unt.edu.ar\/jornadasits\/wp-json\/wp\/v2\/comments?post=52"}],"version-history":[{"count":8,"href":"https:\/\/filo.unt.edu.ar\/jornadasits\/wp-json\/wp\/v2\/pages\/52\/revisions"}],"predecessor-version":[{"id":170,"href":"https:\/\/filo.unt.edu.ar\/jornadasits\/wp-json\/wp\/v2\/pages\/52\/revisions\/170"}],"wp:attachment":[{"href":"https:\/\/filo.unt.edu.ar\/jornadasits\/wp-json\/wp\/v2\/media?parent=52"}],"curies":[{"name":"wp","href":"https:\/\/api.w.org\/{rel}","templated":true}]}}