{"id":36,"date":"2017-05-10T12:00:15","date_gmt":"2017-05-10T15:00:15","guid":{"rendered":"http:\/\/filo.unt.edu.ar\/jornadasits\/?page_id=36"},"modified":"2018-09-14T12:46:26","modified_gmt":"2018-09-14T15:46:26","slug":"participacion","status":"publish","type":"page","link":"https:\/\/filo.unt.edu.ar\/jornadasits\/participacion\/","title":{"rendered":"Participaci\u00f3n"},"content":{"rendered":"<div id=\"pl-36\"  class=\"panel-layout\" ><div id=\"pg-36-0\"  class=\"panel-grid panel-no-style\" ><div id=\"pgc-36-0-0\"  class=\"panel-grid-cell panel-grid-cell-empty\" ><\/div><div id=\"pgc-36-0-1\"  class=\"panel-grid-cell panel-grid-cell-mobile-last\" ><div id=\"panel-36-0-1-0\" class=\"so-panel widget widget_sow-editor panel-first-child panel-last-child\" data-index=\"0\" ><div\n\t\t\t\n\t\t\tclass=\"so-widget-sow-editor so-widget-sow-editor-base\"\n\t\t\t\n\t\t>\n<div class=\"siteorigin-widget-tinymce textwidget\">\n\t<p><strong>Modalidades de participaci\u00f3n<\/strong><\/p>\n<p>Se promover\u00e1n diferentes espacios de socializaci\u00f3n, difusi\u00f3n y discusi\u00f3n, los que se organizar\u00e1n de acuerdo a los ejes tem\u00e1ticos ya se\u00f1alados. En funci\u00f3n de ello se consideran:<\/p>\n<ul>\n<li style=\"text-align: left;\"><em><strong>Mesas de trabajo con la presencia de docentes-investigadores<\/strong><\/em> que, en funci\u00f3n de los ejes tem\u00e1ticos propuestos, disertar\u00e1n sobre sus proyectos y experiencias de investigaci\u00f3n.\u00a0<\/li>\n<li style=\"text-align: left;\"><em><strong>Ponencias para que los participantes puedan mostrar<\/strong><\/em>, desde los ejes tem\u00e1ticos planteados, problemas, avances, obst\u00e1culos y resultados de las investigaciones que llevan adelante.\u00a0<\/li>\n<li style=\"text-align: left;\"><em><strong>Muestra de P\u00f3steres destinada a estudiantes de grado y postgrado<\/strong><\/em> interesados en socializar los avances en su proceso de investigaci\u00f3n presentando el tema, los objetivos y aspectos generales del proyecto. Pueden participar, tambi\u00e9n, proyectos de investigaci\u00f3n, grupos de investigaci\u00f3n de institutos y centros de estudios interesados en la vinculaci\u00f3n y\/o integraci\u00f3n con estudiantes de los \u00faltimos a\u00f1os y los docentes de la carrera que realizan posgrados, para el desarrollo de sus tesis en dichos marcos.<\/li>\n<li style=\"text-align: left;\"><em><strong>Mesas Panel y Conferencias<\/strong><\/em> a cargo de especialistas vinculados a los ejes tem\u00e1ticos propuestos.<\/li>\n<\/ul>\n<p><span style=\"text-decoration: underline;\"><strong>Publicaci\u00f3n de los Trabajos<\/strong><\/span><\/p>\n<p>Por otra parte, las JITS 2018, tendr\u00e1n como producto una publicaci\u00f3n digital (con registro editorial) conteniendo las ponencias presentadas en el marco de las mismas.<\/p>\n<\/div>\n<\/div><\/div><\/div><div id=\"pgc-36-0-2\"  class=\"panel-grid-cell panel-grid-cell-empty\" ><\/div><\/div><div id=\"pg-36-1\"  class=\"panel-grid panel-has-style\" ><div class=\"siteorigin-panels-stretch panel-row-style-full-width panel-row-style panel-row-style-for-36-1\" data-stretch-type=\"full\" ><div id=\"pgc-36-1-0\"  class=\"panel-grid-cell\" ><div id=\"panel-36-1-0-0\" class=\"so-panel widget widget_black-studio-tinymce widget_black_studio_tinymce panel-first-child panel-last-child\" data-index=\"1\" ><div class=\"panel-widget-style panel-widget-style-for-36-1-0-0\" ><div class=\"textwidget\"><h3 style=\"text-align: center;\"><span style=\"text-decoration: underline;\"><strong>Cronograma (tentativo)<\/strong><\/span><\/h3>\n<h4 style=\"text-align: center;\">Presentaci\u00f3n de res\u00famenes: <del>16 al 30 de abril<span style=\"text-decoration: underline;\">.<\/span><\/del> <span style=\"color: #ff0000;\">PRORROGADO HASTA 10\/05\/2018<\/span><\/h4>\n<h4 style=\"text-align: center;\">Devoluci\u00f3n del Comit\u00e9 Cient\u00edfico: 14 al 18 de mayo<\/h4>\n<h4 style=\"text-align: center;\">Presentaci\u00f3n de trabajo completo: 28 al 31 de mayo<\/h4>\n<h4 style=\"text-align: center;\">Organizaci\u00f3n y confirmaci\u00f3n de exposici\u00f3n: 4 al 8 de junio<\/h4>\n<\/div><\/div><\/div><\/div><div id=\"pgc-36-1-1\"  class=\"panel-grid-cell panel-grid-cell-empty\" ><\/div><div id=\"pgc-36-1-2\"  class=\"panel-grid-cell\" ><div id=\"panel-36-1-2-0\" class=\"so-panel widget widget_sow-editor panel-first-child panel-last-child\" data-index=\"2\" ><div\n\t\t\t\n\t\t\tclass=\"so-widget-sow-editor so-widget-sow-editor-base\"\n\t\t\t\n\t\t>\n<div class=\"siteorigin-widget-tinymce textwidget\">\n\t<p><strong>Criterios para la presentaci\u00f3n de res\u00famenes<\/strong><\/p>\n<p>Los res\u00famenes \u2013para las Mesas de trabajo, Ponencias y Muestra de Posters- deben tener hasta 500 palabras (tipograf\u00eda: Times New Roman, cuerpo 12, interlineado 1,5 l\u00edneas).<\/p>\n<p><strong>Especificar:<\/strong><\/p>\n<ul>\n<li style=\"text-align: left;\">Modalidad de participaci\u00f3n<\/li>\n<li style=\"text-align: left;\">T\u00edtulo del Trabajo<\/li>\n<li style=\"text-align: left;\">Eje Tem\u00e1tico<\/li>\n<li style=\"text-align: left;\">Categor\u00eda (Docentes-Investigadores\/ Estudiantes de grado y\/o postgrado)<\/li>\n<li style=\"text-align: left;\">Pertenencia Institucional<\/li>\n<li style=\"text-align: left;\">Apellido y Nombre de los autores<\/li>\n<li style=\"text-align: left;\">Direcci\u00f3n de correo electr\u00f3nico<\/li>\n<\/ul>\n<p>\u00a0<\/p>\n<h4 style=\"text-align: center;\"><span style=\"color: #000000;\">M\u00e1s informaci\u00f3n:\u00a0<a href=\"mailto:jornadasits@gmail.com\">jornadasits@gmail.com<\/a><\/span><\/h4>\n<\/div>\n<\/div><\/div><\/div><\/div><\/div><\/div>","protected":false},"excerpt":{"rendered":"<p>Modalidades de participaci\u00f3nSe promover\u00e1n diferentes espacios de socializaci\u00f3n, difusi\u00f3n y discusi\u00f3n, los que se organizar\u00e1n de acuerdo a los ejes tem\u00e1ticos ya se\u00f1alados. En funci\u00f3n de ello se consideran:Mesas de trabajo con la presencia de docentes-investigadores que, en funci\u00f3n de los ejes tem\u00e1ticos propuestos, disertar\u00e1n sobre sus proyectos y experiencias de investigaci\u00f3n.\u00a0Ponencias para que los [&hellip;]<\/p>\n","protected":false},"author":1,"featured_media":0,"parent":0,"menu_order":0,"comment_status":"closed","ping_status":"closed","template":"templates\/template-full-notitle.php","meta":{"footnotes":""},"class_list":["post-36","page","type-page","status-publish","hentry","post"],"_links":{"self":[{"href":"https:\/\/filo.unt.edu.ar\/jornadasits\/wp-json\/wp\/v2\/pages\/36","targetHints":{"allow":["GET"]}}],"collection":[{"href":"https:\/\/filo.unt.edu.ar\/jornadasits\/wp-json\/wp\/v2\/pages"}],"about":[{"href":"https:\/\/filo.unt.edu.ar\/jornadasits\/wp-json\/wp\/v2\/types\/page"}],"author":[{"embeddable":true,"href":"https:\/\/filo.unt.edu.ar\/jornadasits\/wp-json\/wp\/v2\/users\/1"}],"replies":[{"embeddable":true,"href":"https:\/\/filo.unt.edu.ar\/jornadasits\/wp-json\/wp\/v2\/comments?post=36"}],"version-history":[{"count":86,"href":"https:\/\/filo.unt.edu.ar\/jornadasits\/wp-json\/wp\/v2\/pages\/36\/revisions"}],"predecessor-version":[{"id":213,"href":"https:\/\/filo.unt.edu.ar\/jornadasits\/wp-json\/wp\/v2\/pages\/36\/revisions\/213"}],"wp:attachment":[{"href":"https:\/\/filo.unt.edu.ar\/jornadasits\/wp-json\/wp\/v2\/media?parent=36"}],"curies":[{"name":"wp","href":"https:\/\/api.w.org\/{rel}","templated":true}]}}