{"id":32,"date":"2017-05-10T11:53:45","date_gmt":"2017-05-10T14:53:45","guid":{"rendered":"http:\/\/filo.unt.edu.ar\/jornadasits\/?page_id=32"},"modified":"2018-06-19T12:20:01","modified_gmt":"2018-06-19T15:20:01","slug":"ejes","status":"publish","type":"page","link":"https:\/\/filo.unt.edu.ar\/jornadasits\/ejes\/","title":{"rendered":"Ejes Tem\u00e1ticos"},"content":{"rendered":"<div id=\"pl-32\"  class=\"panel-layout\" ><div id=\"pg-32-0\"  class=\"panel-grid panel-no-style\" ><div id=\"pgc-32-0-0\"  class=\"panel-grid-cell panel-grid-cell-empty\" ><\/div><div id=\"pgc-32-0-1\"  class=\"panel-grid-cell panel-grid-cell-mobile-last\" ><div id=\"panel-32-0-1-0\" class=\"so-panel widget widget_sow-editor panel-first-child panel-last-child\" data-index=\"0\" ><div\n\t\t\t\n\t\t\tclass=\"so-widget-sow-editor so-widget-sow-editor-base\"\n\t\t\t\n\t\t>\n<div class=\"siteorigin-widget-tinymce textwidget\">\n\t<p><em><strong>Los ejes tem\u00e1ticos propuestos son los siguientes:<\/strong><\/em><\/p>\n<p><strong>Eje No. 1:\u00a0Construcci\u00f3n de problemas de investigaci\u00f3n y marcos te\u00f3ricos<\/strong><br \/>El prop\u00f3sito del eje es que los expositores puedan desarrollar los problemas de investigaci\u00f3n que abordan, sus posicionamientos te\u00f3ricos, los obst\u00e1culos epistemol\u00f3gicos que encuentran y los aportes, a partir de los resultados, al campo de estudio. <\/p>\n<p><strong>Eje No. 2: Enfoques metodol\u00f3gicos y experiencias de campo<\/strong>\u00a0<br \/>Se busca con este eje que los expositores describan diferentes aspectos del trabajo de campo, de manera de visibilizar y divulgar las experiencias de campo de quienes trabajan con diferentes problemas sociales. As\u00ed, reflexionar en torno a las estrategias en el Dise\u00f1o de investigaci\u00f3n social; su implementaci\u00f3n, alcances y limitaciones a luz de los resultados alcanzados.<\/p>\n<p><strong>Eje No. 3: Cuesti\u00f3n social y pol\u00edticas sociales desde una perspectiva interdisciplinaria<\/strong><br \/>Este eje tiene el prop\u00f3sito que los expositores presenten investigaciones que se desarrollan de manera interdisciplinaria en torno a las manifestaciones de la cuesti\u00f3n social y las pol\u00edticas sociales atendiendo a las contribuciones te\u00f3ricas y metodol\u00f3gicas de las tem\u00e1ticas que se desarrollan y sus aportes al Trabajo Social.<\/p>\n<\/div>\n<\/div><\/div><\/div><div id=\"pgc-32-0-2\"  class=\"panel-grid-cell panel-grid-cell-empty\" ><\/div><\/div><div id=\"pg-32-1\"  class=\"panel-grid panel-no-style\" ><div id=\"pgc-32-1-0\"  class=\"panel-grid-cell panel-grid-cell-empty\" ><\/div><div id=\"pgc-32-1-1\"  class=\"panel-grid-cell panel-grid-cell-mobile-last\" ><div id=\"panel-32-1-1-0\" class=\"so-panel widget widget_sow-button panel-first-child\" data-index=\"1\" ><div\n\t\t\t\n\t\t\tclass=\"so-widget-sow-button so-widget-sow-button-atom-648c381d40bf-32\"\n\t\t\t\n\t\t><div class=\"ow-button-base ow-button-align-justify\"\n style=\"display: block;\">\n\t\t\t<a\n\t\t\t\t\thref=\"https:\/\/docs.google.com\/forms\/d\/1GpscfVrgs8NvXTXnXLqUtXKC3Bcu7KE1XBfSjMiX5e8\/edit\"\n\t\t\t\t\tclass=\"sowb-button ow-icon-placement-left ow-button-hover\" target=\"_blank\" rel=\"noopener noreferrer\" \t>\n\t\t<span>\n\t\t\t<span class=\"sow-icon-fontawesome sow-fas\" data-sow-icon=\"&#xf14a;\"\n\t\tstyle=\"color: #000000\" \n\t\taria-hidden=\"true\"><\/span>\n\t\t\tINSCRIBIRSE AHORA\t\t<\/span>\n\t\t\t<\/a>\n\t<\/div>\n<\/div><\/div><div id=\"panel-32-1-1-1\" class=\"so-panel widget widget_sow-button panel-last-child\" data-index=\"2\" ><div\n\t\t\t\n\t\t\tclass=\"so-widget-sow-button so-widget-sow-button-atom-47f6f56361a2-32\"\n\t\t\t\n\t\t><div class=\"ow-button-base ow-button-align-justify\"\n style=\"display: block;\">\n\t\t\t<a\n\t\t\t\t\thref=\"http:\/\/filo.unt.edu.ar\/jornadasits\/wp-content\/uploads\/sites\/82\/2018\/06\/JITS_2018_programa_definitivo.pdf\"\n\t\t\t\t\tclass=\"sowb-button ow-icon-placement-left ow-button-hover\" target=\"_blank\" rel=\"noopener noreferrer\" \t>\n\t\t<span>\n\t\t\t<span class=\"sow-icon-fontawesome sow-fas\" data-sow-icon=\"&#xf07c;\"\n\t\tstyle=\"color: #ffffff\" \n\t\taria-hidden=\"true\"><\/span>\n\t\t\t\/\/\/\/\/\/ DESCARGUE EL PROGRAMA DEFINITIVO\t\t<\/span>\n\t\t\t<\/a>\n\t<\/div>\n<\/div><\/div><\/div><div id=\"pgc-32-1-2\"  class=\"panel-grid-cell panel-grid-cell-empty\" ><\/div><\/div><\/div>","protected":false},"excerpt":{"rendered":"<p>Los ejes tem\u00e1ticos propuestos son los siguientes:Eje No. 1:\u00a0Construcci\u00f3n de problemas de investigaci\u00f3n y marcos te\u00f3ricosEl prop\u00f3sito del eje es que los expositores puedan desarrollar los problemas de investigaci\u00f3n que abordan, sus posicionamientos te\u00f3ricos, los obst\u00e1culos epistemol\u00f3gicos que encuentran y los aportes, a partir de los resultados, al campo de estudio. Eje No. 2: Enfoques [&hellip;]<\/p>\n","protected":false},"author":1,"featured_media":0,"parent":0,"menu_order":0,"comment_status":"closed","ping_status":"closed","template":"templates\/template-full-notitle.php","meta":{"footnotes":""},"class_list":["post-32","page","type-page","status-publish","hentry","post"],"_links":{"self":[{"href":"https:\/\/filo.unt.edu.ar\/jornadasits\/wp-json\/wp\/v2\/pages\/32","targetHints":{"allow":["GET"]}}],"collection":[{"href":"https:\/\/filo.unt.edu.ar\/jornadasits\/wp-json\/wp\/v2\/pages"}],"about":[{"href":"https:\/\/filo.unt.edu.ar\/jornadasits\/wp-json\/wp\/v2\/types\/page"}],"author":[{"embeddable":true,"href":"https:\/\/filo.unt.edu.ar\/jornadasits\/wp-json\/wp\/v2\/users\/1"}],"replies":[{"embeddable":true,"href":"https:\/\/filo.unt.edu.ar\/jornadasits\/wp-json\/wp\/v2\/comments?post=32"}],"version-history":[{"count":24,"href":"https:\/\/filo.unt.edu.ar\/jornadasits\/wp-json\/wp\/v2\/pages\/32\/revisions"}],"predecessor-version":[{"id":217,"href":"https:\/\/filo.unt.edu.ar\/jornadasits\/wp-json\/wp\/v2\/pages\/32\/revisions\/217"}],"wp:attachment":[{"href":"https:\/\/filo.unt.edu.ar\/jornadasits\/wp-json\/wp\/v2\/media?parent=32"}],"curies":[{"name":"wp","href":"https:\/\/api.w.org\/{rel}","templated":true}]}}