{"id":20,"date":"2017-05-10T11:51:10","date_gmt":"2017-05-10T14:51:10","guid":{"rendered":"http:\/\/filo.unt.edu.ar\/jornadasits\/?page_id=20"},"modified":"2018-04-13T09:30:31","modified_gmt":"2018-04-13T12:30:31","slug":"objetivos","status":"publish","type":"page","link":"https:\/\/filo.unt.edu.ar\/jornadasits\/objetivos\/","title":{"rendered":"Objetivos"},"content":{"rendered":"<div id=\"pl-20\"  class=\"panel-layout\" ><div id=\"pg-20-0\"  class=\"panel-grid panel-no-style\" ><div id=\"pgc-20-0-0\"  class=\"panel-grid-cell panel-grid-cell-empty\" ><\/div><div id=\"pgc-20-0-1\"  class=\"panel-grid-cell panel-grid-cell-mobile-last\" ><div id=\"panel-20-0-1-0\" class=\"so-panel widget widget_sow-editor panel-first-child panel-last-child\" data-index=\"0\" ><div\n\t\t\t\n\t\t\tclass=\"so-widget-sow-editor so-widget-sow-editor-base\"\n\t\t\t\n\t\t>\n<div class=\"siteorigin-widget-tinymce textwidget\">\n\t<p>La investigaci\u00f3n constituye un importante campo para la acci\u00f3n y reflexi\u00f3n del profesional en Trabajo Social. Investigaci\u00f3n entendida como \u201cpr\u00e1ctica social espec\u00edfica, cuya raz\u00f3n de ser es producir conocimientos acerca de hechos, acontecimientos, y procesos sociales, y de las relaciones e interacciones entre agentes diversos, de sus instituciones, etc., que ella misma contribuye a definir como objetos relevantes, respecto de los cuales cabe formularse preguntas y\/o hip\u00f3tesis\u201d (Grassi, 2007:29). Su ejercicio demanda por ello un insoslayable requerimiento \u00e9tico a los profesionales a la hora de abordar la realidad desde la conciencia de su descubrimiento y la interpelaci\u00f3n cr\u00edtica.<\/p>\n<p>Los cambios que pueden observarse en las diferentes esferas o dimensiones sociales y en los distintos niveles de la sociedad -desde los factores o condicionantes socioecon\u00f3micos hasta los niveles individuales donde se produce y representa la vida cotidiana- se conjugan para demandar e interpelar al Trabajo Social. Ellos exigen que la disciplina produzca conocimientos que den cuenta y revelen la complejidad social, y propicie transformaciones a trav\u00e9s de intervenciones sociales, de modo tal que contribuyan a la comprensi\u00f3n de los cambios generados en la vida social, como as\u00ed tambi\u00e9n a la gesti\u00f3n de soluciones adecuadas a las situaciones sociales que las demandan.<\/p>\n<p>Sin duda, este \u00faltimo aspecto implica un acto de ruptura y separaci\u00f3n respecto a las l\u00f3gicas de pensar y construir conocimiento desde una visi\u00f3n positivista, la cual justifica un orden social haciendo invisible las manifestaciones de lo social; ruptura y separaci\u00f3n con una corriente te\u00f3rica que condujo a la separaci\u00f3n entre teor\u00eda y pr\u00e1ctica, o dicho de otra manera, entre ciencia y t\u00e9cnica, generando un vac\u00edo en la relaci\u00f3n entre investigaci\u00f3n e intervenci\u00f3n, divorciando el objeto de conocimiento del objeto de intervenci\u00f3n.<\/p>\n<p>Teniendo en cuenta estas breves consideraciones, desde la Asignatura \u201cSeminario de Tesis en Trabajo Social\u201d proponemos reeditar la experiencia de 2017 en lasJornadas de Investigaci\u00f3n en Trabajo Social: \u201cDebates y dilemas te\u00f3ricos en la producci\u00f3n de conocimiento en el contexto actual\u201d (JITS 2018), en tanto espacio para la socializaci\u00f3n y debate acerca de la producci\u00f3n de conocimiento en la disciplina y en las ciencias sociales. En esta oportunidad nos planteamos avanzar en la discusi\u00f3n de los marcos te\u00f3ricos que sustentan las investigaciones a la luz de las transformaciones en la cuesti\u00f3n social.<\/p>\n<p><strong>Destinatarios<\/strong><\/p>\n<ul>\n<li style=\"text-align: left;\">Docentes-investigadores de la Licenciatura en Trabajo Social, de la Facultad de Filosof\u00eda y Letras, y de Unidades Acad\u00e9micas de la Universidad Nacional de Tucum\u00e1n<\/li>\n<li style=\"text-align: left;\">Estudiantes de grado y postgrado de Trabajo Social y de carreras afines<\/li>\n<li style=\"text-align: left;\">Profesionales \/ graduados universitarios<\/li>\n<\/ul>\n<p><strong>Objetivos<\/strong><\/p>\n<ul>\n<li style=\"text-align: left;\">\n<p>Problematizar los marcos te\u00f3ricos que sustentan las investigaciones en Trabajo Social y en las Ciencias Sociales a la luz de las transformaciones de la cuesti\u00f3n social.<\/p>\n<p>\u00a0<\/p>\n<\/li>\n<li style=\"text-align: left;\">\n<p>Analizar los obst\u00e1culos epistemol\u00f3gicos y metodol\u00f3gicos que se presentan en el estudio de las transformaciones de la cuesti\u00f3n social.<\/p>\n<p>\u00a0<\/p>\n<\/li>\n<li style=\"text-align: left;\">\n<p>Socializar avances y reportes de investigaciones cient\u00edficas desde el Trabajo Social, as\u00ed como de proyectos y producciones que tengan una mirada interdisciplinaria de la cuesti\u00f3n social.<\/p>\n<\/li>\n<\/ul>\n<p><em><strong>Las Jornadas cuentan con el aval del Departamento de Trabajo Social y de la\u00a0Secretar\u00eda de Postgrado e Investigaci\u00f3n de la Facultad de Filosof\u00eda y Letras<\/strong><\/em><\/p>\n<\/div>\n<\/div><\/div><\/div><div id=\"pgc-20-0-2\"  class=\"panel-grid-cell panel-grid-cell-empty\" ><\/div><\/div><\/div>","protected":false},"excerpt":{"rendered":"<p>La investigaci\u00f3n constituye un importante campo para la acci\u00f3n y reflexi\u00f3n del profesional en Trabajo Social. Investigaci\u00f3n entendida como \u201cpr\u00e1ctica social espec\u00edfica, cuya raz\u00f3n de ser es producir conocimientos acerca de hechos, acontecimientos, y procesos sociales, y de las relaciones e interacciones entre agentes diversos, de sus instituciones, etc., que ella misma contribuye a definir [&hellip;]<\/p>\n","protected":false},"author":1,"featured_media":0,"parent":0,"menu_order":0,"comment_status":"closed","ping_status":"closed","template":"templates\/template-full-notitle.php","meta":{"footnotes":""},"class_list":["post-20","page","type-page","status-publish","hentry","post"],"_links":{"self":[{"href":"https:\/\/filo.unt.edu.ar\/jornadasits\/wp-json\/wp\/v2\/pages\/20","targetHints":{"allow":["GET"]}}],"collection":[{"href":"https:\/\/filo.unt.edu.ar\/jornadasits\/wp-json\/wp\/v2\/pages"}],"about":[{"href":"https:\/\/filo.unt.edu.ar\/jornadasits\/wp-json\/wp\/v2\/types\/page"}],"author":[{"embeddable":true,"href":"https:\/\/filo.unt.edu.ar\/jornadasits\/wp-json\/wp\/v2\/users\/1"}],"replies":[{"embeddable":true,"href":"https:\/\/filo.unt.edu.ar\/jornadasits\/wp-json\/wp\/v2\/comments?post=20"}],"version-history":[{"count":10,"href":"https:\/\/filo.unt.edu.ar\/jornadasits\/wp-json\/wp\/v2\/pages\/20\/revisions"}],"predecessor-version":[{"id":164,"href":"https:\/\/filo.unt.edu.ar\/jornadasits\/wp-json\/wp\/v2\/pages\/20\/revisions\/164"}],"wp:attachment":[{"href":"https:\/\/filo.unt.edu.ar\/jornadasits\/wp-json\/wp\/v2\/media?parent=20"}],"curies":[{"name":"wp","href":"https:\/\/api.w.org\/{rel}","templated":true}]}}