{"id":18,"date":"2017-05-10T11:33:47","date_gmt":"2017-05-10T14:33:47","guid":{"rendered":"http:\/\/filo.unt.edu.ar\/jornadasits\/home-page\/"},"modified":"2018-06-19T12:19:09","modified_gmt":"2018-06-19T15:19:09","slug":"home-page","status":"publish","type":"page","link":"https:\/\/filo.unt.edu.ar\/jornadasits\/","title":{"rendered":"Home Page"},"content":{"rendered":"<div id=\"pl-18\"  class=\"panel-layout\" ><div id=\"pg-18-0\"  class=\"panel-grid panel-no-style\" ><div id=\"pgc-18-0-0\"  class=\"panel-grid-cell panel-grid-cell-empty\" ><\/div><div id=\"pgc-18-0-1\"  class=\"panel-grid-cell panel-grid-cell-mobile-last\" ><div id=\"panel-18-0-1-0\" class=\"so-panel widget widget_sow-editor panel-first-child panel-last-child\" data-index=\"0\" ><div\n\t\t\t\n\t\t\tclass=\"so-widget-sow-editor so-widget-sow-editor-base\"\n\t\t\t\n\t\t>\n<div class=\"siteorigin-widget-tinymce textwidget\">\n\t<h1 style=\"text-align: center;\">La Asignatura \u201cSeminario de Tesis en Trabajo Social\u201d convoca a docentes, egresados y estudiantes de la Carrera de Trabajo Social que desempe\u00f1an tareas investigaci\u00f3n, y a todos aquellos equipos de investigaci\u00f3n que trabajan desde una perspectiva interdisciplinaria, a participar de las<\/h1>\n<h1 style=\"text-align: center;\">Jornadas de Investigaci\u00f3n en Trabajo Social:<\/h1>\n<h1 style=\"text-align: center;\">\u201cDEBATES Y DILEMAS TE\u00d3RICOS EN LA PRODUCCI\u00d3N DE CONOCIMIENTO EN EL CONTEXTO ACTUAL\u201d, a realizarse los d\u00edas 21 y 22 de junio de 2018.<\/h1>\n<p style=\"text-align: center;\"><em><strong>Departamento de Trabajo Social - Expediente No74755\/18<\/strong><\/em><br \/><em><strong>Secretar\u00eda de Postgrado e Investigaci\u00f3n de la Facultad de Filosof\u00eda y Letras<\/strong><\/em><\/p>\n<\/div>\n<\/div><\/div><\/div><div id=\"pgc-18-0-2\"  class=\"panel-grid-cell panel-grid-cell-empty\" ><\/div><\/div><div id=\"pg-18-1\"  class=\"panel-grid panel-no-style\" ><div id=\"pgc-18-1-0\"  class=\"panel-grid-cell\" ><div id=\"panel-18-1-0-0\" class=\"so-panel widget widget_circleicon-widget panel-first-child panel-last-child\" data-index=\"1\" >\t\t<div class=\"circle-icon-box circle-icon-position-top circle-icon-hide-box circle-icon-size-small\">\n\t\t\t<div class=\"circle-icon-wrapper\">\n\t\t\t\t<a href=\"http:\/\/filo.unt.edu.ar\/jornadasits\/participacion\/\" class=\"link-icon\" >\t\t\t\t<div class=\"circle-icon icon-style-set\" style=\"background-color: #001b4f\">\n\t\t\t\t\t<div class=\"fa fa-pencil-square-o icon-color-set\" ><\/div>\t\t\t\t<\/div>\n\t\t\t\t<\/a>\t\t\t<\/div>\n\n\t\t\t<a href=\"http:\/\/filo.unt.edu.ar\/jornadasits\/participacion\/\" class=\"link-title\" >\t\t\t<h4 >Eje No. 1: Construcci\u00f3n de problemas de investigaci\u00f3n y marcos te\u00f3ricos<\/h4>\t\t\t<\/a>\n\t\t\t<p class=\"text\" style=\"color: #000000\">El prop\u00f3sito del eje es que los expositores puedan desarrollar los problemas de investigaci\u00f3n que abordan, sus posicionamientos te\u00f3ricos, los obst\u00e1culos epistemol\u00f3gicos que encuentran y los aportes, a partir de los resultados, al campo de estudio. <\/p>\t\t\t\t\t\t\t<a href=\"http:\/\/filo.unt.edu.ar\/jornadasits\/participacion\/\" class=\"more-button\" >\u00bfC\u00d3MO PARTICIPAR? <i><\/i><\/a>\n\t\t\t\t\t<\/div>\n\t\t<\/div><\/div><div id=\"pgc-18-1-1\"  class=\"panel-grid-cell\" ><div id=\"panel-18-1-1-0\" class=\"so-panel widget widget_circleicon-widget panel-first-child panel-last-child\" data-index=\"2\" >\t\t<div class=\"circle-icon-box circle-icon-position-top circle-icon-hide-box circle-icon-size-small\">\n\t\t\t<div class=\"circle-icon-wrapper\">\n\t\t\t\t<a href=\"http:\/\/filo.unt.edu.ar\/jornadasits\/participacion\/\" class=\"link-icon\" >\t\t\t\t<div class=\"circle-icon icon-style-set\" style=\"background-color: #001b4f\">\n\t\t\t\t\t<div class=\"fa fa-pencil-square-o icon-color-set\" ><\/div>\t\t\t\t<\/div>\n\t\t\t\t<\/a>\t\t\t<\/div>\n\n\t\t\t<a href=\"http:\/\/filo.unt.edu.ar\/jornadasits\/participacion\/\" class=\"link-title\" >\t\t\t<h4 >Eje No. 2: Enfoques metodol\u00f3gicos y experiencias de campo<\/h4>\t\t\t<\/a>\n\t\t\t<p class=\"text\" style=\"color: #000000\">Se busca con este eje que los expositores describan diferentes aspectos del trabajo de campo, de manera de visibilizar y divulgar las experiencias de campo de quienes trabajan con diferentes problemas sociales. As\u00ed, reflexionar en torno a las estrategias en el Dise\u00f1o de investigaci\u00f3n social; su implementaci\u00f3n, alcances y limitaciones a luz de los resultados alcanzados.<\/p>\t\t\t\t\t\t\t<a href=\"http:\/\/filo.unt.edu.ar\/jornadasits\/participacion\/\" class=\"more-button\" >\u00bfC\u00d3MO PARTICIPAR? <i><\/i><\/a>\n\t\t\t\t\t<\/div>\n\t\t<\/div><\/div><div id=\"pgc-18-1-2\"  class=\"panel-grid-cell\" ><div id=\"panel-18-1-2-0\" class=\"so-panel widget widget_circleicon-widget panel-first-child panel-last-child\" data-index=\"3\" >\t\t<div class=\"circle-icon-box circle-icon-position-top circle-icon-hide-box circle-icon-size-small\">\n\t\t\t<div class=\"circle-icon-wrapper\">\n\t\t\t\t<a href=\"http:\/\/filo.unt.edu.ar\/jornadasits\/participacion\/\" class=\"link-icon\" >\t\t\t\t<div class=\"circle-icon icon-style-set\" style=\"background-color: #001b4f\">\n\t\t\t\t\t<div class=\"fa fa-pencil-square-o icon-color-set\" ><\/div>\t\t\t\t<\/div>\n\t\t\t\t<\/a>\t\t\t<\/div>\n\n\t\t\t<a href=\"http:\/\/filo.unt.edu.ar\/jornadasits\/participacion\/\" class=\"link-title\" >\t\t\t<h4 >Eje No. 3: Cuesti\u00f3n social y pol\u00edticas sociales desde una perspectiva interdisciplinaria<\/h4>\t\t\t<\/a>\n\t\t\t<p class=\"text\" style=\"color: #000000\">Este eje tiene el prop\u00f3sito que los expositores presenten investigaciones que se desarrollan de manera interdisciplinaria en torno a las manifestaciones de la cuesti\u00f3n social y las pol\u00edticas sociales atendiendo a las contribuciones te\u00f3ricas y metodol\u00f3gicas de las tem\u00e1ticas que se desarrollan y sus aportes al Trabajo Social.<\/p>\t\t\t\t\t\t\t<a href=\"http:\/\/filo.unt.edu.ar\/jornadasits\/participacion\/\" class=\"more-button\" >\u00bfC\u00d3MO PARTICIPAR? <i><\/i><\/a>\n\t\t\t\t\t<\/div>\n\t\t<\/div><\/div><\/div><div id=\"pg-18-2\"  class=\"panel-grid panel-no-style\" ><div id=\"pgc-18-2-0\"  class=\"panel-grid-cell panel-grid-cell-empty\" ><\/div><div id=\"pgc-18-2-1\"  class=\"panel-grid-cell panel-grid-cell-mobile-last\" ><div id=\"panel-18-2-1-0\" class=\"so-panel widget widget_sow-editor panel-first-child panel-last-child\" data-index=\"4\" ><div\n\t\t\t\n\t\t\tclass=\"so-widget-sow-editor so-widget-sow-editor-base\"\n\t\t\t\n\t\t>\n<div class=\"siteorigin-widget-tinymce textwidget\">\n\t<p style=\"text-align: center;\"><em><strong><a href=\"http:\/\/filo.unt.edu.ar\/jornadasits\/wp-content\/uploads\/sites\/82\/2018\/06\/jornadas_its_2018_participantes_confirmadas.jpg\"><img loading=\"lazy\" decoding=\"async\" class=\"aligncenter size-large wp-image-214\" src=\"http:\/\/filo.unt.edu.ar\/jornadasits\/wp-content\/uploads\/sites\/82\/2018\/06\/jornadas_its_2018_participantes_confirmadas-1024x576.jpg\" alt=\"\" width=\"720\" height=\"405\" srcset=\"https:\/\/filo.unt.edu.ar\/jornadasits\/wp-content\/uploads\/sites\/82\/2018\/06\/jornadas_its_2018_participantes_confirmadas-1024x576.jpg 1024w, https:\/\/filo.unt.edu.ar\/jornadasits\/wp-content\/uploads\/sites\/82\/2018\/06\/jornadas_its_2018_participantes_confirmadas-300x169.jpg 300w, https:\/\/filo.unt.edu.ar\/jornadasits\/wp-content\/uploads\/sites\/82\/2018\/06\/jornadas_its_2018_participantes_confirmadas-768x432.jpg 768w, https:\/\/filo.unt.edu.ar\/jornadasits\/wp-content\/uploads\/sites\/82\/2018\/06\/jornadas_its_2018_participantes_confirmadas-600x338.jpg 600w, https:\/\/filo.unt.edu.ar\/jornadasits\/wp-content\/uploads\/sites\/82\/2018\/06\/jornadas_its_2018_participantes_confirmadas.jpg 1280w\" sizes=\"auto, (max-width: 720px) 100vw, 720px\" \/><\/a><\/strong><\/em><\/p>\n<\/div>\n<\/div><\/div><\/div><div id=\"pgc-18-2-2\"  class=\"panel-grid-cell panel-grid-cell-empty\" ><\/div><\/div><div id=\"pg-18-3\"  class=\"panel-grid panel-has-style\" ><div class=\"panel-row-style panel-row-style-for-18-3\" ><div id=\"pgc-18-3-0\"  class=\"panel-grid-cell\" ><div id=\"panel-18-3-0-0\" class=\"so-panel widget widget_sow-button panel-first-child\" data-index=\"5\" ><div\n\t\t\t\n\t\t\tclass=\"so-widget-sow-button so-widget-sow-button-atom-07f1c921363e-18\"\n\t\t\t\n\t\t><div class=\"ow-button-base ow-button-align-justify\"\n style=\"display: block;\">\n\t\t\t<a\n\t\t\t\t\thref=\"http:\/\/filo.unt.edu.ar\/jornadasits\/wp-content\/uploads\/sites\/82\/2018\/06\/JITS_2018_programa_definitivo.pdf\"\n\t\t\t\t\tclass=\"sowb-button ow-icon-placement-left ow-button-hover\" target=\"_blank\" rel=\"noopener noreferrer\" \t>\n\t\t<span>\n\t\t\t<span class=\"sow-icon-fontawesome sow-fas\" data-sow-icon=\"&#xf07c;\"\n\t\tstyle=\"color: #ffffff\" \n\t\taria-hidden=\"true\"><\/span>\n\t\t\t\/\/\/\/\/\/ DESCARGUE EL PROGRAMA DEFINITIVO\t\t<\/span>\n\t\t\t<\/a>\n\t<\/div>\n<\/div><\/div><div id=\"panel-18-3-0-1\" class=\"so-panel widget widget_sow-button\" data-index=\"6\" ><div\n\t\t\t\n\t\t\tclass=\"so-widget-sow-button so-widget-sow-button-atom-628621711352-18\"\n\t\t\t\n\t\t><div class=\"ow-button-base ow-button-align-justify\"\n style=\"display: block;\">\n\t\t\t<a\n\t\t\t\t\thref=\"https:\/\/docs.google.com\/forms\/d\/1GpscfVrgs8NvXTXnXLqUtXKC3Bcu7KE1XBfSjMiX5e8\/edit\"\n\t\t\t\t\tclass=\"sowb-button ow-icon-placement-left ow-button-hover\" target=\"_blank\" rel=\"noopener noreferrer\" \t>\n\t\t<span>\n\t\t\t<span class=\"sow-icon-fontawesome sow-fas\" data-sow-icon=\"&#xf14a;\"\n\t\tstyle=\"color: #000000\" \n\t\taria-hidden=\"true\"><\/span>\n\t\t\tINSCRIBIRSE AHORA\t\t<\/span>\n\t\t\t<\/a>\n\t<\/div>\n<\/div><\/div><div id=\"panel-18-3-0-2\" class=\"so-panel widget widget_sow-editor panel-last-child\" data-index=\"7\" ><div class=\"panel-widget-style panel-widget-style-for-18-3-0-2\" ><div\n\t\t\t\n\t\t\tclass=\"so-widget-sow-editor so-widget-sow-editor-base\"\n\t\t\t\n\t\t>\n<div class=\"siteorigin-widget-tinymce textwidget\">\n\t<p><iframe loading=\"lazy\" src=\"https:\/\/www.google.com\/maps\/embed?pb=!1m18!1m12!1m3!1d3560.1961142647515!2d-65.18790468547861!3d-26.833713983161573!2m3!1f0!2f0!3f0!3m2!1i1024!2i768!4f13.1!3m3!1m2!1s0x94225ea945ab6b85%3A0x8697ba378109713d!2sFacultad+de+Filosof%C3%ADa+y+Letras!5e0!3m2!1ses-419!2sar!4v1494508306397\" width=\"600\" height=\"450\" frameborder=\"1\" style=\"border:0\" allowfullscreen><\/iframe><\/p>\n<\/div>\n<\/div><\/div><\/div><\/div><div id=\"pgc-18-3-1\"  class=\"panel-grid-cell panel-grid-cell-empty\" ><\/div><div id=\"pgc-18-3-2\"  class=\"panel-grid-cell\" ><div id=\"panel-18-3-2-0\" class=\"so-panel widget widget_sow-editor panel-first-child panel-last-child\" data-index=\"8\" ><div class=\"panel-widget-style panel-widget-style-for-18-3-2-0\" ><div\n\t\t\t\n\t\t\tclass=\"so-widget-sow-editor so-widget-sow-editor-base\"\n\t\t\t\n\t\t>\n<div class=\"siteorigin-widget-tinymce textwidget\">\n\t<h2 style=\"text-align: left;\">CONTACTO<\/h2>\n<p>[contact-form-7 id=\"46\" title=\"Contacto Jornadas Investigaci\u00f3n Trabajo Social\"]<\/p>\n<\/div>\n<\/div><\/div><\/div><\/div><\/div><\/div><\/div>","protected":false},"excerpt":{"rendered":"<p>La Asignatura \u201cSeminario de Tesis en Trabajo Social\u201d convoca a docentes, egresados y estudiantes de la Carrera de Trabajo Social que desempe\u00f1an tareas investigaci\u00f3n, y a todos aquellos equipos de investigaci\u00f3n que trabajan desde una perspectiva interdisciplinaria, a participar de lasJornadas de Investigaci\u00f3n en Trabajo Social:\u201cDEBATES Y DILEMAS TE\u00d3RICOS EN LA PRODUCCI\u00d3N DE CONOCIMIENTO EN [&hellip;]<\/p>\n","protected":false},"author":1,"featured_media":0,"parent":0,"menu_order":0,"comment_status":"closed","ping_status":"closed","template":"home-panels.php","meta":{"footnotes":""},"class_list":["post-18","page","type-page","status-publish","hentry","post"],"_links":{"self":[{"href":"https:\/\/filo.unt.edu.ar\/jornadasits\/wp-json\/wp\/v2\/pages\/18","targetHints":{"allow":["GET"]}}],"collection":[{"href":"https:\/\/filo.unt.edu.ar\/jornadasits\/wp-json\/wp\/v2\/pages"}],"about":[{"href":"https:\/\/filo.unt.edu.ar\/jornadasits\/wp-json\/wp\/v2\/types\/page"}],"author":[{"embeddable":true,"href":"https:\/\/filo.unt.edu.ar\/jornadasits\/wp-json\/wp\/v2\/users\/1"}],"replies":[{"embeddable":true,"href":"https:\/\/filo.unt.edu.ar\/jornadasits\/wp-json\/wp\/v2\/comments?post=18"}],"version-history":[{"count":1,"href":"https:\/\/filo.unt.edu.ar\/jornadasits\/wp-json\/wp\/v2\/pages\/18\/revisions"}],"predecessor-version":[{"id":19,"href":"https:\/\/filo.unt.edu.ar\/jornadasits\/wp-json\/wp\/v2\/pages\/18\/revisions\/19"}],"wp:attachment":[{"href":"https:\/\/filo.unt.edu.ar\/jornadasits\/wp-json\/wp\/v2\/media?parent=18"}],"curies":[{"name":"wp","href":"https:\/\/api.w.org\/{rel}","templated":true}]}}