{"id":32,"date":"2015-12-08T22:48:05","date_gmt":"2015-12-08T22:48:05","guid":{"rendered":"http:\/\/filo.unt.edu.ar\/jornadashistoriamemoria\/?page_id=32"},"modified":"2016-08-16T13:41:35","modified_gmt":"2016-08-16T13:41:35","slug":"actividades","status":"publish","type":"page","link":"https:\/\/filo.unt.edu.ar\/jornadashistoriamemoria\/actividades\/","title":{"rendered":"Actividades"},"content":{"rendered":"<div id=\"pl-32\"  class=\"panel-layout\" ><div id=\"pg-32-0\"  class=\"panel-grid panel-no-style\" ><div id=\"pgc-32-0-0\"  class=\"panel-grid-cell\" ><div id=\"panel-32-0-0-0\" class=\"so-panel widget widget_black-studio-tinymce widget_black_studio_tinymce panel-first-child panel-last-child\" data-index=\"0\" ><div class=\"textwidget\"><p>Se proyecta el funcionamiento de mesas de debate y discusi\u00f3n alrededor de ejes tem\u00e1ticos que reunir\u00e1n a investigadores que expondr\u00e1n sus ponencias presentadas oportunamente.<\/p>\n<p><strong>Los ejes tem\u00e1ticos propuestos son los siguientes:<\/strong><\/p>\n<p>Eje 1: Econom\u00eda, estructuras agrarias y pueblos azucareros. Coordinan Prof. Roberto Pucci y Dra. Marta Barbieri-Guardia.<\/p>\n<p>Eje 2: Historia, pol\u00edtica y sociedad. Coordinan Prof. Matilde Silva y Mg. Oscar Pavetti.<\/p>\n<p>Eje 3: Cultura, educaci\u00f3n y universidad. Coordinan Dra. Luc\u00eda Vidal Sanz y Prof. Ver\u00f3nica Ovejero.<\/p>\n<p>Eje 4: Historia de vida, oralidad y memoria. Coordinan Dra. Liliana Massara y Prof. Gustavo Salvatierra.<\/p>\n<p>Eje 5: Movimiento obrero y sociales. Coordinan Dra. Silvia Nassif y Prof. Gustavo Cort\u00e9s Navarro.<\/p>\n<\/div><\/div><\/div><\/div><div id=\"pg-32-1\"  class=\"panel-grid panel-no-style\" ><div id=\"pgc-32-1-0\"  class=\"panel-grid-cell\" ><div id=\"panel-32-1-0-0\" class=\"so-panel widget widget_black-studio-tinymce widget_black_studio_tinymce panel-first-child panel-last-child\" data-index=\"1\" ><h3 class=\"widget-title\">Programa de Actividades<\/h3><div class=\"textwidget\"><p><a href=\"http:\/\/filo.unt.edu.ar\/jornadashistoriamemoria\/wp-content\/uploads\/sites\/65\/2015\/12\/jornadas-cierre-de-ingenios_programa.jpg\"><img loading=\"lazy\" decoding=\"async\" class=\"alignleft size-medium wp-image-46\" src=\"http:\/\/filo.unt.edu.ar\/jornadashistoriamemoria\/wp-content\/uploads\/sites\/65\/2015\/12\/jornadas-cierre-de-ingenios_programa-217x300.jpg\" alt=\"jornadas-cierre-de-ingenios_programa\" width=\"217\" height=\"300\" srcset=\"https:\/\/filo.unt.edu.ar\/jornadashistoriamemoria\/wp-content\/uploads\/sites\/65\/2015\/12\/jornadas-cierre-de-ingenios_programa-217x300.jpg 217w, https:\/\/filo.unt.edu.ar\/jornadashistoriamemoria\/wp-content\/uploads\/sites\/65\/2015\/12\/jornadas-cierre-de-ingenios_programa-768x1064.jpg 768w, https:\/\/filo.unt.edu.ar\/jornadashistoriamemoria\/wp-content\/uploads\/sites\/65\/2015\/12\/jornadas-cierre-de-ingenios_programa-739x1024.jpg 739w, https:\/\/filo.unt.edu.ar\/jornadashistoriamemoria\/wp-content\/uploads\/sites\/65\/2015\/12\/jornadas-cierre-de-ingenios_programa-600x831.jpg 600w, https:\/\/filo.unt.edu.ar\/jornadashistoriamemoria\/wp-content\/uploads\/sites\/65\/2015\/12\/jornadas-cierre-de-ingenios_programa.jpg 1000w\" sizes=\"auto, (max-width: 217px) 100vw, 217px\" \/><\/a><\/p>\n<\/div><\/div><\/div><div id=\"pgc-32-1-1\"  class=\"panel-grid-cell\" ><div id=\"panel-32-1-1-0\" class=\"so-panel widget widget_black-studio-tinymce widget_black_studio_tinymce panel-first-child panel-last-child\" data-index=\"2\" ><div class=\"panel-widget-style panel-widget-style-for-32-1-1-0\" ><div class=\"textwidget\"><p><a href=\"http:\/\/filo.unt.edu.ar\/jornadashistoriamemoria\/wp-content\/uploads\/sites\/65\/2015\/12\/Afiche-jornadas-cierre-de-ingenios-V6.pdf\" target=\"_blank\">DESCARGUE LAS ACTIVIDADES<\/a><\/p>\n<\/div><\/div><\/div><\/div><div id=\"pgc-32-1-2\"  class=\"panel-grid-cell\" ><div id=\"panel-32-1-2-0\" class=\"so-panel widget widget_black-studio-tinymce widget_black_studio_tinymce panel-first-child panel-last-child\" data-index=\"3\" ><div class=\"panel-widget-style panel-widget-style-for-32-1-2-0\" ><h3 class=\"widget-title\">CAMINATAS HIST\u00d3RICAS DEL BICENTENARIO<\/h3><div class=\"textwidget\"><p>&nbsp;<\/p>\n<p><a href=\"http:\/\/filo.unt.edu.ar\/caminatas-historicas\"><img loading=\"lazy\" decoding=\"async\" class=\"aligncenter wp-image-7057 size-medium\" src=\"http:\/\/filo.unt.edu.ar\/wp-content\/uploads\/2016\/08\/CAMINATAS-AGOSTO-300x169.jpg\" alt=\"CAMINATAS HIST\u00d3RICAS\" width=\"300\" height=\"169\" \/><\/a><\/p>\n<p>&nbsp;<\/p>\n<\/div><\/div><\/div><\/div><\/div><\/div>","protected":false},"excerpt":{"rendered":"<p>Se proyecta el funcionamiento de mesas de debate y discusi\u00f3n alrededor de ejes tem\u00e1ticos que reunir\u00e1n a investigadores que expondr\u00e1n sus ponencias presentadas oportunamente.Los ejes tem\u00e1ticos propuestos son los siguientes:Eje 1: Econom\u00eda, estructuras agrarias y pueblos azucareros. Coordinan Prof. Roberto Pucci y Dra. Marta Barbieri-Guardia.Eje 2: Historia, pol\u00edtica y sociedad. Coordinan Prof. Matilde Silva y [&hellip;]<\/p>\n","protected":false},"author":1,"featured_media":0,"parent":0,"menu_order":0,"comment_status":"closed","ping_status":"closed","template":"templates\/template-full-notitle.php","meta":{"footnotes":""},"class_list":["post-32","page","type-page","status-publish","hentry","post"],"_links":{"self":[{"href":"https:\/\/filo.unt.edu.ar\/jornadashistoriamemoria\/wp-json\/wp\/v2\/pages\/32","targetHints":{"allow":["GET"]}}],"collection":[{"href":"https:\/\/filo.unt.edu.ar\/jornadashistoriamemoria\/wp-json\/wp\/v2\/pages"}],"about":[{"href":"https:\/\/filo.unt.edu.ar\/jornadashistoriamemoria\/wp-json\/wp\/v2\/types\/page"}],"author":[{"embeddable":true,"href":"https:\/\/filo.unt.edu.ar\/jornadashistoriamemoria\/wp-json\/wp\/v2\/users\/1"}],"replies":[{"embeddable":true,"href":"https:\/\/filo.unt.edu.ar\/jornadashistoriamemoria\/wp-json\/wp\/v2\/comments?post=32"}],"version-history":[{"count":7,"href":"https:\/\/filo.unt.edu.ar\/jornadashistoriamemoria\/wp-json\/wp\/v2\/pages\/32\/revisions"}],"predecessor-version":[{"id":51,"href":"https:\/\/filo.unt.edu.ar\/jornadashistoriamemoria\/wp-json\/wp\/v2\/pages\/32\/revisions\/51"}],"wp:attachment":[{"href":"https:\/\/filo.unt.edu.ar\/jornadashistoriamemoria\/wp-json\/wp\/v2\/media?parent=32"}],"curies":[{"name":"wp","href":"https:\/\/api.w.org\/{rel}","templated":true}]}}