{"id":11,"date":"2016-05-19T12:36:20","date_gmt":"2016-05-19T12:36:20","guid":{"rendered":"http:\/\/filo.unt.edu.ar\/jornadas-sistema-educativo\/home-page\/"},"modified":"2016-09-19T10:26:48","modified_gmt":"2016-09-19T10:26:48","slug":"home-page","status":"publish","type":"page","link":"https:\/\/filo.unt.edu.ar\/jornadas-sistema-educativo\/","title":{"rendered":"Home Page"},"content":{"rendered":"<div id=\"pl-11\"  class=\"panel-layout\" ><div id=\"pg-11-0\"  class=\"panel-grid panel-no-style\" ><div id=\"pgc-11-0-0\"  class=\"panel-grid-cell\" ><div id=\"panel-11-0-0-0\" class=\"so-panel widget widget_black-studio-tinymce widget_black_studio_tinymce panel-first-child panel-last-child\" data-index=\"0\" ><div class=\"panel-widget-style panel-widget-style-for-11-0-0-0\" ><div class=\"textwidget\"><h1 style=\"text-align: center;\"><span style=\"color: #ffffff;\">II JORNADAS INTERNACIONALES<\/span><\/h1>\n<h1 style=\"text-align: center;\"><span style=\"color: #ffffff;\">\u201cEL SISTEMA EDUCATIVO Y LA CULTURA EN EL BICENTENARIO DE LA INDEPENDENCIA ARGENTINA\u201d<\/span><\/h1>\n<h1 style=\"text-align: center;\"><span style=\"color: #ffffff;\">19, 20 y 21 de setiembre de 2016<\/span><\/h1>\n<h1 style=\"text-align: center;\"><span style=\"color: #ffffff;\">San Miguel de Tucum\u00e1n<\/span><\/h1>\n<h2 style=\"text-align: center;\"><span style=\"color: #ffff00;\">ACTO INAUGURAL LUNES 19\/09 <\/span><\/h2>\n<h2 style=\"text-align: center;\"><span style=\"color: #ffff00;\">11.30 HS | ANFITEATRO\u00a02<\/span><\/h2>\n<h2 style=\"text-align: center;\"><span style=\"color: #ffffff;\">LAS JORNADAS OTORGAN PUNTAJE DOCENTE DE ASISTENCIA<\/span><\/h2>\n<h2 style=\"text-align: center;\"><span style=\"color: #ffffff;\"><a style=\"color: #ffffff;\" href=\"http:\/\/filo.unt.edu.ar\/jornadas-sistema-educativo\/wp-content\/uploads\/sites\/69\/2016\/09\/AREMYC_754.pdf\" target=\"_blank\">RESOLUCI\u00d3N AREMyC N\u00b0 0754\/5 (SGE)<\/a><\/span><\/h2>\n<\/div><\/div><\/div><\/div><\/div><div id=\"pg-11-1\"  class=\"panel-grid panel-no-style\" ><div id=\"pgc-11-1-0\"  class=\"panel-grid-cell\" ><div id=\"panel-11-1-0-0\" class=\"so-panel widget widget_black-studio-tinymce widget_black_studio_tinymce panel-first-child panel-last-child\" data-index=\"1\" ><div class=\"panel-widget-style panel-widget-style-for-11-1-0-0\" ><div class=\"textwidget\"><p>El Departamento de Ciencias de la Educaci\u00f3n de la Facultad de Filosof\u00eda y Letras de la Universidad Nacional de Tucum\u00e1n convoca a la comunidad cient\u00edfica, investigadores, docentes y estudiantes a participar de las II Jornadas Internacionales El Sistema Educativo y la Cultura en el Bicentenario de la Independencia Argentina, a realizarse los d\u00edas 19 a 21 de septiembre de 2016.<\/p>\n<p>En el a\u00f1o 2014 se abri\u00f3 este espacio de encuentro y debate para los actores de la educaci\u00f3n, los estudiosos del Sistema Educativo, y todos aquellos agentes sociales y del mundo de la cultura que puedan contribuir a pensar los sentidos, los alcances y la importancia que reviste esta pr\u00e1ctica social para preservar la memoria y el patrimonio natural y cultural, profundizar la construcci\u00f3n de una ciudadan\u00eda democr\u00e1tica y la conquista de derechos y reafirmar la soberan\u00eda y las notas identitarias de los grupos y los pueblos.<\/p>\n<p>Como Departamento de Ciencias de la Educaci\u00f3n nos interesa inscribir esta convocatoria en las celebraciones del Bicentenario de la Independencia, acontecimiento emblem\u00e1tico que gener\u00f3 un proceso hist\u00f3rico de definici\u00f3n de identidades, de proyectos educativos hegem\u00f3nicos y alternativas propuestas desde la sociedad civil y sus organizaciones que trataron de preservar, sostener y acrecentar el patrimonio socio cultural de los argentinos, donde la convivencia de las diferencias fue una de las conquistas m\u00e1s caras y asumi\u00f3 a lo largo de 200 a\u00f1os las formas m\u00e1s diversas de violencia, para potenciar en el siglo XXI pr\u00e1cticas sociales cada vez m\u00e1s inclusivas y democratizadoras.<\/p>\n<\/div><\/div><\/div><\/div><\/div><div id=\"pg-11-2\"  class=\"panel-grid panel-no-style\" ><div id=\"pgc-11-2-0\"  class=\"panel-grid-cell\" ><div id=\"panel-11-2-0-0\" class=\"so-panel widget widget_sow-button panel-first-child panel-last-child\" data-index=\"2\" ><div class=\"panel-widget-style panel-widget-style-for-11-2-0-0\" ><div\n\t\t\t\n\t\t\tclass=\"so-widget-sow-button so-widget-sow-button-flat-b1dfb575ded5-11\"\n\t\t\t\n\t\t><div class=\"ow-button-base ow-button-align-center\"\n>\n\t\t\t<a\n\t\t\t\t\thref=\"http:\/\/filo.unt.edu.ar\/jornadas-sistema-educativo\/wp-content\/uploads\/sites\/69\/2016\/09\/ii_jornadas_sistema_educativo_programa_definitivo.pdf\"\n\t\t\t\t\tclass=\"sowb-button ow-icon-placement-left ow-button-hover\" target=\"_blank\" rel=\"noopener noreferrer\" \t>\n\t\t<span>\n\t\t\t\n\t\t\tDESCARGUE EL PROGRAMA DEFINITIVO DE LAS JORNADAS\t\t<\/span>\n\t\t\t<\/a>\n\t<\/div>\n<\/div><\/div><\/div><\/div><\/div><div id=\"pg-11-3\"  class=\"panel-grid panel-no-style\" ><div id=\"pgc-11-3-0\"  class=\"panel-grid-cell\" ><div id=\"panel-11-3-0-0\" class=\"so-panel widget widget_sow-button panel-first-child\" data-index=\"3\" ><div class=\"panel-widget-style panel-widget-style-for-11-3-0-0\" ><div\n\t\t\t\n\t\t\tclass=\"so-widget-sow-button so-widget-sow-button-atom-487a327f45dc-11\"\n\t\t\t\n\t\t><div class=\"ow-button-base ow-button-align-center\"\n>\n\t\t\t<a\n\t\t\t\t\thref=\"http:\/\/filo.unt.edu.ar\/jornadas-sistema-educativo\/wp-content\/uploads\/sites\/69\/2016\/09\/AREMYC_754.pdf\"\n\t\t\t\t\tclass=\"sowb-button ow-icon-placement-left ow-button-hover\" target=\"_blank\" rel=\"noopener noreferrer\" \t>\n\t\t<span>\n\t\t\t\n\t\t\tDESCARGUE LA RESOLUCI\u00d3N AREMyC  N\u00b0 0754\/5 (SGE)\t\t<\/span>\n\t\t\t<\/a>\n\t<\/div>\n<\/div><\/div><\/div><div id=\"panel-11-3-0-1\" class=\"so-panel widget widget_sow-button\" data-index=\"4\" ><div class=\"panel-widget-style panel-widget-style-for-11-3-0-1\" ><div\n\t\t\t\n\t\t\tclass=\"so-widget-sow-button so-widget-sow-button-atom-5ebb15e848bd-11\"\n\t\t\t\n\t\t><div class=\"ow-button-base ow-button-align-center\"\n>\n\t\t\t<a\n\t\t\t\t\thref=\"http:\/\/filo.unt.edu.ar\/jornadas-sistema-educativo\/wp-content\/uploads\/sites\/69\/2016\/07\/jornadas_sistema_educativo_Prorroga.pdf\"\n\t\t\t\t\tclass=\"sowb-button ow-icon-placement-left ow-button-hover\" target=\"_blank\" rel=\"noopener noreferrer\" \t>\n\t\t<span>\n\t\t\t\n\t\t\tDESCARGUE LA 3\u00b0 CIRCULAR PR\u00d3RROGA\t\t<\/span>\n\t\t\t<\/a>\n\t<\/div>\n<\/div><\/div><\/div><div id=\"panel-11-3-0-2\" class=\"so-panel widget widget_sow-button\" data-index=\"5\" ><div class=\"panel-widget-style panel-widget-style-for-11-3-0-2\" ><div\n\t\t\t\n\t\t\tclass=\"so-widget-sow-button so-widget-sow-button-atom-5ebb15e848bd-11\"\n\t\t\t\n\t\t><div class=\"ow-button-base ow-button-align-center\"\n>\n\t\t\t<a\n\t\t\t\t\thref=\"http:\/\/filo.unt.edu.ar\/jornadas-sistema-educativo\/wp-content\/uploads\/sites\/69\/2016\/07\/jornadas_sistema_educativo_Segundacircular2016.pdf\"\n\t\t\t\t\tclass=\"sowb-button ow-icon-placement-left ow-button-hover\" target=\"_blank\" rel=\"noopener noreferrer\" \t>\n\t\t<span>\n\t\t\t\n\t\t\tDESCARGUE LA 2\u00b0 CIRCULAR\t\t<\/span>\n\t\t\t<\/a>\n\t<\/div>\n<\/div><\/div><\/div><div id=\"panel-11-3-0-3\" class=\"so-panel widget widget_sow-button\" data-index=\"6\" ><div class=\"panel-widget-style panel-widget-style-for-11-3-0-3\" ><div\n\t\t\t\n\t\t\tclass=\"so-widget-sow-button so-widget-sow-button-atom-5ebb15e848bd-11\"\n\t\t\t\n\t\t><div class=\"ow-button-base ow-button-align-center\"\n>\n\t\t\t<a\n\t\t\t\t\thref=\"http:\/\/filo.unt.edu.ar\/jornadas-sistema-educativo\/wp-content\/uploads\/sites\/69\/2016\/07\/jornadas_sistema_educativo_PRIMERA-CIRCULAR-JORNADAS-2016.pdf\"\n\t\t\t\t\tclass=\"sowb-button ow-icon-placement-left ow-button-hover\" target=\"_blank\" rel=\"noopener noreferrer\" \t>\n\t\t<span>\n\t\t\t\n\t\t\tDESCARGUE LA 1\u00b0 CIRCULAR\t\t<\/span>\n\t\t\t<\/a>\n\t<\/div>\n<\/div><\/div><\/div><div id=\"panel-11-3-0-4\" class=\"so-panel widget widget_sow-button\" data-index=\"7\" ><div class=\"panel-widget-style panel-widget-style-for-11-3-0-4\" ><div\n\t\t\t\n\t\t\tclass=\"so-widget-sow-button so-widget-sow-button-atom-19fb2bef57b4-11\"\n\t\t\t\n\t\t><div class=\"ow-button-base ow-button-align-center\"\n>\n\t\t\t<a\n\t\t\t\t\thref=\"http:\/\/filo.unt.edu.ar\/jornadas-sistema-educativo\/wp-content\/uploads\/sites\/69\/2016\/05\/II_jornadas_sistema_educativo_resolucion.pdf\"\n\t\t\t\t\tclass=\"sowb-button ow-icon-placement-left ow-button-hover\" target=\"_blank\" rel=\"noopener noreferrer\" \t>\n\t\t<span>\n\t\t\t\n\t\t\tDESCARGUE LA RESOLUCI\u00d3N\t\t<\/span>\n\t\t\t<\/a>\n\t<\/div>\n<\/div><\/div><\/div><div id=\"panel-11-3-0-5\" class=\"so-panel widget widget_black-studio-tinymce widget_black_studio_tinymce\" data-index=\"8\" ><div class=\"panel-widget-style panel-widget-style-for-11-3-0-5\" ><div class=\"textwidget\"><p>\u00a0<\/p>\n<p><a href=\"http:\/\/filo.unt.edu.ar\/caminatas-historicas\" target=\"_blank\"><img loading=\"lazy\" decoding=\"async\" class=\"aligncenter wp-image-7057 size-medium\" src=\"http:\/\/filo.unt.edu.ar\/wp-content\/uploads\/2016\/08\/CAMINATAS-AGOSTO-300x169.jpg\" alt=\"CAMINATAS HIST\u00d3RICAS\" width=\"300\" height=\"169\" \/><\/a><\/p>\n<p>\u00a0<\/p>\n<\/div><\/div><\/div><div id=\"panel-11-3-0-6\" class=\"so-panel widget widget_black-studio-tinymce widget_black_studio_tinymce panel-last-child\" data-index=\"9\" ><div class=\"panel-widget-style panel-widget-style-for-11-3-0-6\" ><div class=\"textwidget\"><p><a href=\"http:\/\/www.bicentenario2016.gob.ar\/\" target=\"_blank\"><img loading=\"lazy\" decoding=\"async\" class=\"aligncenter wp-image-57 size-medium\" src=\"http:\/\/filo.unt.edu.ar\/jornadas-sistema-educativo\/wp-content\/uploads\/sites\/69\/2016\/07\/logo-Bicentenario-300x166.jpg\" alt=\"logo-Bicentenario\" width=\"300\" height=\"166\" srcset=\"https:\/\/filo.unt.edu.ar\/jornadas-sistema-educativo\/wp-content\/uploads\/sites\/69\/2016\/07\/logo-Bicentenario-300x166.jpg 300w, https:\/\/filo.unt.edu.ar\/jornadas-sistema-educativo\/wp-content\/uploads\/sites\/69\/2016\/07\/logo-Bicentenario-600x333.jpg 600w, https:\/\/filo.unt.edu.ar\/jornadas-sistema-educativo\/wp-content\/uploads\/sites\/69\/2016\/07\/logo-Bicentenario.jpg 750w\" sizes=\"auto, (max-width: 300px) 100vw, 300px\" \/><\/a><\/p>\n<\/div><\/div><\/div><\/div><div id=\"pgc-11-3-1\"  class=\"panel-grid-cell\" ><div id=\"panel-11-3-1-0\" class=\"so-panel widget widget_black-studio-tinymce widget_black_studio_tinymce panel-first-child panel-last-child\" data-index=\"10\" ><div class=\"panel-widget-style panel-widget-style-for-11-3-1-0\" ><h3 class=\"widget-title\">CONTACTO<\/h3><div class=\"textwidget\"><p>[contact-form-7 id=\"44\" title=\"CONTACTO\"]<\/p>\n<\/div><\/div><\/div><\/div><\/div><\/div>","protected":false},"excerpt":{"rendered":"<p>II JORNADAS INTERNACIONALES\u201cEL SISTEMA EDUCATIVO Y LA CULTURA EN EL BICENTENARIO DE LA INDEPENDENCIA ARGENTINA\u201d19, 20 y 21 de setiembre de 2016San Miguel de Tucum\u00e1nACTO INAUGURAL LUNES 19\/09 11.30 HS | ANFITEATRO\u00a02LAS JORNADAS OTORGAN PUNTAJE DOCENTE DE ASISTENCIARESOLUCI\u00d3N AREMyC N\u00b0 0754\/5 (SGE) El Departamento de Ciencias de la Educaci\u00f3n de la Facultad de Filosof\u00eda y [&hellip;]<\/p>\n","protected":false},"author":1,"featured_media":0,"parent":0,"menu_order":0,"comment_status":"closed","ping_status":"closed","template":"home-panels.php","meta":{"footnotes":""},"class_list":["post-11","page","type-page","status-publish","hentry","post"],"_links":{"self":[{"href":"https:\/\/filo.unt.edu.ar\/jornadas-sistema-educativo\/wp-json\/wp\/v2\/pages\/11","targetHints":{"allow":["GET"]}}],"collection":[{"href":"https:\/\/filo.unt.edu.ar\/jornadas-sistema-educativo\/wp-json\/wp\/v2\/pages"}],"about":[{"href":"https:\/\/filo.unt.edu.ar\/jornadas-sistema-educativo\/wp-json\/wp\/v2\/types\/page"}],"author":[{"embeddable":true,"href":"https:\/\/filo.unt.edu.ar\/jornadas-sistema-educativo\/wp-json\/wp\/v2\/users\/1"}],"replies":[{"embeddable":true,"href":"https:\/\/filo.unt.edu.ar\/jornadas-sistema-educativo\/wp-json\/wp\/v2\/comments?post=11"}],"version-history":[{"count":5,"href":"https:\/\/filo.unt.edu.ar\/jornadas-sistema-educativo\/wp-json\/wp\/v2\/pages\/11\/revisions"}],"predecessor-version":[{"id":69,"href":"https:\/\/filo.unt.edu.ar\/jornadas-sistema-educativo\/wp-json\/wp\/v2\/pages\/11\/revisions\/69"}],"wp:attachment":[{"href":"https:\/\/filo.unt.edu.ar\/jornadas-sistema-educativo\/wp-json\/wp\/v2\/media?parent=11"}],"curies":[{"name":"wp","href":"https:\/\/api.w.org\/{rel}","templated":true}]}}