{"id":69,"date":"2020-02-06T22:01:18","date_gmt":"2020-02-07T01:01:18","guid":{"rendered":"http:\/\/filo.unt.edu.ar\/insil\/?page_id=69"},"modified":"2021-04-23T21:03:40","modified_gmt":"2021-04-24T00:03:40","slug":"proyectos","status":"publish","type":"page","link":"https:\/\/filo.unt.edu.ar\/insil\/proyectos\/","title":{"rendered":"Proyectos"},"content":{"rendered":"<h5><span style=\"font-size: 14pt\"><strong>Potencialidades epist\u00e9micas de la lectura, escritura y oralidad en contextos educativos: Perspectivas y pr\u00e1cticas de estudiantes y docentes<\/strong><\/span><\/h5>\n<h5><span style=\"font-size: 14pt\"><strong>(2018-2022) PROYECTO PIUNT 26\/H625. TIPO A<\/strong><\/span><\/h5>\n<p><strong>Directora:<\/strong> Dra. Constanza Padilla (Docente investigadora UNT CONICET)<\/p>\n<p><strong>Integrantes:<\/strong><\/p>\n<p>Dra. Douglas, Silvina (Docente investigadora UNT)<\/p>\n<p>Dra. Lopez, Esther (Docente investigadora UNT)<\/p>\n<p>Dra. Molina, Mar\u00eda Elena (Docente. Becaria postdoctoral CONICET)<\/p>\n<p>Dra. Romano, Ma. Bel\u00e9n (Docente investigadora UNT)<\/p>\n<p>Dra. Villalonga, Micaela (Docente. Becaria postdoctoral CONICET UNT)<\/p>\n<p>Mgtr. Majorel, Cecilia (Docente investigadora UNT)<\/p>\n<p>Pof. Mansilla, Estefan\u00eda (Doctoranda. Becaria doctoral CONICET)<\/p>\n<p>Prof. Rold\u00e1n V\u00e1zquez, Paula (Doctoranda. Docente investigadora UNT)<\/p>\n<p>Psic. Rosconi, Mar\u00eda Gabriela (Maestranda. Docente investigadora UNT)<\/p>\n<p>Prof. Vuoto, Joaqu\u00edn (Graduado UNT)<\/p>\n<p>Prof. \u00c1lvarez, Cecilia (Doctoranda UNT)<\/p>\n<p>Prof. Carraz\u00e1n, Mariana (Doctoranda UNT)<\/p>\n<p>Costas, Cecilia (Estudiante)<\/p>\n<p>Fern\u00e1ndez, Solana (Estudiante)<\/p>\n<p>Gani, Juan Agust\u00edn (Estudiante)<\/p>\n<p>Urtubey, Mart\u00edn (Estudiante)<\/p>\n<p>Vargas Lozano, Diego (Estudiante)<\/p>\n<h5><strong><span style=\"font-size: 14pt\">Pr\u00e1cticas discursivas, ideolog\u00edas y representaciones en contextos socioculturales e institucionales: educaci\u00f3n ling\u00fc\u00edstica (lenguas maternas, lenguas extranjeras y espa\u00f1ol lengua segunda y extranjera -Else-) y producciones culturales y medi\u00e1ticas<\/span><\/strong><\/h5>\n<h5><strong><span style=\"font-size: 14pt\">(2018-2022) PROYECTO PIUNT26\/H603<\/span><\/strong><\/h5>\n<p><strong>Directora:<\/strong> Dra. Ana Mar\u00eda \u00c1vila de Jalil (Docente investigadora UNT).<\/p>\n<p><strong>Co-director:<\/strong> Dr. Julio Sal Paz (Docente investigador UNT CONICET)<\/p>\n<p><strong>Integrantes:<\/strong><\/p>\n<p>Dra. Borkosky, Mar\u00eda Mercedes (Docente investigadora UNT)<\/p>\n<p>Dra. Castro, Mar\u00eda Graciela (Docente investigadora UNT)<\/p>\n<p>Dra. Faedda, Sandra Delina (Docente investigadora UNT)<\/p>\n<p>Dra. Maldonado, Silvia Dolores (Docente investigadora UNT)<\/p>\n<p>Mgtr. Taboada, Mar\u00eda Stella (Docente investigadora UNT)<\/p>\n<p>Esp. Moreyra, Juan (Graduado UNT)<\/p>\n<p>Prof. Castro Llomparte, Cecilia (Docente investigadora UNT)<\/p>\n<p>Prof. Corbal\u00e1n, Sara (Docente investigadora UNT)<\/p>\n<p>Prof. Lizondo, Ana In\u00e9s (Docente investigadora UNT)<\/p>\n<p>Lic. L\u00f3pez, Mar\u00eca Cecilia (Becaria)<\/p>\n<p>Prof. N\u00fa\u00f1ez, Mar\u00eda Laura (Becaria)<\/p>\n<p>Ant\u00f3n Sobrecasas, Danna (Estudiante)<\/p>\n<p>Capell\u00e1n, Exequiel (Estudiante)<\/p>\n<p>Espeche, Ruth Elina (Estudiante)<\/p>\n<h5><span style=\"font-size: 14pt\"><strong>Glotodid\u00e1ctica del italiano y del espa\u00f1ol como lenguas extranjeras: discursos, textos y contextos<\/strong><\/span><\/h5>\n<h5><span style=\"font-size: 14pt\"><strong>(2018-2022) PROYECTO PIUNT H601<\/strong><\/span><\/h5>\n<p><strong>Directora:<\/strong> Dra. Elena Acevedo de Bomba (Docente investigadora UNT).<\/p>\n<p><strong>Co-directora<\/strong>: Dra. Ma. del Carmen Pil\u00e1n (Docente investigadora UNT).<\/p>\n<p><strong>Integrantes<\/strong>:<\/p>\n<p>Dr. Castilla, Carlos E. (Docente investigador UNT)<\/p>\n<p>Prof. Ferro Sardi, Natalia (Docente investigadora UNT)<\/p>\n<p>Prof. Pedra, Nylcea (Docente Investigadora Universidad Federal do Paran\u00e1 Curitiba)<\/p>\n<p>Prof. S\u00e1nchez, Ail\u00edn (Graduada UNT)<\/p>\n<p>Albornoz, Edgardo (Estudiante)<\/p>\n<p>Yurquina, Soledad (Estudiante)<\/p>\n<p>Berta, Antonella (Estudiante)<\/p>\n<h5><span style=\"font-size: 14pt\"><strong>Imaginario po\u00e9tico, subjetividades y escrituras \u00edntimas en textos latinoamericanos <\/strong><\/span><\/h5>\n<h5><span style=\"font-size: 14pt\"><strong>(2018-2022) PROYECTO PIUNT 26 H 639<\/strong><\/span><\/h5>\n<p><strong>Director:<\/strong> Dr. Eduardo Guillermo Siles (Docente investigador UNT).<\/p>\n<p><strong>Integrantes:<\/strong><\/p>\n<p>Dra. Cohen Imach, Victoria (Docente investigadora UNT CONICET)<\/p>\n<p>Dra. Mart\u00ednez Zuccardi, Mar\u00eda Soledad (Docente investigadora UNT CONICET)<\/p>\n<p>Dr. Mattoni, Silvio Luis (Docente Investigador Universidad Nacional de C\u00f3rdoba CONICET)<\/p>\n<p>Prof.\u00a0 Chauvi\u00e9, Omar Atilio (Docente Investigador Universidad Nacional del Sur)<\/p>\n<p>Lic. Nacusse Navarro, Ezequiel Antonio (Graduado UNT)<\/p>\n<h5><span style=\"font-size: 14pt\"><strong>Representaciones, pr\u00e1cticas y materialidades discursivas juveniles en contextos comunicativos heterog\u00e9neos<\/strong><\/span><\/h5>\n<h5><span style=\"font-size: 14pt\"><strong>(2018-2022) PROYECTO SCAIT H627<\/strong><\/span><\/h5>\n<p><strong>Directora:<\/strong> Dra. Gabriela Palazzo (Docente investigadora UNT CONICET).<\/p>\n<p><strong>Integrantes:<\/strong><\/p>\n<p>Mgter. Narvaja, Evangelina (Becaria Doctoral CONICET)<\/p>\n<p>Mgtr. P\u00e1ez de la Torre, Sonia (Investigadora Universidad de Girona)<\/p>\n<p>Lic. Sarem, Susan (Docente Investigadora UNT)<\/p>\n<p>Lic. De Piero, Jos\u00e9 Luis (Becario Doctoral CONICET)<\/p>\n<p>Prof. Soria, Carla Susana (Docente investigadora)<\/p>\n<p>Lic. Marchese, Roberta (Docente investigadora)<\/p>\n<h5><span style=\"font-size: 14pt\"><strong>Contacto de lenguas: dinamismo ling\u00fc\u00edstico y problem\u00e1ticas relacionadas con la adquisici\u00f3n y la did\u00e1ctica de lenguas extranjeras y segundas<\/strong><\/span><\/h5>\n<h5><span style=\"font-size: 14pt\"><strong>(2018-2022) PROGRAMA H649<\/strong><\/span><\/h5>\n<p><strong>Directora:<\/strong> Dra. Mar\u00eda Elena Villecco (Docente investigadora UNT)<\/p>\n<p><strong>Co-directora<\/strong>: Mgtr. Ana Mar\u00eda Blunda Grubert (Docente investigadora UNT)<\/p>\n<p><strong>PROYECTOS:<\/strong><\/p>\n<h6><strong>H649\/1 Procesos de gramaticalizaci\u00f3n y desarrollo de competencias discursivas en lengua extranjera: el caso de estudiantes de profesorado<\/strong><\/h6>\n<p><strong>Directora:<\/strong> Mgtr. Sara Isabel L\u00f3pez (Docente investigadora UNT)<\/p>\n<p><strong>Integrantes:<\/strong><\/p>\n<p>Mgtr. Vargas, Mariana (Docente investigadora UNT)<\/p>\n<p>Prof. Zamora, Guadalupe (Docente investigadora UNT)<\/p>\n<p>Prof. Manca, Rossana (Docente investigadora UNT)<\/p>\n<p>Prof. de Piero, Carolina (Docente investigadora UNT)<\/p>\n<p>Prof. Viejobueno, Mercedes (Docente investigadora UNT)<\/p>\n<p>Prof. Rojas, Sergio (Docente investigador UNT)<\/p>\n<p>Prof. Usandivaras, Mario (Docente investigador UNT)<\/p>\n<p>Prof. Argota, Norma (Docente investigadora UNT)<\/p>\n<p>Prof. Rodr\u00edguez, Fabi\u00e1n (Docente investigador UNT)<\/p>\n<p>Prof. Torres, Ana Gabriela (Docente investigadora UNT)<\/p>\n<p>Prof. Ca\u00f1izares, Clarisa (Docente investigadora UNT)<\/p>\n<p>Prof. Rodr\u00edguez, Emilse (Docente investigadora UNT)<\/p>\n<p>Prof. Rizzo, Romina (Docente investigadora UNT)<\/p>\n<p>Prof. Mukdsi, Soph\u00eda (Docente investigadora UNT)<\/p>\n<h6><strong>H649\/2 Relaciones entre adquisici\u00f3n y did\u00e1ctica de lenguas extranjeras: hacia la definici\u00f3n de campos privilegiados de intervenci\u00f3n docente<\/strong><\/h6>\n<p><strong>Directora:<\/strong> Dra. Mar\u00eda Elena Villecco (Docente investigadora UNT)<\/p>\n<p><strong>Integrantes:<\/strong><\/p>\n<p>Mgtr. Blunda Grubert, Ana Mar\u00eda (Docente investigadora UNT)<\/p>\n<p>Mgtr. Palma, Ricardo Javier (Docente investigador UNT)<\/p>\n<p>Prof. Bennasar, Mar\u00eda Rosa (Docente investigadora UNT)<\/p>\n<p>Prof. Lau, Mar\u00eda Bernarda (Docente investigadora UNT)<\/p>\n<p>Prof. Cabral Leguizam\u00f3n, Eugenia (Docente investigadora UNT)<\/p>\n<p>Prof. Castillo, Mariana Elisa (Docente investigadora UNT)<\/p>\n<p>Prof. Werner, Rosa del Valle (Docente investigadora UNT)<\/p>\n<p>Prof. Kind, Silvia Edith (Docente investigadora UNT)<\/p>\n<p>Prof. Pucci, Josefina (Docente investigadora UNT)<\/p>\n<p>Lic. Jeger, Ana Constanza (Becaria CONICET)<\/p>\n<p>Prof. Pucheta, Clara (Docente investigadora UNT)<\/p>\n<p>Prof. Pino, Norma Beatriz (Docente investigadora UNT)<\/p>\n<p>Prof. Far\u00edas, Azucena (Egresado UNT)<\/p>\n<p>Prof. Medina, Cecilia (Docente investigadora UNT)<\/p>\n<p>Prof. Quiroga, Alejandra (Docente investigadora UNT)<\/p>\n<p>Prof. Abboud, Jorge Alejandro (Docente investigador UNT)<\/p>\n<p>Prof. Garc\u00eda, Pablo (Docente investigador UNT)<\/p>\n<p>Prof. Ruiz, Edgardo (Docente investigador UNT)<\/p>\n<p>Criscuolo, Sof\u00eda (Estudiante)<\/p>\n<p>Cata, Marco Antonio (Estudiante)<\/p>\n","protected":false},"excerpt":{"rendered":"<p>Potencialidades epist\u00e9micas de la lectura, escritura y oralidad en contextos educativos: Perspectivas y pr\u00e1cticas de estudiantes y docentes (2018-2022) PROYECTO PIUNT 26\/H625. TIPO A Directora: Dra. Constanza Padilla (Docente investigadora UNT CONICET) Integrantes: Dra. Douglas, Silvina (Docente investigadora UNT) Dra. Lopez, Esther (Docente investigadora UNT) Dra. Molina, Mar\u00eda Elena (Docente. Becaria postdoctoral CONICET) Dra. Romano, [&hellip;]<\/p>\n","protected":false},"author":1,"featured_media":0,"parent":0,"menu_order":0,"comment_status":"closed","ping_status":"closed","template":"","meta":{"footnotes":""},"class_list":["post-69","page","type-page","status-publish","hentry","post"],"_links":{"self":[{"href":"https:\/\/filo.unt.edu.ar\/insil\/wp-json\/wp\/v2\/pages\/69","targetHints":{"allow":["GET"]}}],"collection":[{"href":"https:\/\/filo.unt.edu.ar\/insil\/wp-json\/wp\/v2\/pages"}],"about":[{"href":"https:\/\/filo.unt.edu.ar\/insil\/wp-json\/wp\/v2\/types\/page"}],"author":[{"embeddable":true,"href":"https:\/\/filo.unt.edu.ar\/insil\/wp-json\/wp\/v2\/users\/1"}],"replies":[{"embeddable":true,"href":"https:\/\/filo.unt.edu.ar\/insil\/wp-json\/wp\/v2\/comments?post=69"}],"version-history":[{"count":5,"href":"https:\/\/filo.unt.edu.ar\/insil\/wp-json\/wp\/v2\/pages\/69\/revisions"}],"predecessor-version":[{"id":253,"href":"https:\/\/filo.unt.edu.ar\/insil\/wp-json\/wp\/v2\/pages\/69\/revisions\/253"}],"wp:attachment":[{"href":"https:\/\/filo.unt.edu.ar\/insil\/wp-json\/wp\/v2\/media?parent=69"}],"curies":[{"name":"wp","href":"https:\/\/api.w.org\/{rel}","templated":true}]}}