{"id":49,"date":"2020-02-06T21:20:32","date_gmt":"2020-02-07T00:20:32","guid":{"rendered":"http:\/\/filo.unt.edu.ar\/insil\/?page_id=49"},"modified":"2021-04-23T21:03:03","modified_gmt":"2021-04-24T00:03:03","slug":"home","status":"publish","type":"page","link":"https:\/\/filo.unt.edu.ar\/insil\/home\/","title":{"rendered":"Staff"},"content":{"rendered":"<h3>Directora<\/h3>\n<p>Dra. Silvina Douglas<\/p>\n<h3>Comisi\u00f3n de asesoramiento t\u00e9cnico<\/h3>\n<p>Dra. Elena Victoria Acevedo de Bomba<\/p>\n<p>Dra. Mar\u00eda Gabriela Palazzo<\/p>\n<p>Dra. Mar\u00eda del Carmen Pil\u00e1n<\/p>\n<h3>Docentes investigadores<\/h3>\n<p>Dra. Ana Mar\u00eda \u00c1vila de Jalil<\/p>\n<p>Dra. Claudia Carina Albarrac\u00edn<\/p>\n<p>Mgtr. Ana Mar\u00eda Blunda Grubert<\/p>\n<p>Dra. Mar\u00eda Mercedes Borkosky<\/p>\n<p>Dr. Carlos Enrique Castilla \/ <a href=\"mailto:historiadelespaniol.castilla@filo.unt.edu.ar\">e-mail<\/a> \/ <a href=\"https:\/\/castencar.wixsite.com\/educ-artes-filolog\">sitio web<\/a><\/p>\n<p>Dra. Mar\u00eda Graciela Castro<\/p>\n<p>Dra. Sandra Delina Faedda<\/p>\n<p>Prof. Natalia Ferro<\/p>\n<p>Dra. Esther Ang\u00e9lica Lopez<\/p>\n<p>Dr. Silvio Alexis Lucena<\/p>\n<p>Dra. Mar\u00eda Soledad Mart\u00ednez Zuccardi<\/p>\n<p>Dra. Constanza Adela Padilla Sabat\u00e9<\/p>\n<p>Dra. Mar\u00eda Bel\u00e9n Romano<\/p>\n<p>Dr. Julio C\u00e9sar Sal Paz<\/p>\n<p>Dr. Eduardo Guillermo Siles<\/p>\n<p>Dra. Mar\u00eda Elena Villecco<\/p>\n<p>Dra. Silvia Dolores Maldonado<\/p>\n<p>Prof. Esp. Mar\u00eda In\u00e9s C\u00f3rdoba<\/p>\n<h3>Becarios<\/h3>\n<p>Lic. Jos\u00e9 Luis De Piero<\/p>\n<p>Lic. Ana Constanza Jeger<\/p>\n<p>Lic Mar\u00eda Cecilia. L\u00f3pez<\/p>\n<p>Mgter Evangelina. Narvaja<\/p>\n<p>Prof. y Lic. Mar\u00eda Laura Nu\u00f1ez<\/p>\n<p>Dra. Micaela Villalonga<\/p>\n<h3>Estudiantes<\/h3>\n<p>Mar\u00eda Antonella Berta<\/p>\n<p>Cecilia Costas<\/p>\n<p>Francisco Ram\u00f3n Ducloux<\/p>\n<p>Ruth Elina Espeche<\/p>\n<p>Solana Fern\u00e1ndez<\/p>\n<p>Mart\u00edn Urtubey<\/p>\n<p>Diego Vargas Lozano<\/p>\n<p>Soledad Yurquina<\/p>\n","protected":false},"excerpt":{"rendered":"<p>Directora Dra. Silvina Douglas Comisi\u00f3n de asesoramiento t\u00e9cnico Dra. Elena Victoria Acevedo de Bomba Dra. Mar\u00eda Gabriela Palazzo Dra. Mar\u00eda del Carmen Pil\u00e1n Docentes investigadores Dra. Ana Mar\u00eda \u00c1vila de Jalil Dra. Claudia Carina Albarrac\u00edn Mgtr. Ana Mar\u00eda Blunda Grubert Dra. Mar\u00eda Mercedes Borkosky Dr. Carlos Enrique Castilla \/ e-mail \/ sitio web Dra. Mar\u00eda [&hellip;]<\/p>\n","protected":false},"author":1,"featured_media":0,"parent":0,"menu_order":0,"comment_status":"closed","ping_status":"closed","template":"","meta":{"footnotes":""},"class_list":["post-49","page","type-page","status-publish","hentry","post"],"_links":{"self":[{"href":"https:\/\/filo.unt.edu.ar\/insil\/wp-json\/wp\/v2\/pages\/49","targetHints":{"allow":["GET"]}}],"collection":[{"href":"https:\/\/filo.unt.edu.ar\/insil\/wp-json\/wp\/v2\/pages"}],"about":[{"href":"https:\/\/filo.unt.edu.ar\/insil\/wp-json\/wp\/v2\/types\/page"}],"author":[{"embeddable":true,"href":"https:\/\/filo.unt.edu.ar\/insil\/wp-json\/wp\/v2\/users\/1"}],"replies":[{"embeddable":true,"href":"https:\/\/filo.unt.edu.ar\/insil\/wp-json\/wp\/v2\/comments?post=49"}],"version-history":[{"count":19,"href":"https:\/\/filo.unt.edu.ar\/insil\/wp-json\/wp\/v2\/pages\/49\/revisions"}],"predecessor-version":[{"id":252,"href":"https:\/\/filo.unt.edu.ar\/insil\/wp-json\/wp\/v2\/pages\/49\/revisions\/252"}],"wp:attachment":[{"href":"https:\/\/filo.unt.edu.ar\/insil\/wp-json\/wp\/v2\/media?parent=49"}],"curies":[{"name":"wp","href":"https:\/\/api.w.org\/{rel}","templated":true}]}}