{"id":140,"date":"2020-02-07T01:14:29","date_gmt":"2020-02-07T04:14:29","guid":{"rendered":"http:\/\/filo.unt.edu.ar\/insil\/?page_id=140"},"modified":"2022-03-17T23:02:19","modified_gmt":"2022-03-18T02:02:19","slug":"140-2","status":"publish","type":"page","link":"https:\/\/filo.unt.edu.ar\/insil\/140-2\/","title":{"rendered":"C\u00e1tedras radicadas en INSIL"},"content":{"rendered":"<p><strong>Lengua Espa\u00f1ola I<\/strong> \/ Dra. Constanza Padilla<\/p>\n<p><strong>Taller de Comprensi\u00f3n y Producci\u00f3n Textual<\/strong> \/ Dra. Constanza Padilla<\/p>\n<p><strong>Ling\u00fc\u00edstica General I<\/strong> \/ Mg. Mar\u00eda Stella Taboada<\/p>\n<p><strong>Literatura Extranjera (Italiana)<\/strong> \/ Dra. Elena Acevedo de Bomba<\/p>\n<p><strong>Literatura Extranjera (Francesa)<\/strong> \/ Dra. Graciela Castro<\/p>\n<p><strong>Historia de la Lengua<\/strong> \/ Dr. Carlos E. Castilla<\/p>\n<p><strong>Literatura Argentina II<\/strong> \/ Dr. Guillermo E. Siles<\/p>\n<p><strong>Introducci\u00f3n a la Investigaci\u00f3n Ling\u00fc\u00edstica<\/strong> \/ Dra. Mar\u00eda Bel\u00e9n Romano<\/p>\n<p><strong>Pol\u00edtica y Planificaci\u00f3n Ling\u00fc\u00edsticas<\/strong> \/ Mg. Mar\u00eda Stella Taboada<\/p>\n<p><strong>Psicoling\u00fc\u00edstica<\/strong> \/\u00a0 Dra. Esther L\u00f3pez<\/p>\n<p><strong>Socioling\u00fc\u00edstica<\/strong> \/ Dra. Mar\u00eda del Carmen Pil\u00e1n<\/p>\n<p><strong>Metodolog\u00eda de la Investigaci\u00f3n Ling\u00fc\u00edstica<\/strong> \/ Dr. Julio Sal Paz<\/p>\n<p><span style=\"font-size: inherit\"><strong>An\u00e1lisis del Discurso<\/strong> \/ Dr. Julio Sal Paz<\/span><\/p>\n\n\n<p><\/p>\n","protected":false},"excerpt":{"rendered":"<p>Lengua Espa\u00f1ola I \/ Dra. Constanza Padilla Taller de Comprensi\u00f3n y Producci\u00f3n Textual \/ Dra. Constanza Padilla Ling\u00fc\u00edstica General I \/ Mg. Mar\u00eda Stella Taboada Literatura Extranjera (Italiana) \/ Dra. Elena Acevedo de Bomba Literatura Extranjera (Francesa) \/ Dra. Graciela Castro Historia de la Lengua \/ Dr. Carlos E. Castilla Literatura Argentina II \/ Dr. [&hellip;]<\/p>\n","protected":false},"author":1,"featured_media":0,"parent":0,"menu_order":0,"comment_status":"closed","ping_status":"closed","template":"","meta":{"footnotes":""},"class_list":["post-140","page","type-page","status-publish","hentry","post"],"_links":{"self":[{"href":"https:\/\/filo.unt.edu.ar\/insil\/wp-json\/wp\/v2\/pages\/140","targetHints":{"allow":["GET"]}}],"collection":[{"href":"https:\/\/filo.unt.edu.ar\/insil\/wp-json\/wp\/v2\/pages"}],"about":[{"href":"https:\/\/filo.unt.edu.ar\/insil\/wp-json\/wp\/v2\/types\/page"}],"author":[{"embeddable":true,"href":"https:\/\/filo.unt.edu.ar\/insil\/wp-json\/wp\/v2\/users\/1"}],"replies":[{"embeddable":true,"href":"https:\/\/filo.unt.edu.ar\/insil\/wp-json\/wp\/v2\/comments?post=140"}],"version-history":[{"count":11,"href":"https:\/\/filo.unt.edu.ar\/insil\/wp-json\/wp\/v2\/pages\/140\/revisions"}],"predecessor-version":[{"id":285,"href":"https:\/\/filo.unt.edu.ar\/insil\/wp-json\/wp\/v2\/pages\/140\/revisions\/285"}],"wp:attachment":[{"href":"https:\/\/filo.unt.edu.ar\/insil\/wp-json\/wp\/v2\/media?parent=140"}],"curies":[{"name":"wp","href":"https:\/\/api.w.org\/{rel}","templated":true}]}}