{"id":74,"date":"2021-06-01T10:31:19","date_gmt":"2021-06-01T13:31:19","guid":{"rendered":"http:\/\/filo.unt.edu.ar\/inihlep\/?page_id=74"},"modified":"2021-06-08T11:54:00","modified_gmt":"2021-06-08T14:54:00","slug":"contacto","status":"publish","type":"page","link":"https:\/\/filo.unt.edu.ar\/inihlep\/contacto\/","title":{"rendered":"Contacto"},"content":{"rendered":"<div id=\"pl-74\"  class=\"panel-layout\" ><div id=\"pg-74-0\"  class=\"panel-grid panel-no-style\" ><div id=\"pgc-74-0-0\"  class=\"panel-grid-cell\" ><div id=\"panel-74-0-0-0\" class=\"so-panel widget widget_black-studio-tinymce widget_black_studio_tinymce panel-first-child\" data-index=\"0\" ><div class=\"textwidget\"><p>Direcci\u00f3n de correo electr\u00f3nico:\u00a0<a href=\"mailto:leonipinto@gmail.com\">leonipinto@gmail.com<\/a> <a href=\"mailto:inihlep@filo.unt.edu.ar\">inihlep@filo.unt.edu.ar<\/a><\/p>\n<p>Direcci\u00f3n postal: Avenida Benjam\u00edn Ar\u00e1oz 800, Centro Universitario Prebisch, Oficina 101 A, San Miguel de Tucum\u00e1n (C.P. 4000), Tucum\u00e1n, Argentina.<\/p>\n<p>Tel: +54 (381) 421 4926 \u2013\u00a0Fax: +54 (381) 431 0171<\/p>\n<\/div><\/div><div id=\"panel-74-0-0-1\" class=\"so-panel widget widget_black-studio-tinymce widget_black_studio_tinymce panel-last-child\" data-index=\"1\" ><div class=\"textwidget\"><p><iframe loading=\"lazy\" src=\"https:\/\/www.facebook.com\/plugins\/page.php?href=https%3A%2F%2Fwww.facebook.com%2FINIHLEP&tabs=timeline&width=340&height=500&small_header=false&adapt_container_width=true&hide_cover=false&show_facepile=true&appId\" width=\"340\" height=\"500\" style=\"border:none;overflow:hidden\" scrolling=\"no\" frameborder=\"0\" allowfullscreen=\"true\" allow=\"autoplay; clipboard-write; encrypted-media; picture-in-picture; web-share\"><\/iframe><\/p>\n<\/div><\/div><\/div><\/div><\/div>","protected":false},"excerpt":{"rendered":"<p>Direcci\u00f3n de correo electr\u00f3nico:\u00a0leonipinto@gmail.com inihlep@filo.unt.edu.ar Direcci\u00f3n postal: Avenida Benjam\u00edn Ar\u00e1oz 800, Centro Universitario Prebisch, Oficina 101 A, San Miguel de Tucum\u00e1n (C.P. 4000), Tucum\u00e1n, Argentina. Tel: +54 (381) 421 4926 \u2013\u00a0Fax: +54 (381) 431 0171<\/p>\n","protected":false},"author":1,"featured_media":0,"parent":0,"menu_order":0,"comment_status":"closed","ping_status":"closed","template":"","meta":{"footnotes":""},"class_list":["post-74","page","type-page","status-publish","hentry","post"],"_links":{"self":[{"href":"https:\/\/filo.unt.edu.ar\/inihlep\/wp-json\/wp\/v2\/pages\/74","targetHints":{"allow":["GET"]}}],"collection":[{"href":"https:\/\/filo.unt.edu.ar\/inihlep\/wp-json\/wp\/v2\/pages"}],"about":[{"href":"https:\/\/filo.unt.edu.ar\/inihlep\/wp-json\/wp\/v2\/types\/page"}],"author":[{"embeddable":true,"href":"https:\/\/filo.unt.edu.ar\/inihlep\/wp-json\/wp\/v2\/users\/1"}],"replies":[{"embeddable":true,"href":"https:\/\/filo.unt.edu.ar\/inihlep\/wp-json\/wp\/v2\/comments?post=74"}],"version-history":[{"count":3,"href":"https:\/\/filo.unt.edu.ar\/inihlep\/wp-json\/wp\/v2\/pages\/74\/revisions"}],"predecessor-version":[{"id":361,"href":"https:\/\/filo.unt.edu.ar\/inihlep\/wp-json\/wp\/v2\/pages\/74\/revisions\/361"}],"wp:attachment":[{"href":"https:\/\/filo.unt.edu.ar\/inihlep\/wp-json\/wp\/v2\/media?parent=74"}],"curies":[{"name":"wp","href":"https:\/\/api.w.org\/{rel}","templated":true}]}}