{"id":70,"date":"2021-06-01T10:30:44","date_gmt":"2021-06-01T13:30:44","guid":{"rendered":"http:\/\/filo.unt.edu.ar\/inihlep\/?page_id=70"},"modified":"2021-06-02T10:49:59","modified_gmt":"2021-06-02T13:49:59","slug":"acervo-bibliografico-y-documental","status":"publish","type":"page","link":"https:\/\/filo.unt.edu.ar\/inihlep\/acervo-bibliografico-y-documental\/","title":{"rendered":"Acervo bibliogr\u00e1fico y documental"},"content":{"rendered":"<div id=\"pl-70\"  class=\"panel-layout\" ><div id=\"pg-70-0\"  class=\"panel-grid panel-no-style\" ><div id=\"pgc-70-0-0\"  class=\"panel-grid-cell\" ><div id=\"panel-70-0-0-0\" class=\"so-panel widget widget_black-studio-tinymce widget_black_studio_tinymce panel-first-child panel-last-child\" data-index=\"0\" ><div class=\"textwidget\"><p style=\"text-align: left;\"><strong>BIBLIOTECA y HEMEROTECA<\/strong><\/p>\n<p style=\"text-align: left;\">El acervo bibliogr\u00e1fico de INIHLEP supera los 1.500 ejemplares, ordenados seg\u00fan seis \u00e1reas tem\u00e1ticas: Historia Argentina, Historia Americana, Historia Universal, Historia de la Educaci\u00f3n, Historia de la Historiograf\u00eda y Epistemolog\u00eda. En los \u00faltimos a\u00f1os se sumaron m\u00e1s ejemplares al recibir la donaci\u00f3n de las bibliotecas privadas de docentes jubilados de la carrera de Historia.<\/p>\n<p style=\"text-align: left;\"><strong>Hemeroteca<\/strong><\/p>\n<p style=\"text-align: left;\">Est\u00e1 conformada por m\u00e1s de 500 ejemplares impresos. Entre las colecciones cabe mencionar\u00a0Archivos del Presente, Bolet\u00edn del Instituto de Historia Argentina y Americana Dr. Emilio Ravignani, Entrepasados, Revista de Historia, Hacha y Tiza, Prohistoria, Revista Andina, Nuevo Topo, Anuarios de Historia de la Educaci\u00f3n, Nuestra Memoria, Archivos de historia del movimiento obrero y la izquierda.<\/p>\n<p style=\"text-align: left;\"><strong>Fuentes<\/strong><\/p>\n<p style=\"text-align: left;\">Asimismo, la Biblioteca-Hemeroteca de INIHLEP cuenta con una secci\u00f3n de Fuentes. En ella se encuentra la obra de Emilio Scheleh, Emilio, Compilaci\u00f3n legal sobre el az\u00facar, Centro Azucarero Argentino, Bs. As., 1938. Tomos I al XIV, junto a la legislaci\u00f3n referida al tema del az\u00facar desde 1897 hasta 1949; la revista Primera Plana, desde 13 de noviembre de 1962 hasta el 25 de octubre de 1973 y la revista Periscopio desde el 1 de setiembre de 1969 hasta el 1 de setiembre de 1970.<br \/>\nNuestro instituto posee un lector de microfilms a disposici\u00f3n de los investigadores que deseen consultar la colecci\u00f3n del Diario\u00a0El Orden\u00a0(desde el 26 de noviembre de 1883 hasta el 31 de marzo de 1897) y\u00a0Argentina Libre\u00a0(desde el 7 de marzo de 1940 al 15 de mayo de 1949). Y entre sus archivos digitalizados se encuentran art\u00edculos de los diarios \u201cEl Orden\u201d y \u201cLa Gaceta\u201d.<br \/>\nTambi\u00e9n contamos con una archivo de la palabra con el registro de entrevistas a historiadores, soci\u00f3logos y protagonistas de la historia reciente tucumana.<\/p>\n<p style=\"text-align: left;\"><strong>Horarios de visita<\/strong><\/p>\n<p style=\"text-align: left;\">La Biblioteca-Hemeroteca del Instituto por cuestiones sanitarias todav\u00eda no est\u00e1 abierta al p\u00fablico.<\/p>\n<\/div><\/div><\/div><\/div><\/div>","protected":false},"excerpt":{"rendered":"<p>BIBLIOTECA y HEMEROTECA El acervo bibliogr\u00e1fico de INIHLEP supera los 1.500 ejemplares, ordenados seg\u00fan seis \u00e1reas tem\u00e1ticas: Historia Argentina, Historia Americana, Historia Universal, Historia de la Educaci\u00f3n, Historia de la Historiograf\u00eda y Epistemolog\u00eda. En los \u00faltimos a\u00f1os se sumaron m\u00e1s ejemplares al recibir la donaci\u00f3n de las bibliotecas privadas de docentes jubilados de la carrera [&hellip;]<\/p>\n","protected":false},"author":1,"featured_media":0,"parent":0,"menu_order":0,"comment_status":"closed","ping_status":"closed","template":"","meta":{"footnotes":""},"class_list":["post-70","page","type-page","status-publish","hentry","post"],"_links":{"self":[{"href":"https:\/\/filo.unt.edu.ar\/inihlep\/wp-json\/wp\/v2\/pages\/70","targetHints":{"allow":["GET"]}}],"collection":[{"href":"https:\/\/filo.unt.edu.ar\/inihlep\/wp-json\/wp\/v2\/pages"}],"about":[{"href":"https:\/\/filo.unt.edu.ar\/inihlep\/wp-json\/wp\/v2\/types\/page"}],"author":[{"embeddable":true,"href":"https:\/\/filo.unt.edu.ar\/inihlep\/wp-json\/wp\/v2\/users\/1"}],"replies":[{"embeddable":true,"href":"https:\/\/filo.unt.edu.ar\/inihlep\/wp-json\/wp\/v2\/comments?post=70"}],"version-history":[{"count":2,"href":"https:\/\/filo.unt.edu.ar\/inihlep\/wp-json\/wp\/v2\/pages\/70\/revisions"}],"predecessor-version":[{"id":117,"href":"https:\/\/filo.unt.edu.ar\/inihlep\/wp-json\/wp\/v2\/pages\/70\/revisions\/117"}],"wp:attachment":[{"href":"https:\/\/filo.unt.edu.ar\/inihlep\/wp-json\/wp\/v2\/media?parent=70"}],"curies":[{"name":"wp","href":"https:\/\/api.w.org\/{rel}","templated":true}]}}