{"id":68,"date":"2021-06-01T10:30:27","date_gmt":"2021-06-01T13:30:27","guid":{"rendered":"http:\/\/filo.unt.edu.ar\/inihlep\/?page_id=68"},"modified":"2021-06-02T11:50:59","modified_gmt":"2021-06-02T14:50:59","slug":"redes-y-vinculos","status":"publish","type":"page","link":"https:\/\/filo.unt.edu.ar\/inihlep\/redes-y-vinculos\/","title":{"rendered":"Redes y v\u00ednculos"},"content":{"rendered":"<div id=\"pl-68\"  class=\"panel-layout\" ><div id=\"pg-68-0\"  class=\"panel-grid panel-no-style\" ><div id=\"pgc-68-0-0\"  class=\"panel-grid-cell\" ><div id=\"panel-68-0-0-0\" class=\"so-panel widget widget_black-studio-tinymce widget_black_studio_tinymce panel-first-child panel-last-child\" data-index=\"0\" ><div class=\"textwidget\"><p style=\"text-align: left;\">El INIHLEP tuvo convenios de investigaci\u00f3n, edici\u00f3n de obras de divulgaci\u00f3n y \u00a0de material did\u00e1ctico con el Ente Provincial del Bicentenario y el <a href=\"https:\/\/cfi.org.ar\/\">Consejo Federal de Inversiones de la Naci\u00f3n<\/a>. Resultado de ello fue la Colecci\u00f3n de Historia de los Municipios tucumanos y el proyecto Genoma, una enciclopedia interactiva que representa hechos y lugares de la historia de Tucum\u00e1n a trav\u00e9s de una l\u00ednea de tiempo.<\/p>\n<p style=\"text-align: left;\">INIHLEP forma parte del\u00a0Programa Interunivesitario de<a href=\"http:\/\/historiapolitica.com\/institucional\/\"> Historia Pol\u00edtica<\/a>.\u00a0Como parte del Programa, participa de las\u00a0<a href=\"http:\/\/historiapolitica.com\/jornadas-programa\/\">Jornadas de Historia Pol\u00edtica\u00a0que en 2016<\/a> se llevar\u00e1n a cabo en la ciudad de Rosario, Argentina, los d\u00edas 24, 25 y 26 de agosto.<\/p>\n<\/div><\/div><\/div><\/div><\/div>","protected":false},"excerpt":{"rendered":"<p>El INIHLEP tuvo convenios de investigaci\u00f3n, edici\u00f3n de obras de divulgaci\u00f3n y \u00a0de material did\u00e1ctico con el Ente Provincial del Bicentenario y el Consejo Federal de Inversiones de la Naci\u00f3n. Resultado de ello fue la Colecci\u00f3n de Historia de los Municipios tucumanos y el proyecto Genoma, una enciclopedia interactiva que representa hechos y lugares de [&hellip;]<\/p>\n","protected":false},"author":1,"featured_media":0,"parent":0,"menu_order":0,"comment_status":"closed","ping_status":"closed","template":"","meta":{"footnotes":""},"class_list":["post-68","page","type-page","status-publish","hentry","post"],"_links":{"self":[{"href":"https:\/\/filo.unt.edu.ar\/inihlep\/wp-json\/wp\/v2\/pages\/68","targetHints":{"allow":["GET"]}}],"collection":[{"href":"https:\/\/filo.unt.edu.ar\/inihlep\/wp-json\/wp\/v2\/pages"}],"about":[{"href":"https:\/\/filo.unt.edu.ar\/inihlep\/wp-json\/wp\/v2\/types\/page"}],"author":[{"embeddable":true,"href":"https:\/\/filo.unt.edu.ar\/inihlep\/wp-json\/wp\/v2\/users\/1"}],"replies":[{"embeddable":true,"href":"https:\/\/filo.unt.edu.ar\/inihlep\/wp-json\/wp\/v2\/comments?post=68"}],"version-history":[{"count":2,"href":"https:\/\/filo.unt.edu.ar\/inihlep\/wp-json\/wp\/v2\/pages\/68\/revisions"}],"predecessor-version":[{"id":119,"href":"https:\/\/filo.unt.edu.ar\/inihlep\/wp-json\/wp\/v2\/pages\/68\/revisions\/119"}],"wp:attachment":[{"href":"https:\/\/filo.unt.edu.ar\/inihlep\/wp-json\/wp\/v2\/media?parent=68"}],"curies":[{"name":"wp","href":"https:\/\/api.w.org\/{rel}","templated":true}]}}