{"id":66,"date":"2021-06-01T10:30:05","date_gmt":"2021-06-01T13:30:05","guid":{"rendered":"http:\/\/filo.unt.edu.ar\/inihlep\/?page_id=66"},"modified":"2021-06-02T11:53:00","modified_gmt":"2021-06-02T14:53:00","slug":"jornadas-y-congresos","status":"publish","type":"page","link":"https:\/\/filo.unt.edu.ar\/inihlep\/jornadas-y-congresos\/","title":{"rendered":"Jornadas y Congresos"},"content":{"rendered":"<div id=\"pl-66\"  class=\"panel-layout\" ><div id=\"pg-66-0\"  class=\"panel-grid panel-has-style\" ><div style=\"background-color: #f2f2f2; \" class=\"panel-row-style panel-row-style-for-66-0\" ><div id=\"pgc-66-0-0\"  class=\"panel-grid-cell\" ><div id=\"panel-66-0-0-0\" class=\"so-panel widget widget_black-studio-tinymce widget_black_studio_tinymce panel-first-child panel-last-child\" data-index=\"0\" ><div class=\"textwidget\"><p style=\"text-align: left;\"><strong>PRIMER CONGRESO DE HISTORIA DE LOS MUNICIPIOS Y PUEBLOS DE TUCUM\u00c1N Y EL NOROESTE\u00a0ARGENTINO<\/strong><\/p>\n<p style=\"text-align: left;\">Organizado\u00a0por el INIHLEP (Instituto de Investigaciones Hist\u00f3ricas \u201cDr. Ram\u00f3n Leoni Pinto\u201d), la Facultad de Filosof\u00eda y Letras de la UNT y el Municipio de Taf\u00ed Viejo.<\/p>\n<p style=\"text-align: left;\">PRIMERA CIRCULAR<\/p>\n<p style=\"text-align: left;\">Fundamentos<\/p>\n<p style=\"text-align: left;\">Frente a una tradici\u00f3n historiogr\u00e1fica centrada en la naci\u00f3n, el evento busca contribuir a recuperar la historia de las comunidades que dieron vida a los municipios y pueblos que constituyeron las provincias. Esta contribuci\u00f3n al conocimiento del pasado nos permite situarnos con voz propia en la historiograf\u00eda rompiendo los marcos de una historia usualmente aferrada a lo nacional, para comprender las derivas particulares de las provincias del noroeste argentino.\u00a0 Proponemos construir una \u201chistoria situada\u201d a partir de un concepto historizado de territorio que traspasa los l\u00edmites pol\u00edtico-administrativos. Consideramos que es la interpretaci\u00f3n y la experiencia que los actores tienen del territorio las que permiten definir un espacio. Esta perspectiva permite desplazarnos del Estado como actor, por m\u00e1s preeminente que sea su acci\u00f3n para dar protagonismo a los actores sociales.<\/p>\n<p style=\"text-align: left;\">Para ello, proponemos tomar como punto de partida los primeros asentamientos humanos, sus posteriores agregaciones y la construcci\u00f3n de una identidad singular que adquieren cada uno de los municipios y pueblos en su devenir hist\u00f3rico, contribuyendo al rescate de la memoria hist\u00f3rica de sus pobladores y la valorizaci\u00f3n de sus identidades. En este sentido, los estudios deber\u00e1n ser localizados y referenciados a un territorio en particular.<\/p>\n<p style=\"text-align: left;\">Convocamos a universitarios (estudiantes, docentes e investigadores) vinculados a las ciencias sociales, historiadores no profesionales e interesados en general a presentar y debatir sus contribuciones para el desarrollo de la historia de la regi\u00f3n.<br \/>\nComit\u00e9 Acad\u00e9mico: Prof. Roberto Pucci, Dra. Gabriela T\u00edo Vallejo, Dr. Julio Saguir, Dr. Carlos P\u00e1ez de la Torre (h), Mg. Santiago Bliss, Dra. Mercedes Leal, Dra. Sara Mata de L\u00f3pez, Lic. Ana Teresa Mart\u00ednez, Prof. Elena Perilli de Colombres Garmendia.<\/p>\n<p style=\"text-align: left;\"><strong>Propuestas de ejes tem\u00e1ticos:<\/strong><\/p>\n<p style=\"text-align: left;\">Poblaci\u00f3n y territorio<br \/>\nAmbiente y recursos<br \/>\nCultura y tradiciones<br \/>\nH\u00e1bitat y patrimonio<br \/>\nEconom\u00edas azucareras y otras<br \/>\nCampesinado y ruralidad<br \/>\nFerrocarril y configuraci\u00f3n territorial<br \/>\nEducaci\u00f3n y arte<br \/>\nEstado y gobierno<br \/>\nFecha de presentaci\u00f3n de res\u00famenes: 21 de mayo de 2018. Los mismos deben contener lo siguiente:<br \/>\nT\u00edtulo de la ponencia<br \/>\nApellido y nombre del autor<br \/>\nPertenencia institucional (si posee)<br \/>\nCorreo electr\u00f3nico<br \/>\nEn archivo adjunto formato Word el resumen de la ponencia con un m\u00e1ximo de 250 palabras, texto justificado, letra Times New Roman, tama\u00f1o 12, interlineado 1,5.<br \/>\nEnviar el resumen a\u00a0leonipinto@gmail.com<br \/>\nLa Comisi\u00f3n Organizadora comunicar\u00e1 el 28 de mayo el listado de Mesas Tem\u00e1ticas y su conformaci\u00f3n, las que estar\u00e1n a cargo de un coordinador\/comentarista.<br \/>\nFecha de presentaci\u00f3n de trabajos: 20 de agosto de 2018<br \/>\nModo de presentaci\u00f3n<br \/>\nT\u00edtulo de la ponencia<br \/>\nApellido y nombre del autor<br \/>\nPertenencia institucional (si posee)<br \/>\nCorreo electr\u00f3nico<br \/>\nEn archivo adjunto formato Word la ponencia con un m\u00ednimo de 12 p\u00e1ginas y m\u00e1ximo de 20 p\u00e1ginas, texto justificado, letra Times New Roman, tama\u00f1o 12, interlineado 1,5.<\/p>\n<p style=\"text-align: left;\">Enviar la ponencia a<a href=\"mailto:leonipinto@gmail.com\">\u00a0leonipinto@gmail.com<\/a>\u00a0consignando mesa tem\u00e1tica adjudicada.<\/p>\n<p style=\"text-align: left;\">Arancel:\u00a0Expositores $400. La entrada ser\u00e1 libre y gratuita y los asistentes podr\u00e1n solicitar constancia de asistencia.<\/p>\n<p style=\"text-align: left;\"><strong>Informaci\u00f3n:<\/strong><\/p>\n<p style=\"text-align: left;\">Correo electr\u00f3nico\u00a0<a href=\"mailto:leonipinto@gmail.com\">leonipinto@gmail.com<\/a><\/p>\n<p style=\"text-align: left;\">Facebook\u00a0@historiamunicipiosypueblos<\/p>\n<p style=\"text-align: left;\">P\u00e1gina <a href=\"https:\/\/inihlep.org\/\">https:\/\/inihlep.org\/<\/a><\/p>\n<p style=\"text-align: left;\">Direcci\u00f3n postal\u00a0INIHLEP, avenida Benjam\u00edn Ar\u00e1oz 800, San Miguel de Tucum\u00e1n (CP 4000), Tucum\u00e1n<\/p>\n<\/div><\/div><\/div><div id=\"pgc-66-0-1\"  class=\"panel-grid-cell\" ><div id=\"panel-66-0-1-0\" class=\"so-panel widget widget_black-studio-tinymce widget_black_studio_tinymce panel-first-child panel-last-child\" data-index=\"1\" ><div class=\"textwidget\"><p><a href=\"http:\/\/filo.unt.edu.ar\/inihlep\/wp-content\/uploads\/sites\/101\/2021\/06\/PRIMER-CONGRESO-DE-HISTORIA-DE-LOS-MUNICIPIOS-Y-PUEBLOS-DE-TUCUMAN.jpg\"><img loading=\"lazy\" decoding=\"async\" class=\"alignleft size-medium wp-image-91\" src=\"http:\/\/filo.unt.edu.ar\/inihlep\/wp-content\/uploads\/sites\/101\/2021\/06\/PRIMER-CONGRESO-DE-HISTORIA-DE-LOS-MUNICIPIOS-Y-PUEBLOS-DE-TUCUMAN-300x300.jpg\" alt=\"\" width=\"300\" height=\"300\" srcset=\"https:\/\/filo.unt.edu.ar\/inihlep\/wp-content\/uploads\/sites\/101\/2021\/06\/PRIMER-CONGRESO-DE-HISTORIA-DE-LOS-MUNICIPIOS-Y-PUEBLOS-DE-TUCUMAN-300x300.jpg 300w, https:\/\/filo.unt.edu.ar\/inihlep\/wp-content\/uploads\/sites\/101\/2021\/06\/PRIMER-CONGRESO-DE-HISTORIA-DE-LOS-MUNICIPIOS-Y-PUEBLOS-DE-TUCUMAN-150x150.jpg 150w, https:\/\/filo.unt.edu.ar\/inihlep\/wp-content\/uploads\/sites\/101\/2021\/06\/PRIMER-CONGRESO-DE-HISTORIA-DE-LOS-MUNICIPIOS-Y-PUEBLOS-DE-TUCUMAN.jpg 620w\" sizes=\"auto, (max-width: 300px) 100vw, 300px\" \/><\/a><\/p>\n<\/div><\/div><\/div><\/div><\/div><div id=\"pg-66-1\"  class=\"panel-grid panel-has-style\" ><div style=\"background-color: #f2f2f2; \" class=\"panel-row-style panel-row-style-for-66-1\" ><div id=\"pgc-66-1-0\"  class=\"panel-grid-cell panel-grid-cell-mobile-last\" ><div id=\"panel-66-1-0-0\" class=\"so-panel widget widget_black-studio-tinymce widget_black_studio_tinymce panel-first-child panel-last-child\" data-index=\"2\" ><div class=\"textwidget\"><p style=\"text-align: left;\"><strong>JORNADAS DE HISTORIA Y MEMORIA. 1966: TUCUM\u00c1N Y EL CIERRE DE LOS INGENIOS\u00a0AZUCAREROS<\/strong><\/p>\n<p style=\"text-align: left;\">El INIHLEP organiza las Jornadas de Historia y Memoria: \u201c1966: Tucum\u00e1n y el cierre de los ingenios azucareros\u201d, los d\u00edas 22, 23 y 24 de agosto de 2016.<\/p>\n<p style=\"text-align: left;\">La organizaci\u00f3n de este evento estar\u00e1 a cargo de los miembros del INIHLEP\u00a0y los miembros del comit\u00e9 acad\u00e9mico: Oscar Pavetti, Beatriz Garrido, Marta Barbieri-Guardia y Roberto Pucci, en conjunto con la Directora de la Secretaria de Extensi\u00f3n de la Facultad de Filosof\u00eda y Letras de la UNT, Prof. Isabel Amate P\u00e9rez.<\/p>\n<p style=\"text-align: left;\">Se proyecta el funcionamiento de mesas de debate y discusi\u00f3n alrededor de ejes tem\u00e1ticos que reunir\u00e1n a investigadores que expondr\u00e1n sus ponencias presentadas oportunamente.<\/p>\n<p style=\"text-align: left;\">Los ejes tem\u00e1ticos propuestos son los siguientes:<br \/>\nEje 1: Econom\u00eda, estructuras agrarias y pueblos azucareros. Coordinan Prof. Roberto Pucci y Dra. Marta Barbieri-Guardia.<br \/>\nEje 2: Historia, pol\u00edtica y sociedad. Coordinan Prof. Matilde Silva y Mg. Oscar Pavetti.<br \/>\nEje 3: Cultura, educaci\u00f3n y universidad. Coordinan Dra. Luc\u00eda Vidal Sanz y Prof. Ver\u00f3nica Ovejero.<br \/>\nEje 4: Historia de vida, oralidad y memoria. Coordinan Dra. Liliana Massara y Prof. Gustavo Salvatierra.<br \/>\nEje 5: Movimiento obrero y sociales. Coordinan Dra. Silvia Nassif y Prof. Gustavo Cort\u00e9s Navarro.<\/p>\n<p style=\"text-align: left;\">Para m\u00e1s informaci\u00f3n dirigirse a\u00a0<a href=\"http:\/\/filo.unt.edu.ar\/jornadashistoriamemoria\/\" target=\"_blank\" rel=\"noopener\">http:\/\/filo.unt.edu.ar\/jornadashistoriamemoria\/<\/a><\/p>\n<\/div><\/div><\/div><div id=\"pgc-66-1-1\"  class=\"panel-grid-cell panel-grid-cell-empty\" ><\/div><\/div><\/div><div id=\"pg-66-2\"  class=\"panel-grid panel-has-style\" ><div style=\"background-color: #f2f2f2; \" class=\"panel-row-style panel-row-style-for-66-2\" ><div id=\"pgc-66-2-0\"  class=\"panel-grid-cell\" ><div id=\"panel-66-2-0-0\" class=\"so-panel widget widget_black-studio-tinymce widget_black_studio_tinymce panel-first-child panel-last-child\" data-index=\"3\" ><div class=\"textwidget\"><p style=\"text-align: left;\"><strong>JORNADAS DE J\u00d3VENES INVESTIGADORES EN HISTORIA DEL DERECHO<\/strong><\/p>\n<p style=\"text-align: left;\">Las Jornadas de J\u00f3venes Investigadores en Historia del Derecho se crearon en el a\u00f1o 2009 a partir de la iniciativa conjunta del Instituto de Investigaciones de Historia del Derecho (INHIDE) y el Programa de Estudio de Pol\u00edtica, Historia y Derecho de la Universidad Nacional de Luj\u00e1n (EPHyD). Desde su inicio se pens\u00f3 a los encuentros como un espacio abierto para el debate y la reflexi\u00f3n, que sirviera de aporte a las y los j\u00f3venes investigadores en la elaboraci\u00f3n de sus tesis de licenciatura, maestr\u00eda y doctorado. De esta manera, con la participaci\u00f3n de reconocidos especialistas del Derecho y la Historia se intenta alentar una mirada interdisciplinaria en las investigaciones.<\/p>\n<p style=\"text-align: left;\">La periodicidad, difusi\u00f3n y \u00e9xito logrados por las Jornadas de J\u00f3venes Investigadores en Historia del Derecho -que en sus tres \u00faltimas ediciones obtuvo el financiamiento de la Agencia Nacional de Promoci\u00f3n Cient\u00edfica y Tecnol\u00f3gica- permiti\u00f3 la incorporaci\u00f3n del Centro de Investigaciones Jur\u00eddicas y Sociales de la Facultad de Derecho y Ciencias Sociales de la Universidad Nacional de C\u00f3rdoba (CIJS) y el Instituto de Investigaciones Hist\u00f3ricas Dr. Ram\u00f3n Leoni Pinto de la Facultad de Filosof\u00eda y Letras de la Universidad Nacional de Tucum\u00e1n (INIHLEP) como instituciones co-organizadoras.<\/p>\n<p style=\"text-align: left;\">Asimismo, las Jornadas de J\u00f3venes Investigadores en Historia del Derecho, han ido consolidando su perfil y adquiriendo mayor identidad y a los sucesivos encuentros se han sumado j\u00f3venes investigadoras e investigadores provenientes de universidades de Latinoam\u00e9rica y Europa.<\/p>\n<p style=\"text-align: left;\">En su octava edici\u00f3n y continuando el car\u00e1cter federal que las caracteriza, las Jornadas de J\u00f3venes Investigadores en Historia del Derecho se realizar\u00e1n en la Ciudad de La Plata, contando con el auspicio acad\u00e9mico del Instituto de Investigaciones en Humanidades y Ciencias Sociales (IdIHCS), la Facultad de Humanidades y Ciencias de la Educaci\u00f3n de la Universidad Nacional de La Plata y la Facultad de Ciencias Jur\u00eddicas y Sociales de la Universidad Nacional de La Plata.<\/p>\n<p style=\"text-align: left;\">La din\u00e1mica de la reuni\u00f3n cient\u00edfica consiste en la presentaci\u00f3n de una ponencia por parte del joven investigador\/a, seguida del comentario de una\/un especialista que previamente ha le\u00eddo la comunicaci\u00f3n. Las y los tesistas que asisten por primera vez deber\u00e1n presentar su plan de trabajo en que dar\u00e1n cuenta de los siguientes puntos: 1) Objeto de estudio; 2) Hip\u00f3tesis principales y 3) L\u00edneas historiogr\u00e1ficas en las que se inserta su investigaci\u00f3n. Por su parte, los y las tesistas que participaron en ediciones anteriores deber\u00e1n presentar avances en su investigaci\u00f3n (cap\u00edtulos o art\u00edculos referidos al tema de su tesis). Cabe recordar que este espacio est\u00e1 dirigido a investigadores\/as en formaci\u00f3n por lo cual no podr\u00e1n presentarse aquellos\/as que hayan obtenido el grado de doctor.<\/p>\n<\/div><\/div><\/div><div id=\"pgc-66-2-1\"  class=\"panel-grid-cell\" ><div id=\"panel-66-2-1-0\" class=\"so-panel widget widget_black-studio-tinymce widget_black_studio_tinymce panel-first-child panel-last-child\" data-index=\"4\" ><div class=\"textwidget\"><p><a href=\"http:\/\/filo.unt.edu.ar\/inihlep\/wp-content\/uploads\/sites\/101\/2021\/06\/jorn-jov-inv.jpg\"><img loading=\"lazy\" decoding=\"async\" class=\"alignleft size-medium wp-image-86\" src=\"http:\/\/filo.unt.edu.ar\/inihlep\/wp-content\/uploads\/sites\/101\/2021\/06\/jorn-jov-inv-300x300.jpg\" alt=\"\" width=\"300\" height=\"300\" srcset=\"https:\/\/filo.unt.edu.ar\/inihlep\/wp-content\/uploads\/sites\/101\/2021\/06\/jorn-jov-inv-300x300.jpg 300w, https:\/\/filo.unt.edu.ar\/inihlep\/wp-content\/uploads\/sites\/101\/2021\/06\/jorn-jov-inv-150x150.jpg 150w, https:\/\/filo.unt.edu.ar\/inihlep\/wp-content\/uploads\/sites\/101\/2021\/06\/jorn-jov-inv.jpg 620w\" sizes=\"auto, (max-width: 300px) 100vw, 300px\" \/><\/a><\/p>\n<\/div><\/div><\/div><\/div><\/div><\/div>","protected":false},"excerpt":{"rendered":"<p>PRIMER CONGRESO DE HISTORIA DE LOS MUNICIPIOS Y PUEBLOS DE TUCUM\u00c1N Y EL NOROESTE\u00a0ARGENTINO Organizado\u00a0por el INIHLEP (Instituto de Investigaciones Hist\u00f3ricas \u201cDr. Ram\u00f3n Leoni Pinto\u201d), la Facultad de Filosof\u00eda y Letras de la UNT y el Municipio de Taf\u00ed Viejo. PRIMERA CIRCULAR Fundamentos Frente a una tradici\u00f3n historiogr\u00e1fica centrada en la naci\u00f3n, el evento busca [&hellip;]<\/p>\n","protected":false},"author":1,"featured_media":0,"parent":0,"menu_order":0,"comment_status":"closed","ping_status":"closed","template":"","meta":{"footnotes":""},"class_list":["post-66","page","type-page","status-publish","hentry","post"],"_links":{"self":[{"href":"https:\/\/filo.unt.edu.ar\/inihlep\/wp-json\/wp\/v2\/pages\/66","targetHints":{"allow":["GET"]}}],"collection":[{"href":"https:\/\/filo.unt.edu.ar\/inihlep\/wp-json\/wp\/v2\/pages"}],"about":[{"href":"https:\/\/filo.unt.edu.ar\/inihlep\/wp-json\/wp\/v2\/types\/page"}],"author":[{"embeddable":true,"href":"https:\/\/filo.unt.edu.ar\/inihlep\/wp-json\/wp\/v2\/users\/1"}],"replies":[{"embeddable":true,"href":"https:\/\/filo.unt.edu.ar\/inihlep\/wp-json\/wp\/v2\/comments?post=66"}],"version-history":[{"count":10,"href":"https:\/\/filo.unt.edu.ar\/inihlep\/wp-json\/wp\/v2\/pages\/66\/revisions"}],"predecessor-version":[{"id":120,"href":"https:\/\/filo.unt.edu.ar\/inihlep\/wp-json\/wp\/v2\/pages\/66\/revisions\/120"}],"wp:attachment":[{"href":"https:\/\/filo.unt.edu.ar\/inihlep\/wp-json\/wp\/v2\/media?parent=66"}],"curies":[{"name":"wp","href":"https:\/\/api.w.org\/{rel}","templated":true}]}}